{"id":103,"date":"2025-11-30T23:30:23","date_gmt":"2025-11-30T23:30:23","guid":{"rendered":"https:\/\/ntnui.no\/studenterhytta\/?page_id=103"},"modified":"2025-12-12T23:45:16","modified_gmt":"2025-12-12T23:45:16","slug":"idrett-og-friluftsliv","status":"publish","type":"page","link":"https:\/\/ntnui.no\/studenterhytta\/idrett-og-friluftsliv\/","title":{"rendered":"Idrett og friluftsliv"},"content":{"rendered":"\n<div class=\"wp-block-blockgallery-carousel\"><div class=\"is-cropped blockgallery has-no-alignment has-caption-style-dark has-horizontal-gutter\"><div class=\"has-carousel has-carousel-lrg\" style=\"height:400px\" data-flickity=\"{&quot;autoPlay&quot;:false,&quot;draggable&quot;:true,&quot;pageDots&quot;:false,&quot;prevNextButtons&quot;:true,&quot;wrapAround&quot;:true,&quot;arrowShape&quot;:{&quot;x0&quot;:10,&quot;x1&quot;:60,&quot;y1&quot;:50,&quot;x2&quot;:65,&quot;y2&quot;:45,&quot;x3&quot;:20}}\"><div class=\"blockgallery--item\"><figure class=\"blockgallery--figure has-margin-left-5 has-margin-left-mobile-5 has-margin-right-5 has-margin-right-mobile-5\"><img loading=\"lazy\" decoding=\"async\" width=\"3264\" height=\"2448\" src=\"https:\/\/ntnui.no\/studenterhytta\/wp-content\/uploads\/sites\/310\/2025\/12\/DSC_2167.jpg\" alt=\"\" data-id=\"398\" data-link=\"https:\/\/ntnui.no\/studenterhytta\/idrett-og-friluftsliv\/dsc_2167\/\" class=\"wp-image-398\" \/><\/figure><\/div><div class=\"blockgallery--item\"><figure class=\"blockgallery--figure has-margin-left-5 has-margin-left-mobile-5 has-margin-right-5 has-margin-right-mobile-5\"><img loading=\"lazy\" decoding=\"async\" width=\"3264\" height=\"2448\" src=\"https:\/\/ntnui.no\/studenterhytta\/wp-content\/uploads\/sites\/310\/2025\/12\/DSC_8667-1.jpg\" alt=\"\" data-id=\"389\" data-link=\"https:\/\/ntnui.no\/studenterhytta\/idrett-og-friluftsliv\/dsc_8667-1\/\" class=\"wp-image-389\" \/><\/figure><\/div><div class=\"blockgallery--item\"><figure class=\"blockgallery--figure has-margin-left-5 has-margin-left-mobile-5 has-margin-right-5 has-margin-right-mobile-5\"><img loading=\"lazy\" decoding=\"async\" width=\"4000\" height=\"3000\" src=\"https:\/\/ntnui.no\/studenterhytta\/wp-content\/uploads\/sites\/310\/2025\/12\/DSC_2931.jpg\" alt=\"\" data-id=\"390\" data-link=\"https:\/\/ntnui.no\/studenterhytta\/idrett-og-friluftsliv\/dsc_2931\/\" class=\"wp-image-390\" \/><\/figure><\/div><div class=\"blockgallery--item\"><figure class=\"blockgallery--figure has-margin-left-5 has-margin-left-mobile-5 has-margin-right-5 has-margin-right-mobile-5\"><img loading=\"lazy\" decoding=\"async\" width=\"4128\" height=\"3096\" src=\"https:\/\/ntnui.no\/studenterhytta\/wp-content\/uploads\/sites\/310\/2025\/12\/20190301_125406.jpg\" alt=\"\" data-id=\"392\" data-link=\"https:\/\/ntnui.no\/studenterhytta\/idrett-og-friluftsliv\/20190301_125406\/\" class=\"wp-image-392\" \/><\/figure><\/div><div class=\"blockgallery--item\"><figure class=\"blockgallery--figure has-margin-left-5 has-margin-left-mobile-5 has-margin-right-5 has-margin-right-mobile-5\"><img loading=\"lazy\" decoding=\"async\" width=\"2016\" height=\"1512\" src=\"https:\/\/ntnui.no\/studenterhytta\/wp-content\/uploads\/sites\/310\/2025\/12\/tikneppen.jpg\" alt=\"\" data-id=\"415\" data-link=\"https:\/\/ntnui.no\/studenterhytta\/idrett-og-friluftsliv\/tikneppen\/\" class=\"wp-image-415\" \/><\/figure><\/div><div class=\"blockgallery--item\"><figure class=\"blockgallery--figure has-margin-left-5 has-margin-left-mobile-5 has-margin-right-5 has-margin-right-mobile-5\"><img loading=\"lazy\" decoding=\"async\" width=\"4080\" height=\"3060\" src=\"https:\/\/ntnui.no\/studenterhytta\/wp-content\/uploads\/sites\/310\/2025\/12\/20250920_140010.jpg\" alt=\"\" data-id=\"391\" data-link=\"https:\/\/ntnui.no\/studenterhytta\/idrett-og-friluftsliv\/20250920_140010\/\" class=\"wp-image-391\" \/><\/figure><\/div><div class=\"blockgallery--item\"><figure class=\"blockgallery--figure has-margin-left-5 has-margin-left-mobile-5 has-margin-right-5 has-margin-right-mobile-5\"><img loading=\"lazy\" decoding=\"async\" width=\"2048\" height=\"1536\" src=\"https:\/\/ntnui.no\/studenterhytta\/wp-content\/uploads\/sites\/310\/2025\/12\/Messenger_creation_A0C241C1-1A00-47F1-B40D-2B6C0EAFE923.jpeg\" alt=\"\" data-id=\"393\" data-link=\"https:\/\/ntnui.no\/studenterhytta\/idrett-og-friluftsliv\/messenger_creation_a0c241c1-1a00-47f1-b40d-2b6c0eafe923\/\" class=\"wp-image-393\" \/><\/figure><\/div><div class=\"blockgallery--item\"><figure class=\"blockgallery--figure has-margin-left-5 has-margin-left-mobile-5 has-margin-right-5 has-margin-right-mobile-5\"><img loading=\"lazy\" decoding=\"async\" width=\"4000\" height=\"3000\" src=\"https:\/\/ntnui.no\/studenterhytta\/wp-content\/uploads\/sites\/310\/2025\/12\/DSC_8661.jpg\" alt=\"\" data-id=\"394\" data-link=\"https:\/\/ntnui.no\/studenterhytta\/idrett-og-friluftsliv\/dsc_8661\/\" class=\"wp-image-394\" \/><\/figure><\/div><\/div><\/div><\/div>\n\n\n\n<p>H\u00f8yt hevet over byens mas og jag, midt i hjertet av Trondheims fineste markaomr\u00e5de, troner Studenterhytta p\u00e5 Lille Gr\u00e5kallen. Fra verandaen har man utsikt over hele Trondheim. Ved god sikt kan man se Tydalsfjella og Sylane i s\u00f8r\u00f8st og Trollheimen i s\u00f8rvest.<\/p>\n\n\n\n<p>Hytta er et ypperlig utgangspunkt for b\u00e5de fotturer og skiturer i Bymarka der den ligger p\u00e5 450 m.o.h. Etter en kortere eller lengre tur er det godt \u00e5 komme tilbake til Hytta for en dusj og en tur i badstua.<\/p>\n\n\n\n<h3 class=\"wp-block-heading\">Idrett<\/h3>\n\n\n\n<p>Flere idrettsarrangementer har tilknytning til Hytta. Mest fremtredende er kanskje orienteringsl\u00f8pet Hu &amp; Hei, som NTNUI Orientering har arrangert hver h\u00f8st siden 1960. B\u00e5de start og m\u00e5l er p\u00e5 Hytta. Det er Norges lengste og t\u00f8ffeste orienteringsl\u00f8p. L\u00f8pet arrangeres som en fellesstart, og med turkart i stedet for orienteringskart, noe som gj\u00f8r at b\u00e5de skil\u00f8pere, syklister og alskens andre v\u00e5ger seg til \u00e5 delta.<br>Langrennsgruppa arrangerer sin egen kraftpr\u00f8ve, Studenterfemmila, p\u00e5 seinvinteren, ofte med Hytta som utgangspunkt (hvis f\u00f8ret tillater det).<br>Friidrettsgruppas Fjellseterl\u00f8pet (mellom Lerkendal og Skistua) har sitt utgangspunkt i det tradisjonelle Sigmonds Staup, som l\u00f8pes etter NTNUIs generalforsamling.<\/p>\n\n\n\n<h3 class=\"wp-block-heading\">Friluftsliv sommer<\/h3>\n\n\n\n<p>Bymarka er full av stier og grusveier som er som skapt for b\u00e5de turg\u00e5ing, sykling og l\u00f8ping. Hva med \u00e5 bestige den mektige Gr\u00e5kallen rett ved Hytta? Litt lengre unna ligger Storheia, Bymarkas h\u00f8yeste punkt. \u00d8nsker du \u00e5 dra litt utenom allfarvei ligger Bymarkas vakreste heier, Bosbergheia og Herbernheia, godt innenfor dagsturavstand. Innimellom heier og kaller ligger det utallige badevann, om v\u00e6ret frister til en dukkert!<\/p>\n\n\n\n<p>Om man \u00f8nsker \u00e5 bevege seg mer vertikalt er det en rekke klatremuligheter i Bymarka. N\u00e6rmest Hytta er buldresteinene p\u00e5 og rundt Gr\u00e5kallen, men sport- og tradklatrefeltet p\u00e5 Tikneppen ved Kobberdammen er ikke langt unna. Etter en litt lengre anmarsj kommer du til St. Olavsspranget, med en rekke tradruter.<\/p>\n\n\n\n<h3 class=\"wp-block-heading\">Friluftsliv vinter<\/h3>\n\n\n\n<p>Hytta ligger midt i sm\u00f8r\u00f8yet for vinteridrett i Bymarka. Det er et sn\u00f8sikkert omr\u00e5de, s\u00e5 sn\u00f8en kommer ofte i november og kan vare til langt ut i mai. Hytta et naturlig utgangspunkt for langrennsturer, med b\u00e5de lysl\u00f8ypene p\u00e5 Fjells\u00e6termyra og turl\u00f8ypenettet som strekker seg over hele Bymarka. Og hva er vel bedre enn\u00e5 g\u00e5 p\u00e5 ski til Hytta? Naturlige utgangspunkt er Ferista, Lian eller Gran\u00e5sen.<\/p>\n\n\n\n<p>Med bredere ski har man enda flere turmuligheter. P\u00e5 fjellski er det flott \u00e5 ferdes utenfor l\u00f8ypene, for eksempel p\u00e5 Bosbergheia. Med topptur- og telemarkski er Gr\u00e5kallen en perle, og det er utallige nedkj\u00f8ringer \u00e5 utforske i alle himmelretninger. Alpinbakke er det ogs\u00e5, for Gr\u00e5kallparken er ofte \u00e5pen p\u00e5 vinteren, og det hender at Kleiva (skitrekket p\u00e5 store Gr\u00e5kallen) er \u00e5pent.<\/p>\n\n\n\n<p>Andre vinteraktiviteter finnes ogs\u00e5. I begynnelsen av vinteren kan det fort v\u00e6re sk\u00f8yteis p\u00e5 vannene i Bymarka. Akebakker finner man mange av p\u00e5 Gr\u00e5kallen, og det g\u00e5r an \u00e5 l\u00e5ne akebrett p\u00e5 Hytta.<\/p>\n\n\n\n<h3 class=\"wp-block-heading\">Nyttige lenker<\/h3>\n\n\n\n<ul class=\"wp-block-list\">\n<li>F\u00f8remelding, webcamera: <a href=\"https:\/\/skiklubben.no\/\">Trondhjems Skiklubb<\/a><\/li>\n\n\n\n<li>Kart over skil\u00f8yper: <a href=\"https:\/\/www.loyper.net\/\">Loyper.net<\/a><\/li>\n\n\n\n<li>Utl\u00e5n av utstyr: <a href=\"https:\/\/ntnui.no\/bumerang\/reserve\/\">NTNUI Bumerang<\/a> og <a href=\"https:\/\/www.bua.no\/\">BUA<\/a><\/li>\n\n\n\n<li>Hu &amp; Hei: <a href=\"https:\/\/huoghei.com\/\">https:\/\/huoghei.com\/<\/a><\/li>\n\n\n\n<li>Turforslag: <a href=\"https:\/\/ut.no\/kart\/startsted\/146847149\/skistua#12.47\/63.41966\/10.20895\">UT.no<\/a><\/li>\n<\/ul>\n\n\n\n<p><\/p>\n\n\n\n<div class=\"wp-block-cover alignwide\"><span aria-hidden=\"true\" class=\"wp-block-cover__background has-background-dim\"><\/span><img loading=\"lazy\" decoding=\"async\" width=\"1245\" height=\"753\" class=\"wp-block-cover__image-background wp-image-422\" alt=\"\" src=\"https:\/\/ntnui.no\/studenterhytta\/wp-content\/uploads\/sites\/310\/2025\/12\/kart_bymarka2.png\" data-object-fit=\"cover\" \/><div class=\"wp-block-cover__inner-container is-layout-flow wp-block-cover-is-layout-flow\">\n<p class=\"has-text-align-center has-large-font-size\"><\/p>\n<\/div><\/div>\n\n\n\n<p class=\"has-text-align-center\">Utsnitt fra &#8220;Turkart Bymarka Sommer&#8221;, utgitt av Sp. Kl Freidig og NTNUI.<\/p>\n","protected":false},"excerpt":{"rendered":"<p>H\u00f8yt hevet over byens mas og jag, midt i hjertet av Trondheims fineste markaomr\u00e5de, troner Studenterhytta p\u00e5 Lille Gr\u00e5kallen. Fra verandaen har man utsikt over hele Trondheim. Ved god sikt [&hellip;]<\/p>\n","protected":false},"author":333,"featured_media":0,"parent":0,"menu_order":0,"comment_status":"closed","ping_status":"closed","template":"","meta":{"_coblocks_attr":"","_coblocks_dimensions":"","_coblocks_responsive_height":"","_coblocks_accordion_ie_support":"","_price":"","_stock":"","_tribe_ticket_header":"","_tribe_default_ticket_provider":"","_tribe_ticket_capacity":"0","_ticket_start_date":"","_ticket_end_date":"","_tribe_ticket_show_description":"","_tribe_ticket_show_not_going":false,"_tribe_ticket_use_global_stock":"","_tribe_ticket_global_stock_level":"","_global_stock_mode":"","_global_stock_cap":"","_tribe_rsvp_for_event":"","_tribe_ticket_going_count":"","_tribe_ticket_not_going_count":"","_tribe_tickets_list":[],"_tribe_ticket_has_attendee_info_fields":false,"_EventAllDay":false,"_EventTimezone":"","_EventStartDate":"","_EventEndDate":"","_EventStartDateUTC":"","_EventEndDateUTC":"","_EventShowMap":false,"_EventShowMapLink":false,"_EventURL":"","_EventCost":"","_EventCostDescription":"","_EventCurrencySymbol":"","_EventCurrencyPosition":"","_EventDateTimeSeparator":"","_EventTimeRangeSeparator":"","_EventOrganizerID":[],"_EventVenueID":0,"_OrganizerEmail":"","_OrganizerPhone":"","_OrganizerWebsite":"","_VenueAddress":"","_VenueCity":"","_VenueCountry":"","_VenueProvince":"","_VenueZip":"","_VenuePhone":"","_VenueURL":"","_VenueStateProvince":"","_VenueLat":"","_VenueLng":"","footnotes":""},"class_list":["post-103","page","type-page","status-publish","hentry"],"featured_image_src":null,"featured_image_src_square":null,"_links":{"self":[{"href":"https:\/\/ntnui.no\/studenterhytta\/wp-json\/wp\/v2\/pages\/103","targetHints":{"allow":["GET"]}}],"collection":[{"href":"https:\/\/ntnui.no\/studenterhytta\/wp-json\/wp\/v2\/pages"}],"about":[{"href":"https:\/\/ntnui.no\/studenterhytta\/wp-json\/wp\/v2\/types\/page"}],"author":[{"embeddable":true,"href":"https:\/\/ntnui.no\/studenterhytta\/wp-json\/wp\/v2\/users\/333"}],"replies":[{"embeddable":true,"href":"https:\/\/ntnui.no\/studenterhytta\/wp-json\/wp\/v2\/comments?post=103"}],"version-history":[{"count":27,"href":"https:\/\/ntnui.no\/studenterhytta\/wp-json\/wp\/v2\/pages\/103\/revisions"}],"predecessor-version":[{"id":751,"href":"https:\/\/ntnui.no\/studenterhytta\/wp-json\/wp\/v2\/pages\/103\/revisions\/751"}],"wp:attachment":[{"href":"https:\/\/ntnui.no\/studenterhytta\/wp-json\/wp\/v2\/media?parent=103"}],"curies":[{"name":"wp","href":"https:\/\/api.w.org\/{rel}","templated":true}]}}