{"id":101,"date":"2025-11-30T23:30:02","date_gmt":"2025-11-30T23:30:02","guid":{"rendered":"https:\/\/ntnui.no\/studenterhytta\/?page_id=101"},"modified":"2026-02-18T18:44:18","modified_gmt":"2026-02-18T18:44:18","slug":"hyttegruppa","status":"publish","type":"page","link":"https:\/\/ntnui.no\/studenterhytta\/hyttegruppa\/","title":{"rendered":"Hyttegruppa"},"content":{"rendered":"\n<div class=\"wp-block-blockgallery-carousel\"><div class=\"is-cropped blockgallery has-no-alignment has-caption-style-dark has-horizontal-gutter\"><div class=\"has-carousel has-carousel-lrg\" style=\"height:400px\" data-flickity=\"{&quot;autoPlay&quot;:false,&quot;draggable&quot;:true,&quot;pageDots&quot;:false,&quot;prevNextButtons&quot;:true,&quot;wrapAround&quot;:true,&quot;arrowShape&quot;:{&quot;x0&quot;:10,&quot;x1&quot;:60,&quot;y1&quot;:50,&quot;x2&quot;:65,&quot;y2&quot;:45,&quot;x3&quot;:20}}\"><div class=\"blockgallery--item\"><figure class=\"blockgallery--figure has-margin-left-5 has-margin-left-mobile-5 has-margin-right-5 has-margin-right-mobile-5\"><img loading=\"lazy\" decoding=\"async\" width=\"4272\" height=\"2848\" src=\"https:\/\/ntnui.no\/studenterhytta\/wp-content\/uploads\/sites\/310\/2025\/12\/IMG_2022-1.jpg\" alt=\"\" data-id=\"381\" data-link=\"https:\/\/ntnui.no\/studenterhytta\/hyttegruppa\/img_2022-2\/\" class=\"wp-image-381\" \/><\/figure><\/div><div class=\"blockgallery--item\"><figure class=\"blockgallery--figure has-margin-left-5 has-margin-left-mobile-5 has-margin-right-5 has-margin-right-mobile-5\"><img loading=\"lazy\" decoding=\"async\" width=\"4080\" height=\"3060\" src=\"https:\/\/ntnui.no\/studenterhytta\/wp-content\/uploads\/sites\/310\/2025\/12\/20250913_144805-2.jpg\" alt=\"\" data-id=\"375\" data-link=\"https:\/\/ntnui.no\/studenterhytta\/hyttegruppa\/20250913_144805-2\/\" class=\"wp-image-375\" \/><\/figure><\/div><div class=\"blockgallery--item\"><figure class=\"blockgallery--figure has-margin-left-5 has-margin-left-mobile-5 has-margin-right-5 has-margin-right-mobile-5\"><img loading=\"lazy\" decoding=\"async\" width=\"4000\" height=\"3000\" src=\"https:\/\/ntnui.no\/studenterhytta\/wp-content\/uploads\/sites\/310\/2025\/12\/DSC_4086-1.jpg\" alt=\"\" data-id=\"378\" data-link=\"https:\/\/ntnui.no\/studenterhytta\/hyttegruppa\/dsc_4086-2\/\" class=\"wp-image-378\" \/><\/figure><\/div><div class=\"blockgallery--item\"><figure class=\"blockgallery--figure has-margin-left-5 has-margin-left-mobile-5 has-margin-right-5 has-margin-right-mobile-5\"><img loading=\"lazy\" decoding=\"async\" width=\"4000\" height=\"3000\" src=\"https:\/\/ntnui.no\/studenterhytta\/wp-content\/uploads\/sites\/310\/2026\/01\/DSC_0626.jpg\" alt=\"\" data-id=\"854\" data-link=\"https:\/\/ntnui.no\/studenterhytta\/forside\/dsc_0626\/\" class=\"wp-image-854\" \/><\/figure><\/div><div class=\"blockgallery--item\"><figure class=\"blockgallery--figure has-margin-left-5 has-margin-left-mobile-5 has-margin-right-5 has-margin-right-mobile-5\"><img loading=\"lazy\" decoding=\"async\" width=\"3648\" height=\"2736\" src=\"https:\/\/ntnui.no\/studenterhytta\/wp-content\/uploads\/sites\/310\/2025\/12\/IMG_20211023_221457.jpg\" alt=\"\" data-id=\"380\" data-link=\"https:\/\/ntnui.no\/studenterhytta\/hyttegruppa\/img_20211023_221457\/\" class=\"wp-image-380\" \/><\/figure><\/div><div class=\"blockgallery--item\"><figure class=\"blockgallery--figure has-margin-left-5 has-margin-left-mobile-5 has-margin-right-5 has-margin-right-mobile-5\"><img loading=\"lazy\" decoding=\"async\" width=\"1440\" height=\"1440\" src=\"https:\/\/ntnui.no\/studenterhytta\/wp-content\/uploads\/sites\/310\/2025\/12\/kortspill-lillepeis.jpg\" alt=\"\" data-id=\"376\" data-link=\"https:\/\/ntnui.no\/studenterhytta\/hyttegruppa\/kortspill-lillepeis-2\/\" class=\"wp-image-376\" \/><\/figure><\/div><div class=\"blockgallery--item\"><figure class=\"blockgallery--figure has-margin-left-5 has-margin-left-mobile-5 has-margin-right-5 has-margin-right-mobile-5\"><img loading=\"lazy\" decoding=\"async\" width=\"3648\" height=\"2736\" src=\"https:\/\/ntnui.no\/studenterhytta\/wp-content\/uploads\/sites\/310\/2025\/12\/Kopi-av-hyttestyret-middag-veranda.jpg\" alt=\"\" data-id=\"382\" data-link=\"https:\/\/ntnui.no\/studenterhytta\/hyttegruppa\/kopi-av-hyttestyret-middag-veranda\/\" class=\"wp-image-382\" \/><\/figure><\/div><\/div><\/div><\/div>\n\n\n\n<p>Hyttegruppa er gjengen som driver Hytta p\u00e5 dugnad og holder tradisjonene i live. Vi st\u00e5r for den daglige driften p\u00e5 hytta, jevnlig vedlikehold og arrangementer gjennom \u00e5ret. Om du er glad i hyttekos, Bymarka, badstu, stamp og trivelige folk kan Hytta v\u00e6re noe for deg! Vi m\u00f8tes p\u00e5 Hyttem\u00f8tene hver m\u00e5ned, og ellers skjer det stort og sm\u00e5tt av sosialt b\u00e5de p\u00e5 og utenfor Hytta.<\/p>\n\n\n\n<p>Etter noen vakter blir du fort kjent med Hytta. Det er ogs\u00e5 mange muligheter til \u00e5 f\u00e5 ansvar i de ulike undergruppene. For medlemmene av Hyttegruppa har vi flere interne arrangementer i l\u00f8pet av \u00e5ret, for eksempel Julegildet og Hyttestyrets skirenn. Det er ogs\u00e5 noen andre goder ved \u00e5 v\u00e6re medlem, blant annet rabatt i \u00f8lbua og gratis overnatting ut semesteret hvis du har tatt tre vakter. Hvis du tar p\u00e5 deg ansvarsverv eller blir hyttevert, kan du ogs\u00e5 f\u00e5 &#8220;hytten\u00f8kkelen&#8221;. Det betyr at du kan bes\u00f8ke Hytta n\u00e5r du vil, ogs\u00e5 n\u00e5r den ikke er \u00e5pen.<\/p>\n\n\n<p><a class=\"wp-block-button__link has-background has-text-align-center wp-element-button\" style=\"background-color: #098040\" href=\"https:\/\/forms.gle\/bCuQ2FshP6b2AezB9\" data-wplink-edit=\"true\">S\u00f8k Hyttegruppa her!<\/a><\/p>\n\n\n<h4 class=\"wp-block-heading\">Roller og ansvar<\/h4>\n\n\n\n<p><\/p>\n\n\n\n<p><strong>Hyttevakt<\/strong><br>Bidra p\u00e5 \u00e5pen hytte eller utleie. Hjelp til med praktiske oppgaver og v\u00e6r tilstede n\u00e5r det er arrangementer p\u00e5 Hytta.<\/p>\n\n\n\n<p><strong>Hyttevert<\/strong><br>Ha ansvar for Hytta en dag eller helg. S\u00f8rge for at folk har det fint p\u00e5 Hytta og at arrangementet g\u00e5r som det skal.<\/p>\n\n\n\n<p><strong>Ansvarsverv<\/strong><br>Verv i en undergruppe, som HMS-ansvarlig, websjef, etc. Se under grupper under. Man kan ha ansvarsverv kortere tid enn 1 \u00e5r.<\/p>\n\n\n\n<p><strong>Hyttestyret<\/strong><br>Det overordnede ansvaret for Hytta. Styremedlemmer velges for 1 \u00e5r av gangen.<\/p>\n\n\n\n<h4 class=\"wp-block-heading\">Grupper<\/h4>\n\n\n\n<div class=\"wp-block-coblocks-accordion\">\n<div class=\"wp-block-coblocks-accordion-item\"><details><summary class=\"wp-block-coblocks-accordion-item__title\">Vedlikeholdsgruppa<\/summary><div class=\"wp-block-coblocks-accordion-item__content\">\n<p>Er du litt handy eller har lyst til \u00e5 bli det? Liker du \u00e5 fikse og ordne slik at det er fint rundt deg? Da kan vedlikeholdsgruppa p\u00e5 Hytta v\u00e6re noe for deg. Gruppa ledes av vedlikeholdssjefen, og har ansvar for det som gj\u00f8res av dugnadsarbeid p\u00e5 Hytta. Det kan v\u00e6re alt fra \u00e5 felle tr\u00e6r p\u00e5 tomta, male Hytta utvendig, fikse benker og bord som g\u00e5r i stykker, ordne med nye gardiner og sofaer n\u00e5r det trengs, interi\u00f8rdetaljer og mye mer. Det er ogs\u00e5 rom for egne prosjekter. Vi har en fyldig verkt\u00f8ybod, og verksted i garasjen som man kan bruke s\u00e5 mye man \u00f8nsker, og du blir ogs\u00e5 en del av det sosiale felleskapet med resten av Hyttegruppa.<br>Ansvarsverv: <strong>HMS-sjef <\/strong>(f\u00f8rstehjelp\/brannvern), <strong>dugnadssjef<\/strong> (planlegger og arrangerer dugnader)<\/p>\n<\/div><\/details><\/div>\n\n\n\n<div class=\"wp-block-coblocks-accordion-item\"><details><summary class=\"wp-block-coblocks-accordion-item__title\">Arrangementsgruppa<\/summary><div class=\"wp-block-coblocks-accordion-item__content\">\n<p>Arrangementsgruppa har ansvaret for det som foreg\u00e5r p\u00e5 Hytta gjennom \u00e5ret. Det inkluderer b\u00e5de n\u00e5r Hytta er \u00e5pen, og n\u00e5r det er lukkede arrangementer. Gruppa har ogs\u00e5 et ansvar for Hyttas tradisjonelle arrangementer, som Julegildet og Akefesten.<br>Ansvarsverv: <strong>Utleiesjef<\/strong> (utleie til grupper)  og <strong>Sosialansvarlig<\/strong> (interne arrangementer)<\/p>\n<\/div><\/details><\/div>\n\n\n\n<div class=\"wp-block-coblocks-accordion-item\"><details><summary class=\"wp-block-coblocks-accordion-item__title\">PR-gruppa<\/summary><div class=\"wp-block-coblocks-accordion-item__content\">\n<p>PR\/Event-gruppa har ansvar for all markedsf\u00f8ring, samt planlegging og utf\u00f8relse av sosiale arrangementer . PR-sjefen i hyttestyret leder gruppen, og holder koselige og sosiale m\u00f8ter hvor det planlegges arrangementer og innhold til hyttas SoMe og nettside. Gruppen har ogs\u00e5 ansvar for \u00e5 designe plakater og &#8220;merch&#8221; for Studenterhytta.<br>Ansvarsverv: <strong>Websjef<\/strong> (nettsiden), <strong>SoMe-sjef<\/strong> (sosiale medier), <strong>bl\u00e6stesj\u00e6f <\/strong>(stand, plakater, osv)<\/p>\n<\/div><\/details><\/div>\n\n\n\n<div class=\"wp-block-coblocks-accordion-item\"><details><summary class=\"wp-block-coblocks-accordion-item__title\">Kj\u00f8kkengruppa<\/summary><div class=\"wp-block-coblocks-accordion-item__content\">\n<p>Er du glad i \u00e5 lage mat til mange? Da b\u00f8r du s\u00f8ke kj\u00f8kkengruppa p\u00e5 Studenterhytta! Her f\u00e5r du mulighet til \u00e5 hjelpe v\u00e5r kj\u00f8kkensjef med tilbereding og utforming av hyttas meny for b\u00e5de daglig drift og st\u00f8rre arrangementer. Her kreves ingen forkunnskaper, kun interesse for mat, kj\u00f8kken og et \u00f8nske om \u00e5 skape gode matopplevelser for Hyttas gjester.<br>Ansvarsverv: <strong>Materialansvarlig<\/strong> (bestilling av varer og utstyr), <strong>kokkeansvarlig<\/strong> (kokkegruppa, oppl\u00e6ring)<\/p>\n<\/div><\/details><\/div>\n\n\n\n<div class=\"wp-block-coblocks-accordion-item\"><details><summary class=\"wp-block-coblocks-accordion-item__title\">\u00d8konomigruppa<\/summary><div class=\"wp-block-coblocks-accordion-item__content\">\n<p>Studenterhytta har et omfattende og interessant regnskap, med en kompleksitet som tilsvarer st\u00f8rre bedrifter. Om du er interessert \u00e5 l\u00e6re om \u00f8konomistyring, regnskapsf\u00f8ring og prissetting, er \u00f8konomigruppa p\u00e5 Studenterhytta et av de mest relevante studentvervene i Trondheim.<\/p>\n\n\n\n<p>\u00d8konomigruppa er den \u00f8konomiansvarliges h\u00f8yre h\u00e5nd. Medlemmer i denne gruppen f\u00e5r oppl\u00e6ring og ansvarsomr\u00e5der innenfor regnskap og fakturering. Du trenger ingen forkunnskaper for \u00e5 s\u00f8ke denne gruppen, men det er \u00f8nskelig at man \u00f8nsker \u00e5 bidra til Hyttas \u00f8konomiarbeid over 1-2 \u00e5r.<br>Ansvarsverv: <strong>Kassererl\u00e6rling <\/strong>(betaling\/regnskapsf\u00f8ring), <strong>\u00f8konomil\u00e6rling <\/strong>(bidra til \u00f8konomiarbeidet)<\/p>\n<\/div><\/details><\/div>\n\n\n\n<div class=\"wp-block-coblocks-accordion-item\"><\/div>\n\n\n\n<div class=\"wp-block-coblocks-accordion-item\"><details><summary class=\"wp-block-coblocks-accordion-item__title\">Badstugruppa<\/summary><div class=\"wp-block-coblocks-accordion-item__content\">\n<p>Badstugruppa er en tradisjonsrik gruppe p\u00e5 Hytta, som holder den gamle badstukulturen i hevd. Dette inkluderer det edle spillet Badstuludo, badsturace til Blomstertj\u00f8nna og \u00e5 kunne sangene i Hyttas sanghefte. Badstugruppa er ogs\u00e5 beskytter av hyttekulturen som helhet, inkludert fyring i peisen, skriving og lesing i Hytteb\u00f8kene.<br><\/p>\n<\/div><\/details><\/div>\n<\/div>\n\n\n\n<h4 class=\"wp-block-heading\"><\/h4>\n\n\n\n<div class=\"wp-block-media-text is-stacked-on-mobile\"><figure class=\"wp-block-media-text__media\"><img loading=\"lazy\" decoding=\"async\" width=\"3200\" height=\"4266\" src=\"https:\/\/ntnui.no\/studenterhytta\/wp-content\/uploads\/sites\/310\/2026\/02\/2026-02-07_Thomas-Vinnes_styrebilde-1.jpg\" alt=\"\" class=\"wp-image-891 size-full\" \/><\/figure><div class=\"wp-block-media-text__content\">\n<h2 class=\"wp-block-heading\">Hyttestyret<\/h2>\n\n\n\n<p><\/p>\n\n\n\n<p>Hyttestyret er gruppen som har det overordnede ansvaret for driften p\u00e5 Hytta. Styret har m\u00f8ter ca 2 ganger i m\u00e5neden. Ansvarsomr\u00e5dene som ligger under styret er blant annet daglig drift, planlegging av \u00e5ret, organisering av Hyttegruppa, vedlikehold, utleie og \u00f8konomi.<\/p>\n\n\n\n<p>Er du en person som har lyst til \u00e5 bidra litt mer til hytta og som har lyst p\u00e5 litt mer ansvar, kan styret v\u00e6re noe for deg! Hvert styremedlem har sitt ansvarsomr\u00e5de, og vi m\u00f8tes annenhver uke.<\/p>\n\n\n\n<div class=\"wp-block-buttons is-layout-flex wp-block-buttons-is-layout-flex\">\n<div class=\"wp-block-button\"><a class=\"wp-block-button__link wp-element-button\" href=\"https:\/\/ntnui.no\/studenterhytta\/hyttestyret\/\">Les mer om Hyttestyret her<\/a><\/div>\n\n\n\n<div class=\"wp-block-button\"><a class=\"wp-block-button__link wp-element-button\" href=\"https:\/\/forms.gle\/TPJMEdeKVeFQTM9f8\">S\u00f8k Hyttestyret og Hyttegruppa her<\/a><\/div>\n<\/div>\n<\/div><\/div>\n\n\n\n<p><\/p>\n","protected":false},"excerpt":{"rendered":"<p>Hyttegruppa er gjengen som driver Hytta p\u00e5 dugnad og holder tradisjonene i live. Vi st\u00e5r for den daglige driften p\u00e5 hytta, jevnlig vedlikehold og arrangementer gjennom \u00e5ret. Om du er [&hellip;]<\/p>\n","protected":false},"author":333,"featured_media":0,"parent":0,"menu_order":0,"comment_status":"closed","ping_status":"closed","template":"","meta":{"_coblocks_attr":"","_coblocks_dimensions":"","_coblocks_responsive_height":"","_coblocks_accordion_ie_support":"","_price":"","_stock":"","_tribe_ticket_header":"","_tribe_default_ticket_provider":"","_tribe_ticket_capacity":"0","_ticket_start_date":"","_ticket_end_date":"","_tribe_ticket_show_description":"","_tribe_ticket_show_not_going":false,"_tribe_ticket_use_global_stock":"","_tribe_ticket_global_stock_level":"","_global_stock_mode":"","_global_stock_cap":"","_tribe_rsvp_for_event":"","_tribe_ticket_going_count":"","_tribe_ticket_not_going_count":"","_tribe_tickets_list":[],"_tribe_ticket_has_attendee_info_fields":false,"_EventAllDay":false,"_EventTimezone":"","_EventStartDate":"","_EventEndDate":"","_EventStartDateUTC":"","_EventEndDateUTC":"","_EventShowMap":false,"_EventShowMapLink":false,"_EventURL":"","_EventCost":"","_EventCostDescription":"","_EventCurrencySymbol":"","_EventCurrencyPosition":"","_EventDateTimeSeparator":"","_EventTimeRangeSeparator":"","_EventOrganizerID":[],"_EventVenueID":0,"_OrganizerEmail":"","_OrganizerPhone":"","_OrganizerWebsite":"","_VenueAddress":"","_VenueCity":"","_VenueCountry":"","_VenueProvince":"","_VenueZip":"","_VenuePhone":"","_VenueURL":"","_VenueStateProvince":"","_VenueLat":"","_VenueLng":"","footnotes":""},"class_list":["post-101","page","type-page","status-publish","hentry"],"featured_image_src":null,"featured_image_src_square":null,"_links":{"self":[{"href":"https:\/\/ntnui.no\/studenterhytta\/wp-json\/wp\/v2\/pages\/101","targetHints":{"allow":["GET"]}}],"collection":[{"href":"https:\/\/ntnui.no\/studenterhytta\/wp-json\/wp\/v2\/pages"}],"about":[{"href":"https:\/\/ntnui.no\/studenterhytta\/wp-json\/wp\/v2\/types\/page"}],"author":[{"embeddable":true,"href":"https:\/\/ntnui.no\/studenterhytta\/wp-json\/wp\/v2\/users\/333"}],"replies":[{"embeddable":true,"href":"https:\/\/ntnui.no\/studenterhytta\/wp-json\/wp\/v2\/comments?post=101"}],"version-history":[{"count":58,"href":"https:\/\/ntnui.no\/studenterhytta\/wp-json\/wp\/v2\/pages\/101\/revisions"}],"predecessor-version":[{"id":947,"href":"https:\/\/ntnui.no\/studenterhytta\/wp-json\/wp\/v2\/pages\/101\/revisions\/947"}],"wp:attachment":[{"href":"https:\/\/ntnui.no\/studenterhytta\/wp-json\/wp\/v2\/media?parent=101"}],"curies":[{"name":"wp","href":"https:\/\/api.w.org\/{rel}","templated":true}]}}