{"id":7989,"date":"2025-03-14T20:47:16","date_gmt":"2025-03-14T19:47:16","guid":{"rendered":"https:\/\/ntnui.no\/skiogfjellsport\/?page_id=7989"},"modified":"2026-01-10T11:34:42","modified_gmt":"2026-01-10T10:34:42","slug":"gear-rental-for-your-trip","status":"publish","type":"page","link":"https:\/\/ntnui.no\/skiogfjellsport\/gear-rental-for-your-trip\/","title":{"rendered":"Gear Rental for Your Trip"},"content":{"rendered":"\n<p><em>English Below!<\/em><\/p>\n\n\n\n<p>Planlegger du en privat tur, men mangler utstyr? Fortvil ikke, vi har masse forskjellig utstyr til leie!<\/p>\n\n\n\n<p>Lengre ned p\u00e5 denne siden finner du en fullverdig oversikt over hvilket utstyr vi har til leie, hvor mye vi har, og prisliste.<\/p>\n\n\n\n<p><strong>Hvis du planlegger \u00e5 arrangere en tur med Ski og Fjellsport og trenger \u00e5 l\u00e5ne utstyr, finner du oversikt over hvordan det gj\u00f8res i folderen \u201cNew trip coordinator lounge\u201d.<\/strong><\/p>\n\n\n\n<p><strong>Hvis trenger \u00e5 leie utstyr til en privat tur, gj\u00f8res f\u00f8lgende:<\/strong><\/p>\n\n\n\n<ul class=\"wp-block-list\">\n<li>Ta en titt p\u00e5 utstyrslista nederst p\u00e5 denne siden for \u00e5 bestemme hvilket utstyr du \u00f8nsker \u00e5 leie.<\/li>\n\n\n\n<li>Send en mail til utstyrsansvarlig <a href=\"mailto:tuva.vatland@ntnui.no\">tuva.vatland@ntnui.no<\/a> , og fortell hvilket utstyr du trenger og n\u00e5r. Du vil da f\u00e5 tilbakemelding om utstyret er tilgjengelig p\u00e5 \u00f8nsket dato.<\/li>\n\n\n\n<li>Utleie av utstyr er hovedsakelig tenkt til folk som planlegger lengre turer, f.eks. over en ferie. Vi kan likevel v\u00e6re tilgjengelig for utleie for kortere perioder enn dette, som en helg.<\/li>\n\n\n\n<li><strong>NB:<\/strong> Utleie til private turer skjer med forbehold om at turer arrangert av NTNUI Ski og Fjellsport har f\u00f8rsteprioritet, og dersom de trenger utstyret, s\u00e5 kan avtalen endres frem til 5 dager f\u00f8r turstart. Dersom utstyr trengs til en privat tur som arrangeres av frivillige i Ski og Fjellsport, kan avtalen endres frem til en m\u00e5ned f\u00f8r turstart.<\/li>\n<\/ul>\n\n\n\n<p>ENGLISH VERSION<\/p>\n\n\n\n<p>Are you planning a trip, but you are lacking gear? Fear not, we have tons that you can rent for your trip!<\/p>\n\n\n\n<p>Further down on this site, you will find a complete overview of the equipment we have and prices.<\/p>\n\n\n\n<p><strong>If you are organizing a trip with Ski og Fjellsport and need to borrow gear, you can find an overview on how to do it in the folder \u201cNew trip coordinator lounge\u201d.<\/strong><\/p>\n\n\n\n<p><strong>If you are planning a private trip and need to rent any gear, here is what you need to do:<\/strong><\/p>\n\n\n\n<ul class=\"wp-block-list\">\n<li>Have a look at our equipment overview, which you can find further down on this site. Then you can decide what you want to rent.<\/li>\n\n\n\n<li>Send an email to the equipment responsible, <a href=\"mailto:tuva.vatland@ntnui.no\">tuva.vatland@ntnui.no<\/a> and tell them about your trip. We will need to know what gear you need, and when you need it. Then you will get to know if the gear is available for that time period.<\/li>\n\n\n\n<li>It will mainly be available to people planning longer trips over a holiday, but we can consider it if you are planning a trip other than a holiday.<\/li>\n\n\n\n<li><strong>Note:<\/strong> We will have to prioritize our own trips, and our wonderful volunteers in the board and the equipment group. If you are planning a trip during a weekend, we will have to reserve the right to cancel at latest 5 days before, if someone organize a trip open to all members. All reservations can be canceled at latest a month before if one of the mentioned volunteers wants to borrow the equipment over the same period. We will of course try to avoid cancelations if possible.<\/li>\n<\/ul>\n\n\n\n<figure class=\"wp-block-table\"><table class=\"has-fixed-layout\"><tbody><tr><td class=\"has-text-align-center\" data-align=\"center\"><strong>General camp gear<\/strong><\/td><td class=\"has-text-align-center\" data-align=\"center\"><strong>Price per weekend<\/strong><\/td><td class=\"has-text-align-center\" data-align=\"center\"><strong>Quantity<\/strong><\/td><\/tr><tr><td class=\"has-text-align-center\" data-align=\"center\">Tent, 4 pers<\/td><td class=\"has-text-align-center\" data-align=\"center\">250 kr<\/td><td class=\"has-text-align-center\" data-align=\"center\">5<\/td><\/tr><tr><td class=\"has-text-align-center\" data-align=\"center\">Tent, 5 pers<\/td><td class=\"has-text-align-center\" data-align=\"center\">300 kr<\/td><td class=\"has-text-align-center\" data-align=\"center\">8<\/td><\/tr><tr><td class=\"has-text-align-center\" data-align=\"center\">Tent, 6 pers<\/td><td class=\"has-text-align-center\" data-align=\"center\">350 kr<\/td><td class=\"has-text-align-center\" data-align=\"center\">5<\/td><\/tr><tr><td class=\"has-text-align-center\" data-align=\"center\">Lavvo<\/td><td class=\"has-text-align-center\" data-align=\"center\">550 kr<\/td><td class=\"has-text-align-center\" data-align=\"center\">2<\/td><\/tr><tr><td class=\"has-text-align-center\" data-align=\"center\">Small tarp<\/td><td class=\"has-text-align-center\" data-align=\"center\">50 kr<\/td><td class=\"has-text-align-center\" data-align=\"center\">3<\/td><\/tr><tr><td class=\"has-text-align-center\" data-align=\"center\">Large tarp<\/td><td class=\"has-text-align-center\" data-align=\"center\">50 kr<\/td><td class=\"has-text-align-center\" data-align=\"center\">5<\/td><\/tr><tr><td class=\"has-text-align-center\" data-align=\"center\">Wind sack<\/td><td class=\"has-text-align-center\" data-align=\"center\">50 kr<\/td><td class=\"has-text-align-center\" data-align=\"center\">1<\/td><\/tr><tr><td class=\"has-text-align-center\" data-align=\"center\">Stove, multifuel<\/td><td class=\"has-text-align-center\" data-align=\"center\">100 kr<\/td><td class=\"has-text-align-center\" data-align=\"center\">9<\/td><\/tr><tr><td class=\"has-text-align-center\" data-align=\"center\">Stove, gas<\/td><td class=\"has-text-align-center\" data-align=\"center\">100 kr<\/td><td class=\"has-text-align-center\" data-align=\"center\">3<\/td><\/tr><tr><td class=\"has-text-align-center\" data-align=\"center\">Pots and pans<\/td><td class=\"has-text-align-center\" data-align=\"center\">&#8211;<\/td><td class=\"has-text-align-center\" data-align=\"center\"><\/td><\/tr><\/tbody><\/table><\/figure>\n\n\n\n<figure class=\"wp-block-table\"><table class=\"has-fixed-layout\"><tbody><tr><td class=\"has-text-align-center\" data-align=\"center\"><strong>Winter specific gear<\/strong><\/td><td class=\"has-text-align-center\" data-align=\"center\"><strong>Price per weekend<\/strong><\/td><td class=\"has-text-align-center\" data-align=\"center\"><strong>Quantity<\/strong><\/td><\/tr><tr><td class=\"has-text-align-center\" data-align=\"center\">Avalange pacage (beacon, shovel, probe)<\/td><td class=\"has-text-align-center\" data-align=\"center\">150 kr<\/td><td class=\"has-text-align-center\" data-align=\"center\">6<\/td><\/tr><tr><td class=\"has-text-align-center\" data-align=\"center\">Crampons<\/td><td class=\"has-text-align-center\" data-align=\"center\">50 kr<\/td><td class=\"has-text-align-center\" data-align=\"center\">7<\/td><\/tr><tr><td class=\"has-text-align-center\" data-align=\"center\">Ice screws<\/td><td class=\"has-text-align-center\" data-align=\"center\">10 kr<\/td><td class=\"has-text-align-center\" data-align=\"center\">5<\/td><\/tr><tr><td class=\"has-text-align-center\" data-align=\"center\">Ice axe (straight)<\/td><td class=\"has-text-align-center\" data-align=\"center\">30 kr<\/td><td class=\"has-text-align-center\" data-align=\"center\">7<\/td><\/tr><tr><td class=\"has-text-align-center\" data-align=\"center\">Ice axe (curved)<\/td><td class=\"has-text-align-center\" data-align=\"center\">30 kr<\/td><td class=\"has-text-align-center\" data-align=\"center\">2<\/td><\/tr><tr><td class=\"has-text-align-center\" data-align=\"center\">Snow shoes<\/td><td class=\"has-text-align-center\" data-align=\"center\">50 kr<\/td><td class=\"has-text-align-center\" data-align=\"center\">8<\/td><\/tr><tr><td class=\"has-text-align-center\" data-align=\"center\">Nordic skates (NNN binding)<\/td><td class=\"has-text-align-center\" data-align=\"center\">50 kr<\/td><td class=\"has-text-align-center\" data-align=\"center\">3<\/td><\/tr><tr><td class=\"has-text-align-center\" data-align=\"center\">Nordic skates (BC binding)<\/td><td class=\"has-text-align-center\" data-align=\"center\">50 kr<\/td><td class=\"has-text-align-center\" data-align=\"center\">3<\/td><\/tr><tr><td class=\"has-text-align-center\" data-align=\"center\">Ice awls<\/td><td class=\"has-text-align-center\" data-align=\"center\">30 kr<\/td><td class=\"has-text-align-center\" data-align=\"center\">6<\/td><\/tr><tr><td class=\"has-text-align-center\" data-align=\"center\">Rescue rope&nbsp;<\/td><td class=\"has-text-align-center\" data-align=\"center\">30 kr<\/td><td class=\"has-text-align-center\" data-align=\"center\">2<\/td><\/tr><tr><td class=\"has-text-align-center\" data-align=\"center\">Pulk (stiff pulk drags)<\/td><td class=\"has-text-align-center\" data-align=\"center\">100 kr<\/td><td class=\"has-text-align-center\" data-align=\"center\">2<\/td><\/tr><tr><td class=\"has-text-align-center\" data-align=\"center\">Pulk (rope drags)<\/td><td class=\"has-text-align-center\" data-align=\"center\">100 kr<\/td><td class=\"has-text-align-center\" data-align=\"center\">2<\/td><\/tr><\/tbody><\/table><\/figure>\n\n\n\n<figure class=\"wp-block-table\"><table class=\"has-fixed-layout\"><tbody><tr><td class=\"has-text-align-center\" data-align=\"center\"><strong>Climbing gear<\/strong><\/td><td class=\"has-text-align-center\" data-align=\"center\"><strong>Price per weekend<\/strong><\/td><td class=\"has-text-align-center\" data-align=\"center\"><strong>Quantity<\/strong><\/td><\/tr><tr><td class=\"has-text-align-center\" data-align=\"center\">Elastic climbing rope<\/td><td class=\"has-text-align-center\" data-align=\"center\">50 kr<\/td><td class=\"has-text-align-center\" data-align=\"center\">2<\/td><\/tr><tr><td class=\"has-text-align-center\" data-align=\"center\">Quick draws<\/td><td class=\"has-text-align-center\" data-align=\"center\">10 kr<\/td><td class=\"has-text-align-center\" data-align=\"center\">6<\/td><\/tr><tr><td class=\"has-text-align-center\" data-align=\"center\">Climbing harness<\/td><td class=\"has-text-align-center\" data-align=\"center\">50 kr<\/td><td class=\"has-text-align-center\" data-align=\"center\">6<\/td><\/tr><tr><td class=\"has-text-align-center\" data-align=\"center\">Climbing helmet<\/td><td class=\"has-text-align-center\" data-align=\"center\">50 kr<\/td><td class=\"has-text-align-center\" data-align=\"center\">3<\/td><\/tr><tr><td class=\"has-text-align-center\" data-align=\"center\">Mountaineering helmet (not for climbing)<\/td><td class=\"has-text-align-center\" data-align=\"center\">50 kr<\/td><td class=\"has-text-align-center\" data-align=\"center\">7<\/td><\/tr><\/tbody><\/table><\/figure>\n\n\n\n<p><\/p>\n","protected":false},"excerpt":{"rendered":"<p>English Below! Planlegger du en privat tur, men mangler utstyr? Fortvil ikke, vi har masse forskjellig utstyr til leie! Lengre ned p\u00e5 denne siden finner du en fullverdig oversikt over hvilket utstyr vi har til leie, hvor mye vi har, og prisliste. Hvis du planlegger \u00e5 arrangere en tur med Ski og Fjellsport og trenger [&hellip;]<\/p>\n","protected":false},"author":633,"featured_media":0,"parent":0,"menu_order":0,"comment_status":"closed","ping_status":"closed","template":"","meta":{"_coblocks_attr":"","_coblocks_dimensions":"","_coblocks_responsive_height":"","_coblocks_accordion_ie_support":"","_price":"","_stock":"","_tribe_ticket_header":"","_tribe_default_ticket_provider":"","_tribe_ticket_capacity":"0","_ticket_start_date":"","_ticket_end_date":"","_tribe_ticket_show_description":"","_tribe_ticket_show_not_going":false,"_tribe_ticket_use_global_stock":"","_tribe_ticket_global_stock_level":"","_global_stock_mode":"","_global_stock_cap":"","_tribe_rsvp_for_event":"","_tribe_ticket_going_count":"","_tribe_ticket_not_going_count":"","_tribe_tickets_list":[],"_tribe_ticket_has_attendee_info_fields":false,"_EventAllDay":false,"_EventTimezone":"","_EventStartDate":"","_EventEndDate":"","_EventStartDateUTC":"","_EventEndDateUTC":"","_EventShowMap":false,"_EventShowMapLink":false,"_EventURL":"","_EventCost":"","_EventCostDescription":"","_EventCurrencySymbol":"","_EventCurrencyPosition":"","_EventDateTimeSeparator":"","_EventTimeRangeSeparator":"","_EventOrganizerID":[],"_EventVenueID":0,"_OrganizerEmail":"","_OrganizerPhone":"","_OrganizerWebsite":"","_VenueAddress":"","_VenueCity":"","_VenueCountry":"","_VenueProvince":"","_VenueZip":"","_VenuePhone":"","_VenueURL":"","_VenueStateProvince":"","_VenueLat":"","_VenueLng":"","jetpack_post_was_ever_published":false,"footnotes":""},"class_list":["post-7989","page","type-page","status-publish","hentry"],"featured_image_src":null,"featured_image_src_square":null,"jetpack_sharing_enabled":true,"jetpack_shortlink":"https:\/\/wp.me\/PaRxMM-24R","jetpack-related-posts":[],"_links":{"self":[{"href":"https:\/\/ntnui.no\/skiogfjellsport\/wp-json\/wp\/v2\/pages\/7989","targetHints":{"allow":["GET"]}}],"collection":[{"href":"https:\/\/ntnui.no\/skiogfjellsport\/wp-json\/wp\/v2\/pages"}],"about":[{"href":"https:\/\/ntnui.no\/skiogfjellsport\/wp-json\/wp\/v2\/types\/page"}],"author":[{"embeddable":true,"href":"https:\/\/ntnui.no\/skiogfjellsport\/wp-json\/wp\/v2\/users\/633"}],"replies":[{"embeddable":true,"href":"https:\/\/ntnui.no\/skiogfjellsport\/wp-json\/wp\/v2\/comments?post=7989"}],"version-history":[{"count":4,"href":"https:\/\/ntnui.no\/skiogfjellsport\/wp-json\/wp\/v2\/pages\/7989\/revisions"}],"predecessor-version":[{"id":8527,"href":"https:\/\/ntnui.no\/skiogfjellsport\/wp-json\/wp\/v2\/pages\/7989\/revisions\/8527"}],"wp:attachment":[{"href":"https:\/\/ntnui.no\/skiogfjellsport\/wp-json\/wp\/v2\/media?parent=7989"}],"curies":[{"name":"wp","href":"https:\/\/api.w.org\/{rel}","templated":true}]}}