{"id":2944,"date":"2022-03-26T16:27:17","date_gmt":"2022-03-26T15:27:17","guid":{"rendered":"https:\/\/ntnui.no\/skiogfjellsport\/?page_id=2944"},"modified":"2025-01-09T22:34:45","modified_gmt":"2025-01-09T21:34:45","slug":"komitene-2","status":"publish","type":"page","link":"https:\/\/ntnui.no\/skiogfjellsport\/komitene-2\/","title":{"rendered":"Komitene"},"content":{"rendered":"\n<h3 class=\"has-dark-black-color has-text-color wp-block-heading\">Generelt<\/h3>\n\n\n\n<p class=\"has-dark-black-color has-text-color\">Komiteene i Ski og Fjellsport er for engasjerte medlemmer som i st\u00f8rre grad \u00f8nsker \u00e5 ta del av et turfellesskap gjennom \u00e5 organisere turer og arrangementer for alle medlemmer. Et verv i en av v\u00e5re komiteer er en super mulighet til \u00e5 f\u00e5 gode turvenner, og vil garantert gi deg uforglemmelige naturopplevelser! I tillegg til \u00e5 arrangere turer for alle medlemmer av Ski og Fjellsport, drar komiteene p\u00e5 egne turer og gj\u00f8r mye g\u00f8y sammen. Etter hvert opptak arrangeres det en oppstartsuke med masse sosialt og oppl\u00e6ring, som avsluttes med en felles helgetur for komiteene og styret. <\/p>\n\n\n\n<p class=\"has-dark-black-color has-text-color\"><strong>Det er opptak to ganger i \u00e5ret i september og Januar<\/strong> ifm. generalforsamling. For \u00e5 legge til rette for at det innad i komiteene dannes en f\u00f8lelse av fellesskap og tilh\u00f8righet, \u00f8nsker vi \u00e5 unng\u00e5 at komiteene blir for store. Et verv er p\u00e5 minimum ett semester, men alle som er tatt opp kan v\u00e6re med s\u00e5 mange semester som \u00f8nskelig. Komitelederne er ogs\u00e5 styremedlemmer, og sitter i minimum to semester. <\/p>\n\n\n\n<p class=\"has-dark-black-color has-text-color\"><strong>Hva forplikter komitemedlemmene seg til?<\/strong> Man er med p\u00e5 det man vil, men det forventes at man bidrar til et godt samhold gjennom deltagelse og engasjement. Alle forventes \u00e5 arrangere minst \u00e9n tur\/arrangement hvert semester. Det er ogs\u00e5 m\u00f8te\/workshop hver m\u00e5ned.<\/p>\n\n\n\n<div style=\"background-color:#f2f2f2;color:#040402\" class=\"wp-block-atomic-blocks-ab-profile-box center square ab-has-avatar ab-font-size-18 ab-block-profile ab-profile-columns\"><div class=\"ab-profile-column ab-profile-avatar-wrap\"><div class=\"ab-profile-image-wrap\"><figure class=\"ab-profile-image-square\"><img data-recalc-dims=\"1\" loading=\"lazy\" decoding=\"async\" width=\"700\" height=\"700\" data-attachment-id=\"4028\" data-permalink=\"https:\/\/ntnui.no\/skiogfjellsport\/en\/committees\/attachment\/3\/\" data-orig-file=\"https:\/\/i0.wp.com\/ntnui.no\/skiogfjellsport\/wp-content\/uploads\/sites\/260\/2025\/01\/3.png?fit=1095%2C1095&amp;ssl=1\" data-orig-size=\"1095,1095\" data-comments-opened=\"0\" data-image-meta=\"{&quot;aperture&quot;:&quot;0&quot;,&quot;credit&quot;:&quot;&quot;,&quot;camera&quot;:&quot;&quot;,&quot;caption&quot;:&quot;&quot;,&quot;created_timestamp&quot;:&quot;0&quot;,&quot;copyright&quot;:&quot;&quot;,&quot;focal_length&quot;:&quot;0&quot;,&quot;iso&quot;:&quot;0&quot;,&quot;shutter_speed&quot;:&quot;0&quot;,&quot;title&quot;:&quot;&quot;,&quot;orientation&quot;:&quot;0&quot;}\" data-image-title=\"3\" data-image-description=\"\" data-image-caption=\"\" data-medium-file=\"https:\/\/i0.wp.com\/ntnui.no\/skiogfjellsport\/wp-content\/uploads\/sites\/260\/2025\/01\/3.png?fit=300%2C300&amp;ssl=1\" data-large-file=\"https:\/\/i0.wp.com\/ntnui.no\/skiogfjellsport\/wp-content\/uploads\/sites\/260\/2025\/01\/3.png?fit=700%2C700&amp;ssl=1\" class=\"ab-profile-avatar wp-image-4028\" src=\"https:\/\/i0.wp.com\/ntnui.no\/skiogfjellsport\/wp-content\/uploads\/sites\/260\/2025\/01\/3.png?resize=700%2C700&#038;ssl=1\" alt=\"\" \/><\/figure><\/div><\/div><div class=\"ab-profile-column ab-profile-content-wrap\"><h2 class=\"ab-profile-name\" style=\"color:#040402\">Turkomit\u00e9 Amundsen<\/h2><p class=\"ab-profile-title\" style=\"color:#040402\">Denne komiteen best\u00e5r av turkoordinatorer med medium til h\u00f8yt erfaringsniv\u00e5. De liker helst turer som krever litt mer, b\u00e5de fysisk og teknisk. Komitemedlemmene har til sammen kompetanse innen ferdsel i bratt terreng, vintertelting, klatring, brevandring, navigering med mer. Noen av komitemedlemmene dr\u00f8mmer om \u00e5 gjennomf\u00f8re st\u00f8rre eller mindre ekspedisjoner. De vet ogs\u00e5 \u00e5 sette pris p\u00e5 en rolig b\u00e5lkveld under dansende nordlys. Ca. 15 medlemmer.<\/p><div class=\"ab-profile-text\"><\/div><ul class=\"ab-social-links\"><\/ul><\/div><\/div>\n\n\n\n<div style=\"background-color:#f2f2f2;color:#040402\" class=\"wp-block-atomic-blocks-ab-profile-box center square ab-has-avatar ab-font-size-18 ab-block-profile ab-profile-columns\"><div class=\"ab-profile-column ab-profile-avatar-wrap\"><div class=\"ab-profile-image-wrap\"><figure class=\"ab-profile-image-square\"><img data-recalc-dims=\"1\" loading=\"lazy\" decoding=\"async\" width=\"700\" height=\"707\" data-attachment-id=\"4030\" data-permalink=\"https:\/\/ntnui.no\/skiogfjellsport\/en\/committees\/whatsapp-image-2024-01-28-at-14-45-07_c424b827\/\" data-orig-file=\"https:\/\/i0.wp.com\/ntnui.no\/skiogfjellsport\/wp-content\/uploads\/sites\/260\/2025\/01\/WhatsApp-Image-2024-01-28-at-14.45.07_c424b827.jpg?fit=1200%2C1212&amp;ssl=1\" data-orig-size=\"1200,1212\" data-comments-opened=\"0\" data-image-meta=\"{&quot;aperture&quot;:&quot;0&quot;,&quot;credit&quot;:&quot;&quot;,&quot;camera&quot;:&quot;&quot;,&quot;caption&quot;:&quot;&quot;,&quot;created_timestamp&quot;:&quot;0&quot;,&quot;copyright&quot;:&quot;&quot;,&quot;focal_length&quot;:&quot;0&quot;,&quot;iso&quot;:&quot;0&quot;,&quot;shutter_speed&quot;:&quot;0&quot;,&quot;title&quot;:&quot;&quot;,&quot;orientation&quot;:&quot;0&quot;}\" data-image-title=\"WhatsApp Image 2024-01-28 at 14.45.07_c424b827\" data-image-description=\"\" data-image-caption=\"\" data-medium-file=\"https:\/\/i0.wp.com\/ntnui.no\/skiogfjellsport\/wp-content\/uploads\/sites\/260\/2025\/01\/WhatsApp-Image-2024-01-28-at-14.45.07_c424b827.jpg?fit=297%2C300&amp;ssl=1\" data-large-file=\"https:\/\/i0.wp.com\/ntnui.no\/skiogfjellsport\/wp-content\/uploads\/sites\/260\/2025\/01\/WhatsApp-Image-2024-01-28-at-14.45.07_c424b827.jpg?fit=700%2C707&amp;ssl=1\" class=\"ab-profile-avatar wp-image-4030\" src=\"https:\/\/i0.wp.com\/ntnui.no\/skiogfjellsport\/wp-content\/uploads\/sites\/260\/2025\/01\/WhatsApp-Image-2024-01-28-at-14.45.07_c424b827.jpg?resize=700%2C707&#038;ssl=1\" alt=\"\" \/><\/figure><\/div><\/div><div class=\"ab-profile-column ab-profile-content-wrap\"><h2 class=\"ab-profile-name\" style=\"color:#040402\">Turkomit\u00e9 Nansen<\/h2><p class=\"ab-profile-title\" style=\"color:#040402\">Denne komiteen best\u00e5r av turkoordinatorer med medium til lavt erfaringsniv\u00e5. De drar helst til fjells for \u00e5 f\u00e5 ro i sjela og et avbrekk fra studiehverdagen. Her er gode naturopplevelser for alle i hovedfokus, om det skulle v\u00e6re p\u00e5 en kortreist hengek\u00f8yetur i Bymarka, i en kano i Femundsmarka eller p\u00e5 randonee-tur med en kvikklunsj i sekken. Til tider kan de ogs\u00e5 sette pris p\u00e5 en lang og slitsom dag, og vet \u00e5 sette pris p\u00e5 den gode f\u00f8lelsen som kommer etterp\u00e5 n\u00e5r man kryper i posen eller fyrer i peisen p\u00e5 hytta. Ca. 15 medlemmer.<\/p><div class=\"ab-profile-text\"><\/div><ul class=\"ab-social-links\"><\/ul><\/div><\/div>\n\n\n\n<div style=\"background-color:#f2f2f2;color:#2a2a2a\" class=\"wp-block-atomic-blocks-ab-profile-box center square ab-has-avatar ab-font-size-18 ab-block-profile ab-profile-columns\"><div class=\"ab-profile-column ab-profile-avatar-wrap\"><div class=\"ab-profile-image-wrap\"><figure class=\"ab-profile-image-square\"><img data-recalc-dims=\"1\" loading=\"lazy\" decoding=\"async\" width=\"700\" height=\"702\" data-attachment-id=\"4031\" data-permalink=\"https:\/\/ntnui.no\/skiogfjellsport\/en\/committees\/img_7619\/\" data-orig-file=\"https:\/\/i0.wp.com\/ntnui.no\/skiogfjellsport\/wp-content\/uploads\/sites\/260\/2025\/01\/IMG_7619.jpg?fit=1656%2C1660&amp;ssl=1\" data-orig-size=\"1656,1660\" data-comments-opened=\"0\" data-image-meta=\"{&quot;aperture&quot;:&quot;0&quot;,&quot;credit&quot;:&quot;&quot;,&quot;camera&quot;:&quot;&quot;,&quot;caption&quot;:&quot;&quot;,&quot;created_timestamp&quot;:&quot;1697797756&quot;,&quot;copyright&quot;:&quot;&quot;,&quot;focal_length&quot;:&quot;0&quot;,&quot;iso&quot;:&quot;0&quot;,&quot;shutter_speed&quot;:&quot;0&quot;,&quot;title&quot;:&quot;&quot;,&quot;orientation&quot;:&quot;0&quot;}\" data-image-title=\"IMG_7619\" data-image-description=\"\" data-image-caption=\"\" data-medium-file=\"https:\/\/i0.wp.com\/ntnui.no\/skiogfjellsport\/wp-content\/uploads\/sites\/260\/2025\/01\/IMG_7619.jpg?fit=300%2C300&amp;ssl=1\" data-large-file=\"https:\/\/i0.wp.com\/ntnui.no\/skiogfjellsport\/wp-content\/uploads\/sites\/260\/2025\/01\/IMG_7619.jpg?fit=700%2C702&amp;ssl=1\" class=\"ab-profile-avatar wp-image-4031\" src=\"https:\/\/i0.wp.com\/ntnui.no\/skiogfjellsport\/wp-content\/uploads\/sites\/260\/2025\/01\/IMG_7619.jpg?resize=700%2C702&#038;ssl=1\" alt=\"\" \/><\/figure><\/div><\/div><div class=\"ab-profile-column ab-profile-content-wrap\"><h2 class=\"ab-profile-name\" style=\"color:#2a2a2a\">Sosialkomit\u00e9<\/h2><p class=\"ab-profile-title\" style=\"color:#2a2a2a\">Sosialkomiteen best\u00e5r av en turglad gjeng som hjelper til med \u00e5 knytte hele Ski og Fjellsport sammen ved \u00e5 arrangere sm\u00e5 og store arrangementer for alle medlemmer. Buldring, b\u00e5lkveld, fest, langrenn, quiz og grilling i parken er eksempler p\u00e5 hva sosialkomiteen arrangerer. I tillegg st\u00e5r selvf\u00f8lgelig komit\u00e9medlemmene fritt til \u00e5 arrangere helgeturer p\u00e5 lik linje med de andre komiteene. Ca. 15 personer.<\/p><div class=\"ab-profile-text\"><\/div><ul class=\"ab-social-links\"><\/ul><\/div><\/div>\n\n\n\n<div style=\"background-color:#f2f2f2;color:#2a2a2a\" class=\"wp-block-atomic-blocks-ab-profile-box center square ab-has-avatar ab-font-size-18 ab-block-profile ab-profile-columns\"><div class=\"ab-profile-column ab-profile-avatar-wrap\"><div class=\"ab-profile-image-wrap\"><figure class=\"ab-profile-image-square\"><img data-recalc-dims=\"1\" loading=\"lazy\" decoding=\"async\" width=\"700\" height=\"467\" data-attachment-id=\"4032\" data-permalink=\"https:\/\/ntnui.no\/skiogfjellsport\/en\/committees\/3542343274_c06c7f8987_b\/\" data-orig-file=\"https:\/\/i0.wp.com\/ntnui.no\/skiogfjellsport\/wp-content\/uploads\/sites\/260\/2025\/01\/3542343274_c06c7f8987_b.jpg?fit=1024%2C683&amp;ssl=1\" data-orig-size=\"1024,683\" data-comments-opened=\"0\" data-image-meta=\"{&quot;aperture&quot;:&quot;0&quot;,&quot;credit&quot;:&quot;Martin Bekkelund&quot;,&quot;camera&quot;:&quot;&quot;,&quot;caption&quot;:&quot;&quot;,&quot;created_timestamp&quot;:&quot;0&quot;,&quot;copyright&quot;:&quot;See http:\\\/\\\/www.greatest-bits.com\\\/about\\\/ for copyright and license information.&quot;,&quot;focal_length&quot;:&quot;0&quot;,&quot;iso&quot;:&quot;0&quot;,&quot;shutter_speed&quot;:&quot;0&quot;,&quot;title&quot;:&quot;&quot;,&quot;orientation&quot;:&quot;0&quot;}\" data-image-title=\"3542343274_c06c7f8987_b\" data-image-description=\"\" data-image-caption=\"\" data-medium-file=\"https:\/\/i0.wp.com\/ntnui.no\/skiogfjellsport\/wp-content\/uploads\/sites\/260\/2025\/01\/3542343274_c06c7f8987_b.jpg?fit=300%2C200&amp;ssl=1\" data-large-file=\"https:\/\/i0.wp.com\/ntnui.no\/skiogfjellsport\/wp-content\/uploads\/sites\/260\/2025\/01\/3542343274_c06c7f8987_b.jpg?fit=700%2C467&amp;ssl=1\" class=\"ab-profile-avatar wp-image-4032\" src=\"https:\/\/i0.wp.com\/ntnui.no\/skiogfjellsport\/wp-content\/uploads\/sites\/260\/2025\/01\/3542343274_c06c7f8987_b.jpg?resize=700%2C467&#038;ssl=1\" alt=\"\" \/><\/figure><\/div><\/div><div class=\"ab-profile-column ab-profile-content-wrap\"><h2 class=\"ab-profile-name\" style=\"color:#2a2a2a\">Utstyrskomit\u00e9<\/h2><p class=\"ab-profile-title\" style=\"color:#2a2a2a\">Utstyrskomiteen er en mindre komite som hjelper utstyrsansvarlig i styret med \u00e5 drifte lageret v\u00e5rt p\u00e5 Dragvoll. Komitemedlemmene er vanligvis medlem av en av de andre komiteene ogs\u00e5. De hjelper til med \u00e5 levere ut og ta imot utstyr fra turene, reparerer utstyr, kj\u00f8per inn forbruksvarer som drivstoff, ved, batterier osv., og gir r\u00e5d om innkj\u00f8p av nytt utstyr. Utstyrskomiteen har gratis leie av utstyr til bruk p\u00e5 private turer, s\u00e5 lenge utstyret ikke skal brukes p\u00e5 en arrangert Ski og Fjellsport-tur. Ca. 6 medlemmer.<\/p><div class=\"ab-profile-text\"><\/div><ul class=\"ab-social-links\"><\/ul><\/div><\/div>\n","protected":false},"excerpt":{"rendered":"<p>Generelt Komiteene i Ski og Fjellsport er for engasjerte medlemmer som i st\u00f8rre grad \u00f8nsker \u00e5 ta del av et turfellesskap gjennom \u00e5 organisere turer og arrangementer for alle medlemmer. Et verv i en av v\u00e5re komiteer er en super mulighet til \u00e5 f\u00e5 gode turvenner, og vil garantert gi deg uforglemmelige naturopplevelser! I tillegg [&hellip;]<\/p>\n","protected":false},"author":312,"featured_media":0,"parent":0,"menu_order":0,"comment_status":"closed","ping_status":"closed","template":"","meta":{"_coblocks_attr":"","_coblocks_dimensions":"","_coblocks_responsive_height":"","_coblocks_accordion_ie_support":"","_price":"","_stock":"","_tribe_ticket_header":"","_tribe_default_ticket_provider":"","_tribe_ticket_capacity":"0","_ticket_start_date":"","_ticket_end_date":"","_tribe_ticket_show_description":"","_tribe_ticket_show_not_going":false,"_tribe_ticket_use_global_stock":"","_tribe_ticket_global_stock_level":"","_global_stock_mode":"","_global_stock_cap":"","_tribe_rsvp_for_event":"","_tribe_ticket_going_count":"","_tribe_ticket_not_going_count":"","_tribe_tickets_list":[],"_tribe_ticket_has_attendee_info_fields":false,"_EventAllDay":false,"_EventTimezone":"","_EventStartDate":"","_EventEndDate":"","_EventStartDateUTC":"","_EventEndDateUTC":"","_EventShowMap":false,"_EventShowMapLink":false,"_EventURL":"","_EventCost":"","_EventCostDescription":"","_EventCurrencySymbol":"","_EventCurrencyPosition":"","_EventDateTimeSeparator":"","_EventTimeRangeSeparator":"","_EventOrganizerID":[],"_EventVenueID":0,"_OrganizerEmail":"","_OrganizerPhone":"","_OrganizerWebsite":"","_VenueAddress":"","_VenueCity":"","_VenueCountry":"","_VenueProvince":"","_VenueZip":"","_VenuePhone":"","_VenueURL":"","_VenueStateProvince":"","_VenueLat":"","_VenueLng":"","jetpack_post_was_ever_published":false,"footnotes":""},"class_list":["post-2944","page","type-page","status-publish","hentry"],"featured_image_src":null,"featured_image_src_square":null,"jetpack_sharing_enabled":true,"jetpack_shortlink":"https:\/\/wp.me\/PaRxMM-Lu","jetpack-related-posts":[],"_links":{"self":[{"href":"https:\/\/ntnui.no\/skiogfjellsport\/wp-json\/wp\/v2\/pages\/2944","targetHints":{"allow":["GET"]}}],"collection":[{"href":"https:\/\/ntnui.no\/skiogfjellsport\/wp-json\/wp\/v2\/pages"}],"about":[{"href":"https:\/\/ntnui.no\/skiogfjellsport\/wp-json\/wp\/v2\/types\/page"}],"author":[{"embeddable":true,"href":"https:\/\/ntnui.no\/skiogfjellsport\/wp-json\/wp\/v2\/users\/312"}],"replies":[{"embeddable":true,"href":"https:\/\/ntnui.no\/skiogfjellsport\/wp-json\/wp\/v2\/comments?post=2944"}],"version-history":[{"count":3,"href":"https:\/\/ntnui.no\/skiogfjellsport\/wp-json\/wp\/v2\/pages\/2944\/revisions"}],"predecessor-version":[{"id":4033,"href":"https:\/\/ntnui.no\/skiogfjellsport\/wp-json\/wp\/v2\/pages\/2944\/revisions\/4033"}],"wp:attachment":[{"href":"https:\/\/ntnui.no\/skiogfjellsport\/wp-json\/wp\/v2\/media?parent=2944"}],"curies":[{"name":"wp","href":"https:\/\/api.w.org\/{rel}","templated":true}]}}