{"id":1955,"date":"2020-09-25T21:44:30","date_gmt":"2020-09-25T19:44:30","guid":{"rendered":"https:\/\/ntnui.no\/skiogfjellsport\/?page_id=1955"},"modified":"2024-10-10T18:36:05","modified_gmt":"2024-10-10T16:36:05","slug":"turer","status":"publish","type":"page","link":"https:\/\/ntnui.no\/skiogfjellsport\/turer\/","title":{"rendered":"Aktiviteter"},"content":{"rendered":"\n<div class=\"wp-block-media-text alignwide is-stacked-on-mobile\"><figure class=\"wp-block-media-text__media\"><img data-recalc-dims=\"1\" loading=\"lazy\" decoding=\"async\" width=\"700\" height=\"313\" data-attachment-id=\"3729\" data-permalink=\"https:\/\/ntnui.no\/skiogfjellsport\/en\/activities\/2024-10-10-18_34_51-littavhvert-ski-og-fjellsport-google-disk-mozilla-firefox\/\" data-orig-file=\"https:\/\/i0.wp.com\/ntnui.no\/skiogfjellsport\/wp-content\/uploads\/sites\/260\/2024\/10\/2024-10-10-18_34_51-littavhvert-Ski-og-Fjellsport-%E2%80%93-Google-Disk-%E2%80%94-Mozilla-Firefox.png?fit=1787%2C799&amp;ssl=1\" data-orig-size=\"1787,799\" data-comments-opened=\"0\" data-image-meta=\"{&quot;aperture&quot;:&quot;0&quot;,&quot;credit&quot;:&quot;&quot;,&quot;camera&quot;:&quot;&quot;,&quot;caption&quot;:&quot;&quot;,&quot;created_timestamp&quot;:&quot;0&quot;,&quot;copyright&quot;:&quot;&quot;,&quot;focal_length&quot;:&quot;0&quot;,&quot;iso&quot;:&quot;0&quot;,&quot;shutter_speed&quot;:&quot;0&quot;,&quot;title&quot;:&quot;&quot;,&quot;orientation&quot;:&quot;0&quot;}\" data-image-title=\"2024-10-10 18_34_51-littavhvert &#8211; Ski og Fjellsport \u2013 Google Disk \u2014 Mozilla Firefox\" data-image-description=\"\" data-image-caption=\"\" data-medium-file=\"https:\/\/i0.wp.com\/ntnui.no\/skiogfjellsport\/wp-content\/uploads\/sites\/260\/2024\/10\/2024-10-10-18_34_51-littavhvert-Ski-og-Fjellsport-%E2%80%93-Google-Disk-%E2%80%94-Mozilla-Firefox.png?fit=300%2C134&amp;ssl=1\" data-large-file=\"https:\/\/i0.wp.com\/ntnui.no\/skiogfjellsport\/wp-content\/uploads\/sites\/260\/2024\/10\/2024-10-10-18_34_51-littavhvert-Ski-og-Fjellsport-%E2%80%93-Google-Disk-%E2%80%94-Mozilla-Firefox.png?fit=700%2C313&amp;ssl=1\" src=\"https:\/\/i0.wp.com\/ntnui.no\/skiogfjellsport\/wp-content\/uploads\/sites\/260\/2024\/10\/2024-10-10-18_34_51-littavhvert-Ski-og-Fjellsport-%E2%80%93-Google-Disk-%E2%80%94-Mozilla-Firefox.png?resize=700%2C313&#038;ssl=1\" alt=\"\" class=\"wp-image-3729\" \/><\/figure><div class=\"wp-block-media-text__content\">\n<p class=\"has-dark-black-color has-text-color has-large-font-size\"><strong>Som medlem kan du bli med p\u00e5 v\u00e5re turer i vakker natur eller komme p\u00e5 v\u00e5re sosiale arrangmenter<\/strong>. <\/p>\n<\/div><\/div>\n\n\n\n<p class=\"has-dark-black-color has-text-color\">I Ski og fjellsport arrangerer turkoordinatorene v\u00e5re forskjellige turer som for eksempel toppturer, hytteturer, kanoturer osv, b\u00e5de i helger og sosiale aktiviteter i ukedagene. De sosiale aktivitetene blir postet p\u00e5 facebook.<\/p>\n\n\n\n<div class=\"wp-block-atomic-blocks-ab-columns ab-layout-columns-2 ab-2-col-equal\"><div class=\"ab-layout-column-wrap ab-block-layout-column-gap-2 ab-is-responsive-column\">\n<div class=\"wp-block-atomic-blocks-ab-column ab-block-layout-column\"><div class=\"ab-block-layout-column-inner\"><div class=\"wp-block-jetpack-google-calendar aligncenter\"><iframe loading=\"lazy\" src=\"https:\/\/calendar.google.com\/calendar\/embed?src=c_ab9g4n8a9bamak2r9db6ss7qu0%40group.calendar.google.com&#038;ctz=Europe%2FOslo\" frameborder=\"0\" style=\"border:0\" scrolling=\"no\" height=\"600\" width=\"100%\" sandbox=\"allow-scripts allow-same-origin allow-popups\"><\/iframe><\/div><\/div><\/div>\n\n\n\n<div class=\"wp-block-atomic-blocks-ab-column ab-block-layout-column\"><div class=\"ab-block-layout-column-inner\">\n<p><\/p>\n<\/div><\/div>\n<\/div><\/div>\n\n\n\n<p class=\"has-dark-black-color has-text-color\"><strong>En typisk tur<\/strong> er fra fredag ettermiddag til s\u00f8ndag kveld. Turkoordinatorene tar med seg felles utstyr som telt, primus, gryter. Vanligvis trenger du som deltaker: <\/p>\n\n\n\n<ul class=\"wp-block-list\" style=\"color:#040402\"><li>Sovepose<\/li><li>Liggeunderlage<\/li><li>Ryggsekk<\/li><li>Tallereken\/sk\u00e5l, kop og bestikk<\/li><li>Hodelykt<\/li><li>Kl\u00e6r etter v\u00e6ret<\/li><li>Ski (p\u00e5 skiturer)<\/li><\/ul>\n\n\n\n<p class=\"has-dark-black-color has-text-color\">Alle deltager tar med seg egen frokost og lunsj. P\u00e5 kvelden lager man en felles middag. Det er alltid to turkoordinatorer og mellom 6 og 10 deltagere. P\u00e5 de fleste turene sover man i et telt men vi bruker ogs\u00e5 hytter fra NTNUI Koiene eller DNT.<\/p>\n\n\n\n<p class=\"has-dark-black-color has-text-color\">Vennligst husk:<\/p>\n\n\n\n<ul class=\"wp-block-list\" style=\"color:#040402\"><li>At deltagelse er p\u00e5 egen risiko. <\/li><li>at p\u00e5meldingen er bindende.<\/li><li>At det ikke er mulig \u00e5 f\u00e5 pengene tilbake dersom man trekker seg. <\/li><\/ul>\n\n\n\n<p class=\"has-dark-black-color has-text-color\"><\/p>\n\n\n\n<p class=\"has-dark-black-color has-text-color\" style=\"font-size:21px\"><\/p>\n\n\n\n<p><\/p>\n","protected":false},"excerpt":{"rendered":"<p>Som medlem kan du bli med p\u00e5 v\u00e5re turer i vakker natur eller komme p\u00e5 v\u00e5re sosiale arrangmenter. I Ski og fjellsport arrangerer turkoordinatorene v\u00e5re forskjellige turer som for eksempel toppturer, hytteturer, kanoturer osv, b\u00e5de i helger og sosiale aktiviteter i ukedagene. De sosiale aktivitetene blir postet p\u00e5 facebook. En typisk tur er fra fredag [&hellip;]<\/p>\n","protected":false},"author":132,"featured_media":0,"parent":0,"menu_order":0,"comment_status":"closed","ping_status":"closed","template":"","meta":{"_coblocks_attr":"","_coblocks_dimensions":"","_coblocks_responsive_height":"","_coblocks_accordion_ie_support":"","_price":"","_stock":"","_tribe_ticket_header":"","_tribe_default_ticket_provider":"","_tribe_ticket_capacity":"0","_ticket_start_date":"","_ticket_end_date":"","_tribe_ticket_show_description":"","_tribe_ticket_show_not_going":false,"_tribe_ticket_use_global_stock":"","_tribe_ticket_global_stock_level":"","_global_stock_mode":"","_global_stock_cap":"","_tribe_rsvp_for_event":"","_tribe_ticket_going_count":"","_tribe_ticket_not_going_count":"","_tribe_tickets_list":[],"_tribe_ticket_has_attendee_info_fields":false,"_EventAllDay":false,"_EventTimezone":"","_EventStartDate":"","_EventEndDate":"","_EventStartDateUTC":"","_EventEndDateUTC":"","_EventShowMap":false,"_EventShowMapLink":false,"_EventURL":"","_EventCost":"","_EventCostDescription":"","_EventCurrencySymbol":"","_EventCurrencyPosition":"","_EventDateTimeSeparator":"","_EventTimeRangeSeparator":"","_EventOrganizerID":[],"_EventVenueID":0,"_OrganizerEmail":"","_OrganizerPhone":"","_OrganizerWebsite":"","_VenueAddress":"","_VenueCity":"","_VenueCountry":"","_VenueProvince":"","_VenueZip":"","_VenuePhone":"","_VenueURL":"","_VenueStateProvince":"","_VenueLat":"","_VenueLng":"","jetpack_post_was_ever_published":false,"footnotes":""},"class_list":["post-1955","page","type-page","status-publish","hentry"],"featured_image_src":null,"featured_image_src_square":null,"jetpack_sharing_enabled":true,"jetpack_shortlink":"https:\/\/wp.me\/PaRxMM-vx","jetpack-related-posts":[],"_links":{"self":[{"href":"https:\/\/ntnui.no\/skiogfjellsport\/wp-json\/wp\/v2\/pages\/1955","targetHints":{"allow":["GET"]}}],"collection":[{"href":"https:\/\/ntnui.no\/skiogfjellsport\/wp-json\/wp\/v2\/pages"}],"about":[{"href":"https:\/\/ntnui.no\/skiogfjellsport\/wp-json\/wp\/v2\/types\/page"}],"author":[{"embeddable":true,"href":"https:\/\/ntnui.no\/skiogfjellsport\/wp-json\/wp\/v2\/users\/132"}],"replies":[{"embeddable":true,"href":"https:\/\/ntnui.no\/skiogfjellsport\/wp-json\/wp\/v2\/comments?post=1955"}],"version-history":[{"count":4,"href":"https:\/\/ntnui.no\/skiogfjellsport\/wp-json\/wp\/v2\/pages\/1955\/revisions"}],"predecessor-version":[{"id":3731,"href":"https:\/\/ntnui.no\/skiogfjellsport\/wp-json\/wp\/v2\/pages\/1955\/revisions\/3731"}],"wp:attachment":[{"href":"https:\/\/ntnui.no\/skiogfjellsport\/wp-json\/wp\/v2\/media?parent=1955"}],"curies":[{"name":"wp","href":"https:\/\/api.w.org\/{rel}","templated":true}]}}