{"id":1716,"date":"2020-01-29T10:52:59","date_gmt":"2020-01-29T09:52:59","guid":{"rendered":"https:\/\/ntnui.no\/skiogfjellsport\/?page_id=1716"},"modified":"2026-03-18T19:11:13","modified_gmt":"2026-03-18T18:11:13","slug":"bli-med","status":"publish","type":"page","link":"https:\/\/ntnui.no\/skiogfjellsport\/kontakt\/bli-med\/","title":{"rendered":"Bli med"},"content":{"rendered":"\n<div class=\"wp-block-media-text alignwide has-media-on-the-right\"><div class=\"wp-block-media-text__content\">\n<h4 class=\"wp-block-heading has-dark-black-color has-text-color\"><span class=\"has-inline-color has-dark-black-color\">S\u00e5, er du gira p\u00e5 \u00e5 bli med p\u00e5 tur? Flott! Nedenfor finner du&nbsp; (forh\u00e5pentligvis) alle svarene til sp\u00f8rsm\u00e5l du har. <\/span><\/h4>\n\n\n\n<p><\/p>\n\n\n\n<p class=\"has-text-align-right\"><\/p>\n<\/div><figure class=\"wp-block-media-text__media\"><img data-recalc-dims=\"1\" loading=\"lazy\" decoding=\"async\" width=\"700\" height=\"525\" data-attachment-id=\"3503\" data-permalink=\"https:\/\/ntnui.no\/skiogfjellsport\/kontakt\/bli-med\/img_2961\/\" data-orig-file=\"https:\/\/i0.wp.com\/ntnui.no\/skiogfjellsport\/wp-content\/uploads\/sites\/260\/2024\/01\/IMG_2961.jpg?fit=4032%2C3024&amp;ssl=1\" data-orig-size=\"4032,3024\" data-comments-opened=\"0\" data-image-meta=\"{&quot;aperture&quot;:&quot;1.6&quot;,&quot;credit&quot;:&quot;&quot;,&quot;camera&quot;:&quot;iPhone 12 mini&quot;,&quot;caption&quot;:&quot;&quot;,&quot;created_timestamp&quot;:&quot;1693144069&quot;,&quot;copyright&quot;:&quot;&quot;,&quot;focal_length&quot;:&quot;4.2&quot;,&quot;iso&quot;:&quot;50&quot;,&quot;shutter_speed&quot;:&quot;0.00044306601683651&quot;,&quot;title&quot;:&quot;&quot;,&quot;orientation&quot;:&quot;1&quot;}\" data-image-title=\"IMG_2961\" data-image-description=\"\" data-image-caption=\"\" data-medium-file=\"https:\/\/i0.wp.com\/ntnui.no\/skiogfjellsport\/wp-content\/uploads\/sites\/260\/2024\/01\/IMG_2961.jpg?fit=300%2C225&amp;ssl=1\" data-large-file=\"https:\/\/i0.wp.com\/ntnui.no\/skiogfjellsport\/wp-content\/uploads\/sites\/260\/2024\/01\/IMG_2961.jpg?fit=700%2C525&amp;ssl=1\" src=\"https:\/\/i0.wp.com\/ntnui.no\/skiogfjellsport\/wp-content\/uploads\/sites\/260\/2024\/01\/IMG_2961.jpg?resize=700%2C525&#038;ssl=1\" alt=\"\" class=\"wp-image-3503 size-full\" \/><\/figure><\/div>\n\n\n\n<p><\/p>\n\n\n\n<div class=\"wp-block-coblocks-accordion\">\n<div class=\"wp-block-coblocks-accordion-item\"><details open><summary class=\"wp-block-coblocks-accordion-item__title has-text-color has-dark-black-color\"><strong>Hvordan blir jeg bli medlem?<\/strong><\/summary><div class=\"wp-block-coblocks-accordion-item__content\">\n<p class=\"has-dark-black-color has-text-color\"> <strong>Lett!<\/strong> Det er bare to steg. Her er en guide du kan f\u00f8lge. Alle linker er under<\/p>\n\n\n\n<ol class=\"wp-block-list\">\n<li>F\u00f8rst m\u00e5 du bli NTNUI-medlem. F\u00f8lg linken for \u00e5 velge medlemskap. Du trenger kun NTNUI medlemskap, men SIT har en pakke der du f\u00e5r begge deler til 175 kroner i m\u00e5neden. Da har du ogs\u00e5 tilgang til treningssentre etc.<\/li>\n<\/ol>\n\n\n\n<div class=\"wp-block-button\"><a class=\"wp-block-button__link has-background wp-element-button\" href=\"https:\/\/www.sit.no\/trening\/treningspriser\" style=\"background-color:#21723c\" target=\"_blank\" rel=\"noreferrer noopener\"> Bli NTNUI medlem<\/a><\/div>\n\n\n\n<p>2. For \u00e5 melde deg inn i Ski og Fjellsport gruppa s\u00e5 g\u00e5r du inn p\u00e5 linken. F\u00f8rste gangen du logger inn m\u00e5 du trykke p\u00e5 &#8220;aktiver bruker&#8221;. Da kan du lage et passord til brukeren din. Dette forutsetter at du har registrert NTNUI medlemskap. N\u00e5r du har logget inn g\u00e5r du p\u00e5 finn gruppe, ski og fjellsport, og trykker p\u00e5 &#8220;bli med&#8221;. N\u00e5r du har meldt deg inn blir du automatisk lagt til i v\u00e5r epost gruppe.<\/p>\n\n\n\n<div class=\"wp-block-button\"><a class=\"wp-block-button__link has-background wp-element-button\" href=\"https:\/\/medlem.ntnui.no\/groups\/ski-og-fjellsport\/\" style=\"background-color:#21723c\" target=\"_blank\" rel=\"noreferrer noopener\">Meld deg inn i Ski og Fjellsport<\/a><\/div>\n\n\n\n<p><\/p>\n<\/div><\/details><\/div>\n\n\n\n<div class=\"wp-block-coblocks-accordion-item\"><details open><summary class=\"wp-block-coblocks-accordion-item__title has-text-color has-dark-black-color\"><strong>Hvordan kan jeg bli med p\u00e5 turene?<\/strong><\/summary><div class=\"wp-block-coblocks-accordion-item__content\">\n<p>Under Aktiviteter finner du kalenderen v\u00e5r med planlagte turer.<\/p>\n\n\n\n<ul class=\"wp-block-list\">\n<li><strong>Rundt to uker f\u00f8r turen<\/strong> vil du motta en epost med en p\u00e5meldingslink og videre informasjon om turen. Her m\u00e5 du bare klikke p\u00e5 linken og fylle ut skjemaet om du vil v\u00e6re med.&nbsp;<\/li>\n<\/ul>\n\n\n\n<ul class=\"wp-block-list\">\n<li><strong>Minst 1 uke f\u00f8r turen<\/strong> vil du motta en ny mail med svar p\u00e5 om du fikk plass p\u00e5 turen eller ikke. Her f\u00e5r du ogs\u00e5 beskjed om tid og sted for turplanleggingsm\u00f8te.&nbsp;<\/li>\n<\/ul>\n\n\n\n<p>Etter planleggingsm\u00f8tet vil du forh\u00e5pentligvis v\u00e6re klar for en fantastisk tur!<\/p>\n<\/div><\/details><\/div>\n\n\n\n<div class=\"wp-block-coblocks-accordion-item\"><details open><summary class=\"wp-block-coblocks-accordion-item__title has-text-color has-dark-black-color\"><strong>Join oss p\u00e5 WhatsApp<\/strong>!<\/summary><div class=\"wp-block-coblocks-accordion-item__content\">\n<div class=\"wp-block-button\"><a class=\"wp-block-button__link has-background wp-element-button\" href=\"https:\/\/chat.whatsapp.com\/KSRSHxsedHYARNv3STkAfW\" style=\"background-color:#21723c\" target=\"_blank\" rel=\"noreferrer noopener\">WhatsApp<\/a><\/div>\n<\/div><\/details><\/div>\n<\/div>\n\n\n\n<p>Har du tekniske problemer med registrering, innlogging eller annet? Sjekk at du har et gyldig NTNUI medlemmsskap. Vent et par dager hvis du akkurat har registrert deg. Send mail til IT ansvarlig (ligger under kontakt) <\/p>\n\n\n\n<p><\/p>\n\n\n\n<p><\/p>\n\n\n\n<p><\/p>\n","protected":false},"excerpt":{"rendered":"<p>S\u00e5, er du gira p\u00e5 \u00e5 bli med p\u00e5 tur? Flott! Nedenfor finner du&nbsp; (forh\u00e5pentligvis) alle svarene til sp\u00f8rsm\u00e5l du har. Har du tekniske problemer med registrering, innlogging eller annet? Sjekk at du har et gyldig NTNUI medlemmsskap. Vent et par dager hvis du akkurat har registrert deg. Send mail til IT ansvarlig (ligger under [&hellip;]<\/p>\n","protected":false},"author":132,"featured_media":0,"parent":529,"menu_order":0,"comment_status":"closed","ping_status":"closed","template":"","meta":{"_coblocks_attr":"","_coblocks_dimensions":"","_coblocks_responsive_height":"","_coblocks_accordion_ie_support":"","_price":"","_stock":"","_tribe_ticket_header":"","_tribe_default_ticket_provider":"","_tribe_ticket_capacity":"0","_ticket_start_date":"","_ticket_end_date":"","_tribe_ticket_show_description":"","_tribe_ticket_show_not_going":false,"_tribe_ticket_use_global_stock":"","_tribe_ticket_global_stock_level":"","_global_stock_mode":"","_global_stock_cap":"","_tribe_rsvp_for_event":"","_tribe_ticket_going_count":"","_tribe_ticket_not_going_count":"","_tribe_tickets_list":[],"_tribe_ticket_has_attendee_info_fields":false,"_EventAllDay":false,"_EventTimezone":"","_EventStartDate":"","_EventEndDate":"","_EventStartDateUTC":"","_EventEndDateUTC":"","_EventShowMap":false,"_EventShowMapLink":false,"_EventURL":"","_EventCost":"","_EventCostDescription":"","_EventCurrencySymbol":"","_EventCurrencyPosition":"","_EventDateTimeSeparator":"","_EventTimeRangeSeparator":"","_EventOrganizerID":[],"_EventVenueID":0,"_OrganizerEmail":"","_OrganizerPhone":"","_OrganizerWebsite":"","_VenueAddress":"","_VenueCity":"","_VenueCountry":"","_VenueProvince":"","_VenueZip":"","_VenuePhone":"","_VenueURL":"","_VenueStateProvince":"","_VenueLat":"","_VenueLng":"","jetpack_post_was_ever_published":false,"footnotes":""},"class_list":["post-1716","page","type-page","status-publish","hentry"],"featured_image_src":null,"featured_image_src_square":null,"jetpack_sharing_enabled":true,"jetpack_shortlink":"https:\/\/wp.me\/PaRxMM-rG","jetpack-related-posts":[],"_links":{"self":[{"href":"https:\/\/ntnui.no\/skiogfjellsport\/wp-json\/wp\/v2\/pages\/1716","targetHints":{"allow":["GET"]}}],"collection":[{"href":"https:\/\/ntnui.no\/skiogfjellsport\/wp-json\/wp\/v2\/pages"}],"about":[{"href":"https:\/\/ntnui.no\/skiogfjellsport\/wp-json\/wp\/v2\/types\/page"}],"author":[{"embeddable":true,"href":"https:\/\/ntnui.no\/skiogfjellsport\/wp-json\/wp\/v2\/users\/132"}],"replies":[{"embeddable":true,"href":"https:\/\/ntnui.no\/skiogfjellsport\/wp-json\/wp\/v2\/comments?post=1716"}],"version-history":[{"count":21,"href":"https:\/\/ntnui.no\/skiogfjellsport\/wp-json\/wp\/v2\/pages\/1716\/revisions"}],"predecessor-version":[{"id":8631,"href":"https:\/\/ntnui.no\/skiogfjellsport\/wp-json\/wp\/v2\/pages\/1716\/revisions\/8631"}],"up":[{"embeddable":true,"href":"https:\/\/ntnui.no\/skiogfjellsport\/wp-json\/wp\/v2\/pages\/529"}],"wp:attachment":[{"href":"https:\/\/ntnui.no\/skiogfjellsport\/wp-json\/wp\/v2\/media?parent=1716"}],"curies":[{"name":"wp","href":"https:\/\/api.w.org\/{rel}","templated":true}]}}