{"id":1694,"date":"2020-01-29T10:24:14","date_gmt":"2020-01-29T09:24:14","guid":{"rendered":"https:\/\/ntnui.no\/skiogfjellsport\/?page_id=1694"},"modified":"2024-10-10T23:53:07","modified_gmt":"2024-10-10T21:53:07","slug":"velkommen-til-ski-og-fjellsport","status":"publish","type":"page","link":"https:\/\/ntnui.no\/skiogfjellsport\/","title":{"rendered":"Velkommen til Ski og Fjellsport"},"content":{"rendered":"\n<figure class=\"wp-block-image size-large\"><img data-recalc-dims=\"1\" loading=\"lazy\" decoding=\"async\" width=\"700\" height=\"467\" data-attachment-id=\"3758\" data-permalink=\"https:\/\/ntnui.no\/skiogfjellsport\/velkommen-til-ski-og-fjellsport\/sof-forsider\/\" data-orig-file=\"https:\/\/i0.wp.com\/ntnui.no\/skiogfjellsport\/wp-content\/uploads\/sites\/260\/2024\/10\/SoF-Forsider.jpeg?fit=2048%2C1366&amp;ssl=1\" data-orig-size=\"2048,1366\" data-comments-opened=\"0\" data-image-meta=\"{&quot;aperture&quot;:&quot;0&quot;,&quot;credit&quot;:&quot;&quot;,&quot;camera&quot;:&quot;&quot;,&quot;caption&quot;:&quot;&quot;,&quot;created_timestamp&quot;:&quot;0&quot;,&quot;copyright&quot;:&quot;&quot;,&quot;focal_length&quot;:&quot;0&quot;,&quot;iso&quot;:&quot;0&quot;,&quot;shutter_speed&quot;:&quot;0&quot;,&quot;title&quot;:&quot;&quot;,&quot;orientation&quot;:&quot;0&quot;}\" data-image-title=\"SoF Forsider\" data-image-description=\"\" data-image-caption=\"\" data-medium-file=\"https:\/\/i0.wp.com\/ntnui.no\/skiogfjellsport\/wp-content\/uploads\/sites\/260\/2024\/10\/SoF-Forsider.jpeg?fit=300%2C200&amp;ssl=1\" data-large-file=\"https:\/\/i0.wp.com\/ntnui.no\/skiogfjellsport\/wp-content\/uploads\/sites\/260\/2024\/10\/SoF-Forsider.jpeg?fit=700%2C467&amp;ssl=1\" src=\"https:\/\/i0.wp.com\/ntnui.no\/skiogfjellsport\/wp-content\/uploads\/sites\/260\/2024\/10\/SoF-Forsider.jpeg?resize=700%2C467&#038;ssl=1\" alt=\"\" class=\"wp-image-3758\" \/><\/figure>\n\n\n\n<p class=\"has-dark-black-color has-text-color\">Ski og Fjellsport er en av NTNUIs undergrupper innen friluftsliv. <\/p>\n\n\n\n<p class=\"has-dark-black-color has-text-color\">I l\u00f8pet av \u00e5ret arrangerer vi ulike turer &#8211; nesten hver helg. Enkelte helger kan det til og med v\u00e6re 2-3 turer. Dette inkluderer turer<strong> <\/strong>p\u00e5 bre, til fots, p\u00e5 sk\u00f8yter, klatreturer, skiturer, toppturer ol. De fleste turene inkluderer overnatting, enten i telt\/lavvo, hytte, hengek\u00f8ye eller under \u00e5pen himmel. I tillegg arrangerer vi ukentlige sosiale aktiviteter, som l\u00f8ping, buldring, skiturer i marka eller pub-quiz. V\u00e5re sosiale arrangementer blir lagt ut p\u00e5 facebook, mens helgeturene blir sendt ut p\u00e5 mail. For mer informasjon om \u00e5 bli med p\u00e5 mailinglisten, g\u00e5 til <strong><a href=\"https:\/\/ntnui.no\/skiogfjellsport\/bli-med\/\">bli med<\/a><\/strong><\/p>\n\n\n\n<p class=\"has-dark-black-color has-text-color\"><strong>Bli turkoordinator<\/strong><\/p>\n\n\n\n<p class=\"has-dark-black-color has-text-color\">Du kan bli med p\u00e5 tur eller engasjere deg mer ved \u00e5 bli turkoordinator! Som turkoordinator blir du med i en av v\u00e5re komiteer: Amundsen, Nansen eller sosial komiteen. Da arrangere du tur med en av dine nye ski og fjellsport venner. Som komite medlem kan du bli bedre kjent med likesinnede ski og fjellsport&#8217;ere, i tilllegg kan du bli med p\u00e5 andre styre-komite turer og arrangementer. For mer informasjon se <a href=\"https:\/\/ntnui.no\/skiogfjellsport\/turkoordinator\/\"><strong>Turkoordinator<\/strong><\/a><\/p>\n\n\n\n<p class=\"has-dark-black-color has-text-color\"><\/p>\n","protected":false},"excerpt":{"rendered":"<p>Ski og Fjellsport er en av NTNUIs undergrupper innen friluftsliv. I l\u00f8pet av \u00e5ret arrangerer vi ulike turer &#8211; nesten hver helg. Enkelte helger kan det til og med v\u00e6re 2-3 turer. Dette inkluderer turer p\u00e5 bre, til fots, p\u00e5 sk\u00f8yter, klatreturer, skiturer, toppturer ol. De fleste turene inkluderer overnatting, enten i telt\/lavvo, hytte, hengek\u00f8ye [&hellip;]<\/p>\n","protected":false},"author":213,"featured_media":0,"parent":0,"menu_order":0,"comment_status":"closed","ping_status":"closed","template":"","meta":{"_coblocks_attr":"","_coblocks_dimensions":"","_coblocks_responsive_height":"","_coblocks_accordion_ie_support":"","_price":"","_stock":"","_tribe_ticket_header":"","_tribe_default_ticket_provider":"","_tribe_ticket_capacity":"0","_ticket_start_date":"","_ticket_end_date":"","_tribe_ticket_show_description":"","_tribe_ticket_show_not_going":false,"_tribe_ticket_use_global_stock":"","_tribe_ticket_global_stock_level":"","_global_stock_mode":"","_global_stock_cap":"","_tribe_rsvp_for_event":"","_tribe_ticket_going_count":"","_tribe_ticket_not_going_count":"","_tribe_tickets_list":[],"_tribe_ticket_has_attendee_info_fields":false,"_EventAllDay":false,"_EventTimezone":"","_EventStartDate":"","_EventEndDate":"","_EventStartDateUTC":"","_EventEndDateUTC":"","_EventShowMap":false,"_EventShowMapLink":false,"_EventURL":"","_EventCost":"","_EventCostDescription":"","_EventCurrencySymbol":"","_EventCurrencyPosition":"","_EventDateTimeSeparator":"","_EventTimeRangeSeparator":"","_EventOrganizerID":[],"_EventVenueID":0,"_OrganizerEmail":"","_OrganizerPhone":"","_OrganizerWebsite":"","_VenueAddress":"","_VenueCity":"","_VenueCountry":"","_VenueProvince":"","_VenueZip":"","_VenuePhone":"","_VenueURL":"","_VenueStateProvince":"","_VenueLat":"","_VenueLng":"","jetpack_post_was_ever_published":false,"footnotes":""},"class_list":["post-1694","page","type-page","status-publish","hentry"],"featured_image_src":null,"featured_image_src_square":null,"jetpack_sharing_enabled":false,"jetpack_shortlink":"https:\/\/wp.me\/PaRxMM-rk","jetpack-related-posts":[],"_links":{"self":[{"href":"https:\/\/ntnui.no\/skiogfjellsport\/wp-json\/wp\/v2\/pages\/1694","targetHints":{"allow":["GET"]}}],"collection":[{"href":"https:\/\/ntnui.no\/skiogfjellsport\/wp-json\/wp\/v2\/pages"}],"about":[{"href":"https:\/\/ntnui.no\/skiogfjellsport\/wp-json\/wp\/v2\/types\/page"}],"author":[{"embeddable":true,"href":"https:\/\/ntnui.no\/skiogfjellsport\/wp-json\/wp\/v2\/users\/213"}],"replies":[{"embeddable":true,"href":"https:\/\/ntnui.no\/skiogfjellsport\/wp-json\/wp\/v2\/comments?post=1694"}],"version-history":[{"count":11,"href":"https:\/\/ntnui.no\/skiogfjellsport\/wp-json\/wp\/v2\/pages\/1694\/revisions"}],"predecessor-version":[{"id":3760,"href":"https:\/\/ntnui.no\/skiogfjellsport\/wp-json\/wp\/v2\/pages\/1694\/revisions\/3760"}],"wp:attachment":[{"href":"https:\/\/ntnui.no\/skiogfjellsport\/wp-json\/wp\/v2\/media?parent=1694"}],"curies":[{"name":"wp","href":"https:\/\/api.w.org\/{rel}","templated":true}]}}