{"id":7,"date":"2019-01-10T17:36:13","date_gmt":"2019-01-10T17:36:13","guid":{"rendered":"https:\/\/ntnui.no\/sjakk2\/?page_id=7"},"modified":"2026-04-24T09:36:42","modified_gmt":"2026-04-24T09:36:42","slug":"forside","status":"publish","type":"page","link":"https:\/\/ntnui.no\/sjakk\/","title":{"rendered":""},"content":{"rendered":"\n<div aria-label=\"Carousel Gallery\" class=\"wp-block-coblocks-gallery-carousel mb-0 mt-0\"><div class=\"coblocks-gallery-carousel-swiper-container is-cropped coblocks-gallery has-no-alignment has-caption-style-dark has-no-thumbnails\"><div class=\"has-carousel has-carousel-xlrg swiper-container has-responsive-height\" data-swiper=\"{&quot;alignCells&quot;:false,&quot;autoPlay&quot;:true,&quot;autoPlaySpeed&quot;:&quot;3000&quot;,&quot;draggable&quot;:true,&quot;freeMode&quot;:false,&quot;loop&quot;:true,&quot;navigation&quot;:false,&quot;pageDots&quot;:true,&quot;pauseHover&quot;:true,&quot;responsiveHeight&quot;:true,&quot;slidesPerView&quot;:1,&quot;thumbnails&quot;:false,&quot;uuid&quot;:&quot;12345&quot;}\" style=\"height:400px\"><div class=\"swiper-wrapper\"><div class=\"swiper-slide\"><div class=\"coblocks-gallery--item\" role=\"button\"><figure class=\"coblocks-gallery--figure\"><img loading=\"lazy\" decoding=\"async\" width=\"640\" height=\"480\" alt=\"\" class=\"wp-image-179\" data-id=\"179\" data-link=\"https:\/\/ntnui.no\/sjakk\/forside\/dcp01383\/\" src=\"https:\/\/ntnui.no\/sjakk\/wp-content\/uploads\/sites\/270\/2026\/02\/DCP01383.jpg\" \/><\/figure><figcaption class=\"coblocks-gallery--caption coblocks-gallery--primary-caption\"><\/figcaption><\/div><\/div><div class=\"swiper-slide\"><div class=\"coblocks-gallery--item\" role=\"button\"><figure class=\"coblocks-gallery--figure\"><img loading=\"lazy\" decoding=\"async\" width=\"640\" height=\"480\" alt=\"\" class=\"wp-image-288\" data-id=\"288\" data-link=\"https:\/\/ntnui.no\/sjakk\/forside\/dcp01518\/\" src=\"https:\/\/ntnui.no\/sjakk\/wp-content\/uploads\/sites\/270\/2026\/02\/DCP01518.jpg\" \/><\/figure><figcaption class=\"coblocks-gallery--caption coblocks-gallery--primary-caption\"><\/figcaption><\/div><\/div><div class=\"swiper-slide\"><div class=\"coblocks-gallery--item\" role=\"button\"><figure class=\"coblocks-gallery--figure\"><img loading=\"lazy\" decoding=\"async\" width=\"640\" height=\"480\" alt=\"\" class=\"wp-image-321\" data-id=\"321\" data-link=\"https:\/\/ntnui.no\/sjakk\/forside\/dcp01483\/\" src=\"https:\/\/ntnui.no\/sjakk\/wp-content\/uploads\/sites\/270\/2026\/02\/DCP01483.jpg\" \/><\/figure><figcaption class=\"coblocks-gallery--caption coblocks-gallery--primary-caption\"><\/figcaption><\/div><\/div><div class=\"swiper-slide\"><div class=\"coblocks-gallery--item\" role=\"button\"><figure class=\"coblocks-gallery--figure\"><img loading=\"lazy\" decoding=\"async\" width=\"640\" height=\"480\" alt=\"\" class=\"wp-image-319\" data-id=\"319\" data-link=\"https:\/\/ntnui.no\/sjakk\/forside\/dcp01486\/\" src=\"https:\/\/ntnui.no\/sjakk\/wp-content\/uploads\/sites\/270\/2026\/02\/DCP01486.jpg\" \/><\/figure><figcaption class=\"coblocks-gallery--caption coblocks-gallery--primary-caption\"><\/figcaption><\/div><\/div><div class=\"swiper-slide\"><div class=\"coblocks-gallery--item\" role=\"button\"><figure class=\"coblocks-gallery--figure\"><img loading=\"lazy\" decoding=\"async\" width=\"4032\" height=\"3024\" alt=\"\" class=\"wp-image-231\" data-id=\"231\" data-link=\"https:\/\/ntnui.no\/sjakk\/forside\/741e9c98548fabcec2a8d0cbac370ac1\/\" src=\"https:\/\/ntnui.no\/sjakk\/wp-content\/uploads\/sites\/270\/2026\/02\/741e9c98548fabcec2a8d0cbac370ac1.jpeg\" \/><\/figure><figcaption class=\"coblocks-gallery--caption coblocks-gallery--primary-caption\"><\/figcaption><\/div><\/div><div class=\"swiper-slide\"><div class=\"coblocks-gallery--item\" role=\"button\"><figure class=\"coblocks-gallery--figure\"><img loading=\"lazy\" decoding=\"async\" width=\"640\" height=\"480\" alt=\"\" class=\"wp-image-228\" data-id=\"228\" data-link=\"https:\/\/ntnui.no\/sjakk\/forside\/dcp01415-kopi\/\" src=\"https:\/\/ntnui.no\/sjakk\/wp-content\/uploads\/sites\/270\/2026\/02\/DCP01415-kopi.jpg\" \/><\/figure><figcaption class=\"coblocks-gallery--caption coblocks-gallery--primary-caption\"><\/figcaption><\/div><\/div><div class=\"swiper-slide\"><div class=\"coblocks-gallery--item\" role=\"button\"><figure class=\"coblocks-gallery--figure\"><img loading=\"lazy\" decoding=\"async\" width=\"640\" height=\"480\" alt=\"\" class=\"wp-image-305\" data-id=\"305\" data-link=\"https:\/\/ntnui.no\/sjakk\/forside\/dcp01500\/\" src=\"https:\/\/ntnui.no\/sjakk\/wp-content\/uploads\/sites\/270\/2026\/02\/DCP01500.jpg\" \/><\/figure><figcaption class=\"coblocks-gallery--caption coblocks-gallery--primary-caption\"><\/figcaption><\/div><\/div><div class=\"swiper-slide\"><div class=\"coblocks-gallery--item\" role=\"button\"><figure class=\"coblocks-gallery--figure\"><img loading=\"lazy\" decoding=\"async\" width=\"640\" height=\"480\" alt=\"\" class=\"wp-image-229\" data-id=\"229\" data-link=\"https:\/\/ntnui.no\/sjakk\/forside\/dcp01384-kopi\/\" src=\"https:\/\/ntnui.no\/sjakk\/wp-content\/uploads\/sites\/270\/2026\/02\/DCP01384-kopi.jpg\" \/><\/figure><figcaption class=\"coblocks-gallery--caption coblocks-gallery--primary-caption\"><\/figcaption><\/div><\/div><div class=\"swiper-slide\"><div class=\"coblocks-gallery--item\" role=\"button\"><figure class=\"coblocks-gallery--figure\"><img loading=\"lazy\" decoding=\"async\" width=\"640\" height=\"480\" alt=\"\" class=\"wp-image-230\" data-id=\"230\" data-link=\"https:\/\/ntnui.no\/sjakk\/forside\/dcp01364-kopi\/\" src=\"https:\/\/ntnui.no\/sjakk\/wp-content\/uploads\/sites\/270\/2026\/02\/DCP01364-kopi.jpg\" \/><\/figure><figcaption class=\"coblocks-gallery--caption coblocks-gallery--primary-caption\"><\/figcaption><\/div><\/div><div class=\"swiper-slide\"><div class=\"coblocks-gallery--item\" role=\"button\"><figure class=\"coblocks-gallery--figure\"><img loading=\"lazy\" decoding=\"async\" width=\"640\" height=\"480\" alt=\"\" class=\"wp-image-233\" data-id=\"233\" data-link=\"https:\/\/ntnui.no\/sjakk\/forside\/dcp01354-kopi\/\" src=\"https:\/\/ntnui.no\/sjakk\/wp-content\/uploads\/sites\/270\/2026\/02\/DCP01354-kopi.jpg\" \/><\/figure><figcaption class=\"coblocks-gallery--caption coblocks-gallery--primary-caption\"><\/figcaption><\/div><\/div><div class=\"swiper-slide\"><div class=\"coblocks-gallery--item\" role=\"button\"><figure class=\"coblocks-gallery--figure\"><img loading=\"lazy\" decoding=\"async\" width=\"640\" height=\"480\" alt=\"\" class=\"wp-image-301\" data-id=\"301\" data-link=\"https:\/\/ntnui.no\/sjakk\/forside\/dcp01504\/\" src=\"https:\/\/ntnui.no\/sjakk\/wp-content\/uploads\/sites\/270\/2026\/02\/DCP01504.jpg\" \/><\/figure><figcaption class=\"coblocks-gallery--caption coblocks-gallery--primary-caption\"><\/figcaption><\/div><\/div><div class=\"swiper-slide\"><div class=\"coblocks-gallery--item\" role=\"button\"><figure class=\"coblocks-gallery--figure\"><img loading=\"lazy\" decoding=\"async\" width=\"640\" height=\"480\" alt=\"\" class=\"wp-image-322\" data-id=\"322\" data-link=\"https:\/\/ntnui.no\/sjakk\/forside\/dcp01482\/\" src=\"https:\/\/ntnui.no\/sjakk\/wp-content\/uploads\/sites\/270\/2026\/02\/DCP01482.jpg\" \/><\/figure><figcaption class=\"coblocks-gallery--caption coblocks-gallery--primary-caption\"><\/figcaption><\/div><\/div><div class=\"swiper-slide\"><div class=\"coblocks-gallery--item\" role=\"button\"><figure class=\"coblocks-gallery--figure\"><img loading=\"lazy\" decoding=\"async\" width=\"640\" height=\"480\" alt=\"\" class=\"wp-image-310\" data-id=\"310\" data-link=\"https:\/\/ntnui.no\/sjakk\/forside\/dcp01495\/\" src=\"https:\/\/ntnui.no\/sjakk\/wp-content\/uploads\/sites\/270\/2026\/02\/DCP01495.jpg\" \/><\/figure><figcaption class=\"coblocks-gallery--caption coblocks-gallery--primary-caption\"><\/figcaption><\/div><\/div><div class=\"swiper-slide\"><div class=\"coblocks-gallery--item\" role=\"button\"><figure class=\"coblocks-gallery--figure\"><img loading=\"lazy\" decoding=\"async\" width=\"640\" height=\"480\" alt=\"\" class=\"wp-image-317\" data-id=\"317\" data-link=\"https:\/\/ntnui.no\/sjakk\/forside\/dcp01488\/\" src=\"https:\/\/ntnui.no\/sjakk\/wp-content\/uploads\/sites\/270\/2026\/02\/DCP01488.jpg\" \/><\/figure><figcaption class=\"coblocks-gallery--caption coblocks-gallery--primary-caption\"><\/figcaption><\/div><\/div><\/div><\/div><div class=\"wp-block-coblocks-gallery-carousel-page-dot-pagination-container\"><div class=\"wp-block-coblocks-gallery-carousel-page-dot-wrapper\"><button aria-label=\"view image 1 of 14 in carousel\" class=\"wp-block-coblocks-gallery-carousel-page-dot-pagination\"><\/button><button aria-label=\"view image 2 of 14 in carousel\" class=\"wp-block-coblocks-gallery-carousel-page-dot-pagination\"><\/button><button aria-label=\"view image 3 of 14 in carousel\" class=\"wp-block-coblocks-gallery-carousel-page-dot-pagination\"><\/button><button aria-label=\"view image 4 of 14 in carousel\" class=\"wp-block-coblocks-gallery-carousel-page-dot-pagination\"><\/button><button aria-label=\"view image 5 of 14 in carousel\" class=\"wp-block-coblocks-gallery-carousel-page-dot-pagination\"><\/button><button aria-label=\"view image 6 of 14 in carousel\" class=\"wp-block-coblocks-gallery-carousel-page-dot-pagination\"><\/button><button aria-label=\"view image 7 of 14 in carousel\" class=\"wp-block-coblocks-gallery-carousel-page-dot-pagination\"><\/button><button aria-label=\"view image 8 of 14 in carousel\" class=\"wp-block-coblocks-gallery-carousel-page-dot-pagination\"><\/button><button aria-label=\"view image 9 of 14 in carousel\" class=\"wp-block-coblocks-gallery-carousel-page-dot-pagination\"><\/button><button aria-label=\"view image 10 of 14 in carousel\" class=\"wp-block-coblocks-gallery-carousel-page-dot-pagination\"><\/button><button aria-label=\"view image 11 of 14 in carousel\" class=\"wp-block-coblocks-gallery-carousel-page-dot-pagination\"><\/button><button aria-label=\"view image 12 of 14 in carousel\" class=\"wp-block-coblocks-gallery-carousel-page-dot-pagination\"><\/button><button aria-label=\"view image 13 of 14 in carousel\" class=\"wp-block-coblocks-gallery-carousel-page-dot-pagination\"><\/button><button aria-label=\"view image 14 of 14 in carousel\" class=\"wp-block-coblocks-gallery-carousel-page-dot-pagination\"><\/button><\/div><\/div><\/div><\/div>\n\n\n\n<p class=\"has-text-align-center coblocks-animate\" style=\"font-size:53px\" data-coblocks-animation=\"zoomIn\">Velkommen til NTNUI Sjakk!<\/p>\n\n\n\n<p class=\"has-text-align-center\">NTNUI Sjakk er et \u00e5pent m\u00f8tepunkt for alle sjakkinteresserte studenter i Trondheim. Det er ingen krav om verken medlemskap eller gode sjakkferdigheter, alle er velkomne til v\u00e5re sjakkvelder!<\/p>\n\n\n\n<div class=\"wp-block-group mt-0 is-content-justification-center is-nowrap is-layout-flex wp-container-core-group-is-layout-3 wp-block-group-is-layout-flex\">\n<div class=\"wp-block-group is-content-justification-center is-nowrap is-layout-flex wp-container-core-group-is-layout-1 wp-block-group-is-layout-flex\">\n<div style=\"text-align:center\" class=\"wp-block-atomic-blocks-ab-button ab-block-button\"><a href=\"https:\/\/www.facebook.com\/ntnuisjakk\" target=\"_blank\" rel=\"noopener noreferrer\" class=\"ab-button ab-button-shape-circular ab-button-size-large\" style=\"color:#ffffff;background-color:#3373dc\">Facebook<\/a><\/div>\n<\/div>\n\n\n\n<div class=\"wp-block-group\"><div class=\"wp-block-group__inner-container is-layout-constrained wp-block-group-is-layout-constrained\">\n<div style=\"text-align:center\" class=\"wp-block-atomic-blocks-ab-button ab-block-button\"><a href=\"https:\/\/www.instagram.com\/ntnuisjakk\/\" target=\"_blank\" rel=\"noopener noreferrer\" class=\"ab-button ab-button-shape-circular ab-button-size-large\" style=\"color:#ffffff;background-color:#f270ae\">Instagram<\/a><\/div>\n<\/div><\/div>\n<\/div>\n\n\n\n<h2 class=\"wp-block-heading has-text-align-center\">Aktiviteter<\/h2>\n\n\n\n<p><\/p>\n\n\n\n<p class=\"has-text-align-center has-background\" style=\"background-color:#ffb3b3\"><strong>Onsdagssjakk<\/strong><\/p>\n\n\n\n<p class=\"has-text-align-center has-background\" style=\"background-color:#fcc0c066\">Hver <strong>onsdag<\/strong> fra <strong>kl. 18:10 til 20:30<\/strong> m\u00f8tes vi i rom <strong>R10<\/strong> p\u00e5 Realfagsbygget, Gl\u00f8shaugen, og spiller hyggelig urangert lyn- og hurtigsjakk. <br><br>Vi avholder ogs\u00e5 <strong>nybegynnerkurs<\/strong> hver onsdag samtidig som onsdagssjakken. Dersom man ikke har spilt sjakk f\u00f8r er dette en fin introduksjon til spillet!<\/p>\n\n\n\n<p class=\"has-text-align-center has-background\" style=\"background-color:#fff79c\"><strong>FIDE-rangert sjakk<\/strong><\/p>\n\n\n\n<p class=\"has-text-align-center has-background\" style=\"background-color:#fffcd9\">NTNUI Sjakk er medlem i Norges Sjakkforbund (NSF). Som offisielt medlem av klubben kan du representere NTNUI i FIDE-rangerte turneringer, b\u00e5de nasjonalt og internasjonalt. NTNUI Sjakk har blant annet deltatt p\u00e5 spennende sjakkturer til utlandet, som studentmesterskap i Italia. Vi stiller dessuten alltid sterkt med flere lag i Midtnorgeserien hvert \u00e5r!<br><br>Det anbefales derfor sterkt \u00e5 melde seg inn i klubben!<br><br>Medlemskap krever betaling av NSFs \u00e5rlige kontingent:<br><br><strong>198 kr<\/strong> (under 26 \u00e5r)<br><strong>572 kr<\/strong> (26 \u00e5r og oppover)<br><br>Ved interesse, send en mail til sjakk-kasserer@ntnui.no<\/p>\n\n\n\n<div class=\"wp-block-coblocks-accordion\">\n<div class=\"wp-block-coblocks-accordion-item\"><details><summary class=\"wp-block-coblocks-accordion-item__title has-background\" style=\"background-color:#fff79c\">Klikk: Personalia for innmelding i NSF<\/summary><div class=\"wp-block-coblocks-accordion-item__content\" style=\"border-color:#fff79c\">\n<ul class=\"wp-block-list\">\n<li>Navn<\/li>\n\n\n\n<li>F\u00f8dselsdato<\/li>\n\n\n\n<li>Adresse<\/li>\n\n\n\n<li>Epost<\/li>\n\n\n\n<li>Telefon<\/li>\n\n\n\n<li>Kj\u00f8nn<\/li>\n<\/ul>\n<\/div><\/details><\/div>\n<\/div>\n\n\n\n<p class=\"coblocks-animate\" data-coblocks-animation=\"slideInBottom\"><\/p>\n\n\n\n<p class=\"has-text-align-center has-background\" style=\"background-color:#b5ebff\"><strong>Sosialt<\/strong><\/p>\n\n\n\n<p class=\"has-text-align-center has-background\" style=\"background-color:#c0ecfc78\">Vi er ogs\u00e5 en veldig sosial gjeng! Vi har flere st\u00f8rre sosiale arrangementer i l\u00f8pet av et semester, og det er ofte flere som tar initiativ til \u00e5 dra p\u00e5 bar og spille sjakk p\u00e5 kveldstid.<\/p>\n\n\n\n<h2 class=\"wp-block-heading has-text-align-center\">Samarbeid<\/h2>\n\n\n\n<div class=\"wp-block-coblocks-accordion\">\n<div class=\"wp-block-coblocks-accordion-item\"><details><summary class=\"wp-block-coblocks-accordion-item__title has-background\" style=\"background-color:#caf995\"><strong>Klikk: Utl\u00e5n av sjakkutstyr og arrangere turneringer<\/strong><\/summary><div class=\"wp-block-coblocks-accordion-item__content\" style=\"border-color:#caf995\">\n<p class=\"has-text-align-center\">Skal du arrangere et sjakk-event? NTNUI Sjakk l\u00e5ner ut komplette sett med sjakkbrett, brikker og sjakk-klokker.<\/p>\n\n\n\n<ul class=\"wp-block-list\">\n<li><strong>Pris:<\/strong> 300 kr per dag for 10 komplette sett<\/li>\n\n\n\n<li>Flere enn 10 sett kan l\u00e5nes ved behov, lageret v\u00e5rt er stort!<\/li>\n<\/ul>\n\n\n\n<ul class=\"wp-block-list\">\n<li><strong>Henting og levering:<\/strong> Realfagsbygget p\u00e5 Gl\u00f8shaugen (innen kl. 18:00)<\/li>\n\n\n\n<li>Dersom utstyret leveres etter kl. 18:00, regnes utl\u00e5net som \u00e9n ekstra dag.<\/li>\n<\/ul>\n\n\n\n<p><\/p>\n\n\n\n<p class=\"has-text-align-center\">\u00d8nsker dere mer enn bare utstyr? <strong>NTNUI Sjakk kan ogs\u00e5 bist\u00e5 med gjennomf\u00f8ring av sjakkturneringer<\/strong>, inkludert oppsett, klokker og turneringsledelse. Bare ta kontakt! \ud83d\ude0a<\/p>\n<\/div><\/details><\/div>\n<\/div>\n\n\n\n<p class=\"has-text-align-center has-background\" style=\"background-color:#d1a8fd\"><strong>Bli samarbeidspartner<\/strong><\/p>\n\n\n\n<p class=\"has-text-align-center has-background\" style=\"background-color:#d0a7fc52\">NTNUI Sjakk ser alltid etter flere samarbeidspartnere som \u00f8nsker \u00e5 bidra til et enda bedre sjakkmilj\u00f8 ved NTNU. \u00d8nsker du eller din bedrift \u00e5 st\u00f8tte oss? Ikke n\u00f8l med \u00e5 ta kontakt!<\/p>\n\n\n\n<p class=\"has-text-align-center coblocks-animate\" data-coblocks-animation=\"zoomIn\"><strong>Har du sp\u00f8rsm\u00e5l eller \u00f8nsker \u00e5 komme i kontakt med oss?<\/strong><\/p>\n\n\n\n\t\t<div class=\"coblocks-form\" id=\"8f9df6ea68d2237c637ff77530bd7e6be8cc3b88\">\n\n\t\t\t\n\t\t\t<form action=\"https:\/\/ntnui.no\/sjakk\/#8f9df6ea68d2237c637ff77530bd7e6be8cc3b88\" method=\"post\">\n\t\t\t\t\n<div class=\"wp-block-coblocks-form\"><label class=\"coblocks-label\">Navn<\/label>\n\t\t<input type=\"hidden\" name=\"field-navn[label]\" value=\"Navn\">\n\n\t\t\t\t<input type=\"hidden\" id=\"name-field-id\" name=\"name-field-id\" class=\"coblocks-name-field-id\" value=\"field-navn\" \/>\n\t\t\n\t\t<input type=\"text\" id=\"navn\" name=\"field-navn[value]\" class=\"coblocks-field coblocks-field--name\"  \/>\n\n\t\t\n\n<label class=\"coblocks-label\">Email <span class=\"required\">&#042;<\/span><\/label>\n\t\t<input type=\"hidden\" name=\"field-email[label]\" value=\"Email\">\n\n\t\t\n\t\t<input type=\"hidden\" id=\"email-field-id\" name=\"email-field-id\" class=\"coblocks-email-field-id\" value=\"field-email\" \/>\n\t\t<input type=\"email\" id=\"email\" aria-label=\"Email\" name=\"field-email[value]\" class=\"coblocks-field coblocks-field--email\" required \/>\n\n\t\t\n\n<label class=\"coblocks-label\">Melding <span class=\"required\">&#042;<\/span><\/label>\n\t\t<input type=\"hidden\" name=\"field-melding[label]\" value=\"Melding\">\n\n\t\t\n\t\t<textarea name=\"field-melding[value]\" aria-label=\"Melding\" id=\"melding\" class=\"coblocks-field coblocks-textarea\" rows=\"20\" required><\/textarea>\n\n\t\t\n\n\n\t\t<div class=\"coblocks-form__submit wp-block-button\">\n\t\t\t<button type=\"submit\" class=\"wp-block-button__link\" style=\"\">Ta kontakt<\/button>\n\t\t\t<input type=\"hidden\" id=\"form-submit\" name=\"form-submit\" value=\"026924ccd6\" \/><input type=\"hidden\" name=\"_wp_http_referer\" value=\"\/sjakk\/wp-json\/wp\/v2\/pages\/7\" \/>\t\t\t<input type=\"hidden\" name=\"action\" value=\"coblocks-form-submit\">\n\n\t\t\t\t\t<\/div>\n\n\t\t<\/div>\n\t\t\t\t<input class=\"coblocks-field verify\" aria-label=\"Enter your email address to verify\" type=\"email\" name=\"coblocks-verify-email\" autocomplete=\"off\" placeholder=\"E-post\" tabindex=\"-1\">\n\t\t\t\t<input type=\"hidden\" name=\"form-hash\" value=\"8f9df6ea68d2237c637ff77530bd7e6be8cc3b88\">\n\n\t\t\t\t\t\t\t<\/form>\n\n\t\t<\/div>\n\n\t\t\n\n\n<div style=\"text-align:center\" class=\"wp-block-atomic-blocks-ab-button ab-block-button\"><a href=\"https:\/\/www.chess.com\/daily\" target=\"_blank\" rel=\"noopener noreferrer\" class=\"ab-button ab-button-shape-rounded ab-button-size-medium\" style=\"color:#ffffff;background-color:#3373dc\">SJAKKPUZZLE<\/a><\/div>\n\n\n","protected":false},"excerpt":{"rendered":"<p>Velkommen til NTNUI Sjakk! NTNUI Sjakk er et \u00e5pent m\u00f8tepunkt for alle sjakkinteresserte studenter i Trondheim. Det er ingen krav om verken medlemskap eller gode sjakkferdigheter, alle er velkomne til v\u00e5re sjakkvelder! Aktiviteter Onsdagssjakk Hver onsdag fra kl. 18:10 til 20:30 m\u00f8tes vi i rom R10 p\u00e5 Realfagsbygget, Gl\u00f8shaugen, og spiller hyggelig urangert lyn- og [&hellip;]<\/p>\n","protected":false},"author":7,"featured_media":59,"parent":0,"menu_order":0,"comment_status":"closed","ping_status":"closed","template":"","meta":{"_coblocks_attr":"HelveticaOpen Sans,Tajawal,Noto Serif,Arvo,Anton,Barlow Condensed,Faustina,Cormorant Garamond,","_coblocks_dimensions":"{\"coblocks-hero-119113842939\":{\"padding\":{}}}","_coblocks_responsive_height":"","_coblocks_accordion_ie_support":"","_price":"","_stock":"","_tribe_ticket_header":"","_tribe_default_ticket_provider":"","_tribe_ticket_capacity":"0","_ticket_start_date":"","_ticket_end_date":"","_tribe_ticket_show_description":"","_tribe_ticket_show_not_going":false,"_tribe_ticket_use_global_stock":"","_tribe_ticket_global_stock_level":"","_global_stock_mode":"","_global_stock_cap":"","_tribe_rsvp_for_event":"","_tribe_ticket_going_count":"","_tribe_ticket_not_going_count":"","_tribe_tickets_list":[],"_tribe_ticket_has_attendee_info_fields":false,"_EventAllDay":false,"_EventTimezone":"","_EventStartDate":"","_EventEndDate":"","_EventStartDateUTC":"","_EventEndDateUTC":"","_EventShowMap":false,"_EventShowMapLink":false,"_EventURL":"","_EventCost":"","_EventCostDescription":"","_EventCurrencySymbol":"","_EventCurrencyPosition":"","_EventDateTimeSeparator":"","_EventTimeRangeSeparator":"","_EventOrganizerID":[],"_EventVenueID":0,"_OrganizerEmail":"","_OrganizerPhone":"","_OrganizerWebsite":"","_VenueAddress":"","_VenueCity":"","_VenueCountry":"","_VenueProvince":"","_VenueZip":"","_VenuePhone":"","_VenueURL":"","_VenueStateProvince":"","_VenueLat":"","_VenueLng":"","footnotes":""},"class_list":["post-7","page","type-page","status-publish","has-post-thumbnail","hentry"],"featured_image_src":"https:\/\/ntnui.no\/sjakk\/wp-content\/uploads\/sites\/270\/2019\/10\/Nils-DittrichDSC04889-1-600x400.jpg","featured_image_src_square":"https:\/\/ntnui.no\/sjakk\/wp-content\/uploads\/sites\/270\/2019\/10\/Nils-DittrichDSC04889-1-600x600.jpg","_links":{"self":[{"href":"https:\/\/ntnui.no\/sjakk\/wp-json\/wp\/v2\/pages\/7","targetHints":{"allow":["GET"]}}],"collection":[{"href":"https:\/\/ntnui.no\/sjakk\/wp-json\/wp\/v2\/pages"}],"about":[{"href":"https:\/\/ntnui.no\/sjakk\/wp-json\/wp\/v2\/types\/page"}],"author":[{"embeddable":true,"href":"https:\/\/ntnui.no\/sjakk\/wp-json\/wp\/v2\/users\/7"}],"replies":[{"embeddable":true,"href":"https:\/\/ntnui.no\/sjakk\/wp-json\/wp\/v2\/comments?post=7"}],"version-history":[{"count":127,"href":"https:\/\/ntnui.no\/sjakk\/wp-json\/wp\/v2\/pages\/7\/revisions"}],"predecessor-version":[{"id":356,"href":"https:\/\/ntnui.no\/sjakk\/wp-json\/wp\/v2\/pages\/7\/revisions\/356"}],"wp:featuredmedia":[{"embeddable":true,"href":"https:\/\/ntnui.no\/sjakk\/wp-json\/wp\/v2\/media\/59"}],"wp:attachment":[{"href":"https:\/\/ntnui.no\/sjakk\/wp-json\/wp\/v2\/media?parent=7"}],"curies":[{"name":"wp","href":"https:\/\/api.w.org\/{rel}","templated":true}]}}