{"id":11,"date":"2019-01-10T17:36:42","date_gmt":"2019-01-10T17:36:42","guid":{"rendered":"https:\/\/ntnui.no\/sjakk2\/?page_id=11"},"modified":"2026-02-20T13:56:37","modified_gmt":"2026-02-20T13:56:37","slug":"styret","status":"publish","type":"page","link":"https:\/\/ntnui.no\/sjakk\/styret\/","title":{"rendered":"Styret"},"content":{"rendered":"\n<p><strong>Leder: Jonathan Lundstedt : <\/strong>sjakk-leder@ntnui.no<\/p>\n\n\n\n<p>Nestleder: Jens Vatne: <a href=\"mailto:ole.lonne@ntnui.no\">sjakk-nestleder@ntnui.no<\/a><\/p>\n\n\n\n<p>Kasserer: Max Dahl- sjakk-kasserer@ntnui.no<\/p>\n\n\n\n<p>\u00d8konomiansvarlig: Livia Lindstad<\/p>\n\n\n\n<p>SoMe-ansvarlig: Sigrid \u00d8hl\u00e9n<\/p>\n\n\n\n<p>Promoansvarlig: Marte Wenneck Rasmussen<\/p>\n\n\n\n<p>Materialansvarlig: Sigurd B\u00f8hler<\/p>\n\n\n\n<p>Sosialansvarlig: Inga Hem<\/p>\n\n\n\n<p>Trener: CM Gaute Uglenes Bergan<\/p>\n\n\n\n<p>Styremedlem: Ole Marius Green<\/p>\n\n\n\n<p><\/p>\n\n\n\n<p><\/p>\n","protected":false},"excerpt":{"rendered":"<p>Leder: Jonathan Lundstedt : sjakk-leder@ntnui.no Nestleder: Jens Vatne: sjakk-nestleder@ntnui.no Kasserer: Max Dahl- sjakk-kasserer@ntnui.no \u00d8konomiansvarlig: Livia Lindstad SoMe-ansvarlig: Sigrid \u00d8hl\u00e9n Promoansvarlig: Marte Wenneck Rasmussen Materialansvarlig: Sigurd B\u00f8hler Sosialansvarlig: Inga Hem Trener: CM Gaute Uglenes Bergan Styremedlem: Ole Marius Green<\/p>\n","protected":false},"author":7,"featured_media":0,"parent":0,"menu_order":0,"comment_status":"closed","ping_status":"closed","template":"","meta":{"_coblocks_attr":"","_coblocks_dimensions":"","_coblocks_responsive_height":"","_coblocks_accordion_ie_support":"","_price":"","_stock":"","_tribe_ticket_header":"","_tribe_default_ticket_provider":"","_tribe_ticket_capacity":"0","_ticket_start_date":"","_ticket_end_date":"","_tribe_ticket_show_description":"","_tribe_ticket_show_not_going":false,"_tribe_ticket_use_global_stock":"","_tribe_ticket_global_stock_level":"","_global_stock_mode":"","_global_stock_cap":"","_tribe_rsvp_for_event":"","_tribe_ticket_going_count":"","_tribe_ticket_not_going_count":"","_tribe_tickets_list":[],"_tribe_ticket_has_attendee_info_fields":false,"_EventAllDay":false,"_EventTimezone":"","_EventStartDate":"","_EventEndDate":"","_EventStartDateUTC":"","_EventEndDateUTC":"","_EventShowMap":false,"_EventShowMapLink":false,"_EventURL":"","_EventCost":"","_EventCostDescription":"","_EventCurrencySymbol":"","_EventCurrencyPosition":"","_EventDateTimeSeparator":"","_EventTimeRangeSeparator":"","_EventOrganizerID":[],"_EventVenueID":0,"_OrganizerEmail":"","_OrganizerPhone":"","_OrganizerWebsite":"","_VenueAddress":"","_VenueCity":"","_VenueCountry":"","_VenueProvince":"","_VenueZip":"","_VenuePhone":"","_VenueURL":"","_VenueStateProvince":"","_VenueLat":"","_VenueLng":"","footnotes":""},"class_list":["post-11","page","type-page","status-publish","hentry"],"featured_image_src":null,"featured_image_src_square":null,"_links":{"self":[{"href":"https:\/\/ntnui.no\/sjakk\/wp-json\/wp\/v2\/pages\/11","targetHints":{"allow":["GET"]}}],"collection":[{"href":"https:\/\/ntnui.no\/sjakk\/wp-json\/wp\/v2\/pages"}],"about":[{"href":"https:\/\/ntnui.no\/sjakk\/wp-json\/wp\/v2\/types\/page"}],"author":[{"embeddable":true,"href":"https:\/\/ntnui.no\/sjakk\/wp-json\/wp\/v2\/users\/7"}],"replies":[{"embeddable":true,"href":"https:\/\/ntnui.no\/sjakk\/wp-json\/wp\/v2\/comments?post=11"}],"version-history":[{"count":15,"href":"https:\/\/ntnui.no\/sjakk\/wp-json\/wp\/v2\/pages\/11\/revisions"}],"predecessor-version":[{"id":277,"href":"https:\/\/ntnui.no\/sjakk\/wp-json\/wp\/v2\/pages\/11\/revisions\/277"}],"wp:attachment":[{"href":"https:\/\/ntnui.no\/sjakk\/wp-json\/wp\/v2\/media?parent=11"}],"curies":[{"name":"wp","href":"https:\/\/api.w.org\/{rel}","templated":true}]}}