{"id":190,"date":"2023-05-23T11:20:26","date_gmt":"2023-05-23T11:20:26","guid":{"rendered":"https:\/\/ntnui.no\/sandvolleyball\/?page_id=190"},"modified":"2023-09-28T08:08:22","modified_gmt":"2023-09-28T08:08:22","slug":"informasjon","status":"publish","type":"page","link":"https:\/\/ntnui.no\/sandvolleyball\/informasjon\/","title":{"rendered":"Informasjon"},"content":{"rendered":"\n<p>P\u00e5 alle lag i NTNUI Sandvolleyball er det flere roller som skal dekkes. Dette er dugnadsarbeid som gjennomf\u00f8res for at klubben skal g\u00e5 rundt.<\/p>\n\n\n\n<p>P\u00e5 denne siden \u00f8nsker vi \u00e5 samle alt du trenger for \u00e5 kunne gjennomf\u00f8re jobben din p\u00e5 en effektiv og enkel m\u00e5te. Se ut\u00f8verskrivet for all informasjon om din rolle.<\/p>\n","protected":false},"excerpt":{"rendered":"<p>P\u00e5 alle lag i NTNUI Sandvolleyball er det flere roller som skal dekkes. Dette er dugnadsarbeid som gjennomf\u00f8res for at klubben skal g\u00e5 rundt. P\u00e5 denne siden \u00f8nsker vi \u00e5 samle alt du trenger for \u00e5 kunne gjennomf\u00f8re jobben din p\u00e5 en effektiv og enkel m\u00e5te. Se ut\u00f8verskrivet for all informasjon om din rolle.<\/p>\n","protected":false},"author":496,"featured_media":0,"parent":0,"menu_order":0,"comment_status":"closed","ping_status":"closed","template":"","meta":{"_coblocks_attr":"","_coblocks_dimensions":"","_coblocks_responsive_height":"","_coblocks_accordion_ie_support":"","_price":"","_stock":"","_tribe_ticket_header":"","_tribe_default_ticket_provider":"","_tribe_ticket_capacity":"0","_ticket_start_date":"","_ticket_end_date":"","_tribe_ticket_show_description":"","_tribe_ticket_show_not_going":false,"_tribe_ticket_use_global_stock":"","_tribe_ticket_global_stock_level":"","_global_stock_mode":"","_global_stock_cap":"","_tribe_rsvp_for_event":"","_tribe_ticket_going_count":"","_tribe_ticket_not_going_count":"","_tribe_tickets_list":[],"_tribe_ticket_has_attendee_info_fields":false,"footnotes":""},"class_list":["post-190","page","type-page","status-publish","hentry"],"featured_image_src":null,"featured_image_src_square":null,"jetpack_sharing_enabled":true,"_links":{"self":[{"href":"https:\/\/ntnui.no\/sandvolleyball\/wp-json\/wp\/v2\/pages\/190","targetHints":{"allow":["GET"]}}],"collection":[{"href":"https:\/\/ntnui.no\/sandvolleyball\/wp-json\/wp\/v2\/pages"}],"about":[{"href":"https:\/\/ntnui.no\/sandvolleyball\/wp-json\/wp\/v2\/types\/page"}],"author":[{"embeddable":true,"href":"https:\/\/ntnui.no\/sandvolleyball\/wp-json\/wp\/v2\/users\/496"}],"replies":[{"embeddable":true,"href":"https:\/\/ntnui.no\/sandvolleyball\/wp-json\/wp\/v2\/comments?post=190"}],"version-history":[{"count":2,"href":"https:\/\/ntnui.no\/sandvolleyball\/wp-json\/wp\/v2\/pages\/190\/revisions"}],"predecessor-version":[{"id":225,"href":"https:\/\/ntnui.no\/sandvolleyball\/wp-json\/wp\/v2\/pages\/190\/revisions\/225"}],"wp:attachment":[{"href":"https:\/\/ntnui.no\/sandvolleyball\/wp-json\/wp\/v2\/media?parent=190"}],"curies":[{"name":"wp","href":"https:\/\/api.w.org\/{rel}","templated":true}]}}