{"id":19,"date":"2019-01-10T17:38:32","date_gmt":"2019-01-10T17:38:32","guid":{"rendered":"https:\/\/ntnui.no\/sandvolleyball2\/?page_id=19"},"modified":"2026-03-05T19:00:30","modified_gmt":"2026-03-05T19:00:30","slug":"treninger","status":"publish","type":"page","link":"https:\/\/ntnui.no\/sandvolleyball\/treninger\/","title":{"rendered":"Treninger"},"content":{"rendered":"\n<p>Treningstider v\u00e5ren 2026, Trondheim Beach senter (nye tider etter p\u00e5sken n\u00e5r vi flytter ut til D\u00f8dens dal)<\/p>\n\n\n\n<figure class=\"wp-block-image size-full\"><img loading=\"lazy\" decoding=\"async\" width=\"1512\" height=\"530\" src=\"https:\/\/ntnui.no\/sandvolleyball\/wp-content\/uploads\/sites\/299\/2026\/03\/Bilde-05.03.2026-klokken-19.06-1.png\" alt=\"\" class=\"wp-image-541\" \/><\/figure>\n\n\n\n<p>I tillegg til treninger arrangeres det turneringer p\u00e5 onsdager og i helger. Se mer informasjon om dette <strong><a href=\"https:\/\/ntnui.no\/sandvolleyball\/nyheter\/\" data-type=\"page\" data-id=\"15\">her<\/a><\/strong>.<\/p>\n","protected":false},"excerpt":{"rendered":"<p>Treningstider v\u00e5ren 2026, Trondheim Beach senter (nye tider etter p\u00e5sken n\u00e5r vi flytter ut til D\u00f8dens dal) I tillegg til treninger arrangeres det turneringer p\u00e5 onsdager og i helger. Se mer informasjon om dette her.<\/p>\n","protected":false},"author":7,"featured_media":0,"parent":0,"menu_order":0,"comment_status":"closed","ping_status":"closed","template":"","meta":{"_coblocks_attr":"","_coblocks_dimensions":"","_coblocks_responsive_height":"","_coblocks_accordion_ie_support":"","_price":"","_stock":"","_tribe_ticket_header":"","_tribe_default_ticket_provider":"","_tribe_ticket_capacity":"0","_ticket_start_date":"","_ticket_end_date":"","_tribe_ticket_show_description":"","_tribe_ticket_show_not_going":false,"_tribe_ticket_use_global_stock":"","_tribe_ticket_global_stock_level":"","_global_stock_mode":"","_global_stock_cap":"","_tribe_rsvp_for_event":"","_tribe_ticket_going_count":"","_tribe_ticket_not_going_count":"","_tribe_tickets_list":[],"_tribe_ticket_has_attendee_info_fields":false,"footnotes":""},"class_list":["post-19","page","type-page","status-publish","hentry"],"featured_image_src":null,"featured_image_src_square":null,"jetpack_sharing_enabled":true,"_links":{"self":[{"href":"https:\/\/ntnui.no\/sandvolleyball\/wp-json\/wp\/v2\/pages\/19","targetHints":{"allow":["GET"]}}],"collection":[{"href":"https:\/\/ntnui.no\/sandvolleyball\/wp-json\/wp\/v2\/pages"}],"about":[{"href":"https:\/\/ntnui.no\/sandvolleyball\/wp-json\/wp\/v2\/types\/page"}],"author":[{"embeddable":true,"href":"https:\/\/ntnui.no\/sandvolleyball\/wp-json\/wp\/v2\/users\/7"}],"replies":[{"embeddable":true,"href":"https:\/\/ntnui.no\/sandvolleyball\/wp-json\/wp\/v2\/comments?post=19"}],"version-history":[{"count":7,"href":"https:\/\/ntnui.no\/sandvolleyball\/wp-json\/wp\/v2\/pages\/19\/revisions"}],"predecessor-version":[{"id":550,"href":"https:\/\/ntnui.no\/sandvolleyball\/wp-json\/wp\/v2\/pages\/19\/revisions\/550"}],"wp:attachment":[{"href":"https:\/\/ntnui.no\/sandvolleyball\/wp-json\/wp\/v2\/media?parent=19"}],"curies":[{"name":"wp","href":"https:\/\/api.w.org\/{rel}","templated":true}]}}