{"id":184,"date":"2023-05-16T19:27:23","date_gmt":"2023-05-16T19:27:23","guid":{"rendered":"https:\/\/ntnui.no\/sandvolleyball\/?page_id=184"},"modified":"2026-03-25T20:39:48","modified_gmt":"2026-03-25T20:39:48","slug":"alt-du-trenger-a-vite","status":"publish","type":"page","link":"https:\/\/ntnui.no\/sandvolleyball\/alt-du-trenger-a-vite\/","title":{"rendered":"Alt du trenger \u00e5 vite"},"content":{"rendered":"\n<p>L\u00f8pende informasjon publiseres p\u00e5 Instagram og Facebooksiden v\u00e5r.<\/p>\n\n\n\n<p>I ut\u00f8verskrivene finner du all informasjon du trenger som medlem i NTNUI Sandvolleyball. Finner du ikke svar p\u00e5 det du lurer p\u00e5 kan du sende en mail til: <a rel=\"noreferrer noopener\" target=\"_blank\" href=\"mailto:sandvolleyball-leder@ntnui.no\">sandvolleyball-leder@ntnui.no<\/a> <\/p>\n\n\n\n<div data-wp-interactive=\"core\/file\" class=\"wp-block-file\"><object data-wp-bind--hidden=\"!state.hasPdfPreview\" hidden class=\"wp-block-file__embed\" data=\"https:\/\/ntnui.no\/sandvolleyball\/wp-content\/uploads\/sites\/299\/2026\/03\/Utoverskriv-2026-revidert-25-mars.pdf\" type=\"application\/pdf\" style=\"width:100%;height:600px\" aria-label=\"Embed of Utoverskriv-2026, revidert 25 mars.\"><\/object><a id=\"wp-block-file--media-7dc859cc-5dc1-456d-8ada-60537bbf37ff\" href=\"https:\/\/ntnui.no\/sandvolleyball\/wp-content\/uploads\/sites\/299\/2026\/03\/Utoverskriv-2026-revidert-25-mars.pdf\">Utoverskriv-2026, revidert 25 mars<\/a><a href=\"https:\/\/ntnui.no\/sandvolleyball\/wp-content\/uploads\/sites\/299\/2026\/03\/Utoverskriv-2026-revidert-25-mars.pdf\" class=\"wp-block-file__button wp-element-button\" download aria-describedby=\"wp-block-file--media-7dc859cc-5dc1-456d-8ada-60537bbf37ff\">Last ned<\/a><\/div>\n\n\n<div class=\"wp-block-image is-style-top-wave\">\n<figure class=\"aligncenter size-large\"><img loading=\"lazy\" decoding=\"async\" width=\"1086\" height=\"724\" src=\"https:\/\/ntnui.no\/sandvolleyball\/wp-content\/uploads\/sites\/299\/2023\/09\/692A99ED-7960-4D72-8621-4C9AC8094509_1_105_c.jpeg\" alt=\"\" class=\"wp-image-207\" \/><figcaption class=\"wp-element-caption\">Foto: NTNUI Blits<\/figcaption><\/figure><\/div>\n\n\n<p><\/p>\n\n\n\n<h2 class=\"wp-block-heading\">Sakspapirer<\/h2>\n\n\n\n<p><\/p>\n\n\n\n<p>Sakspapirene inkluderer referater fra de m\u00e5nedlige styrem\u00f8tene og inneholder en oversikt over aktuelle saker som tas opp til diskusjon.  <\/p>\n\n\n\n<div class=\"wp-block-coblocks-accordion\">\n<div class=\"wp-block-coblocks-accordion-item\"><details><summary class=\"wp-block-coblocks-accordion-item__title\">Sakspapirer <\/summary><div class=\"wp-block-coblocks-accordion-item__content\">\n<div class=\"wp-block-file\"><a href=\"https:\/\/ntnui.no\/sandvolleyball\/wp-content\/uploads\/sites\/299\/2024\/03\/Sakspapirer-Mars-2024-3.pdf\">Sakspapirer-Mars-2024-3<\/a><a href=\"https:\/\/ntnui.no\/sandvolleyball\/wp-content\/uploads\/sites\/299\/2024\/03\/Sakspapirer-Mars-2024-3.pdf\" class=\"wp-block-file__button wp-element-button\" download>Last ned<\/a><\/div>\n\n\n\n<div class=\"wp-block-file\"><a href=\"https:\/\/ntnui.no\/sandvolleyball\/wp-content\/uploads\/sites\/299\/2024\/08\/Styremote-2-08.04.2024-Revidert.pdf\">Styremote-2-08.04.2024-Revidert<\/a><a href=\"https:\/\/ntnui.no\/sandvolleyball\/wp-content\/uploads\/sites\/299\/2024\/08\/Styremote-2-08.04.2024-Revidert.pdf\" class=\"wp-block-file__button wp-element-button\" download>Last ned<\/a><\/div>\n\n\n\n<div class=\"wp-block-file\"><a href=\"https:\/\/ntnui.no\/sandvolleyball\/wp-content\/uploads\/sites\/299\/2024\/08\/Styremote-3-01.05.2024.pdf\">Styremote-3-01.05.2024<\/a><a href=\"https:\/\/ntnui.no\/sandvolleyball\/wp-content\/uploads\/sites\/299\/2024\/08\/Styremote-3-01.05.2024.pdf\" class=\"wp-block-file__button wp-element-button\" download>Last ned<\/a><\/div>\n\n\n\n<div class=\"wp-block-file\"><a href=\"https:\/\/ntnui.no\/sandvolleyball\/wp-content\/uploads\/sites\/299\/2024\/08\/Styremote-4-18.06.2024.pdf\">Styremote-4-18.06.2024<\/a><a href=\"https:\/\/ntnui.no\/sandvolleyball\/wp-content\/uploads\/sites\/299\/2024\/08\/Styremote-4-18.06.2024.pdf\" class=\"wp-block-file__button wp-element-button\" download>Last ned<\/a><\/div>\n<\/div><\/details><\/div>\n<\/div>\n\n\n\n<p>NTNUI Sandvolleyball drikkelek: pr\u00f8v den <a href=\"https:\/\/ntnui.no\/sandvolleyball\/drinking-game\/\" data-type=\"page\" data-id=\"408\"><strong>her<\/strong><\/a>!<\/p>\n\n\n\n<p><\/p>\n","protected":false},"excerpt":{"rendered":"<p>L\u00f8pende informasjon publiseres p\u00e5 Instagram og Facebooksiden v\u00e5r. I ut\u00f8verskrivene finner du all informasjon du trenger som medlem i NTNUI Sandvolleyball. Finner du ikke svar p\u00e5 det du lurer p\u00e5 kan du sende en mail til: sandvolleyball-leder@ntnui.no Sakspapirer Sakspapirene inkluderer referater fra de m\u00e5nedlige styrem\u00f8tene og inneholder en oversikt over aktuelle saker som tas opp [&hellip;]<\/p>\n","protected":false},"author":496,"featured_media":0,"parent":0,"menu_order":0,"comment_status":"closed","ping_status":"closed","template":"","meta":{"_coblocks_attr":"","_coblocks_dimensions":"","_coblocks_responsive_height":"","_coblocks_accordion_ie_support":"","_price":"","_stock":"","_tribe_ticket_header":"","_tribe_default_ticket_provider":"","_tribe_ticket_capacity":"0","_ticket_start_date":"","_ticket_end_date":"","_tribe_ticket_show_description":"","_tribe_ticket_show_not_going":false,"_tribe_ticket_use_global_stock":"","_tribe_ticket_global_stock_level":"","_global_stock_mode":"","_global_stock_cap":"","_tribe_rsvp_for_event":"","_tribe_ticket_going_count":"","_tribe_ticket_not_going_count":"","_tribe_tickets_list":[],"_tribe_ticket_has_attendee_info_fields":false,"footnotes":""},"class_list":["post-184","page","type-page","status-publish","hentry"],"featured_image_src":null,"featured_image_src_square":null,"jetpack_sharing_enabled":true,"_links":{"self":[{"href":"https:\/\/ntnui.no\/sandvolleyball\/wp-json\/wp\/v2\/pages\/184","targetHints":{"allow":["GET"]}}],"collection":[{"href":"https:\/\/ntnui.no\/sandvolleyball\/wp-json\/wp\/v2\/pages"}],"about":[{"href":"https:\/\/ntnui.no\/sandvolleyball\/wp-json\/wp\/v2\/types\/page"}],"author":[{"embeddable":true,"href":"https:\/\/ntnui.no\/sandvolleyball\/wp-json\/wp\/v2\/users\/496"}],"replies":[{"embeddable":true,"href":"https:\/\/ntnui.no\/sandvolleyball\/wp-json\/wp\/v2\/comments?post=184"}],"version-history":[{"count":23,"href":"https:\/\/ntnui.no\/sandvolleyball\/wp-json\/wp\/v2\/pages\/184\/revisions"}],"predecessor-version":[{"id":571,"href":"https:\/\/ntnui.no\/sandvolleyball\/wp-json\/wp\/v2\/pages\/184\/revisions\/571"}],"wp:attachment":[{"href":"https:\/\/ntnui.no\/sandvolleyball\/wp-json\/wp\/v2\/media?parent=184"}],"curies":[{"name":"wp","href":"https:\/\/api.w.org\/{rel}","templated":true}]}}