{"id":11,"date":"2019-01-10T17:36:42","date_gmt":"2019-01-10T17:36:42","guid":{"rendered":"https:\/\/ntnui.no\/sandvolleyball2\/?page_id=11"},"modified":"2024-08-28T19:19:01","modified_gmt":"2024-08-28T19:19:01","slug":"styret","status":"publish","type":"page","link":"https:\/\/ntnui.no\/sandvolleyball\/styret\/","title":{"rendered":"Styret"},"content":{"rendered":"\n<h2 class=\"has-text-align-center has-custom-weight wp-block-heading\" style=\"font-weight:normal\">Styret 24\/25<\/h2>\n\n\n\n<p><\/p>\n\n\n\n<div class=\"wp-block-image\"><figure class=\"alignleft size-large is-resized\"><img loading=\"lazy\" decoding=\"async\" src=\"https:\/\/ntnui.no\/sandvolleyball\/wp-content\/uploads\/sites\/299\/2024\/06\/styrebilde-2425.jpg\" alt=\"\" class=\"wp-image-307\" width=\"711\" height=\"711\" \/><figcaption>Fra venstre: Synne Skogstad, Simen Enok Kr\u00f8genes, Oda Margrethe Skaug, Eirik Huseb\u00f8, Vilde Hob\u00f8l, Jakob <br>Stave Lorentzen<\/figcaption><\/figure><\/div>\n\n\n\n<p><\/p>\n\n\n\n<p><\/p>\n\n\n\n<p><\/p>\n\n\n\n<div class=\"wp-block-group\"><div class=\"wp-block-group__inner-container is-layout-flow wp-block-group-is-layout-flow\">\n<div style=\"background-color:#f2f2f2;color:#32373c\" class=\"wp-block-atomic-blocks-ab-profile-box center square ab-has-avatar ab-font-size-16 ab-block-profile ab-profile-columns\"><div class=\"ab-profile-column ab-profile-avatar-wrap\"><div class=\"ab-profile-image-wrap\"><figure class=\"ab-profile-image-square\"><img loading=\"lazy\" decoding=\"async\" width=\"828\" height=\"1035\" class=\"ab-profile-avatar wp-image-309\" src=\"https:\/\/ntnui.no\/sandvolleyball\/wp-content\/uploads\/sites\/299\/2024\/06\/Leder-24.jpg\" alt=\"\" \/><\/figure><\/div><\/div><div class=\"ab-profile-column ab-profile-content-wrap\"><h2 class=\"ab-profile-name\" style=\"color:#32373c\">Simen Enok Kr\u00f8genes &#8211; Leder<\/h2><p class=\"ab-profile-title\" style=\"color:#32373c\">Leder styrer den daglige driften av klubben. I tillegg er leder er bindeledd mellom NTNUI sandvolleyball og NTNUI volleyball.<\/p><div class=\"ab-profile-text\"><p>Kontakt: simen.krogenes@ntnui.no<\/p><\/div><ul class=\"ab-social-links\"><\/ul><\/div><\/div>\n<\/div><\/div>\n\n\n\n<div style=\"background-color:#f2f2f2;color:#32373c\" class=\"wp-block-atomic-blocks-ab-profile-box center square ab-has-avatar ab-font-size-18 ab-block-profile ab-profile-columns\"><div class=\"ab-profile-column ab-profile-avatar-wrap\"><div class=\"ab-profile-image-wrap\"><figure class=\"ab-profile-image-square\"><img loading=\"lazy\" decoding=\"async\" width=\"828\" height=\"1104\" class=\"ab-profile-avatar wp-image-310\" src=\"https:\/\/ntnui.no\/sandvolleyball\/wp-content\/uploads\/sites\/299\/2024\/06\/Nestleder-24.jpg\" alt=\"\" \/><\/figure><\/div><\/div><div class=\"ab-profile-column ab-profile-content-wrap\"><h2 class=\"ab-profile-name\" style=\"color:#32373c\">Eirik Huseb\u00f8 &#8211; Nestleder<\/h2><p class=\"ab-profile-title\" style=\"color:#32373c\">Nestleder har blant annet ansvar for lisenser og overganger.<\/p><div class=\"ab-profile-text\"><p>Kontakt: eirik.husebo@ntnui.no<\/p><\/div><ul class=\"ab-social-links\"><\/ul><\/div><\/div>\n\n\n\n<div style=\"background-color:#f2f2f2;color:#32373c\" class=\"wp-block-atomic-blocks-ab-profile-box center square ab-has-avatar ab-font-size-18 ab-block-profile ab-profile-columns\"><div class=\"ab-profile-column ab-profile-avatar-wrap\"><div class=\"ab-profile-image-wrap\"><figure class=\"ab-profile-image-square\"><img loading=\"lazy\" decoding=\"async\" width=\"828\" height=\"1035\" class=\"ab-profile-avatar wp-image-311\" src=\"https:\/\/ntnui.no\/sandvolleyball\/wp-content\/uploads\/sites\/299\/2024\/06\/Kasserer-24.jpg\" alt=\"\" \/><\/figure><\/div><\/div><div class=\"ab-profile-column ab-profile-content-wrap\"><h2 class=\"ab-profile-name\" style=\"color:#32373c\">Vilde Hob\u00f8l &#8211; Kasserer<\/h2><p class=\"ab-profile-title\" style=\"color:#32373c\">Kasserer er ansvarlig for klubbens \u00f8konomi. <\/p><div class=\"ab-profile-text\"><p>Kontakt: vilde.hobol@ntnui.no<\/p><\/div><ul class=\"ab-social-links\"><\/ul><\/div><\/div>\n\n\n\n<div style=\"background-color:#f2f2f2;color:#32373c\" class=\"wp-block-atomic-blocks-ab-profile-box center square ab-has-avatar ab-font-size-17 ab-block-profile ab-profile-columns\"><div class=\"ab-profile-column ab-profile-avatar-wrap\"><div class=\"ab-profile-image-wrap\"><figure class=\"ab-profile-image-square\"><img loading=\"lazy\" decoding=\"async\" width=\"828\" height=\"1035\" class=\"ab-profile-avatar wp-image-312\" src=\"https:\/\/ntnui.no\/sandvolleyball\/wp-content\/uploads\/sites\/299\/2024\/06\/Sportslig-24.jpg\" alt=\"\" \/><\/figure><\/div><\/div><div class=\"ab-profile-column ab-profile-content-wrap\"><h2 class=\"ab-profile-name\" style=\"color:#32373c\">Jakob Lorentzen &#8211; Sportslig ansvarlig<\/h2><p class=\"ab-profile-title\" style=\"color:#32373c\">Sportslig ansvarlig er blant annet ansvarlig for \u00e5 finne trenere og fordele treningstider til klubbens lag.<\/p><div class=\"ab-profile-text\"><p>Kontakt: jakob.lorentzen@ntnui.no<\/p><\/div><ul class=\"ab-social-links\"><\/ul><\/div><\/div>\n\n\n\n<div style=\"background-color:#f2f2f2;color:#32373c\" class=\"wp-block-atomic-blocks-ab-profile-box center square ab-has-avatar ab-font-size-17 ab-block-profile ab-profile-columns\"><div class=\"ab-profile-column ab-profile-avatar-wrap\"><div class=\"ab-profile-image-wrap\"><figure class=\"ab-profile-image-square\"><img loading=\"lazy\" decoding=\"async\" width=\"828\" height=\"1104\" class=\"ab-profile-avatar wp-image-313\" src=\"https:\/\/ntnui.no\/sandvolleyball\/wp-content\/uploads\/sites\/299\/2024\/06\/sosiale-medier-24.jpg\" alt=\"\" \/><\/figure><\/div><\/div><div class=\"ab-profile-column ab-profile-content-wrap\"><h2 class=\"ab-profile-name\" style=\"color:#32373c\">Synne Skogstad &#8211; PR-ansvarlig<\/h2><p class=\"ab-profile-title\" style=\"color:#32373c\">Styrer klubbens sosiale medier, formidler informasjon ut til klubbens medlemmer og planlegger sosiale aktiviteter.<\/p><div class=\"ab-profile-text\"><p>Kontakt: synne.skogstad@ntnui.no<\/p><\/div><ul class=\"ab-social-links\"><\/ul><\/div><\/div>\n\n\n\n<div style=\"background-color:#f2f2f2;color:#32373c\" class=\"wp-block-atomic-blocks-ab-profile-box center square ab-has-avatar ab-font-size-18 ab-block-profile ab-profile-columns\"><div class=\"ab-profile-column ab-profile-avatar-wrap\"><div class=\"ab-profile-image-wrap\"><figure class=\"ab-profile-image-square\"><img loading=\"lazy\" decoding=\"async\" width=\"828\" height=\"1791\" class=\"ab-profile-avatar wp-image-314\" src=\"https:\/\/ntnui.no\/sandvolleyball\/wp-content\/uploads\/sites\/299\/2024\/06\/sekretaer-24.jpg\" alt=\"\" \/><\/figure><\/div><\/div><div class=\"ab-profile-column ab-profile-content-wrap\"><h2 class=\"ab-profile-name\" style=\"color:#32373c\">Oda Margrethe Skaug &#8211; Sekret\u00e6r<\/h2><p class=\"ab-profile-title\" style=\"color:#32373c\">Sekret\u00e6r hjelper til der det trengs, og har som ansvar \u00e5 referere og renskrive m\u00f8tereferater.<\/p><div class=\"ab-profile-text\"><p>Kontakt: oda.skaug@ntnui.no<\/p><\/div><ul class=\"ab-social-links\"><\/ul><\/div><\/div>\n\n\n\n<p><\/p>\n\n\n\n<h2 class=\"has-text-align-center has-custom-weight wp-block-heading\" style=\"font-weight:normal\">Styret 23\/24<\/h2>\n\n\n\n<p><\/p>\n\n\n\n<figure class=\"wp-block-image size-large\"><img loading=\"lazy\" decoding=\"async\" width=\"1242\" height=\"1224\" src=\"https:\/\/ntnui.no\/sandvolleyball\/wp-content\/uploads\/sites\/299\/2023\/09\/IMG_6097.jpg\" alt=\"\" class=\"wp-image-202\" \/><figcaption>Fra v.: Joakim Lunde, Martine Smith, Oda Skaug, Eirik Huseb\u00f8, Vilde Hob\u00f8l<\/figcaption><\/figure>\n\n\n\n<p>Leder: Oda Margrethe Skaug. Kontakt informasjon: <a rel=\"noreferrer noopener\" target=\"_blank\" href=\"mailto:sandvolleyball-leder@ntnui.no\">sandvolleyball-leder@ntnui.no<\/a><\/p>\n\n\n\n<p>Nestleder: Eirik Huseb\u00f8<\/p>\n\n\n\n<p>Kasserer: Joakim Lunde<\/p>\n\n\n\n<p>PR-ansvarlig (Sosial &amp; SoMe): Martine Smith<\/p>\n\n\n\n<p>Sportslig ansvarlig: Vilde Hob\u00f8l<\/p>\n\n\n\n<p><\/p>\n","protected":false},"excerpt":{"rendered":"<p>Styret 24\/25 Styret 23\/24 Leder: Oda Margrethe Skaug. Kontakt informasjon: sandvolleyball-leder@ntnui.no Nestleder: Eirik Huseb\u00f8 Kasserer: Joakim Lunde PR-ansvarlig (Sosial &amp; SoMe): Martine Smith Sportslig ansvarlig: Vilde Hob\u00f8l<\/p>\n","protected":false},"author":7,"featured_media":0,"parent":0,"menu_order":0,"comment_status":"closed","ping_status":"closed","template":"","meta":{"_coblocks_attr":"","_coblocks_dimensions":"","_coblocks_responsive_height":"","_coblocks_accordion_ie_support":"","_price":"","_stock":"","_tribe_ticket_header":"","_tribe_default_ticket_provider":"","_tribe_ticket_capacity":"0","_ticket_start_date":"","_ticket_end_date":"","_tribe_ticket_show_description":"","_tribe_ticket_show_not_going":false,"_tribe_ticket_use_global_stock":"","_tribe_ticket_global_stock_level":"","_global_stock_mode":"","_global_stock_cap":"","_tribe_rsvp_for_event":"","_tribe_ticket_going_count":"","_tribe_ticket_not_going_count":"","_tribe_tickets_list":[],"_tribe_ticket_has_attendee_info_fields":false,"footnotes":""},"class_list":["post-11","page","type-page","status-publish","hentry"],"featured_image_src":null,"featured_image_src_square":null,"jetpack_sharing_enabled":true,"_links":{"self":[{"href":"https:\/\/ntnui.no\/sandvolleyball\/wp-json\/wp\/v2\/pages\/11","targetHints":{"allow":["GET"]}}],"collection":[{"href":"https:\/\/ntnui.no\/sandvolleyball\/wp-json\/wp\/v2\/pages"}],"about":[{"href":"https:\/\/ntnui.no\/sandvolleyball\/wp-json\/wp\/v2\/types\/page"}],"author":[{"embeddable":true,"href":"https:\/\/ntnui.no\/sandvolleyball\/wp-json\/wp\/v2\/users\/7"}],"replies":[{"embeddable":true,"href":"https:\/\/ntnui.no\/sandvolleyball\/wp-json\/wp\/v2\/comments?post=11"}],"version-history":[{"count":7,"href":"https:\/\/ntnui.no\/sandvolleyball\/wp-json\/wp\/v2\/pages\/11\/revisions"}],"predecessor-version":[{"id":343,"href":"https:\/\/ntnui.no\/sandvolleyball\/wp-json\/wp\/v2\/pages\/11\/revisions\/343"}],"wp:attachment":[{"href":"https:\/\/ntnui.no\/sandvolleyball\/wp-json\/wp\/v2\/media?parent=11"}],"curies":[{"name":"wp","href":"https:\/\/api.w.org\/{rel}","templated":true}]}}