{"id":15,"date":"2019-01-10T17:37:49","date_gmt":"2019-01-10T17:37:49","guid":{"rendered":"https:\/\/ntnui.no\/rumpeldunk2\/?page_id=15"},"modified":"2024-08-18T15:11:03","modified_gmt":"2024-08-18T15:11:03","slug":"nyheter","status":"publish","type":"page","link":"https:\/\/ntnui.no\/rumpeldunk\/nyheter\/","title":{"rendered":"Hvordan spille"},"content":{"rendered":"\n<div class=\"wp-block-image\"><figure class=\"aligncenter size-large\"><img data-recalc-dims=\"1\" loading=\"lazy\" decoding=\"async\" width=\"700\" height=\"579\" src=\"https:\/\/i0.wp.com\/ntnui.no\/rumpeldunk\/wp-content\/uploads\/sites\/264\/2021\/08\/Hvordan-spille.jpg?resize=700%2C579&#038;ssl=1\" alt=\"\" class=\"wp-image-296\" \/><\/figure><\/div>\n\n\n\n<p>Rumpeldunk er en kjapp, taktisk fullkontaktsport. Hvert lag har 7 spillere p\u00e5 banen, hvorav maks 4 spillere kan v\u00e6re av samme kj\u00f8nn. Spillerne har ulike posisjoner: <strong>Jagere og keepere<\/strong> scorer m\u00e5l, <strong>knakkere<\/strong> pr\u00f8ver \u00e5 sl\u00e5 ut motstanderne med klabber, og <strong>speidere<\/strong> pr\u00f8ver \u00e5 fange snoppen. De ulike posisjonene blir markert av ulikt fargede hodeb\u00e5nd. Alle spillerne m\u00e5 ha en lime mellom beina (dette er typisk et PVC-r\u00f8r).<\/p>\n\n\n\n<div class=\"wp-block-image\"><figure class=\"aligncenter is-resized\"><img data-recalc-dims=\"1\" loading=\"lazy\" decoding=\"async\" src=\"https:\/\/i0.wp.com\/ntnui.no\/rumpeldunk\/wp-content\/uploads\/sites\/264\/2019\/07\/60143889_319710002040931_5690038726042845184_n-2.jpg?resize=461%2C692&#038;ssl=1\" alt=\"\" class=\"wp-image-113\" width=\"461\" height=\"692\" srcset=\"https:\/\/i0.wp.com\/ntnui.no\/rumpeldunk\/wp-content\/uploads\/sites\/264\/2019\/07\/60143889_319710002040931_5690038726042845184_n-2.jpg?w=640&amp;ssl=1 640w, https:\/\/i0.wp.com\/ntnui.no\/rumpeldunk\/wp-content\/uploads\/sites\/264\/2019\/07\/60143889_319710002040931_5690038726042845184_n-2.jpg?resize=200%2C300&amp;ssl=1 200w, https:\/\/i0.wp.com\/ntnui.no\/rumpeldunk\/wp-content\/uploads\/sites\/264\/2019\/07\/60143889_319710002040931_5690038726042845184_n-2.jpg?resize=600%2C900&amp;ssl=1 600w\" sizes=\"auto, (max-width: 461px) 100vw, 461px\" \/><figcaption>En jager (hvitt hodeb\u00e5nd) som pr\u00f8ver \u00e5 score et m\u00e5l verdt 10 poeng. Limen m\u00e5 holdes mellom beina. I forsvar st\u00e5r en keeper (gr\u00f8nt hodeb\u00e5nd). Foto: Petter Elstad<\/figcaption><\/figure><\/div>\n\n\n\n<p>En kamp varer vanligvis rundt 25 minutter. Den slutter n\u00e5r <strong>snoppen<\/strong> er fanget, noe som gir 30 poeng. M\u00e5l gir derimot 10 poeng og kan ogs\u00e5 scores bakenfra ringene. <\/p>\n\n\n\n<div class=\"wp-block-image\"><figure class=\"aligncenter is-resized\"><img loading=\"lazy\" decoding=\"async\" src=\"https:\/\/i0.wp.com\/ntnui.no\/rumpeldunk\/wp-content\/uploads\/sites\/264\/2019\/07\/30709008_10156716394126162_2687492673559855104_o-2.jpg?fit=700%2C467&amp;ssl=1\" alt=\"\" class=\"wp-image-114\" width=\"469\" height=\"312\" srcset=\"https:\/\/i0.wp.com\/ntnui.no\/rumpeldunk\/wp-content\/uploads\/sites\/264\/2019\/07\/30709008_10156716394126162_2687492673559855104_o-2.jpg?w=1368&amp;ssl=1 1368w, https:\/\/i0.wp.com\/ntnui.no\/rumpeldunk\/wp-content\/uploads\/sites\/264\/2019\/07\/30709008_10156716394126162_2687492673559855104_o-2.jpg?resize=300%2C200&amp;ssl=1 300w, https:\/\/i0.wp.com\/ntnui.no\/rumpeldunk\/wp-content\/uploads\/sites\/264\/2019\/07\/30709008_10156716394126162_2687492673559855104_o-2.jpg?resize=768%2C512&amp;ssl=1 768w, https:\/\/i0.wp.com\/ntnui.no\/rumpeldunk\/wp-content\/uploads\/sites\/264\/2019\/07\/30709008_10156716394126162_2687492673559855104_o-2.jpg?resize=1024%2C683&amp;ssl=1 1024w, https:\/\/i0.wp.com\/ntnui.no\/rumpeldunk\/wp-content\/uploads\/sites\/264\/2019\/07\/30709008_10156716394126162_2687492673559855104_o-2.jpg?resize=600%2C400&amp;ssl=1 600w\" sizes=\"auto, (max-width: 469px) 100vw, 469px\" \/><figcaption>En <strong>speider<\/strong> pr\u00f8ver \u00e5 fange snoppen, som er en halen bak personen i gult. Foto: Petter Elstad<\/figcaption><\/figure><\/div>\n\n\n\n<p>N\u00e5r en spiller blir truffet av en klabb, er de midlertidig sl\u00e5tt ut av spillet. Spilleren m\u00e5 ta limen ut fra mellom beina, l\u00f8pe tilbake og ta p\u00e5 deres egne m\u00e5l, og g\u00e5 p\u00e5 limen igjen. Etter de har gjort dette, kan de aktivt delta i spillet igjen. <\/p>\n\n\n\n<div class=\"wp-block-image\"><figure class=\"aligncenter is-resized\"><img loading=\"lazy\" decoding=\"async\" src=\"https:\/\/i2.wp.com\/ntnui.no\/rumpeldunk\/wp-content\/uploads\/sites\/264\/2019\/07\/beat-2.jpg?fit=700%2C323&amp;ssl=1\" alt=\"\" class=\"wp-image-115\" width=\"601\" height=\"277\" srcset=\"https:\/\/i0.wp.com\/ntnui.no\/rumpeldunk\/wp-content\/uploads\/sites\/264\/2019\/07\/beat-2.jpg?w=1948&amp;ssl=1 1948w, https:\/\/i0.wp.com\/ntnui.no\/rumpeldunk\/wp-content\/uploads\/sites\/264\/2019\/07\/beat-2.jpg?resize=300%2C138&amp;ssl=1 300w, https:\/\/i0.wp.com\/ntnui.no\/rumpeldunk\/wp-content\/uploads\/sites\/264\/2019\/07\/beat-2.jpg?resize=768%2C354&amp;ssl=1 768w, https:\/\/i0.wp.com\/ntnui.no\/rumpeldunk\/wp-content\/uploads\/sites\/264\/2019\/07\/beat-2.jpg?resize=1024%2C472&amp;ssl=1 1024w, https:\/\/i0.wp.com\/ntnui.no\/rumpeldunk\/wp-content\/uploads\/sites\/264\/2019\/07\/beat-2.jpg?resize=1736%2C799&amp;ssl=1 1736w, https:\/\/i0.wp.com\/ntnui.no\/rumpeldunk\/wp-content\/uploads\/sites\/264\/2019\/07\/beat-2.jpg?resize=600%2C276&amp;ssl=1 600w, https:\/\/i0.wp.com\/ntnui.no\/rumpeldunk\/wp-content\/uploads\/sites\/264\/2019\/07\/beat-2.jpg?w=1400&amp;ssl=1 1400w\" sizes=\"auto, (max-width: 601px) 100vw, 601px\" \/><figcaption>En <strong>knakker<\/strong> pr\u00f8ver \u00e5 kaste en klabb p\u00e5 en annen <strong>knakker<\/strong> for \u00e5 sl\u00e5 dem ut av spillet midlertidig.<\/figcaption><\/figure><\/div>\n\n\n\n<figure class=\"wp-block-embed-youtube wp-block-embed is-type-video is-provider-youtube wp-embed-aspect-16-9 wp-has-aspect-ratio\"><div class=\"wp-block-embed__wrapper\">\n<iframe loading=\"lazy\" title=\"How to Play Quadball - English\" width=\"700\" height=\"394\" src=\"https:\/\/www.youtube.com\/embed\/tKUZ9LLH-_c?feature=oembed\" frameborder=\"0\" allow=\"accelerometer; autoplay; clipboard-write; encrypted-media; gyroscope; picture-in-picture; web-share\" referrerpolicy=\"strict-origin-when-cross-origin\" allowfullscreen><\/iframe>\n<\/div><figcaption>Animert videoforklaring laget av <a href=\"https:\/\/www.iqasport.org\/\" target=\"_blank\" rel=\"noreferrer noopener\">International Quadball Association<\/a><\/figcaption><\/figure>\n","protected":false},"excerpt":{"rendered":"<p>Rumpeldunk er en kjapp, taktisk fullkontaktsport. Hvert lag har 7 spillere p\u00e5 banen, hvorav maks 4 spillere kan v\u00e6re av samme kj\u00f8nn. Spillerne har ulike posisjoner: Jagere og keepere scorer m\u00e5l, knakkere pr\u00f8ver \u00e5 sl\u00e5 ut motstanderne med klabber, og speidere pr\u00f8ver \u00e5 fange snoppen. De ulike posisjonene blir markert av ulikt fargede hodeb\u00e5nd. Alle [&hellip;]<\/p>\n","protected":false},"author":621,"featured_media":0,"parent":0,"menu_order":0,"comment_status":"closed","ping_status":"closed","template":"","meta":{"_coblocks_attr":"","_coblocks_dimensions":"","_coblocks_responsive_height":"","_coblocks_accordion_ie_support":"","_price":"","_stock":"","_tribe_ticket_header":"","_tribe_default_ticket_provider":"","_tribe_ticket_capacity":"0","_ticket_start_date":"","_ticket_end_date":"","_tribe_ticket_show_description":"","_tribe_ticket_show_not_going":false,"_tribe_ticket_use_global_stock":"","_tribe_ticket_global_stock_level":"","_global_stock_mode":"","_global_stock_cap":"","_tribe_rsvp_for_event":"","_tribe_ticket_going_count":"","_tribe_ticket_not_going_count":"","_tribe_tickets_list":[],"_tribe_ticket_has_attendee_info_fields":false,"_EventAllDay":false,"_EventTimezone":"","_EventStartDate":"","_EventEndDate":"","_EventStartDateUTC":"","_EventEndDateUTC":"","_EventShowMap":false,"_EventShowMapLink":false,"_EventURL":"","_EventCost":"","_EventCostDescription":"","_EventCurrencySymbol":"","_EventCurrencyPosition":"","_EventDateTimeSeparator":"","_EventTimeRangeSeparator":"","_EventOrganizerID":[],"_EventVenueID":0,"_OrganizerEmail":"","_OrganizerPhone":"","_OrganizerWebsite":"","_VenueAddress":"","_VenueCity":"","_VenueCountry":"","_VenueProvince":"","_VenueZip":"","_VenuePhone":"","_VenueURL":"","_VenueStateProvince":"","_VenueLat":"","_VenueLng":"","jetpack_post_was_ever_published":false,"footnotes":""},"class_list":["post-15","page","type-page","status-publish","hentry"],"featured_image_src":null,"featured_image_src_square":null,"yoast_head":"<!-- This site is optimized with the Yoast SEO plugin v15.1.1 - https:\/\/yoast.com\/wordpress\/plugins\/seo\/ -->\n<title>Hvordan spille - NTNUI Rumpeldunk<\/title>\n<meta name=\"robots\" content=\"index, follow, max-snippet:-1, max-image-preview:large, max-video-preview:-1\" \/>\n<link rel=\"canonical\" href=\"https:\/\/ntnui.no\/rumpeldunk\/nyheter\/\" \/>\n<meta property=\"og:locale\" content=\"en_US\" \/>\n<meta property=\"og:type\" content=\"article\" \/>\n<meta property=\"og:title\" content=\"Hvordan spille - NTNUI Rumpeldunk\" \/>\n<meta property=\"og:description\" content=\"Rumpeldunk er en kjapp, taktisk fullkontaktsport. Hvert lag har 7 spillere p\u00e5 banen, hvorav maks 4 spillere kan v\u00e6re av samme kj\u00f8nn. Spillerne har ulike posisjoner: Jagere og keepere scorer m\u00e5l, knakkere pr\u00f8ver \u00e5 sl\u00e5 ut motstanderne med klabber, og speidere pr\u00f8ver \u00e5 fange snoppen. De ulike posisjonene blir markert av ulikt fargede hodeb\u00e5nd. Alle [&hellip;]\" \/>\n<meta property=\"og:url\" content=\"https:\/\/ntnui.no\/rumpeldunk\/nyheter\/\" \/>\n<meta property=\"og:site_name\" content=\"NTNUI Rumpeldunk\" \/>\n<meta property=\"article:modified_time\" content=\"2024-08-18T15:11:03+00:00\" \/>\n<meta property=\"og:image\" content=\"https:\/\/ntnui.no\/rumpeldunk\/wp-content\/uploads\/sites\/264\/2021\/08\/Hvordan-spille.jpg\" \/>\n<meta name=\"twitter:card\" content=\"summary_large_image\" \/>\n<script type=\"application\/ld+json\" class=\"yoast-schema-graph\">{\"@context\":\"https:\/\/schema.org\",\"@graph\":[{\"@type\":\"WebSite\",\"@id\":\"https:\/\/ntnui.no\/rumpeldunk\/#website\",\"url\":\"https:\/\/ntnui.no\/rumpeldunk\/\",\"name\":\"NTNUI Rumpeldunk\",\"description\":\"\",\"potentialAction\":[{\"@type\":\"SearchAction\",\"target\":\"https:\/\/ntnui.no\/rumpeldunk\/?s={search_term_string}\",\"query-input\":\"required name=search_term_string\"}],\"inLanguage\":\"en-US\"},{\"@type\":\"ImageObject\",\"@id\":\"https:\/\/ntnui.no\/rumpeldunk\/nyheter\/#primaryimage\",\"inLanguage\":\"en-US\",\"url\":\"https:\/\/i0.wp.com\/ntnui.no\/rumpeldunk\/wp-content\/uploads\/sites\/264\/2021\/08\/Hvordan-spille.jpg?fit=907%2C750&ssl=1\",\"width\":907,\"height\":750},{\"@type\":\"WebPage\",\"@id\":\"https:\/\/ntnui.no\/rumpeldunk\/nyheter\/#webpage\",\"url\":\"https:\/\/ntnui.no\/rumpeldunk\/nyheter\/\",\"name\":\"Hvordan spille - NTNUI Rumpeldunk\",\"isPartOf\":{\"@id\":\"https:\/\/ntnui.no\/rumpeldunk\/#website\"},\"primaryImageOfPage\":{\"@id\":\"https:\/\/ntnui.no\/rumpeldunk\/nyheter\/#primaryimage\"},\"datePublished\":\"2019-01-10T17:37:49+00:00\",\"dateModified\":\"2024-08-18T15:11:03+00:00\",\"inLanguage\":\"en-US\",\"potentialAction\":[{\"@type\":\"ReadAction\",\"target\":[\"https:\/\/ntnui.no\/rumpeldunk\/nyheter\/\"]}]}]}<\/script>\n<!-- \/ Yoast SEO plugin. -->","jetpack_sharing_enabled":true,"jetpack_shortlink":"https:\/\/wp.me\/Pb1zeo-f","_links":{"self":[{"href":"https:\/\/ntnui.no\/rumpeldunk\/wp-json\/wp\/v2\/pages\/15","targetHints":{"allow":["GET"]}}],"collection":[{"href":"https:\/\/ntnui.no\/rumpeldunk\/wp-json\/wp\/v2\/pages"}],"about":[{"href":"https:\/\/ntnui.no\/rumpeldunk\/wp-json\/wp\/v2\/types\/page"}],"author":[{"embeddable":true,"href":"https:\/\/ntnui.no\/rumpeldunk\/wp-json\/wp\/v2\/users\/621"}],"replies":[{"embeddable":true,"href":"https:\/\/ntnui.no\/rumpeldunk\/wp-json\/wp\/v2\/comments?post=15"}],"version-history":[{"count":6,"href":"https:\/\/ntnui.no\/rumpeldunk\/wp-json\/wp\/v2\/pages\/15\/revisions"}],"predecessor-version":[{"id":437,"href":"https:\/\/ntnui.no\/rumpeldunk\/wp-json\/wp\/v2\/pages\/15\/revisions\/437"}],"wp:attachment":[{"href":"https:\/\/ntnui.no\/rumpeldunk\/wp-json\/wp\/v2\/media?parent=15"}],"curies":[{"name":"wp","href":"https:\/\/api.w.org\/{rel}","templated":true}]}}