{"id":19,"date":"2019-01-10T17:38:32","date_gmt":"2019-01-10T17:38:32","guid":{"rendered":"https:\/\/ntnui.no\/rugby\/?page_id=19"},"modified":"2024-02-16T15:11:15","modified_gmt":"2024-02-16T15:11:15","slug":"treninger","status":"publish","type":"page","link":"https:\/\/ntnui.no\/rugby\/treninger\/","title":{"rendered":"Treninger"},"content":{"rendered":"\n<h2 class=\"wp-block-heading\">Treninger 2023\/2024:<\/h2>\n\n\n\n<p>Treningstidene for NTNUI Rugby \u00e5ret 2023\/2024 er som f\u00f8lger: <\/p>\n\n\n\n<ul class=\"wp-block-list\"><li>Mandag 19:00 &#8211; 20:30 Touch i D\u00f8dens dal<\/li><li>Tirsdag 18:45 &#8211; 20:30 Trening p\u00e5 Lade Kunstgress<\/li><li>Torsdag 18:45 &#8211; 20:30 Trening p\u00e5 Lade kunstgress<\/li><\/ul>\n\n\n\n<figure class=\"wp-block-image\"><img loading=\"lazy\" decoding=\"async\" width=\"1024\" height=\"583\" src=\"https:\/\/ntnui.no\/rugby\/wp-content\/uploads\/sites\/238\/2019\/04\/Screen-Shot-2019-04-21-at-18.23.59-1-1024x583.png\" alt=\"\" class=\"wp-image-71\" srcset=\"https:\/\/ntnui.no\/rugby\/wp-content\/uploads\/sites\/238\/2019\/04\/Screen-Shot-2019-04-21-at-18.23.59-1-1024x583.png 1024w, https:\/\/ntnui.no\/rugby\/wp-content\/uploads\/sites\/238\/2019\/04\/Screen-Shot-2019-04-21-at-18.23.59-1-300x171.png 300w, https:\/\/ntnui.no\/rugby\/wp-content\/uploads\/sites\/238\/2019\/04\/Screen-Shot-2019-04-21-at-18.23.59-1-768x437.png 768w, https:\/\/ntnui.no\/rugby\/wp-content\/uploads\/sites\/238\/2019\/04\/Screen-Shot-2019-04-21-at-18.23.59-1-600x342.png 600w, https:\/\/ntnui.no\/rugby\/wp-content\/uploads\/sites\/238\/2019\/04\/Screen-Shot-2019-04-21-at-18.23.59-1.png 1682w\" sizes=\"auto, (max-width: 1024px) 100vw, 1024px\" \/><figcaption>Mandag 19:00 &#8211; 20:30 Touch Rugby i D\u00f8dens dal.<\/figcaption><\/figure>\n\n\n\n<figure class=\"wp-block-image\"><img loading=\"lazy\" decoding=\"async\" width=\"1024\" height=\"621\" src=\"https:\/\/ntnui.no\/rugby\/wp-content\/uploads\/sites\/238\/2019\/04\/Screen-Shot-2019-04-21-at-18.23.24-1-1024x621.png\" alt=\"\" class=\"wp-image-73\" srcset=\"https:\/\/ntnui.no\/rugby\/wp-content\/uploads\/sites\/238\/2019\/04\/Screen-Shot-2019-04-21-at-18.23.24-1-1024x621.png 1024w, https:\/\/ntnui.no\/rugby\/wp-content\/uploads\/sites\/238\/2019\/04\/Screen-Shot-2019-04-21-at-18.23.24-1-300x182.png 300w, https:\/\/ntnui.no\/rugby\/wp-content\/uploads\/sites\/238\/2019\/04\/Screen-Shot-2019-04-21-at-18.23.24-1-768x466.png 768w, https:\/\/ntnui.no\/rugby\/wp-content\/uploads\/sites\/238\/2019\/04\/Screen-Shot-2019-04-21-at-18.23.24-1-1736x1053.png 1736w, https:\/\/ntnui.no\/rugby\/wp-content\/uploads\/sites\/238\/2019\/04\/Screen-Shot-2019-04-21-at-18.23.24-1-600x364.png 600w, https:\/\/ntnui.no\/rugby\/wp-content\/uploads\/sites\/238\/2019\/04\/Screen-Shot-2019-04-21-at-18.23.24-1.png 1886w\" sizes=\"auto, (max-width: 1024px) 100vw, 1024px\" \/><figcaption>Tirsdag 18:45 &#8211; 20:30 Trening p\u00e5 Lade Kunstgress<br>Torsdag 18:45 &#8211; 20:30 Trening p\u00e5 Lade kunstgress<\/figcaption><\/figure>\n","protected":false},"excerpt":{"rendered":"<p>Treninger 2023\/2024: Treningstidene for NTNUI Rugby \u00e5ret 2023\/2024 er som f\u00f8lger: Mandag 19:00 &#8211; 20:30 Touch i D\u00f8dens dal Tirsdag 18:45 &#8211; 20:30 Trening p\u00e5 Lade Kunstgress Torsdag 18:45 &#8211; 20:30 Trening p\u00e5 Lade kunstgress<\/p>\n","protected":false},"author":7,"featured_media":0,"parent":0,"menu_order":0,"comment_status":"closed","ping_status":"closed","template":"","meta":{"_coblocks_attr":"","_coblocks_dimensions":"","_coblocks_responsive_height":"","_coblocks_accordion_ie_support":"","_price":"","_stock":"","_tribe_ticket_header":"","_tribe_default_ticket_provider":"","_tribe_ticket_capacity":"0","_ticket_start_date":"","_ticket_end_date":"","_tribe_ticket_show_description":"","_tribe_ticket_show_not_going":false,"_tribe_ticket_use_global_stock":"","_tribe_ticket_global_stock_level":"","_global_stock_mode":"","_global_stock_cap":"","_tribe_rsvp_for_event":"","_tribe_ticket_going_count":"","_tribe_ticket_not_going_count":"","_tribe_tickets_list":[],"_tribe_ticket_has_attendee_info_fields":false,"_EventAllDay":false,"_EventTimezone":"","_EventStartDate":"","_EventEndDate":"","_EventStartDateUTC":"","_EventEndDateUTC":"","_EventShowMap":false,"_EventShowMapLink":false,"_EventURL":"","_EventCost":"","_EventCostDescription":"","_EventCurrencySymbol":"","_EventCurrencyPosition":"","_EventDateTimeSeparator":"","_EventTimeRangeSeparator":"","_EventOrganizerID":[],"_EventVenueID":0,"_OrganizerEmail":"","_OrganizerPhone":"","_OrganizerWebsite":"","_VenueAddress":"","_VenueCity":"","_VenueCountry":"","_VenueProvince":"","_VenueZip":"","_VenuePhone":"","_VenueURL":"","_VenueStateProvince":"","_VenueLat":"","_VenueLng":"","footnotes":""},"class_list":["post-19","page","type-page","status-publish","hentry"],"featured_image_src":null,"featured_image_src_square":null,"jetpack_sharing_enabled":true,"_links":{"self":[{"href":"https:\/\/ntnui.no\/rugby\/wp-json\/wp\/v2\/pages\/19","targetHints":{"allow":["GET"]}}],"collection":[{"href":"https:\/\/ntnui.no\/rugby\/wp-json\/wp\/v2\/pages"}],"about":[{"href":"https:\/\/ntnui.no\/rugby\/wp-json\/wp\/v2\/types\/page"}],"author":[{"embeddable":true,"href":"https:\/\/ntnui.no\/rugby\/wp-json\/wp\/v2\/users\/7"}],"replies":[{"embeddable":true,"href":"https:\/\/ntnui.no\/rugby\/wp-json\/wp\/v2\/comments?post=19"}],"version-history":[{"count":12,"href":"https:\/\/ntnui.no\/rugby\/wp-json\/wp\/v2\/pages\/19\/revisions"}],"predecessor-version":[{"id":5990,"href":"https:\/\/ntnui.no\/rugby\/wp-json\/wp\/v2\/pages\/19\/revisions\/5990"}],"wp:attachment":[{"href":"https:\/\/ntnui.no\/rugby\/wp-json\/wp\/v2\/media?parent=19"}],"curies":[{"name":"wp","href":"https:\/\/api.w.org\/{rel}","templated":true}]}}