{"id":24564,"date":"2025-03-03T11:49:25","date_gmt":"2025-03-03T10:49:25","guid":{"rendered":"https:\/\/ntnui.no\/roing\/?page_id=24564"},"modified":"2026-03-24T11:48:42","modified_gmt":"2026-03-24T10:48:42","slug":"styret","status":"publish","type":"page","link":"https:\/\/ntnui.no\/roing\/styret\/","title":{"rendered":"Styret"},"content":{"rendered":"\n<div class=\"wp-block-cover alignfull is-light is-cropping is-style-default coblocks-animate\" data-coblocks-animation=\"slideInLeft\"><span aria-hidden=\"true\" class=\"wp-block-cover__background has-background-dim-10 has-background-dim\"><\/span><img loading=\"lazy\" decoding=\"async\" width=\"1230\" height=\"694\" class=\"wp-block-cover__image-background wp-image-23384\" alt=\"\" src=\"https:\/\/ntnui.no\/roing\/wp-content\/uploads\/sites\/239\/2022\/01\/Skjermbilde-2022-01-09-kl.-19.57.19.png\" data-object-fit=\"cover\" \/><div class=\"wp-block-cover__inner-container is-layout-flow wp-block-cover-is-layout-flow\">\n<p class=\"has-text-align-left has-large-font-size has-arvo-font-family has-custom-font has-custom-weight\" style=\"font-family:Arvo;font-weight:bold;font-size:70px\">Styret<\/p>\n<\/div><\/div>\n\n\n\n<p>Styret st\u00e5r for den daglige ledelsen av ro-gruppa. De arbeider etter de retningslinjer som blir vedtatt p\u00e5 Gen.fors\/\u00c5rsm\u00f8tet. Har du sp\u00f8rsm\u00e5l om trening, kl\u00e6r eller diverse annet send gjerne en mail til styret, s\u00e5 skal vi svare s\u00e5 godt vi kan!&nbsp;<br>Styret:&nbsp;<a href=\"mailto:roing@ntnui.no\">roing@ntnui.no<\/a><\/p>\n\n\n\n<div class=\"wp-block-media-text alignwide is-stacked-on-mobile\" style=\"grid-template-columns:43% auto\"><figure class=\"wp-block-media-text__media\"><img loading=\"lazy\" decoding=\"async\" width=\"1536\" height=\"2048\" src=\"https:\/\/ntnui.no\/roing\/wp-content\/uploads\/sites\/239\/2026\/02\/Skaane.jpeg\" alt=\"\" class=\"wp-image-24708 size-full\" \/><\/figure><div class=\"wp-block-media-text__content\">\n<p style=\"line-height:1.35;letter-spacing:-0.1px;font-size:18px\" class=\"has-custom-lineheight has-custom-letterspacing\"><strong>Leder<\/strong><br>Alexander Georg Skaane<\/p>\n\n\n\n<p style=\"line-height:1.35;letter-spacing:-0.1px;font-size:18px\" class=\"has-custom-lineheight has-custom-letterspacing\"><a href=\"mailto:roing-leder@ntnui.no\">roing-leder@ntnui.no<\/a><\/p>\n\n\n\n<p>Mannen, myten, legenden, Alexander Georg Skaane tar over stafettpinnen som Leder av NTNUI-Roing.<\/p>\n\n\n\n<p>Alexander er behersket, rolig og skarp som en n\u00e5l. Det ryktes at han faktisk synes matte er g\u00f8y og den dag i dag savner han det(?!). Han gikk f\u00f8rst Fysmat f\u00f8r han fant ut at han ville redde verden og byttet derfor til medisin. <\/p>\n\n\n\n<p>Alt i alt skal NTNUI-Roing f\u00e5 et bra og innholdsrikt \u00e5r under regi av Alexander.<\/p>\n\n\n\n<p><\/p>\n<\/div><\/div>\n\n\n\n<div class=\"wp-block-media-text alignwide has-media-on-the-right\" style=\"grid-template-columns:auto 34%\"><div class=\"wp-block-media-text__content\">\n<p style=\"font-size:20px\"><strong>Nestleder<\/strong><br>Erik Hein<\/p>\n\n\n\n<p style=\"font-size:20px\"><a href=\"mailto:roing-nestleder@ntnui.no\">roing-nestleder@ntnui.no<\/a><\/p>\n\n\n\n<p>Muligens klubbens beste roer.<\/p>\n\n\n\n<p>Hadde det ikke v\u00e6rt for at Erik har gluten-allergi hadde vi alle ligget tynt an. Sub-seks 2k ligger rett rundt hj\u00f8rnet for Erik, det eneste som kan stoppe han n\u00e5 er om det g\u00e5r tomt for havregryn i hele Trondheim. Ellers s\u00e5 studerer Erik Maskin og Energiteknikk (n\u00e5r han ikke trener), som betyr at han vet akkurat hvordan \u00e5ra skal bevege seg i svivelen for \u00e5 sikre seg flere medaljer i 2026-sesongen, dessverre for Erik l\u00e6rer de ikke \u00e5 snakke med jenter p\u00e5 studiet.<\/p>\n<\/div><figure class=\"wp-block-media-text__media\"><img loading=\"lazy\" decoding=\"async\" width=\"632\" height=\"1212\" src=\"https:\/\/ntnui.no\/roing\/wp-content\/uploads\/sites\/239\/2026\/02\/Screenshot-2025-02-25-at-16.28.25.png\" alt=\"\" class=\"wp-image-24707 size-full\" \/><\/figure><\/div>\n\n\n\n<div class=\"wp-block-media-text alignwide\" style=\"grid-template-columns:33% auto\"><figure class=\"wp-block-media-text__media\"><img loading=\"lazy\" decoding=\"async\" width=\"1930\" height=\"2591\" src=\"https:\/\/ntnui.no\/roing\/wp-content\/uploads\/sites\/239\/2026\/02\/IMG_0987_copy.jpg\" alt=\"\" class=\"wp-image-24717 size-full\" \/><\/figure><div class=\"wp-block-media-text__content\">\n<p style=\"font-size:20px\"><strong>Kasserer<\/strong><br>Else Dyrnes Bakk<\/p>\n\n\n\n<p style=\"font-size:20px\"><a href=\"mailto:roing-kasserer@ntnui.no\">roing-kasserer@ntnui.no<\/a><\/p>\n\n\n\n<p>Else er en ekte tr\u00f8nder, s\u00e5 da kan vi regne med at klubbens penger ligger i trygge hender&#8230; oi, n\u00e5 f\u00e5r vi inn at Else faktisk er fra Aure i M\u00f8re? Gjem bort pengene og sl\u00e5 p\u00e5 full alarm!!! Neida, Else er pliktoppfyllende og ansvarsfull, s\u00e5 en bedre kasserer kunne vi ikke bedt om.  <\/p>\n\n\n\n<p>Vi gleder oss til et bra \u00e5r med Else som kasserer.<\/p>\n\n\n\n<p><\/p>\n<\/div><\/div>\n\n\n\n<div class=\"wp-block-media-text alignwide has-media-on-the-right\" style=\"grid-template-columns:auto 35%\"><div class=\"wp-block-media-text__content\">\n<p style=\"font-size:20px\"><strong>Sportsligansvarlig<\/strong><br>Sebastian Mejer Rasmussen<\/p>\n\n\n\n<p style=\"font-size:20px\"><a href=\"ragnhild.romoren@ntnui.no\">sebastian.rasmussen@ntnui.no<\/a><\/p>\n\n\n\n<p>\u00c5rets sportslig ansvarlige er Sebastian Mejer Rasmussen. Han er jovial og sosial, samt en du kan sp\u00f8rre om hjelp hvis det trengs. <\/p>\n\n\n\n<p>Sebastian er helt klart f\u00f8rstevalget som sportslig ansvarlig for dette \u00e5ret. Som toppidrettsut\u00f8ver og roer har han mye god erfaring og kunnskap, samt evne til \u00e5 kj\u00f8re hardt p\u00e5 trening. Dermed finner du han ofte p\u00e5 galleriet 06:30.<\/p>\n\n\n\n<p>Snakker for oss alle i NTNUI Roing, vi gleder oss til et \u00e5r med god trening i regi av Sebastian.<\/p>\n\n\n\n<p><br><\/p>\n<\/div><figure class=\"wp-block-media-text__media\"><img loading=\"lazy\" decoding=\"async\" width=\"591\" height=\"1280\" src=\"https:\/\/ntnui.no\/roing\/wp-content\/uploads\/sites\/239\/2026\/02\/NTNUI_PROFILBILDE_SEB.png\" alt=\"\" class=\"wp-image-24713 size-full\" \/><\/figure><\/div>\n\n\n\n<div class=\"wp-block-media-text alignwide is-stacked-on-mobile\" style=\"grid-template-columns:42% auto\"><figure class=\"wp-block-media-text__media\"><img loading=\"lazy\" decoding=\"async\" width=\"1000\" height=\"1000\" src=\"https:\/\/ntnui.no\/roing\/wp-content\/uploads\/sites\/239\/2026\/02\/fredrik.jpg\" alt=\"\" class=\"wp-image-24716 size-full\" \/><\/figure><div class=\"wp-block-media-text__content\">\n<p><strong>Materialansvarlig<\/strong><br>Fredrik Nyheim<\/p>\n\n\n\n<p><a href=\"sigurd.akersveen@ntnui.no\">roing-mat@ntnui.no<\/a><\/p>\n\n\n\n<p>Gutten kommer rett fra videreg\u00e5ende og gikk rett inn i styret til NTNUI-Roing. Men frykt ikke, Fredrik har drevet med roing tidligere gjennom Trondhjems Roklubb, som han n\u00e5 har forr\u00e5dt for \u00e5 ro hos oss. <\/p>\n\n\n\n<p>Fredrik skal passe p\u00e5 at b\u00e5tene og romaskinene tas godt ivare, og dette skal gj\u00f8res med hans jernneve. Og best av alt, det ryktes at vi slipper \u00e5 sk\u00e5te inn til brygga i \u00e5tterne. Dette gleder vi oss til.<\/p>\n<\/div><\/div>\n\n\n\n<div class=\"wp-block-media-text alignwide has-media-on-the-right\" style=\"grid-template-columns:auto 39%\"><div class=\"wp-block-media-text__content\">\n<p style=\"font-size:20px\"><strong>Sosialansvarlig<\/strong><br>Anette Malmberg<br><a href=\"ragnhild.romoren@ntnui.no\">anette.malmberg@ntnui.no<\/a><\/p>\n\n\n\n<p>Anette har tatt p\u00e5 seg det sosiale ansvaret i NTNUI-Roing for 2026. I et sosialt aktiv lag som dette inneb\u00e6rer det mye jobb, alt fra skisamlinger og rosamlinger til fester og andre sosiale arrangement. Men alt dette takler Anette p\u00e5 strak arm. Hun er ei livlig og glad jente, som man aldri trenger v\u00e6re redde for \u00e5 sl\u00e5 av en prat med. Vi krysser fingrene for at kneet hennes blir bedre i l\u00f8pet av 2026-sesongen og gleder oss til et bra sosialt \u00e5r i roingen.<\/p>\n\n\n\n<p><br><\/p>\n<\/div><figure class=\"wp-block-media-text__media\"><img loading=\"lazy\" decoding=\"async\" width=\"3024\" height=\"4032\" src=\"https:\/\/ntnui.no\/roing\/wp-content\/uploads\/sites\/239\/2026\/02\/Anette.jpg\" alt=\"\" class=\"wp-image-24714 size-full\" \/><\/figure><\/div>\n\n\n\n<div class=\"wp-block-media-text alignwide\" style=\"grid-template-columns:41% auto\"><figure class=\"wp-block-media-text__media\"><img loading=\"lazy\" decoding=\"async\" width=\"3456\" height=\"4608\" src=\"https:\/\/ntnui.no\/roing\/wp-content\/uploads\/sites\/239\/2026\/02\/FAA70CA1-5863-4AA4-A276-6F11B0EEC829.jpg\" alt=\"\" class=\"wp-image-24718 size-full\" \/><\/figure><div class=\"wp-block-media-text__content\">\n<p style=\"font-size:20px\"><strong>PR- og webansvarlig<\/strong><br>Kristian Solvik<br><a href=\"edvart.svingen@ntnui.no\">roing-pr@ntnui.no<\/a><\/p>\n\n\n\n<p>Svigermors dr\u00f8m, trenger mer bli sagt?<\/p>\n<\/div><\/div>\n\n\n\n<div class=\"wp-block-media-text alignwide has-media-on-the-right\" style=\"grid-template-columns:auto 38%\"><div class=\"wp-block-media-text__content\">\n<p style=\"font-size:20px\"><strong>Sponsoransvarlig<\/strong><br>Jostein Thon<\/p>\n\n\n\n<p style=\"font-size:20px\"><a href=\"edvart.svingen@ntnui.no\">jostein.thon@ntnui.no<\/a><\/p>\n\n\n\n<p>Sist men IKKE minst i hvertfall, Jostein &#8220;CEO-Vestkanten&#8221; Thon. Medlem av b\u00e5de Christiania Roklub og 0.1t klubben. Han ser kanskje snill og uskyldig ut, men ikke la deg lure, denne karen er en maskin i rob\u00e5ten. Jostein er nemlig en av v\u00e5re fremste roere og n\u00e5 har han blitt satt bak rattet p\u00e5 v\u00e5r villeste komite &#8211; Sponsorkomiteen. Det gjenst\u00e5r \u00e5 se hvilke sponsorer denne mannen kan dra inn i NTNUI-Roing, men det er lov \u00e5 f\u00e5 opp h\u00e5pet. Kanskje Thon Hotels? Old Spice? Lockheed Martin?<\/p>\n<\/div><figure class=\"wp-block-media-text__media\"><img loading=\"lazy\" decoding=\"async\" width=\"2363\" height=\"3582\" src=\"https:\/\/ntnui.no\/roing\/wp-content\/uploads\/sites\/239\/2026\/02\/IMG_0910-1.jpg\" alt=\"\" class=\"wp-image-24720 size-full\" \/><\/figure><\/div>\n","protected":false},"excerpt":{"rendered":"<p>Styret st\u00e5r for den daglige ledelsen av ro-gruppa. De arbeider etter de retningslinjer som blir vedtatt p\u00e5 Gen.fors\/\u00c5rsm\u00f8tet. Har du sp\u00f8rsm\u00e5l om trening, kl\u00e6r eller diverse annet send gjerne en mail til styret, s\u00e5 skal vi svare s\u00e5 godt vi kan!&nbsp;Styret:&nbsp;roing@ntnui.no LederAlexander Georg Skaane roing-leder@ntnui.no Mannen, myten, legenden, Alexander Georg Skaane tar over stafettpinnen som [&hellip;]<\/p>\n","protected":false},"author":656,"featured_media":0,"parent":0,"menu_order":0,"comment_status":"closed","ping_status":"closed","template":"","meta":{"_coblocks_attr":"Arvo","_coblocks_dimensions":"","_coblocks_responsive_height":"","_coblocks_accordion_ie_support":"","_price":"","_stock":"","_tribe_ticket_header":"","_tribe_default_ticket_provider":"","_tribe_ticket_capacity":"0","_ticket_start_date":"","_ticket_end_date":"","_tribe_ticket_show_description":"","_tribe_ticket_show_not_going":false,"_tribe_ticket_use_global_stock":"","_tribe_ticket_global_stock_level":"","_global_stock_mode":"","_global_stock_cap":"","_tribe_rsvp_for_event":"","_tribe_ticket_going_count":"","_tribe_ticket_not_going_count":"","_tribe_tickets_list":[],"_tribe_ticket_has_attendee_info_fields":false,"footnotes":""},"class_list":["post-24564","page","type-page","status-publish","hentry"],"featured_image_src":null,"featured_image_src_square":null,"jetpack_sharing_enabled":true,"ticketed":false,"_links":{"self":[{"href":"https:\/\/ntnui.no\/roing\/wp-json\/wp\/v2\/pages\/24564","targetHints":{"allow":["GET"]}}],"collection":[{"href":"https:\/\/ntnui.no\/roing\/wp-json\/wp\/v2\/pages"}],"about":[{"href":"https:\/\/ntnui.no\/roing\/wp-json\/wp\/v2\/types\/page"}],"author":[{"embeddable":true,"href":"https:\/\/ntnui.no\/roing\/wp-json\/wp\/v2\/users\/656"}],"replies":[{"embeddable":true,"href":"https:\/\/ntnui.no\/roing\/wp-json\/wp\/v2\/comments?post=24564"}],"version-history":[{"count":7,"href":"https:\/\/ntnui.no\/roing\/wp-json\/wp\/v2\/pages\/24564\/revisions"}],"predecessor-version":[{"id":24724,"href":"https:\/\/ntnui.no\/roing\/wp-json\/wp\/v2\/pages\/24564\/revisions\/24724"}],"wp:attachment":[{"href":"https:\/\/ntnui.no\/roing\/wp-json\/wp\/v2\/media?parent=24564"}],"curies":[{"name":"wp","href":"https:\/\/api.w.org\/{rel}","templated":true}]}}