{"id":23816,"date":"2022-05-23T19:38:49","date_gmt":"2022-05-23T18:38:49","guid":{"rendered":"https:\/\/ntnui.no\/roing\/?page_id=23816"},"modified":"2022-05-23T19:38:50","modified_gmt":"2022-05-23T18:38:50","slug":"reisebrev-fra-snm-2022","status":"publish","type":"page","link":"https:\/\/ntnui.no\/roing\/reisebrev-fra-snm-2022\/","title":{"rendered":"Reisebrev fra SNM 2022"},"content":{"rendered":"\n<p>Fredag:<\/p>\n\n\n\n<p>04:15 ringte alarmen fredags morgen, og jeg kunne se p\u00e5 klokka og glede meg over hele 3,5 time med s\u00f8vn. I kjent stil ble det litt sm\u00e5l\u00f8ping for \u00e5 rekke toget, men n\u00e5r jeg f\u00f8rst fikk satt meg ned og s\u00e5 morgentr\u00f8tte NTNUIere str\u00f8mme p\u00e5, kjente jeg at DETTE blir en bra helg.\u00a0<\/p>\n\n\n\n<figure class=\"wp-block-gallery columns-1 is-cropped wp-block-gallery-1 is-layout-flex wp-block-gallery-is-layout-flex\"><ul class=\"blocks-gallery-grid\"><li class=\"blocks-gallery-item\"><figure><img loading=\"lazy\" decoding=\"async\" width=\"1252\" height=\"642\" src=\"https:\/\/ntnui.no\/roing\/wp-content\/uploads\/sites\/239\/2022\/05\/Skjermbilde-2022-05-23-kl.-20.17.52.png\" alt=\"\" data-id=\"23817\" data-link=\"https:\/\/ntnui.no\/roing\/?attachment_id=23817\" class=\"wp-image-23817\" \/><\/figure><\/li><\/ul><\/figure>\n\n\n\n<p>Vel framme stilte Bergen opp fra sin aller best side, med regn og vind. Damene dro for \u00e5 rigge opp b\u00e5tene, mens herrene og Banquetteb\u00e5ten n\u00f8t finv\u00e6ret. Etter at kl\u00e6rne allerede var gjennomv\u00e5te etter rigging var det tid for en kort trenings\u00f8kt. Nord\u00e5svannet b\u00f8d p\u00e5 mer b\u00f8lger enn Damer2 hadde rodd p\u00e5 f\u00f8r, og kalde og v\u00e5te som vi var, ga ikke \u00f8kten mye mestringsf\u00f8lelse. Heldigvis lovet Yr.no bedre v\u00e6r for morgendagen.&nbsp;<\/p>\n\n\n\n<p>Tilbake p\u00e5 hotellet var det endelig tid for \u00e5 sjekke inn. Man kan trygt si at 4 damer, mye v\u00e5tt t\u00f8y, 1 kleshenger og et vindu som ikke kunne \u00e5pnes skapte utfordringer umiddelbart &#8211; men vi var optimistiske! Det var tross alt tid for middag p\u00e5 TGIF. Selv om regnet ikke lot til \u00e5 stoppe, vandret vi mannsterke bortover, og mange sultne roere fylte opp restauranten.&nbsp;<\/p>\n\n\n\n<p>Mette og forn\u00f8yde vasset vi videre til neste stopp &#8211; \u00e5pningsseremonien. Informasjon ble gitt, og Sjur fikk bel\u00e6re litt om hvordan starten skulle foreg\u00e5, noe som viste seg \u00e5 ha lite til ingen hensikt under l\u00f8rdagens forhold, men det kommer jeg tilbake til. Tiden var inne for det vi alle gledet (og gruet) oss til &#8211; presentasjonene av klubbene. Noen spilte p\u00e5 frykt og andre p\u00e5 humor, men underholdende var det likevel! Og innsatsen til NTNUI var det ingenting \u00e5 si p\u00e5.&nbsp;<\/p>\n\n\n\n<p>Etter en lang dag ankom vi til slutt p\u00e5 hotellet, tr\u00f8tte og slitne, men veldig klare for morgendagen. Et raskt lagm\u00f8te var det eneste som sto mellom oss og en etterlengtet natt i hotellsengen. Raceplanen ble repetert og motivasjonstale ble holdt, og jeg var i dyp s\u00f8vn fra det sekundet hodet traff puten.\u00a0<\/p>\n\n\n\n<figure class=\"wp-block-gallery columns-1 is-cropped wp-block-gallery-2 is-layout-flex wp-block-gallery-is-layout-flex\"><ul class=\"blocks-gallery-grid\"><li class=\"blocks-gallery-item\"><figure><img loading=\"lazy\" decoding=\"async\" width=\"1792\" height=\"328\" src=\"https:\/\/ntnui.no\/roing\/wp-content\/uploads\/sites\/239\/2022\/05\/Skjermbilde-2022-05-23-kl.-20.37.58.png\" alt=\"\" data-id=\"23820\" data-link=\"https:\/\/ntnui.no\/roing\/?attachment_id=23820\" class=\"wp-image-23820\" \/><\/figure><\/li><\/ul><\/figure>\n\n\n\n<p>L\u00f8rdag:<\/p>\n\n\n\n<p>Da alarmen ringte l\u00f8rdag morgen var dagen endelig her, den vi hadde jobbet mot i en ikke alt for lang oppkj\u00f8ringsperiode. Frokostpakkene var klare i resepsjonen, og det var stor glede for mange da de s\u00e5 muffins i posen, eller kanelbolle for oss heldige med n\u00f8tteallergi. Leiebilene kj\u00f8rte shuttletrafikk for \u00e5 f\u00e5 alle h\u00e5pefulle roere p\u00e5 plass, og f\u00f8rst ut p\u00e5 vannet var Damer1. De var overlegne i fors\u00f8ket sitt og kom p\u00e5 en soleklar f\u00f8rsteplass, og dermed direkte til finalen.&nbsp;<\/p>\n\n\n\n<p>Damer2 var i neste fors\u00f8k, og flere i b\u00e5ten skulle ha sin regatta-debut! 2 fisk og en \u00e5re ute av svivelen senere ble det en kjip 3.plass i fors\u00f8ket, og da en svipptur innom oppsamlingsheatet f\u00f8r det var klart om det ble finale eller ikke. Og for et oppsamlingsheat det ble! Damene tok \u201cfull pupp\u201d bokstavelig og vant oppsamlingsheatet &#8211; og var da klare for finale vi ogs\u00e5.&nbsp;<\/p>\n\n\n\n<p>Herrer1 vant sitt fors\u00f8k, mens Herrer2 og Banquetteb\u00e5ten m\u00e5tte som Damer2 i oppsamlingsheat. Det gikk ikke helt veien, men det var spennende \u00e5 se p\u00e5 likevel! Tiden var kommet for finalene, og med lange tradisjoner med seier var det mye som sto p\u00e5 spill.&nbsp;<\/p>\n\n\n\n<p>Damene var f\u00f8rst ut. Som vanlig litt sent ute til startsonen var det ikke mye tid til oppvarming for Damer2, og etter b\u00e5de fors\u00f8k og oppsamlingsheat kjente vi det godt i kroppen. Finalen gikk ikke helt veien for oss, men vi kan leve lenge p\u00e5 mestringsf\u00f8lelsen etter spurten i oppsamlingsheatet. Damer1 derimot viste en maktdemonstrasjon, og dro nok en gang med seg gullmedaljen hjem!&nbsp;<\/p>\n\n\n\n<p>For herrene sto de overfor en spennende finale &#8211; og det ble jevnt inn mot m\u00e5l. I \u00e5r ble Herrer1 imidlertid nest best, men vel vitende om at de hadde rodd sitt beste! Og en s\u00f8lvmedalje smakte nok godt det ogs\u00e5.&nbsp;<\/p>\n\n\n\n<p>Nedrigg, gruppebilde og alt som f\u00f8lger med en regatta m\u00e5tte gjennomf\u00f8res, f\u00f8r turen til sist gikk tilbake til hotellet. N\u00e5 skulle Banquetteb\u00e5ten virkelig f\u00e5 skinne, for endelig var tiden inne for Banquette. Blazerne ble funnet frem, forfriskninger tatt ut av minikj\u00f8leskapet og br\u00e5tt var vi klare! R\u00e6ggen og Sverre stilte med vors, og stemningen var god mens solen skinte i Bergen for studentene fra Trondheim!<\/p>\n\n\n\n<p>Mange timer senere, gode og mette, fikk Damer1 og Herrer1 sine edle metaller og NTNUI ble endelig gjenforent med sin dypt savnede shotte\u00e5re. Herfra og ut har nok hvert enkelt medlem sin egen oppfatning av kvelden, men jeg tror jeg kan si med sikkerhet at alle hadde en bra kveld!<\/p>\n\n\n\n<figure class=\"wp-block-gallery columns-1 is-cropped wp-block-gallery-3 is-layout-flex wp-block-gallery-is-layout-flex\"><ul class=\"blocks-gallery-grid\"><li class=\"blocks-gallery-item\"><figure><img loading=\"lazy\" decoding=\"async\" width=\"898\" height=\"1108\" src=\"https:\/\/ntnui.no\/roing\/wp-content\/uploads\/sites\/239\/2022\/05\/Skjermbilde-2022-05-23-kl.-20.31.47.png\" alt=\"\" data-id=\"23819\" data-link=\"https:\/\/ntnui.no\/roing\/?attachment_id=23819\" class=\"wp-image-23819\" \/><\/figure><\/li><\/ul><\/figure>\n\n\n\n<p>S\u00f8ndag:<\/p>\n\n\n\n<p>Hotellfrokosten s\u00f8ndag morgen endte med varierende suksess, da enkelte hadde litt manglende apetitt etter l\u00f8rdagen, men personlig ble hvertfall dagsinntaket av mat inntatt under dette m\u00e5ltidet, om ikke mer. N\u00e5 gjensto bare hjemreisen, og det fristet lite \u00e5 forlate Bergen n\u00e5r solen str\u00e5lte, men eksamensperiode og siste innspurt kalte.<\/p>\n\n\n\n<figure class=\"wp-block-gallery columns-1 is-cropped wp-block-gallery-4 is-layout-flex wp-block-gallery-is-layout-flex\"><ul class=\"blocks-gallery-grid\"><li class=\"blocks-gallery-item\"><figure><img loading=\"lazy\" decoding=\"async\" width=\"968\" height=\"924\" src=\"https:\/\/ntnui.no\/roing\/wp-content\/uploads\/sites\/239\/2022\/05\/Skjermbilde-2022-05-23-kl.-20.17.32.png\" alt=\"\" data-id=\"23818\" data-link=\"https:\/\/ntnui.no\/roing\/?attachment_id=23818\" class=\"wp-image-23818\" \/><\/figure><\/li><\/ul><\/figure>\n\n\n\n<p>Da gjenst\u00e5r det bare \u00e5 takke for turen! S\u00e5 sees vi til neste SM, Bergen.&nbsp;<\/p>\n\n\n\n<p>Xoxo,&nbsp;<\/p>\n\n\n\n<p>Jenny Hunvik&nbsp;&nbsp;<\/p>\n","protected":false},"excerpt":{"rendered":"<p>Fredag: 04:15 ringte alarmen fredags morgen, og jeg kunne se p\u00e5 klokka og glede meg over hele 3,5 time med s\u00f8vn. I kjent stil ble det litt sm\u00e5l\u00f8ping for \u00e5 rekke toget, men n\u00e5r jeg f\u00f8rst fikk satt meg ned og s\u00e5 morgentr\u00f8tte NTNUIere str\u00f8mme p\u00e5, kjente jeg at DETTE blir en bra helg.\u00a0 Vel [&hellip;]<\/p>\n","protected":false},"author":344,"featured_media":0,"parent":0,"menu_order":0,"comment_status":"closed","ping_status":"closed","template":"","meta":{"_coblocks_attr":"","_coblocks_dimensions":"","_coblocks_responsive_height":"","_coblocks_accordion_ie_support":"","_price":"","_stock":"","_tribe_ticket_header":"","_tribe_default_ticket_provider":"","_tribe_ticket_capacity":"0","_ticket_start_date":"","_ticket_end_date":"","_tribe_ticket_show_description":"","_tribe_ticket_show_not_going":false,"_tribe_ticket_use_global_stock":"","_tribe_ticket_global_stock_level":"","_global_stock_mode":"","_global_stock_cap":"","_tribe_rsvp_for_event":"","_tribe_ticket_going_count":"","_tribe_ticket_not_going_count":"","_tribe_tickets_list":[],"_tribe_ticket_has_attendee_info_fields":false,"footnotes":""},"class_list":["post-23816","page","type-page","status-publish","hentry"],"featured_image_src":null,"featured_image_src_square":null,"jetpack_sharing_enabled":true,"ticketed":false,"_links":{"self":[{"href":"https:\/\/ntnui.no\/roing\/wp-json\/wp\/v2\/pages\/23816","targetHints":{"allow":["GET"]}}],"collection":[{"href":"https:\/\/ntnui.no\/roing\/wp-json\/wp\/v2\/pages"}],"about":[{"href":"https:\/\/ntnui.no\/roing\/wp-json\/wp\/v2\/types\/page"}],"author":[{"embeddable":true,"href":"https:\/\/ntnui.no\/roing\/wp-json\/wp\/v2\/users\/344"}],"replies":[{"embeddable":true,"href":"https:\/\/ntnui.no\/roing\/wp-json\/wp\/v2\/comments?post=23816"}],"version-history":[{"count":1,"href":"https:\/\/ntnui.no\/roing\/wp-json\/wp\/v2\/pages\/23816\/revisions"}],"predecessor-version":[{"id":23821,"href":"https:\/\/ntnui.no\/roing\/wp-json\/wp\/v2\/pages\/23816\/revisions\/23821"}],"wp:attachment":[{"href":"https:\/\/ntnui.no\/roing\/wp-json\/wp\/v2\/media?parent=23816"}],"curies":[{"name":"wp","href":"https:\/\/api.w.org\/{rel}","templated":true}]}}