{"id":23218,"date":"2022-01-06T22:48:29","date_gmt":"2022-01-06T21:48:29","guid":{"rendered":"https:\/\/ntnui.no\/roing\/?page_id=23218"},"modified":"2022-01-09T14:24:59","modified_gmt":"2022-01-09T13:24:59","slug":"styret-og-komiteer","status":"publish","type":"page","link":"https:\/\/ntnui.no\/roing\/styret-og-komiteer\/","title":{"rendered":"Styret og komit\u00e9er"},"content":{"rendered":"\n<div class=\"wp-block-cover alignfull has-background-dim coblocks-animate\" style=\"background-image:url(https:\/\/ntnui.no\/roing\/wp-content\/uploads\/sites\/239\/2022\/01\/Skjermbilde-2022-01-06-kl.-22.47.32.png)\" data-coblocks-animation=\"slideInLeft\"><div class=\"wp-block-cover__inner-container is-layout-flow wp-block-cover-is-layout-flow\">\n<p class=\"has-text-align-left has-large-font-size has-custom-font has-custom-weight\" style=\"font-family:Arvo;font-weight:bold;font-size:61px\">Styret og komit\u00e9er<\/p>\n<\/div><\/div>\n\n\n\n<p><em>Det sittende styret har ansvaret for klubbens daglige drift og det overordnede ansvaret for alt som skjer i gruppen. Styret blir offisielt valg p\u00e5 \u00e5rsm\u00f8tet i januar, etter innstilling fra valgkomit\u00e9en. Det er ogs\u00e5 flere andre komit\u00e9er som har ansvar for hvert sitt omr\u00e5de. Ogs\u00e5 komit\u00e9ene blir innstilt av valgkomit\u00e9en.<\/em><\/p>\n\n\n\n<hr class=\"wp-block-coblocks-dynamic-separator is-style-fullwidth\" style=\"height:50px\" \/>\n\n\n\n<p>Organisasjonsstruktur:<\/p>\n\n\n\n<figure class=\"wp-block-image size-large\"><img loading=\"lazy\" decoding=\"async\" width=\"2496\" height=\"1002\" src=\"https:\/\/ntnui.no\/roing\/wp-content\/uploads\/sites\/239\/2022\/01\/Skjermbilde-2022-01-07-kl.-12.10.59.png\" alt=\"\" class=\"wp-image-23310\" \/><\/figure>\n\n\n\n<p>Styret leder NTNUI Roings virksomhet og skal ha f\u00f8lgende sammensetning, der hvert av medlemmene binder seg i utgangspunktet for ett \u00e5r. Styret har i utgangspunktet m\u00f8teplikt p\u00e5\u030a alle styrem\u00f8ter. 3 av de ordin\u00e6re medlemmene i styret m\u00e5\u030a v\u00e6re tilstede f\u00f8r beslutninger som har innvirkning p\u00e5\u030a gruppens \u00f8konomi, kan fattes. Ved avstemninger som ender likt vil leders stemme telle som en dobbeltstemme.<\/p>\n\n\n\n<p>Det skal skrives referat fra hvert styrem\u00f8te. Disse referatene skal offentliggj\u00f8res.<\/p>\n\n\n\n<p>Styret kan til enhver tid opprette komit\u00e9er. Dersom en komit\u00e9 har levetid lengre enn ett \u00e5r skal det gis informasjon om denne p\u00e5\u030a neste \u00e5rsm\u00f8te. Permanente komit\u00e9er skal ha vedtekter vedtatt av \u00e5rsm\u00f8tet.<\/p>\n\n\n\n<ol class=\"wp-block-list\"><li><strong>Leder<\/strong>. Har hovedansvaret for gruppa og dens medlemmer.<\/li><li><strong>Nestleder\/Sportslig ansvarlig.<\/strong> Har hovedansvaret for den sportslige driften av klubben. Stedfortreder for leder.<\/li><li><strong>Kasserer.<\/strong> Har ansvar for \u00e5 f\u00f8re regnskap, samt \u00e5 holde gruppas \u00f8konomiske forpliktelser.<\/li><li><strong>Dugnadsansvarlig\/materialforvalter.<\/strong> Ansvar for at b\u00e5tene, og alt annet materiell er i god stand. Samt drifting\/arrangering av alle dugnader rogruppa har.<\/li><li><strong>3 Styremedlemmer<\/strong>. Oppgavene til et medlem vil v\u00e6re \u00e5 hjelpe andre styremedlemmer med deres ansvarsomr\u00e5der, samt at de vil kunne f\u00e5 tildelt sine egne mindre ansvarsomr\u00e5der. Et eksempel p\u00e5 ansvarsfordeling, som har v\u00e6rt brukt de siste \u00e5rene:<ol><li><strong>Sponsoransvarlig<\/strong>: Har ansvaret for at gruppas relasjoner med sponsorer er velpleide, at gruppa er attraktiv for nye sponsorer og \u00e5 skaffe \u00f8konomisk st\u00f8tte til gruppa gjennom \u00e5 s\u00f8ke diverse fond o.l.<\/li><li><strong>PR- og Webansvarlig<\/strong>: Teknisk og kreativt ansvar for hjemmesidene, informasjonsmateriell og gruppas andre sosiale medier.<\/li><li><strong>Sosialansvarlig<\/strong>: Leder for supergruppa.<\/li><\/ol><\/li><\/ol>\n","protected":false},"excerpt":{"rendered":"<p>Det sittende styret har ansvaret for klubbens daglige drift og det overordnede ansvaret for alt som skjer i gruppen. Styret blir offisielt valg p\u00e5 \u00e5rsm\u00f8tet i januar, etter innstilling fra valgkomit\u00e9en. Det er ogs\u00e5 flere andre komit\u00e9er som har ansvar for hvert sitt omr\u00e5de. Ogs\u00e5 komit\u00e9ene blir innstilt av valgkomit\u00e9en. Organisasjonsstruktur: Styret leder NTNUI Roings [&hellip;]<\/p>\n","protected":false},"author":290,"featured_media":0,"parent":0,"menu_order":0,"comment_status":"closed","ping_status":"closed","template":"","meta":{"_coblocks_attr":"Arvo","_coblocks_dimensions":"","_coblocks_responsive_height":"","_coblocks_accordion_ie_support":"","_price":"","_stock":"","_tribe_ticket_header":"","_tribe_default_ticket_provider":"","_tribe_ticket_capacity":"0","_ticket_start_date":"","_ticket_end_date":"","_tribe_ticket_show_description":"","_tribe_ticket_show_not_going":false,"_tribe_ticket_use_global_stock":"","_tribe_ticket_global_stock_level":"","_global_stock_mode":"","_global_stock_cap":"","_tribe_rsvp_for_event":"","_tribe_ticket_going_count":"","_tribe_ticket_not_going_count":"","_tribe_tickets_list":[],"_tribe_ticket_has_attendee_info_fields":false,"footnotes":""},"class_list":["post-23218","page","type-page","status-publish","hentry"],"featured_image_src":null,"featured_image_src_square":null,"jetpack_sharing_enabled":true,"ticketed":false,"_links":{"self":[{"href":"https:\/\/ntnui.no\/roing\/wp-json\/wp\/v2\/pages\/23218","targetHints":{"allow":["GET"]}}],"collection":[{"href":"https:\/\/ntnui.no\/roing\/wp-json\/wp\/v2\/pages"}],"about":[{"href":"https:\/\/ntnui.no\/roing\/wp-json\/wp\/v2\/types\/page"}],"author":[{"embeddable":true,"href":"https:\/\/ntnui.no\/roing\/wp-json\/wp\/v2\/users\/290"}],"replies":[{"embeddable":true,"href":"https:\/\/ntnui.no\/roing\/wp-json\/wp\/v2\/comments?post=23218"}],"version-history":[{"count":10,"href":"https:\/\/ntnui.no\/roing\/wp-json\/wp\/v2\/pages\/23218\/revisions"}],"predecessor-version":[{"id":23354,"href":"https:\/\/ntnui.no\/roing\/wp-json\/wp\/v2\/pages\/23218\/revisions\/23354"}],"wp:attachment":[{"href":"https:\/\/ntnui.no\/roing\/wp-json\/wp\/v2\/media?parent=23218"}],"curies":[{"name":"wp","href":"https:\/\/api.w.org\/{rel}","templated":true}]}}