{"id":22950,"date":"2022-01-05T20:06:43","date_gmt":"2022-01-05T19:06:43","guid":{"rendered":"https:\/\/ntnui.no\/roing\/?page_id=22950"},"modified":"2023-01-20T12:37:00","modified_gmt":"2023-01-20T11:37:00","slug":"nm","status":"publish","type":"page","link":"https:\/\/ntnui.no\/roing\/nm\/","title":{"rendered":"Innend\u00f8rsmesterskapene i roing 2023"},"content":{"rendered":"\n<div class=\"wp-block-cover alignfull has-background-dim\" style=\"background-image:url(https:\/\/ntnui.no\/roing\/wp-content\/uploads\/sites\/239\/2022\/01\/Skjermbilde-2022-01-05-kl.-20.10.12.png)\"><div class=\"wp-block-cover__inner-container is-layout-flow wp-block-cover-is-layout-flow\">\n<div class=\"wp-block-columns alignfull is-layout-flex wp-container-core-columns-is-layout-1 wp-block-columns-is-layout-flex\">\n<div class=\"wp-block-column is-layout-flow wp-block-column-is-layout-flow\">\n<p><img loading=\"lazy\" decoding=\"async\" width=\"1080\" height=\"1080\" class=\"wp-image-23088\" style=\"width: 200px\" src=\"https:\/\/ntnui.no\/roing\/wp-content\/uploads\/sites\/239\/2022\/01\/7.png\" alt=\"\"><\/p>\n<\/div>\n\n\n\n<div class=\"wp-block-column is-layout-flow wp-block-column-is-layout-flow\">\n<p class=\"has-text-align-right\"><img loading=\"lazy\" decoding=\"async\" width=\"1080\" height=\"1080\" class=\"wp-image-23089\" style=\"width: 150px\" src=\"https:\/\/ntnui.no\/roing\/wp-content\/uploads\/sites\/239\/2022\/01\/8.png\" alt=\"\"><\/p>\n<\/div>\n<\/div>\n\n\n\n<p class=\"has-text-align-center\" style=\"font-size:45px\">MESTERSKAPENE<br>I INNEND\u00d8RSROING<\/p>\n\n\n\n<p class=\"has-text-align-center has-huge-font-size\"><span class=\"has-inline-color has-gray-color\">14. januar 2023<\/span><\/p>\n<\/div><\/div>\n\n\n\n<p class=\"has-text-align-center\">NTNUI Roing har gleden av \u00e5 invitere til norgesmesterskapene i roing 2023!<br><br>Endelig skal vi arrangere fysisk norgesmesterskap i Trondheim. <br><br>Mesterskapet vil avholdes i Dragvollhallen, en liten busstur utenfor Trondheim<br>sentrum. Det jobbes for tiden iherdig med planlegging av b\u00e5de<br>Norgesmesterskap for alle landets roklubber, men ogs\u00e5 \u00e5pent mesterskap for<br>linjeforeninger, treningssentre, masters og junior! <br>Utover dette kan komit\u00e9en annonsere at det vil bil avholdt bankett, b\u00e5de for de over og under 18 \u00e5r.<\/p>\n\n\n\n<div style=\"text-align:center\" class=\"wp-block-atomic-blocks-ab-button ab-block-button\"><a href=\"https:\/\/www.facebook.com\/events\/1116406172583934\" target=\"_blank\" rel=\"noopener noreferrer\" class=\"ab-button ab-button-shape-rounded ab-button-size-medium\" style=\"color:#ffffff;background-color:#3a7c08\">Facebook arrangement<\/a><\/div>\n\n\n\n<p class=\"has-text-align-center\"><br>&#8211; Haakon Halstensen,<br>Leder av C2NM-komit\u00e9en<br>haakon.halstensen@ntnui.no<\/p>\n\n\n\n<hr class=\"wp-block-coblocks-dynamic-separator is-style-fullwidth\" style=\"height:50px\" \/>\n\n\n\n<div class=\"wp-block-columns is-layout-flex wp-container-core-columns-is-layout-2 wp-block-columns-is-layout-flex\">\n<div class=\"wp-block-column is-layout-flow wp-block-column-is-layout-flow\">\n<div class=\"wp-block-buttons is-layout-flex wp-block-buttons-is-layout-flex\">\n<div class=\"wp-block-button\"><a class=\"wp-block-button__link\" href=\"https:\/\/docs.google.com\/document\/d\/19xggCMYWgs7PSORuixhqoewUhfoYWsnC3c6hv_OV0gc\/edit?fbclid=IwAR3hgA8bSunPSgUVLhBxdUMMFS9cqtd5gIpVSKJh9JuEpiO5pk1714sTa4g\" target=\"_blank\" rel=\"noreferrer noopener\"><img loading=\"lazy\" decoding=\"async\" width=\"1080\" height=\"1080\" class=\"wp-image-23024\" style=\"width: 100px\" src=\"https:\/\/ntnui.no\/roing\/wp-content\/uploads\/sites\/239\/2022\/01\/Untitled-design-2.png\" alt=\"\"><br>Invitasjon<\/a><\/div>\n<\/div>\n<\/div>\n\n\n\n<div class=\"wp-block-column is-layout-flow wp-block-column-is-layout-flow\">\n<div class=\"wp-block-buttons is-layout-flex wp-block-buttons-is-layout-flex\">\n<div class=\"wp-block-button\"><a class=\"wp-block-button__link\" href=\"https:\/\/drive.google.com\/file\/d\/101AXcuIwM_K343ZeDK-0njLh18tEQH0i\/view?fbclid=IwAR0k85I_dPs5uvJmZ9DZ6zF47tnhk5R461jI8399S12Rk8zRo8PVOjLsrFw\" target=\"_blank\" rel=\"noreferrer noopener\"><img loading=\"lazy\" decoding=\"async\" width=\"1080\" height=\"1080\" class=\"wp-image-23029\" style=\"width: 100px\" src=\"https:\/\/ntnui.no\/roing\/wp-content\/uploads\/sites\/239\/2022\/01\/2.png\" alt=\"\"><br>P\u00e5meldings-<br>guide<\/a><\/div>\n<\/div>\n<\/div>\n\n\n\n<div class=\"wp-block-column is-layout-flow wp-block-column-is-layout-flow\">\n<div class=\"wp-block-buttons is-layout-flex wp-block-buttons-is-layout-flex\">\n<div class=\"wp-block-button\"><a class=\"wp-block-button__link\" href=\"https:\/\/ntnui.no\/roing\/trekningsliste-2023\/\"><img loading=\"lazy\" decoding=\"async\" width=\"1080\" height=\"1080\" class=\"wp-image-23139\" style=\"width: 100px\" src=\"https:\/\/ntnui.no\/roing\/wp-content\/uploads\/sites\/239\/2022\/01\/8-1.png\" alt=\"\"><br>Trekningsliste<\/a><\/div>\n<\/div>\n<\/div>\n<\/div>\n\n\n\n<div class=\"wp-block-columns is-layout-flex wp-container-core-columns-is-layout-3 wp-block-columns-is-layout-flex\">\n<div class=\"wp-block-column is-layout-flow wp-block-column-is-layout-flow\">\n<div class=\"wp-block-buttons is-layout-flex wp-block-buttons-is-layout-flex\">\n<div class=\"wp-block-button\"><a class=\"wp-block-button__link\" href=\"https:\/\/docs.google.com\/spreadsheets\/d\/1m6PFEEvCCxnjD5wPeTmB7-gjer1IzPFxBpC0nKYAg6c\/edit?fbclid=IwAR0Nx8rA3JS7ixE_O3ksl8aTQKNbz8KDsl70tFDRRchmzD51lIqUoeZsIcg#gid=0\" target=\"_blank\" rel=\"noreferrer noopener\"><img loading=\"lazy\" decoding=\"async\" width=\"1080\" height=\"1080\" class=\"wp-image-23040\" style=\"width: 100px\" src=\"https:\/\/ntnui.no\/roing\/wp-content\/uploads\/sites\/239\/2022\/01\/6.png\" alt=\"\"><br>Resultater<\/a><\/div>\n<\/div>\n<\/div>\n\n\n\n<div class=\"wp-block-column is-layout-flow wp-block-column-is-layout-flow\">\n<div class=\"wp-block-buttons is-layout-flex wp-block-buttons-is-layout-flex\">\n<div class=\"wp-block-button is-style-fill\"><a class=\"wp-block-button__link\" href=\"\" target=\"_blank\" rel=\"noreferrer noopener\"><img loading=\"lazy\" decoding=\"async\" width=\"1080\" height=\"1080\" class=\"wp-image-23041\" style=\"width: 100px\" src=\"https:\/\/ntnui.no\/roing\/wp-content\/uploads\/sites\/239\/2022\/01\/5.png\" alt=\"\"><br>FAQ<\/a><\/div>\n<\/div>\n<\/div>\n\n\n\n<div class=\"wp-block-column is-layout-flow wp-block-column-is-layout-flow\">\n<div class=\"wp-block-buttons is-layout-flex wp-block-buttons-is-layout-flex\">\n<div class=\"wp-block-button\"><a class=\"wp-block-button__link\" href=\"https:\/\/regatta.roing.no\/?regatta=nme2023\" target=\"_blank\" rel=\"noreferrer noopener\"><img loading=\"lazy\" decoding=\"async\" width=\"1080\" height=\"1080\" class=\"wp-image-23140\" style=\"width: 100px\" src=\"https:\/\/ntnui.no\/roing\/wp-content\/uploads\/sites\/239\/2022\/01\/9.png\" alt=\"\"><br>P\u00e5melding<\/a><\/div>\n<\/div>\n<\/div>\n<\/div>\n\n\n\n<div class=\"wp-block-cover alignfull has-background-dim has-parallax\" style=\"background-image:url(https:\/\/ntnui.no\/roing\/wp-content\/uploads\/sites\/239\/2022\/01\/Skjermbilde-2022-01-06-kl.-14.53.43.png)\"><div class=\"wp-block-cover__inner-container is-layout-flow wp-block-cover-is-layout-flow\">\n<p class=\"has-custom-font\" style=\"font-family:Rubik;font-size:27px\"><strong>Sponsorer og samarbeidspartnere:<\/strong><\/p>\n\n\n\n<div class=\"wp-block-buttons is-layout-flex wp-block-buttons-is-layout-flex\">\n<div class=\"wp-block-button\"><a class=\"wp-block-button__link\" href=\"https:\/\/www.sparebank1.no\/nb\/smn\/privat.html\" target=\"_blank\" rel=\"noreferrer noopener\"><img loading=\"lazy\" decoding=\"async\" width=\"1018\" height=\"231\" class=\"wp-image-24193\" style=\"width: 500px\" src=\"https:\/\/ntnui.no\/roing\/wp-content\/uploads\/sites\/239\/2023\/01\/rgb_SB1_SMN_verti_bw_neg.png\" alt=\"\"><\/a><\/div>\n<\/div>\n\n\n\n<div class=\"wp-block-columns are-vertically-aligned-center is-layout-flex wp-container-core-columns-is-layout-4 wp-block-columns-is-layout-flex\">\n<div class=\"wp-block-column is-vertically-aligned-center is-layout-flow wp-block-column-is-layout-flow\">\n<div class=\"wp-block-buttons is-layout-flex wp-block-buttons-is-layout-flex\">\n<div class=\"wp-block-button\"><a class=\"wp-block-button__link has-medium-gray-background-color has-background\" style=\"border-radius:10px\"><img loading=\"lazy\" decoding=\"async\" width=\"575\" height=\"431\" class=\"wp-image-23074\" style=\"width: 150px\" src=\"https:\/\/ntnui.no\/roing\/wp-content\/uploads\/sites\/239\/2022\/01\/iad_7845450447115664850ci2_300dpi.png\" alt=\"\"><\/a><\/div>\n<\/div>\n<\/div>\n\n\n\n<div class=\"wp-block-column is-vertically-aligned-center is-layout-flow wp-block-column-is-layout-flow\">\n<div class=\"wp-block-buttons is-layout-flex wp-block-buttons-is-layout-flex\">\n<div class=\"wp-block-button\"><a class=\"wp-block-button__link has-medium-gray-background-color has-background\" style=\"border-radius:10px\"><img loading=\"lazy\" decoding=\"async\" width=\"1024\" height=\"527\" class=\"wp-image-23075\" style=\"width: 150px\" src=\"https:\/\/ntnui.no\/roing\/wp-content\/uploads\/sites\/239\/2022\/01\/1024px-Leroy_logo.svg_.png\" alt=\"\"><\/a><\/div>\n<\/div>\n<\/div>\n\n\n\n<div class=\"wp-block-column is-vertically-aligned-center is-layout-flow wp-block-column-is-layout-flow\">\n<div class=\"wp-block-buttons is-layout-flex wp-block-buttons-is-layout-flex\">\n<div class=\"wp-block-button\"><a class=\"wp-block-button__link\" style=\"border-radius:10px\"><img loading=\"lazy\" decoding=\"async\" width=\"225\" height=\"225\" class=\"wp-image-23076\" style=\"width: 150px\" src=\"https:\/\/ntnui.no\/roing\/wp-content\/uploads\/sites\/239\/2022\/01\/last-ned.png\" alt=\"\"><\/a><\/div>\n<\/div>\n<\/div>\n<\/div>\n<\/div><\/div>\n\n\n\n<div class=\"wp-block-columns is-layout-flex wp-container-core-columns-is-layout-5 wp-block-columns-is-layout-flex\">\n<div class=\"wp-block-column is-layout-flow wp-block-column-is-layout-flow\">\n<p style=\"font-size:18px\"><strong>Mesterskapene<\/strong><br><strong> i innend\u00f8rsroing 2023 <\/strong><br>Arrangeres av: <br>NTNUI Roing<br>Org nr: 975728773<\/p>\n<\/div>\n\n\n\n<div class=\"wp-block-column is-layout-flow wp-block-column-is-layout-flow\">\n<p><strong>Postadresse:<\/strong><br><br>NTNUI Roing<br>Christian Frederiks gate 20<br>7030 Trondheim <\/p>\n<\/div>\n\n\n\n<div class=\"wp-block-column is-layout-flow wp-block-column-is-layout-flow\">\n<p class=\"has-text-align-left\" style=\"font-size:18px\"><strong>Kontaktinfo<\/strong>:<br><br>Epost: <a href=\"mailto:roing-nm@ntnui.no\">roing-nm@ntnui.no<\/a><br><\/p>\n<\/div>\n<\/div>\n\n\n<div class=\"wp-block-atomic-blocks-ab-sharing ab-block-sharing ab-share-icon-text ab-share-shape-circular ab-share-size-medium ab-share-color-standard \">\n\t\t\t<ul class=\"ab-share-list\"><li>\n\t\t\t<a\n\t\t\t\thref=\"javascript:void(0)\" onClick=\"javascript:atomicBlocksShare('http:\/\/twitter.com\/share?text=Innend\u00f8rsmesterskapene%20i%20roing%202023&#038;url=https:\/\/ntnui.no\/roing\/nm\/', 'Del p\u00e5 Twitter', '600', '600')\"\n\t\t\t\tclass=\"ab-share-twitter\"\n\t\t\t\ttitle=\"Del p\u00e5 Twitter\">\n\t\t\t\t<i class=\"fab fa-twitter\"><\/i> <span class=\"ab-social-text\">Del p\u00e5 Twitter<\/span>\n\t\t\t<\/a>\n\t\t<\/li><li>\n\t\t\t\t<a\n\t\t\t\t\thref=\"javascript:void(0)\" onClick=\"javascript:atomicBlocksShare('https:\/\/www.facebook.com\/sharer\/sharer.php?u=https:\/\/ntnui.no\/roing\/nm\/&#038;title=Innend\u00f8rsmesterskapene%20i%20roing%202023', 'Del p\u00e5 Facebook', '600', '600')\"\n\t\t\t\t\tclass=\"ab-share-facebook\"\n\t\t\t\t\ttitle=\"Del p\u00e5 Facebook\">\n\t\t\t\t\t<i class=\"fab fa-facebook-f\"><\/i> <span class=\"ab-social-text\">Del p\u00e5 Facebook<\/span>\n\t\t\t\t<\/a>\n\t\t\t<\/li><\/ul>\n\t\t<\/div>\n\n\n<p><\/p>\n","protected":false},"excerpt":{"rendered":"<p>NTNUI Roing har gleden av \u00e5 invitere til norgesmesterskapene i roing 2023! Endelig skal vi arrangere fysisk norgesmesterskap i Trondheim. Mesterskapet vil avholdes i Dragvollhallen, en liten busstur utenfor Trondheimsentrum. Det jobbes for tiden iherdig med planlegging av b\u00e5deNorgesmesterskap for alle landets roklubber, men ogs\u00e5 \u00e5pent mesterskap forlinjeforeninger, treningssentre, masters og junior! Utover dette kan [&hellip;]<\/p>\n","protected":false},"author":290,"featured_media":0,"parent":0,"menu_order":0,"comment_status":"closed","ping_status":"closed","template":"","meta":{"_coblocks_attr":"Noto Sans,Merriweather,Noto Serif,Asap,Faustina,Fira Sans,Lato,Arial,Anton,Montserrat,Oswald,Rubik,Arvo,Lora,Noto Sans","_coblocks_dimensions":"","_coblocks_responsive_height":"","_coblocks_accordion_ie_support":"","_price":"","_stock":"","_tribe_ticket_header":"","_tribe_default_ticket_provider":"","_tribe_ticket_capacity":"0","_ticket_start_date":"","_ticket_end_date":"","_tribe_ticket_show_description":"","_tribe_ticket_show_not_going":false,"_tribe_ticket_use_global_stock":"","_tribe_ticket_global_stock_level":"","_global_stock_mode":"","_global_stock_cap":"","_tribe_rsvp_for_event":"","_tribe_ticket_going_count":"","_tribe_ticket_not_going_count":"","_tribe_tickets_list":[],"_tribe_ticket_has_attendee_info_fields":false,"footnotes":""},"class_list":["post-22950","page","type-page","status-publish","hentry"],"featured_image_src":null,"featured_image_src_square":null,"jetpack_sharing_enabled":true,"ticketed":false,"_links":{"self":[{"href":"https:\/\/ntnui.no\/roing\/wp-json\/wp\/v2\/pages\/22950","targetHints":{"allow":["GET"]}}],"collection":[{"href":"https:\/\/ntnui.no\/roing\/wp-json\/wp\/v2\/pages"}],"about":[{"href":"https:\/\/ntnui.no\/roing\/wp-json\/wp\/v2\/types\/page"}],"author":[{"embeddable":true,"href":"https:\/\/ntnui.no\/roing\/wp-json\/wp\/v2\/users\/290"}],"replies":[{"embeddable":true,"href":"https:\/\/ntnui.no\/roing\/wp-json\/wp\/v2\/comments?post=22950"}],"version-history":[{"count":114,"href":"https:\/\/ntnui.no\/roing\/wp-json\/wp\/v2\/pages\/22950\/revisions"}],"predecessor-version":[{"id":24200,"href":"https:\/\/ntnui.no\/roing\/wp-json\/wp\/v2\/pages\/22950\/revisions\/24200"}],"wp:attachment":[{"href":"https:\/\/ntnui.no\/roing\/wp-json\/wp\/v2\/media?parent=22950"}],"curies":[{"name":"wp","href":"https:\/\/api.w.org\/{rel}","templated":true}]}}