{"id":17193,"date":"2019-08-26T09:49:09","date_gmt":"2019-08-26T09:49:09","guid":{"rendered":"https:\/\/ntnui.no\/roing\/?page_id=17193"},"modified":"2020-05-13T17:48:09","modified_gmt":"2020-05-13T17:48:09","slug":"regler-for-roing-pa-vannet","status":"publish","type":"page","link":"https:\/\/ntnui.no\/roing\/regler-for-roing-pa-vannet\/","title":{"rendered":"Regler for roing p\u00e5 vannet"},"content":{"rendered":"\n<p>Roing p\u00e5 vannet foreg\u00e5r vanligvis p\u00e5 Nidelven, men ogs\u00e5 Trondheimsfjorden og kanalen p\u00e5 Skansen regnes inn under det daglige ro-omr\u00e5det. Roing i b\u00e5ter der deler av mannskapet er uerfarne skal foreg\u00e5 p\u00e5 Nidelven. P\u00e5 sommeren og h\u00f8sten skjer ofte roingen p\u00e5 Jonsvatnet. For roing andre steder kreves det avklaring med styret.<\/p>\n\n\n\n<p>For \u00e5 kunne ro m\u00e5 minst en person i b\u00e5ten v\u00e6re en erfaren roer som er kjent med&nbsp;<a href=\"https:\/\/drive.google.com\/open?id=0B2adBE0fZq74WW9ROWh5N21HcDA\">Sikkerhetsreglementet<\/a>&nbsp;samt grunner og trafikkregler. I tillegg ligger det begrensninger p\u00e5 de ulike b\u00e5tene og hva slags mannskap de beh\u00f8ver. Disse begrensningene og en liste over roere og deres kvalifikasjoner finnes i dette&nbsp;<a rel=\"noreferrer noopener\" href=\"https:\/\/docs.google.com\/spreadsheets\/d\/15WvmbFxQGo1MQo7NFdiV1gmtRHv8u2qhqyHsylyWhxc\/edit?usp=sharing\" target=\"_blank\">dokumentet<\/a>.<\/p>\n\n\n\n<p>For eventuelle sp\u00f8rsm\u00e5l ang\u00e5ende booking og materiell i klubben skal materialansvarlig kontaktes. <\/p>\n\n\n\n<p>Roing p\u00e5 Nidelven skal bare skje n\u00e5r\u00a0<a rel=\"noreferrer noopener\" href=\"http:\/\/trondheimhavn.no\/tidevannstabell.aspx\" target=\"_blank\">vannstand<\/a>\u00a0er over 2m. Det er ikke tillatt \u00e5 ro n\u00e5r det er m\u00f8rkt, s\u00e5 all roing skal skje mellom\u00a0<a rel=\"noreferrer noopener\" href=\"http:\/\/www.timeanddate.com\/worldclock\/astronomy.html?n=288\" target=\"_blank\">soloppgang og solnedgang<\/a>. Framgangsm\u00e5te for hvordan en skal ro p\u00e5 elva p\u00e5 elva og hvordan en skal coxe finne du her:\u00a0<a href=\"https:\/\/drive.google.com\/open?id=0B2adBE0fZq74ZGJaYnRVYXJ2OGs\" target=\"_blank\" rel=\"noreferrer noopener\">Coxing<\/a><a rel=\"noreferrer noopener\" href=\"https:\/\/drive.google.com\/open?id=0B2adBE0fZq74ZGJaYnRVYXJ2OGs\" target=\"_blank\"> p\u00e5 Nidelva<\/a><\/p>\n\n\n\n<p>Vinterroing er risikabelt og strenger retningslinjer skal f\u00f8lges. Sportslig ansvarlig i klubben skal kontaktes ved eventuell roing og det skal godkjennes for roing starter. Reglene for vinterroing finner du her:&nbsp;<a href=\"https:\/\/drive.google.com\/open?id=0B2adBE0fZq74M25YMGFLREVHVjQ\" target=\"_blank\" rel=\"noreferrer noopener\">Vinterroing NTNU<\/a><\/p>\n\n\n\n<p>Nedenfor ser vi kj\u00f8rereglene som gjelder p\u00e5 Jonsvannet. Det er viktig \u00e5 studere denne n\u00f8ye og ikke v\u00e6re i tvil n\u00e5r man er ute p\u00e5 vannet!<\/p>\n\n\n\n<div class=\"wp-block-coblocks-gallery-carousel\"><div class=\"is-cropped coblocks-gallery has-no-alignment has-border-radius-7 has-caption-style-dark has-horizontal-gutter\"><div class=\"has-carousel has-carousel-lrg\" style=\"height:700px\" data-flickity=\"{&quot;autoPlay&quot;:false,&quot;draggable&quot;:true,&quot;pageDots&quot;:false,&quot;prevNextButtons&quot;:true,&quot;wrapAround&quot;:true,&quot;cellAlign&quot;:&quot;center&quot;,&quot;pauseAutoPlayOnHover&quot;:false,&quot;freeScroll&quot;:false,&quot;arrowShape&quot;:{&quot;x0&quot;:10,&quot;x1&quot;:60,&quot;y1&quot;:50,&quot;x2&quot;:65,&quot;y2&quot;:45,&quot;x3&quot;:20},&quot;thumbnails&quot;:false,&quot;responsiveHeight&quot;:false}\"><div class=\"coblocks-gallery--item\"><figure class=\"coblocks-gallery--figure has-margin-left-5 has-margin-left-mobile-5 has-margin-right-5 has-margin-right-mobile-5\"><img loading=\"lazy\" decoding=\"async\" width=\"530\" height=\"710\" src=\"https:\/\/ntnui.no\/roing\/wp-content\/uploads\/sites\/239\/2020\/05\/Kj\u00f8reregler-Jonsvannet-3.png\" alt=\"\" data-id=\"22524\" data-link=\"https:\/\/ntnui.no\/roing\/regler-for-roing-pa-vannet\/kjoreregler-jonsvannet-3\/\" class=\"wp-image-22524\" srcset=\"https:\/\/ntnui.no\/roing\/wp-content\/uploads\/sites\/239\/2020\/05\/Kj\u00f8reregler-Jonsvannet-3.png 530w, https:\/\/ntnui.no\/roing\/wp-content\/uploads\/sites\/239\/2020\/05\/Kj\u00f8reregler-Jonsvannet-3-224x300.png 224w\" sizes=\"auto, (max-width: 530px) 100vw, 530px\" \/><\/figure><\/div><\/div><\/div><\/div>\n","protected":false},"excerpt":{"rendered":"<p>Roing p\u00e5 vannet foreg\u00e5r vanligvis p\u00e5 Nidelven, men ogs\u00e5 Trondheimsfjorden og kanalen p\u00e5 Skansen regnes inn under det daglige ro-omr\u00e5det. Roing i b\u00e5ter der deler av mannskapet er uerfarne skal foreg\u00e5 p\u00e5 Nidelven. P\u00e5 sommeren og h\u00f8sten skjer ofte roingen p\u00e5 Jonsvatnet. For roing andre steder kreves det avklaring med styret. For \u00e5 kunne ro [&hellip;]<\/p>\n","protected":false},"author":146,"featured_media":0,"parent":0,"menu_order":0,"comment_status":"closed","ping_status":"closed","template":"","meta":{"_coblocks_attr":"HelveticaTimes New Roman,Georgia,Abril Fatface,Barlow Condensed,","_coblocks_dimensions":"","_coblocks_responsive_height":"","_coblocks_accordion_ie_support":"","_price":"","_stock":"","_tribe_ticket_header":"","_tribe_default_ticket_provider":"","_tribe_ticket_capacity":"0","_ticket_start_date":"","_ticket_end_date":"","_tribe_ticket_show_description":"","_tribe_ticket_show_not_going":false,"_tribe_ticket_use_global_stock":"","_tribe_ticket_global_stock_level":"","_global_stock_mode":"","_global_stock_cap":"","_tribe_rsvp_for_event":"","_tribe_ticket_going_count":"","_tribe_ticket_not_going_count":"","_tribe_tickets_list":[],"_tribe_ticket_has_attendee_info_fields":false,"footnotes":""},"class_list":["post-17193","page","type-page","status-publish","hentry"],"featured_image_src":null,"featured_image_src_square":null,"jetpack_sharing_enabled":true,"ticketed":false,"_links":{"self":[{"href":"https:\/\/ntnui.no\/roing\/wp-json\/wp\/v2\/pages\/17193","targetHints":{"allow":["GET"]}}],"collection":[{"href":"https:\/\/ntnui.no\/roing\/wp-json\/wp\/v2\/pages"}],"about":[{"href":"https:\/\/ntnui.no\/roing\/wp-json\/wp\/v2\/types\/page"}],"author":[{"embeddable":true,"href":"https:\/\/ntnui.no\/roing\/wp-json\/wp\/v2\/users\/146"}],"replies":[{"embeddable":true,"href":"https:\/\/ntnui.no\/roing\/wp-json\/wp\/v2\/comments?post=17193"}],"version-history":[{"count":6,"href":"https:\/\/ntnui.no\/roing\/wp-json\/wp\/v2\/pages\/17193\/revisions"}],"predecessor-version":[{"id":22531,"href":"https:\/\/ntnui.no\/roing\/wp-json\/wp\/v2\/pages\/17193\/revisions\/22531"}],"wp:attachment":[{"href":"https:\/\/ntnui.no\/roing\/wp-json\/wp\/v2\/media?parent=17193"}],"curies":[{"name":"wp","href":"https:\/\/api.w.org\/{rel}","templated":true}]}}