{"id":83,"date":"2025-03-11T15:44:43","date_gmt":"2025-03-11T15:44:43","guid":{"rendered":"https:\/\/ntnui.no\/moment\/?page_id=83"},"modified":"2025-04-07T16:21:37","modified_gmt":"2025-04-07T16:21:37","slug":"kontakt-oss","status":"publish","type":"page","link":"https:\/\/ntnui.no\/politikk\/kontakt-oss\/","title":{"rendered":"Nyheter"},"content":{"rendered":"\n<div class=\"wp-block-media-text alignwide has-media-on-the-right is-stacked-on-mobile is-image-fill-element coblocks-animate\" style=\"grid-template-columns:auto 51%\" data-coblocks-animation=\"slideInRight\"><div class=\"wp-block-media-text__content\">\n<p class=\"has-large-font-size\"><strong>Frokostm\u00f8te &#8211; Sj\u00f8klubbhus p\u00e5 Nyhavna<\/strong><\/p>\n\n\n\n<p>4. april var det frokostm\u00f8te med tanke p\u00e5 utviklingen av et sj\u00f8klubbhus p\u00e5 Nyhavna. Dette ble en suksess, og du kan lese mer om det her:<\/p>\n\n\n\n<p><em>Bilde: Ocean Autonomy Cluster<\/em><\/p>\n\n\n\n<div class=\"wp-block-atomic-blocks-ab-button ab-block-button\"><a href=\"https:\/\/fi-nor.no\/studentmiljo-og-naeringsliv-samles-om-maritimt-studentsenter-pa-nyhavna\/\" class=\"ab-button ab-button-shape-rounded ab-button-size-medium\" style=\"color:#ffffff;background-color:#3373dc\">Link til artikkelen<\/a><\/div>\n<\/div><figure class=\"wp-block-media-text__media\"><img loading=\"lazy\" decoding=\"async\" width=\"1024\" height=\"576\" src=\"https:\/\/ntnui.no\/moment\/wp-content\/uploads\/sites\/305\/2025\/04\/Studenthus-Nyhavna-15-1024x576-1.jpg\" alt=\"\" class=\"wp-image-238 size-full\" style=\"object-position:50% 50%\" \/><\/figure><\/div>\n\n\n\n<div class=\"wp-block-media-text alignwide is-stacked-on-mobile coblocks-animate\" style=\"grid-template-columns:46% auto\" data-coblocks-animation=\"slideInLeft\"><figure class=\"wp-block-media-text__media\"><img loading=\"lazy\" decoding=\"async\" width=\"772\" height=\"793\" src=\"https:\/\/ntnui.no\/moment\/wp-content\/uploads\/sites\/305\/2025\/03\/studentidrettskonferanse-3.jpg\" alt=\"\" class=\"wp-image-201 size-full\" \/><\/figure><div class=\"wp-block-media-text__content\">\n<p class=\"has-large-font-size\"><strong>Studentidrettskonferansen 2025<\/strong><\/p>\n\n\n\n<p>4. februar ble det arrangert Norges f\u00f8rste studentidrettskonferanse p\u00e5 Studentersamfundet i Trondheim. Denne konferansen fungerte som en platform for \u00e5 diskutere idrettens rolle i studenttilv\u00e6relsen, og samlet entusiaster, eksperter, politikere, og studenter for \u00e5 dele innsikt og ideer.<\/p>\n\n\n\n<p><em>Bilde: Sit\/Borgar Sagbakken<\/em><\/p>\n\n\n\n<div class=\"wp-block-atomic-blocks-ab-button ab-block-button\"><a href=\"https:\/\/www.underdusken.no\/norges-studentidrettslag-ntnui-sport\/halvparten-av-alle-i-landet-pa-venteliste-studerer-i-trondheim\/330079\" class=\"ab-button ab-button-shape-rounded ab-button-size-medium\" style=\"color:#ffffff;background-color:#3373dc\">Link til artikkelen<\/a><\/div>\n<\/div><\/div>\n\n\n\n<div class=\"wp-block-media-text alignwide has-media-on-the-right is-stacked-on-mobile coblocks-animate\" style=\"grid-template-columns:auto 46%\" data-coblocks-animation=\"slideInRight\"><div class=\"wp-block-media-text__content\">\n<p class=\"has-large-font-size\"><strong>Studentcamp &#8211; Ski VM 2025<\/strong><\/p>\n\n\n\n<p>Under Ski VM i Trondheim fikk studentene en egen Studentcamp, som mange valgte \u00e5 benytte seg av for skape liv og folkefest, i tillegg til \u00e5 se idrett i verdensklasse selvf\u00f8lgelig.<\/p>\n\n\n\n<div class=\"wp-block-atomic-blocks-ab-button ab-block-button\"><a href=\"https:\/\/www.underdusken.no\/alkohol-bading-ski\/full-studentfest-under-ski-vm\/331627\" class=\"ab-button ab-button-shape-rounded ab-button-size-medium\" style=\"color:#ffffff;background-color:#3373dc\">Link til artikkelen<\/a><\/div>\n<\/div><figure class=\"wp-block-media-text__media\"><img loading=\"lazy\" decoding=\"async\" width=\"1000\" height=\"1000\" src=\"https:\/\/ntnui.no\/moment\/wp-content\/uploads\/sites\/305\/2025\/03\/Placeholder.jpg\" alt=\"\" class=\"wp-image-193 size-full\" \/><\/figure><\/div>\n\n\n\n<p><\/p>\n","protected":false},"excerpt":{"rendered":"","protected":false},"author":686,"featured_media":0,"parent":0,"menu_order":0,"comment_status":"closed","ping_status":"closed","template":"","meta":{"_coblocks_attr":"","_coblocks_dimensions":"","_coblocks_responsive_height":"","_coblocks_accordion_ie_support":"","_price":"","_stock":"","_tribe_ticket_header":"","_tribe_default_ticket_provider":"","_tribe_ticket_capacity":"0","_ticket_start_date":"","_ticket_end_date":"","_tribe_ticket_show_description":"","_tribe_ticket_show_not_going":false,"_tribe_ticket_use_global_stock":"","_tribe_ticket_global_stock_level":"","_global_stock_mode":"","_global_stock_cap":"","_tribe_rsvp_for_event":"","_tribe_ticket_going_count":"","_tribe_ticket_not_going_count":"","_tribe_tickets_list":[],"_tribe_ticket_has_attendee_info_fields":false,"footnotes":""},"class_list":["post-83","page","type-page","status-publish","hentry"],"featured_image_src":null,"featured_image_src_square":null,"_links":{"self":[{"href":"https:\/\/ntnui.no\/politikk\/wp-json\/wp\/v2\/pages\/83","targetHints":{"allow":["GET"]}}],"collection":[{"href":"https:\/\/ntnui.no\/politikk\/wp-json\/wp\/v2\/pages"}],"about":[{"href":"https:\/\/ntnui.no\/politikk\/wp-json\/wp\/v2\/types\/page"}],"author":[{"embeddable":true,"href":"https:\/\/ntnui.no\/politikk\/wp-json\/wp\/v2\/users\/686"}],"replies":[{"embeddable":true,"href":"https:\/\/ntnui.no\/politikk\/wp-json\/wp\/v2\/comments?post=83"}],"version-history":[{"count":12,"href":"https:\/\/ntnui.no\/politikk\/wp-json\/wp\/v2\/pages\/83\/revisions"}],"predecessor-version":[{"id":239,"href":"https:\/\/ntnui.no\/politikk\/wp-json\/wp\/v2\/pages\/83\/revisions\/239"}],"wp:attachment":[{"href":"https:\/\/ntnui.no\/politikk\/wp-json\/wp\/v2\/media?parent=83"}],"curies":[{"name":"wp","href":"https:\/\/api.w.org\/{rel}","templated":true}]}}