{"id":80,"date":"2025-03-11T15:42:56","date_gmt":"2025-03-11T15:42:56","guid":{"rendered":"https:\/\/ntnui.no\/moment\/?page_id=80"},"modified":"2025-08-07T09:46:09","modified_gmt":"2025-08-07T09:46:09","slug":"vare-prosjekter","status":"publish","type":"page","link":"https:\/\/ntnui.no\/politikk\/vare-prosjekter\/","title":{"rendered":"Prosjekter"},"content":{"rendered":"\n<p>Denne siden viser p\u00e5g\u00e5ende og tidligere prosjekter Politikk har jobbet med.<\/p>\n\n\n\n<div class=\"wp-block-media-text alignwide is-stacked-on-mobile coblocks-animate\" data-coblocks-animation=\"slideInLeft\"><figure class=\"wp-block-media-text__media\"><img loading=\"lazy\" decoding=\"async\" width=\"479\" height=\"377\" src=\"https:\/\/ntnui.no\/moment\/wp-content\/uploads\/sites\/305\/2025\/03\/Skjermbilde-2025-03-13-kl.-12.52.25.png\" alt=\"\" class=\"wp-image-177 size-full\" \/><\/figure><div class=\"wp-block-media-text__content\">\n<p class=\"has-large-font-size\">Nytt idrettsbygg i S.P. Andersens veg 23<\/p>\n<\/div><\/div>\n\n\n\n<div class=\"wp-block-media-text alignwide has-media-on-the-right is-stacked-on-mobile coblocks-animate\" data-coblocks-animation=\"slideInRight\"><div class=\"wp-block-media-text__content\">\n<p class=\"has-large-font-size\">Oppgradering av D\u00f8dens dal<\/p>\n\n\n\n<p style=\"font-size:15px\"><em>Foto: Leonie Richarz\/NTNUI (CC BY 4.0)<\/em><\/p>\n<\/div><figure class=\"wp-block-media-text__media\"><img loading=\"lazy\" decoding=\"async\" width=\"1279\" height=\"853\" src=\"https:\/\/ntnui.no\/moment\/wp-content\/uploads\/sites\/305\/2025\/03\/Dodens-bilde.jpg\" alt=\"\" class=\"wp-image-204 size-full\" \/><\/figure><\/div>\n\n\n\n<div class=\"wp-block-media-text alignwide is-stacked-on-mobile coblocks-animate\" data-coblocks-animation=\"slideInLeft\"><figure class=\"wp-block-media-text__media\"><img loading=\"lazy\" decoding=\"async\" width=\"1279\" height=\"853\" src=\"https:\/\/ntnui.no\/moment\/wp-content\/uploads\/sites\/305\/2025\/03\/Seiling.jpg\" alt=\"\" class=\"wp-image-205 size-full\" \/><\/figure><div class=\"wp-block-media-text__content\">\n<p class=\"has-large-font-size\">Nytt sj\u00f8klubbhus p\u00e5 Nyhavna <\/p>\n\n\n\n<p style=\"font-size:15px\"><em>Foto: Andreas Flo\/NTNUI (CC BY 4.0)<\/em><\/p>\n<\/div><\/div>\n\n\n\n<div class=\"wp-block-media-text alignwide has-media-on-the-right is-stacked-on-mobile coblocks-animate\" data-coblocks-animation=\"slideInRight\"><div class=\"wp-block-media-text__content\">\n<p class=\"has-large-font-size\">Gr\u00e5kallen Vinterpark<\/p>\n\n\n\n<p style=\"font-size:15px\"><em>Foto: ukjent fotograf\/NTNUI (CC BY 4.0)<\/em><\/p>\n<\/div><figure class=\"wp-block-media-text__media\"><img loading=\"lazy\" decoding=\"async\" width=\"1600\" height=\"900\" src=\"https:\/\/ntnui.no\/moment\/wp-content\/uploads\/sites\/305\/2025\/03\/GKVP.jpg\" alt=\"\" class=\"wp-image-206 size-full\" \/><\/figure><\/div>\n\n\n\n<div class=\"wp-block-media-text alignwide is-stacked-on-mobile coblocks-animate\" data-coblocks-animation=\"slideInLeft\"><figure class=\"wp-block-media-text__media\"><img loading=\"lazy\" decoding=\"async\" width=\"1280\" height=\"853\" src=\"https:\/\/ntnui.no\/moment\/wp-content\/uploads\/sites\/305\/2025\/04\/Svomming.jpg\" alt=\"\" class=\"wp-image-228 size-full\" \/><\/figure><div class=\"wp-block-media-text__content\">\n<p class=\"has-large-font-size\">Moholt Bydelsbasseng<\/p>\n\n\n\n<p style=\"font-size:15px\"><em>Foto: Leonie Richarz\/NTNUI (CC BY 4.0)<\/em><\/p>\n<\/div><\/div>\n\n\n\n<div class=\"wp-block-media-text alignwide has-media-on-the-right is-stacked-on-mobile coblocks-animate\" data-coblocks-animation=\"slideInRight\"><div class=\"wp-block-media-text__content\">\n<p class=\"has-large-font-size\">Kampsportsenter p\u00e5 Strindheim<\/p>\n\n\n\n<p style=\"font-size:15px\"><em>Foto: Leonie Richarz\/NTNUI (CC BY 4.0)<\/em><\/p>\n<\/div><figure class=\"wp-block-media-text__media\"><img loading=\"lazy\" decoding=\"async\" width=\"720\" height=\"960\" src=\"https:\/\/ntnui.no\/moment\/wp-content\/uploads\/sites\/305\/2025\/04\/Kampsport.jpg\" alt=\"\" class=\"wp-image-229 size-full\" \/><\/figure><\/div>\n","protected":false},"excerpt":{"rendered":"<p>Denne siden viser p\u00e5g\u00e5ende og tidligere prosjekter Politikk har jobbet med. Nytt idrettsbygg i S.P. Andersens veg 23 Oppgradering av D\u00f8dens dal Foto: Leonie Richarz\/NTNUI (CC BY 4.0) Nytt sj\u00f8klubbhus p\u00e5 Nyhavna Foto: Andreas Flo\/NTNUI (CC BY 4.0) Gr\u00e5kallen Vinterpark Foto: ukjent fotograf\/NTNUI (CC BY 4.0) Moholt Bydelsbasseng Foto: Leonie Richarz\/NTNUI (CC BY 4.0) Kampsportsenter [&hellip;]<\/p>\n","protected":false},"author":686,"featured_media":0,"parent":0,"menu_order":0,"comment_status":"closed","ping_status":"closed","template":"","meta":{"_coblocks_attr":"","_coblocks_dimensions":"","_coblocks_responsive_height":"","_coblocks_accordion_ie_support":"","_price":"","_stock":"","_tribe_ticket_header":"","_tribe_default_ticket_provider":"","_tribe_ticket_capacity":"0","_ticket_start_date":"","_ticket_end_date":"","_tribe_ticket_show_description":"","_tribe_ticket_show_not_going":false,"_tribe_ticket_use_global_stock":"","_tribe_ticket_global_stock_level":"","_global_stock_mode":"","_global_stock_cap":"","_tribe_rsvp_for_event":"","_tribe_ticket_going_count":"","_tribe_ticket_not_going_count":"","_tribe_tickets_list":[],"_tribe_ticket_has_attendee_info_fields":false,"footnotes":""},"class_list":["post-80","page","type-page","status-publish","hentry"],"featured_image_src":null,"featured_image_src_square":null,"_links":{"self":[{"href":"https:\/\/ntnui.no\/politikk\/wp-json\/wp\/v2\/pages\/80","targetHints":{"allow":["GET"]}}],"collection":[{"href":"https:\/\/ntnui.no\/politikk\/wp-json\/wp\/v2\/pages"}],"about":[{"href":"https:\/\/ntnui.no\/politikk\/wp-json\/wp\/v2\/types\/page"}],"author":[{"embeddable":true,"href":"https:\/\/ntnui.no\/politikk\/wp-json\/wp\/v2\/users\/686"}],"replies":[{"embeddable":true,"href":"https:\/\/ntnui.no\/politikk\/wp-json\/wp\/v2\/comments?post=80"}],"version-history":[{"count":12,"href":"https:\/\/ntnui.no\/politikk\/wp-json\/wp\/v2\/pages\/80\/revisions"}],"predecessor-version":[{"id":258,"href":"https:\/\/ntnui.no\/politikk\/wp-json\/wp\/v2\/pages\/80\/revisions\/258"}],"wp:attachment":[{"href":"https:\/\/ntnui.no\/politikk\/wp-json\/wp\/v2\/media?parent=80"}],"curies":[{"name":"wp","href":"https:\/\/api.w.org\/{rel}","templated":true}]}}