{"id":19,"date":"2019-01-10T17:38:32","date_gmt":"2019-01-10T17:38:32","guid":{"rendered":"https:\/\/ntnui.no\/moment2\/?page_id=19"},"modified":"2025-08-07T09:45:44","modified_gmt":"2025-08-07T09:45:44","slug":"treninger","status":"publish","type":"page","link":"https:\/\/ntnui.no\/politikk\/treninger\/","title":{"rendered":"Innsatsomr\u00e5der"},"content":{"rendered":"\n<p>Politikk jobber innenfor fire innsatsomr\u00e5der for \u00e5 forbedre effektivitet og organisering.<\/p>\n\n\n\n<div class=\"wp-block-media-text alignwide is-stacked-on-mobile coblocks-animate\" data-coblocks-animation=\"slideInLeft\"><figure class=\"wp-block-media-text__media\"><img loading=\"lazy\" decoding=\"async\" width=\"796\" height=\"439\" src=\"https:\/\/ntnui.no\/moment\/wp-content\/uploads\/sites\/305\/2025\/03\/horingntnui-1.png\" alt=\"\" class=\"wp-image-155 size-full\" \/><\/figure><div class=\"wp-block-media-text__content\">\n<p class=\"has-large-font-size\"><strong>H\u00f8ring<\/strong><\/p>\n\n\n\n<p>Denne undergruppen jobber med \u00e5 svare p\u00e5 h\u00f8ringer til forskjellige akt\u00f8rer p\u00e5 vegne av NTNUI, i samarbeid med Hovedstyret.<\/p>\n<\/div><\/div>\n\n\n\n<div class=\"wp-block-media-text alignwide has-media-on-the-right is-stacked-on-mobile coblocks-animate\" data-coblocks-animation=\"slideInRight\"><div class=\"wp-block-media-text__content\">\n<p class=\"has-large-font-size\"><strong>M\u00f8ter og representasjon<\/strong><\/p>\n\n\n\n<p>Denne undergruppen st\u00e5r ansvarlig for \u00e5 representere NTNUI p\u00e5 m\u00f8ter med eksterne akt\u00f8rer.<\/p>\n<\/div><figure class=\"wp-block-media-text__media\"><img loading=\"lazy\" decoding=\"async\" width=\"889\" height=\"582\" src=\"https:\/\/ntnui.no\/moment\/wp-content\/uploads\/sites\/305\/2025\/03\/meetings_ntnui-1-1.png\" alt=\"\" class=\"wp-image-156 size-full\" \/><\/figure><\/div>\n\n\n\n<div class=\"wp-block-media-text alignwide is-stacked-on-mobile coblocks-animate\" data-coblocks-animation=\"slideInLeft\"><figure class=\"wp-block-media-text__media\"><img loading=\"lazy\" decoding=\"async\" width=\"633\" height=\"517\" src=\"https:\/\/ntnui.no\/moment\/wp-content\/uploads\/sites\/305\/2025\/03\/student_democracyntnui-1.png\" alt=\"\" class=\"wp-image-158 size-full\" \/><\/figure><div class=\"wp-block-media-text__content\">\n<p class=\"has-large-font-size\"><strong>Studentdemokrati<\/strong><\/p>\n\n\n\n<p>Denne undergruppen har fokus p\u00e5 studentpolitikken i Trondheim, og jobber med langsiktig p\u00e5virkning og forankring for NTNUI og studentidretten. Samt \u00e5 holde foreningen oppdatert p\u00e5 viktige saker som p\u00e5virker NTNUI og idrett.<\/p>\n<\/div><\/div>\n\n\n\n<div class=\"wp-block-media-text alignwide has-media-on-the-right is-stacked-on-mobile coblocks-animate\" data-coblocks-animation=\"slideInRight\"><div class=\"wp-block-media-text__content\">\n<p class=\"has-large-font-size\"><strong>Anlegg<\/strong><\/p>\n\n\n\n<p>Denne undergruppen jobber med \u00e5 sikre framtidig tilgang til idrettsanlegg til nytte for NTNUIs medlemmer. Det jobbes med flere prosjekter som b\u00e5de er under planlegging og under konstruksjon.<\/p>\n<\/div><figure class=\"wp-block-media-text__media\"><img loading=\"lazy\" decoding=\"async\" width=\"882\" height=\"501\" src=\"https:\/\/ntnui.no\/moment\/wp-content\/uploads\/sites\/305\/2025\/03\/facilities_ntnui-1.png\" alt=\"\" class=\"wp-image-159 size-full\" \/><\/figure><\/div>\n","protected":false},"excerpt":{"rendered":"<p>Politikk jobber innenfor fire innsatsomr\u00e5der for \u00e5 forbedre effektivitet og organisering. H\u00f8ring Denne undergruppen jobber med \u00e5 svare p\u00e5 h\u00f8ringer til forskjellige akt\u00f8rer p\u00e5 vegne av NTNUI, i samarbeid med Hovedstyret. M\u00f8ter og representasjon Denne undergruppen st\u00e5r ansvarlig for \u00e5 representere NTNUI p\u00e5 m\u00f8ter med eksterne akt\u00f8rer. Studentdemokrati Denne undergruppen har fokus p\u00e5 studentpolitikken i [&hellip;]<\/p>\n","protected":false},"author":7,"featured_media":0,"parent":0,"menu_order":0,"comment_status":"closed","ping_status":"closed","template":"","meta":{"_coblocks_attr":"","_coblocks_dimensions":"","_coblocks_responsive_height":"","_coblocks_accordion_ie_support":"","_price":"","_stock":"","_tribe_ticket_header":"","_tribe_default_ticket_provider":"","_tribe_ticket_capacity":"0","_ticket_start_date":"","_ticket_end_date":"","_tribe_ticket_show_description":"","_tribe_ticket_show_not_going":false,"_tribe_ticket_use_global_stock":"","_tribe_ticket_global_stock_level":"","_global_stock_mode":"","_global_stock_cap":"","_tribe_rsvp_for_event":"","_tribe_ticket_going_count":"","_tribe_ticket_not_going_count":"","_tribe_tickets_list":[],"_tribe_ticket_has_attendee_info_fields":false,"footnotes":""},"class_list":["post-19","page","type-page","status-publish","hentry"],"featured_image_src":null,"featured_image_src_square":null,"_links":{"self":[{"href":"https:\/\/ntnui.no\/politikk\/wp-json\/wp\/v2\/pages\/19","targetHints":{"allow":["GET"]}}],"collection":[{"href":"https:\/\/ntnui.no\/politikk\/wp-json\/wp\/v2\/pages"}],"about":[{"href":"https:\/\/ntnui.no\/politikk\/wp-json\/wp\/v2\/types\/page"}],"author":[{"embeddable":true,"href":"https:\/\/ntnui.no\/politikk\/wp-json\/wp\/v2\/users\/7"}],"replies":[{"embeddable":true,"href":"https:\/\/ntnui.no\/politikk\/wp-json\/wp\/v2\/comments?post=19"}],"version-history":[{"count":6,"href":"https:\/\/ntnui.no\/politikk\/wp-json\/wp\/v2\/pages\/19\/revisions"}],"predecessor-version":[{"id":257,"href":"https:\/\/ntnui.no\/politikk\/wp-json\/wp\/v2\/pages\/19\/revisions\/257"}],"wp:attachment":[{"href":"https:\/\/ntnui.no\/politikk\/wp-json\/wp\/v2\/media?parent=19"}],"curies":[{"name":"wp","href":"https:\/\/api.w.org\/{rel}","templated":true}]}}