{"id":11,"date":"2019-01-10T17:36:42","date_gmt":"2019-01-10T17:36:42","guid":{"rendered":"https:\/\/ntnui.no\/moment2\/?page_id=11"},"modified":"2026-04-29T18:08:00","modified_gmt":"2026-04-29T18:08:00","slug":"styret","status":"publish","type":"page","link":"https:\/\/ntnui.no\/politikk\/styret\/","title":{"rendered":"Politikk 2025-26"},"content":{"rendered":"\n<div class=\"wp-block-media-text alignwide is-stacked-on-mobile coblocks-animate\" data-coblocks-animation=\"slideInRight\"><figure class=\"wp-block-media-text__media\"><img loading=\"lazy\" decoding=\"async\" width=\"2407\" height=\"3009\" src=\"https:\/\/ntnui.no\/politikk\/wp-content\/uploads\/sites\/305\/2025\/08\/2025-04-05-Andreas-Flo-Portretter-14.jpg\" alt=\"\" class=\"wp-image-244 size-full\" \/><\/figure><div class=\"wp-block-media-text__content\">\n<p class=\"has-large-font-size\"><strong>Njaal Ellegaard Melby<\/strong><\/p>\n\n\n\n<p><em>Leder<\/em><\/p>\n\n\n\n<p>Som leder tilser jeg at prosjektene v\u00e5re g\u00e5r i rett retning og til rett tid.<\/p>\n<\/div><\/div>\n\n\n\n<div class=\"wp-block-media-text alignwide has-media-on-the-right is-stacked-on-mobile coblocks-animate\" data-coblocks-animation=\"slideInLeft\"><div class=\"wp-block-media-text__content\">\n<p>Kontakt meg p\u00e5: politikk-nestleder@ntnui.no<\/p>\n\n\n\n<p class=\"has-large-font-size\"><strong>Mads Fuglesang \u00d8hra<\/strong><\/p>\n\n\n\n<p><em>Nestleder<\/em><\/p>\n\n\n\n<p>Som nestleder hjelper jeg leder med dens oppgaver og bidrar med st\u00f8tte der det er n\u00f8dvendig.<\/p>\n<\/div><figure class=\"wp-block-media-text__media\"><img loading=\"lazy\" decoding=\"async\" width=\"3239\" height=\"4859\" src=\"https:\/\/ntnui.no\/politikk\/wp-content\/uploads\/sites\/305\/2025\/08\/2024-04-10-AndreasFlo-HS-Portretter-Hvit-6.jpg\" alt=\"\" class=\"wp-image-245 size-full\" \/><\/figure><\/div>\n\n\n\n<div class=\"wp-block-media-text alignwide is-stacked-on-mobile coblocks-animate\" data-coblocks-animation=\"slideInRight\"><figure class=\"wp-block-media-text__media\"><img loading=\"lazy\" decoding=\"async\" width=\"373\" height=\"367\" src=\"https:\/\/ntnui.no\/moment\/wp-content\/uploads\/sites\/305\/2025\/03\/benjamin-1.png\" alt=\"\" class=\"wp-image-163 size-full\" \/><\/figure><div class=\"wp-block-media-text__content\">\n<p class=\"has-large-font-size\"><strong>Benjamin Vonheim Kragseth<\/strong><\/p>\n\n\n\n<p>Politisk r\u00e5dgiver<\/p>\n<\/div><\/div>\n\n\n\n<div class=\"wp-block-media-text alignwide has-media-on-the-right is-stacked-on-mobile coblocks-animate\" style=\"grid-template-columns:auto 49%\" data-coblocks-animation=\"slideInLeft\"><div class=\"wp-block-media-text__content\">\n<p class=\"has-large-font-size\"><strong>Louise Faarup Storvik<\/strong><\/p>\n\n\n\n<p>Politisk r\u00e5dgiver<\/p>\n<\/div><figure class=\"wp-block-media-text__media\"><\/figure><\/div>\n\n\n\n<div class=\"wp-block-media-text alignwide is-stacked-on-mobile coblocks-animate\" data-coblocks-animation=\"slideInRight\"><figure class=\"wp-block-media-text__media\"><\/figure><div class=\"wp-block-media-text__content\">\n<p class=\"has-large-font-size\"><strong>Maren Dyrstad Aune<\/strong><\/p>\n\n\n\n<p>Leder av NTNUI<\/p>\n<\/div><\/div>\n\n\n\n<div class=\"wp-block-media-text alignwide has-media-on-the-right is-stacked-on-mobile coblocks-animate\" data-coblocks-animation=\"slideInLeft\"><div class=\"wp-block-media-text__content\">\n<p class=\"has-large-font-size\"><strong>Sigurd Angell Bergh<\/strong><\/p>\n\n\n\n<p>Politisk r\u00e5dgiver<\/p>\n<\/div><figure class=\"wp-block-media-text__media\"><\/figure><\/div>\n\n\n\n<div class=\"wp-block-media-text alignwide is-stacked-on-mobile coblocks-animate\" data-coblocks-animation=\"slideInLeft\"><figure class=\"wp-block-media-text__media\"><img loading=\"lazy\" decoding=\"async\" width=\"1000\" height=\"1000\" src=\"https:\/\/ntnui.no\/moment\/wp-content\/uploads\/sites\/305\/2025\/03\/Placeholder.jpg\" alt=\"\" class=\"wp-image-193 size-full\" \/><\/figure><div class=\"wp-block-media-text__content\">\n<p class=\"has-large-font-size\"><strong>Olav Kv\u00e5le Gissinger<\/strong><\/p>\n\n\n\n<p>Politisk r\u00e5dgiver<\/p>\n<\/div><\/div>\n\n\n\n<div class=\"wp-block-media-text alignwide has-media-on-the-right is-stacked-on-mobile coblocks-animate\" data-coblocks-animation=\"slideInRight\"><div class=\"wp-block-media-text__content\">\n<p class=\"has-large-font-size\"><strong>Christopher Dehn<\/strong><\/p>\n\n\n\n<p>Politisk r\u00e5dgiver<\/p>\n<\/div><figure class=\"wp-block-media-text__media\"><img loading=\"lazy\" decoding=\"async\" width=\"1000\" height=\"1000\" src=\"https:\/\/ntnui.no\/moment\/wp-content\/uploads\/sites\/305\/2025\/03\/Placeholder.jpg\" alt=\"\" class=\"wp-image-193 size-full\" \/><\/figure><\/div>\n\n\n\n<div class=\"wp-block-media-text alignwide is-stacked-on-mobile coblocks-animate\" data-coblocks-animation=\"slideInLeft\"><figure class=\"wp-block-media-text__media\"><img loading=\"lazy\" decoding=\"async\" width=\"1000\" height=\"1000\" src=\"https:\/\/ntnui.no\/moment\/wp-content\/uploads\/sites\/305\/2025\/03\/Placeholder.jpg\" alt=\"\" class=\"wp-image-193 size-full\" \/><\/figure><div class=\"wp-block-media-text__content\">\n<p class=\"has-large-font-size\"><strong>Sebastian Gjerde Spelemann<\/strong><\/p>\n\n\n\n<p>Politisk r\u00e5dgiver<\/p>\n<\/div><\/div>\n\n\n\n<div class=\"wp-block-media-text alignwide has-media-on-the-right is-stacked-on-mobile coblocks-animate\" data-coblocks-animation=\"slideInRight\"><div class=\"wp-block-media-text__content\">\n<p class=\"has-large-font-size\"><strong>Joanna Land\u00e9n<\/strong><\/p>\n\n\n\n<p>Politisk r\u00e5dgiver<\/p>\n<\/div><figure class=\"wp-block-media-text__media\"><img loading=\"lazy\" decoding=\"async\" width=\"1000\" height=\"1000\" src=\"https:\/\/ntnui.no\/moment\/wp-content\/uploads\/sites\/305\/2025\/03\/Placeholder.jpg\" alt=\"\" class=\"wp-image-193 size-full\" \/><\/figure><\/div>\n","protected":false},"excerpt":{"rendered":"<p>Njaal Ellegaard Melby Leder Som leder tilser jeg at prosjektene v\u00e5re g\u00e5r i rett retning og til rett tid. Kontakt meg p\u00e5: politikk-nestleder@ntnui.no Mads Fuglesang \u00d8hra Nestleder Som nestleder hjelper jeg leder med dens oppgaver og bidrar med st\u00f8tte der det er n\u00f8dvendig. Benjamin Vonheim Kragseth Politisk r\u00e5dgiver Louise Faarup Storvik Politisk r\u00e5dgiver Maren Dyrstad [&hellip;]<\/p>\n","protected":false},"author":7,"featured_media":0,"parent":0,"menu_order":0,"comment_status":"closed","ping_status":"closed","template":"","meta":{"_coblocks_attr":"","_coblocks_dimensions":"","_coblocks_responsive_height":"","_coblocks_accordion_ie_support":"","_price":"","_stock":"","_tribe_ticket_header":"","_tribe_default_ticket_provider":"","_tribe_ticket_capacity":"0","_ticket_start_date":"","_ticket_end_date":"","_tribe_ticket_show_description":"","_tribe_ticket_show_not_going":false,"_tribe_ticket_use_global_stock":"","_tribe_ticket_global_stock_level":"","_global_stock_mode":"","_global_stock_cap":"","_tribe_rsvp_for_event":"","_tribe_ticket_going_count":"","_tribe_ticket_not_going_count":"","_tribe_tickets_list":[],"_tribe_ticket_has_attendee_info_fields":false,"footnotes":""},"class_list":["post-11","page","type-page","status-publish","hentry"],"featured_image_src":null,"featured_image_src_square":null,"_links":{"self":[{"href":"https:\/\/ntnui.no\/politikk\/wp-json\/wp\/v2\/pages\/11","targetHints":{"allow":["GET"]}}],"collection":[{"href":"https:\/\/ntnui.no\/politikk\/wp-json\/wp\/v2\/pages"}],"about":[{"href":"https:\/\/ntnui.no\/politikk\/wp-json\/wp\/v2\/types\/page"}],"author":[{"embeddable":true,"href":"https:\/\/ntnui.no\/politikk\/wp-json\/wp\/v2\/users\/7"}],"replies":[{"embeddable":true,"href":"https:\/\/ntnui.no\/politikk\/wp-json\/wp\/v2\/comments?post=11"}],"version-history":[{"count":21,"href":"https:\/\/ntnui.no\/politikk\/wp-json\/wp\/v2\/pages\/11\/revisions"}],"predecessor-version":[{"id":290,"href":"https:\/\/ntnui.no\/politikk\/wp-json\/wp\/v2\/pages\/11\/revisions\/290"}],"wp:attachment":[{"href":"https:\/\/ntnui.no\/politikk\/wp-json\/wp\/v2\/media?parent=11"}],"curies":[{"name":"wp","href":"https:\/\/api.w.org\/{rel}","templated":true}]}}