{"id":7,"date":"2019-01-10T17:36:13","date_gmt":"2019-01-10T17:36:13","guid":{"rendered":"https:\/\/ntnui.no\/paraidrett-ny-ny2\/?page_id=7"},"modified":"2024-11-14T16:11:15","modified_gmt":"2024-11-14T16:11:15","slug":"forside","status":"publish","type":"page","link":"https:\/\/ntnui.no\/paraidrett\/","title":{"rendered":"Forside"},"content":{"rendered":"\n<div class=\"wp-block-cover alignfull mb-0 mt-0\" style=\"background-image:url(https:\/\/ntnui.no\/paraidrett\/wp-content\/uploads\/sites\/252\/2023\/05\/I-samarbeid-med-5.png);min-height:178px;aspect-ratio:unset;\"><div class=\"wp-block-cover__inner-container is-layout-flow wp-block-cover-is-layout-flow\">\n<p class=\"has-text-align-center has-large-font-size\"><\/p>\n<\/div><\/div>\n\n\n\n<div class=\"wp-block-cover alignfull has-background-dim has-parallax mt-0\" style=\"background-image:url(https:\/\/ntnui.no\/paraidrett\/wp-content\/uploads\/sites\/252\/2019\/03\/test.jpg)\"><div class=\"wp-block-cover__inner-container is-layout-flow wp-block-cover-is-layout-flow\">\n<p class=\"has-text-align-center has-large-font-size has-custom-font\" style=\"font-family:Arial;font-size:69px\"><strong>NTNUI PARAIDRETT<\/strong><\/p>\n<\/div><\/div>\n\n\n\n<div class=\"wp-block-button aligncenter\"><a class=\"wp-block-button__link has-background\" href=\"https:\/\/ntnui.no\/paraidrett\/ny-parautover-i-ntnui\/\" style=\"background-color:#098040\">NY UT\u00d8VER<\/a><\/div>\n\n\n\n<div class=\"wp-block-media-text alignwide\"><figure class=\"wp-block-media-text__media\"><img loading=\"lazy\" decoding=\"async\" width=\"1024\" height=\"576\" src=\"https:\/\/ntnui.no\/paraidrett-ny-ny\/wp-content\/uploads\/sites\/252\/2018\/08\/wheelchair-speed-1024x576.jpg\" alt=\"\" class=\"wp-image-1234\" srcset=\"https:\/\/ntnui.no\/paraidrett\/wp-content\/uploads\/sites\/252\/2018\/08\/wheelchair-speed-1024x576.jpg 1024w, https:\/\/ntnui.no\/paraidrett\/wp-content\/uploads\/sites\/252\/2018\/08\/wheelchair-speed-300x169.jpg 300w, https:\/\/ntnui.no\/paraidrett\/wp-content\/uploads\/sites\/252\/2018\/08\/wheelchair-speed-768x432.jpg 768w, https:\/\/ntnui.no\/paraidrett\/wp-content\/uploads\/sites\/252\/2018\/08\/wheelchair-speed-600x338.jpg 600w, https:\/\/ntnui.no\/paraidrett\/wp-content\/uploads\/sites\/252\/2018\/08\/wheelchair-speed.jpg 1600w\" sizes=\"auto, (max-width: 1024px) 100vw, 1024px\" \/><\/figure><div class=\"wp-block-media-text__content\">\n<h2 class=\"has-text-align-center wp-block-heading\">Hva er Paraidrett?<\/h2>\n\n\n\n<p class=\"has-text-align-center\" style=\"font-size:18px\"> Paraidrett er idrett for personer med en funksjonsnedsettelse. Det er \u00abpara\u00bblell til idretter for funksjonsfriske atleter, med tilpasset utstyr eller regler for \u00e5 gj\u00f8re idretten morsom og tilgjengelig for alle. Paraidrett kan tilpasses begge veier og er ogs\u00e5 et fantastisk lavterskeltilbud for funksjonsfriske!<\/p>\n<\/div><\/div>\n\n\n\n<div class=\"wp-block-media-text alignwide has-media-on-the-right\"><figure class=\"wp-block-media-text__media\"><img loading=\"lazy\" decoding=\"async\" width=\"1024\" height=\"683\" src=\"https:\/\/ntnui.no\/paraidrett\/wp-content\/uploads\/sites\/252\/2019\/03\/goLBALL-1024x683.jpg\" alt=\"\" class=\"wp-image-1370\" srcset=\"https:\/\/ntnui.no\/paraidrett\/wp-content\/uploads\/sites\/252\/2019\/03\/goLBALL-1024x683.jpg 1024w, https:\/\/ntnui.no\/paraidrett\/wp-content\/uploads\/sites\/252\/2019\/03\/goLBALL-300x200.jpg 300w, https:\/\/ntnui.no\/paraidrett\/wp-content\/uploads\/sites\/252\/2019\/03\/goLBALL-768x512.jpg 768w, https:\/\/ntnui.no\/paraidrett\/wp-content\/uploads\/sites\/252\/2019\/03\/goLBALL-600x400.jpg 600w, https:\/\/ntnui.no\/paraidrett\/wp-content\/uploads\/sites\/252\/2019\/03\/goLBALL-1736x1157.jpg 1736w\" sizes=\"auto, (max-width: 1024px) 100vw, 1024px\" \/><\/figure><div class=\"wp-block-media-text__content\">\n<h2 class=\"has-text-align-center wp-block-heading\">NTNUI Paraidrett<\/h2>\n\n\n\n<p class=\"has-text-align-center\" style=\"font-size:18px\">NTNUI Paraidrett fungerer som informasjonsmedium for deg som \u00f8nsker \u00e5 drive med (para)idrett, men ikke vet i hvilken ende du skal begynne.<\/p>\n\n\n\n<p class=\"has-text-align-center\" style=\"font-size:18px\">Vi \u00f8nsker \u00e5 hjelpe deg med \u00e5 komme i gang og tilrettelegge der det er mulig.<\/p>\n\n\n\n<p class=\"has-text-align-center\" style=\"font-size:18px\">I samarbeid med NTNUI Bumerang l\u00e5ner vi ut GRATIS paraidrettsutstyr p\u00e5 Moholt. Sjekk det ut!<\/p>\n<\/div><\/div>\n\n\n\n<div class=\"wp-block-buttons aligncenter is-layout-flex wp-block-buttons-is-layout-flex\"><\/div>\n\n\n\n<p><\/p>\n","protected":false},"excerpt":{"rendered":"<p>Hva er Paraidrett? Paraidrett er idrett for personer med en funksjonsnedsettelse. Det er \u00abpara\u00bblell til idretter for funksjonsfriske atleter, med tilpasset utstyr eller regler for \u00e5 gj\u00f8re idretten morsom og tilgjengelig for alle. Paraidrett kan tilpasses begge veier og er ogs\u00e5 et fantastisk lavterskeltilbud for funksjonsfriske! NTNUI Paraidrett NTNUI Paraidrett fungerer som informasjonsmedium for deg [&hellip;]<\/p>\n","protected":false},"author":7,"featured_media":0,"parent":0,"menu_order":0,"comment_status":"closed","ping_status":"closed","template":"","meta":{"_coblocks_attr":"Arial","_coblocks_dimensions":"","_coblocks_responsive_height":"","_coblocks_accordion_ie_support":"","_price":"","_stock":"","_tribe_ticket_header":"","_tribe_default_ticket_provider":"","_tribe_ticket_capacity":"0","_ticket_start_date":"","_ticket_end_date":"","_tribe_ticket_show_description":"","_tribe_ticket_show_not_going":false,"_tribe_ticket_use_global_stock":"","_tribe_ticket_global_stock_level":"","_global_stock_mode":"","_global_stock_cap":"","_tribe_rsvp_for_event":"","_tribe_ticket_going_count":"","_tribe_ticket_not_going_count":"","_tribe_tickets_list":[],"_tribe_ticket_has_attendee_info_fields":false,"footnotes":""},"class_list":["post-7","page","type-page","status-publish","hentry"],"featured_image_src":null,"featured_image_src_square":null,"_links":{"self":[{"href":"https:\/\/ntnui.no\/paraidrett\/wp-json\/wp\/v2\/pages\/7","targetHints":{"allow":["GET"]}}],"collection":[{"href":"https:\/\/ntnui.no\/paraidrett\/wp-json\/wp\/v2\/pages"}],"about":[{"href":"https:\/\/ntnui.no\/paraidrett\/wp-json\/wp\/v2\/types\/page"}],"author":[{"embeddable":true,"href":"https:\/\/ntnui.no\/paraidrett\/wp-json\/wp\/v2\/users\/7"}],"replies":[{"embeddable":true,"href":"https:\/\/ntnui.no\/paraidrett\/wp-json\/wp\/v2\/comments?post=7"}],"version-history":[{"count":31,"href":"https:\/\/ntnui.no\/paraidrett\/wp-json\/wp\/v2\/pages\/7\/revisions"}],"predecessor-version":[{"id":1575,"href":"https:\/\/ntnui.no\/paraidrett\/wp-json\/wp\/v2\/pages\/7\/revisions\/1575"}],"wp:attachment":[{"href":"https:\/\/ntnui.no\/paraidrett\/wp-json\/wp\/v2\/media?parent=7"}],"curies":[{"name":"wp","href":"https:\/\/api.w.org\/{rel}","templated":true}]}}