{"id":1589,"date":"2025-03-03T15:11:16","date_gmt":"2025-03-03T15:11:16","guid":{"rendered":"https:\/\/ntnui.no\/paraidrett\/?page_id=1589"},"modified":"2025-03-03T16:20:05","modified_gmt":"2025-03-03T16:20:05","slug":"styret","status":"publish","type":"page","link":"https:\/\/ntnui.no\/paraidrett\/styret\/","title":{"rendered":"Styret"},"content":{"rendered":"\n<p>Under finnes en oversikt over rollene i styret og arbeidsoppgavene de har. Ta gjerne kontakt med oss hvis du lurer p\u00e5 noe!<\/p>\n\n\n\n<p><strong>Leder:<\/strong><\/p>\n\n\n\n<ul class=\"wp-block-list\"><li>Ansvar for \u00e5 lede styrem\u00f8ter, og \u00e5 sende ut saksliste og innkalling i forkant<\/li><li>Ansvar for \u00e5 f\u00f8lge opp resten av styret<\/li><li>Ha kontakt med resten av Admin og Hovedstyret<\/li><li>Holde intervjuer i opptaksperioder<\/li><li>Sette opp budsjett for utvalget for det kommende \u00e5ret<\/li><li>Skrive utvalgets \u00e5rsberetning for \u00e5ret som har g\u00e5tt<\/li><li>Kontakt: paraidrett-leder@ntnui.no<\/li><\/ul>\n\n\n\n<p><\/p>\n\n\n\n<p><strong>Nestleder:<\/strong><\/p>\n\n\n\n<ul class=\"wp-block-list\"><li>Bist\u00e5 leder med dens oppgaver<\/li><li>Fungere som sparringspartner for leder og andre styremedlemmer<\/li><li>Delta p\u00e5 intervjuer av nye s\u00f8kere til styret<\/li><li>V\u00e6re tilgjengelig til \u00e5 hjelpe styremedlemmer med sp\u00f8rsm\u00e5l om deres oppgaver<\/li><li>Kontakt: paraidrett-nestleder@ntnui.no<\/li><\/ul>\n\n\n\n<p><\/p>\n\n\n\n<p><strong>Utstyrsansvarlig:<\/strong><\/p>\n\n\n\n<ul class=\"wp-block-list\"><li>Overordnet ansvar over utstyr<\/li><li>innkj\u00f8p og vedlikehold av utstyr<\/li><li>utl\u00e5n av utstyr<\/li><li>Kontakt: paraidrett-utstyr@ntnui.no<\/li><\/ul>\n\n\n\n<p><\/p>\n\n\n\n<p><strong>Arrangementansvarlig:<\/strong><\/p>\n\n\n\n<ul class=\"wp-block-list\"><li>ha hovedansvar for \u00e5 arrangere Parakontaktsamling p\u00e5 v\u00e5ren og h\u00f8sten, og eventuelle andre arrangementer<\/li><li>Kontakt: <a href=\"mailto:paraidrett-arrangement@ntnui.no\">paraidrett-arrangement@ntnui.no<\/a><\/li><\/ul>\n\n\n\n<p><\/p>\n\n\n\n<p><strong>Eksternansvarlig:<\/strong><\/p>\n\n\n\n<ul class=\"wp-block-list\"><li>Ansvarlig for ekstern kontakt og foresp\u00f8rsler<\/li><\/ul>\n\n\n\n<ul class=\"wp-block-list\"><li>Fylle ut s\u00f8knader fra eksterne akt\u00f8rer<\/li><li>Kontakt: paraidrett-ekstern@ntnui.no<\/li><\/ul>\n\n\n\n<p><\/p>\n\n\n\n<p><strong>Informasjonsansvarlig:<\/strong><\/p>\n\n\n\n<ul class=\"wp-block-list\"><li>Ansvar for oppf\u00f8lging av handlingsplan og tiltakene spesifikt om paraidrett&nbsp;<\/li><li>Sikre at informasjon om tilrettelegging og paraidrett er enkelt tilgjengelig, og oppdatere nettsidene regelmessig<\/li><li>Oppf\u00f8lging og kontaktperson for nye ut\u00f8vere<\/li><li>Kontakt: paraidrett-informasjon@ntnui.no<\/li><\/ul>\n\n\n\n<p><\/p>\n\n\n\n<p><strong>Promoansvarlig:&nbsp;<\/strong><\/p>\n\n\n\n<ul class=\"wp-block-list\"><li>Ansvar for \u00e5 drifte utvalgets sosiale medier<\/li><li>Ansvar for promotering av utvalget&nbsp;<\/li><li>St\u00e5 p\u00e5 stand under opptak<\/li><li>Kontakt: paraidrett-promo@ntnui.no<\/li><\/ul>\n\n\n\n<p><\/p>\n\n\n\n<p><strong>Sosialansvarlig:<\/strong><\/p>\n\n\n\n<ul class=\"wp-block-list\"><li>Ansvar for \u00e5 arrangere sosiale arrangementer innad i styret&nbsp;<\/li><li>Ansvar for \u00e5 dra med styret p\u00e5 sosiale arrangementer med resten av Admin og NTNUI<\/li><li>Kontakt: <a href=\"mailto:paraidrett-sosial@ntnui.no\">paraidrett-sosial@ntnui.no<\/a><\/li><\/ul>\n\n\n\n<p><\/p>\n\n\n\n<p><strong>Senior styremedlem:<\/strong><\/p>\n\n\n\n<ul class=\"wp-block-list\"><li>Styremedlemmenes kontaktperson ved sp\u00f8rsm\u00e5l<\/li><li>Kontakt: paraidrett-senior@ntnui.no<\/li><\/ul>\n","protected":false},"excerpt":{"rendered":"<p>Under finnes en oversikt over rollene i styret og arbeidsoppgavene de har. Ta gjerne kontakt med oss hvis du lurer p\u00e5 noe! Leder: Ansvar for \u00e5 lede styrem\u00f8ter, og \u00e5 sende ut saksliste og innkalling i forkant Ansvar for \u00e5 f\u00f8lge opp resten av styret Ha kontakt med resten av Admin og Hovedstyret Holde intervjuer [&hellip;]<\/p>\n","protected":false},"author":563,"featured_media":0,"parent":0,"menu_order":0,"comment_status":"closed","ping_status":"closed","template":"","meta":{"_coblocks_attr":"","_coblocks_dimensions":"","_coblocks_responsive_height":"","_coblocks_accordion_ie_support":"","_price":"","_stock":"","_tribe_ticket_header":"","_tribe_default_ticket_provider":"","_tribe_ticket_capacity":"0","_ticket_start_date":"","_ticket_end_date":"","_tribe_ticket_show_description":"","_tribe_ticket_show_not_going":false,"_tribe_ticket_use_global_stock":"","_tribe_ticket_global_stock_level":"","_global_stock_mode":"","_global_stock_cap":"","_tribe_rsvp_for_event":"","_tribe_ticket_going_count":"","_tribe_ticket_not_going_count":"","_tribe_tickets_list":[],"_tribe_ticket_has_attendee_info_fields":false,"footnotes":""},"class_list":["post-1589","page","type-page","status-publish","hentry"],"featured_image_src":null,"featured_image_src_square":null,"_links":{"self":[{"href":"https:\/\/ntnui.no\/paraidrett\/wp-json\/wp\/v2\/pages\/1589","targetHints":{"allow":["GET"]}}],"collection":[{"href":"https:\/\/ntnui.no\/paraidrett\/wp-json\/wp\/v2\/pages"}],"about":[{"href":"https:\/\/ntnui.no\/paraidrett\/wp-json\/wp\/v2\/types\/page"}],"author":[{"embeddable":true,"href":"https:\/\/ntnui.no\/paraidrett\/wp-json\/wp\/v2\/users\/563"}],"replies":[{"embeddable":true,"href":"https:\/\/ntnui.no\/paraidrett\/wp-json\/wp\/v2\/comments?post=1589"}],"version-history":[{"count":3,"href":"https:\/\/ntnui.no\/paraidrett\/wp-json\/wp\/v2\/pages\/1589\/revisions"}],"predecessor-version":[{"id":1592,"href":"https:\/\/ntnui.no\/paraidrett\/wp-json\/wp\/v2\/pages\/1589\/revisions\/1592"}],"wp:attachment":[{"href":"https:\/\/ntnui.no\/paraidrett\/wp-json\/wp\/v2\/media?parent=1589"}],"curies":[{"name":"wp","href":"https:\/\/api.w.org\/{rel}","templated":true}]}}