{"id":1490,"date":"2023-04-13T15:39:19","date_gmt":"2023-04-13T15:39:19","guid":{"rendered":"https:\/\/ntnui.no\/paraidrett\/?page_id=1490"},"modified":"2023-04-13T16:42:54","modified_gmt":"2023-04-13T16:42:54","slug":"parakontakt","status":"publish","type":"page","link":"https:\/\/ntnui.no\/paraidrett\/parakontakt\/","title":{"rendered":"Parakontakt"},"content":{"rendered":"\n<p><\/p>\n\n\n\n<p>Som parakontakt er du din gruppes kommunikasjonsperson med paraut\u00f8vere som vil bli medlem eller er medlem gruppen din, for \u00e5 hjelpe dem med \u00e5 tilrettelegge aktivitet. Dette vil gj\u00f8re det lettere for paraut\u00f8ver \u00e5 vite hvem de skal ta kontakt med, og du er kommunikasjonspunkt mellom paraut\u00f8ver og NTNUI Paraidrett. Dette er ikke forventet at du har all kunnskap innenfor omr\u00e5de for \u00e5 h\u00e5ndtere det p\u00e5 egenhand, NTNUI Paraidrett hjelper til n\u00e5r det trengs. <\/p>\n\n\n\n<p>I tillegg har vi opprettet en h\u00e5ndbok med informasjon eller hvor du kan finne informasjon om det er noe som er uklart. Det er uansett noe som er lurt \u00e5 sette seg inn i som ny parakontakt. <\/p>\n\n\n\n<div class=\"wp-block-buttons aligncenter is-layout-flex wp-block-buttons-is-layout-flex\">\n<div class=\"wp-block-button\"><a class=\"wp-block-button__link has-background\" href=\"https:\/\/ntnui.slab.com\/posts\/parakontakt-101-paracontact-101-7d7n6i7l\" style=\"background-color:#00843d\">Parakontakt 101<\/a><\/div>\n<\/div>\n","protected":false},"excerpt":{"rendered":"<p>Som parakontakt er du din gruppes kommunikasjonsperson med paraut\u00f8vere som vil bli medlem eller er medlem gruppen din, for \u00e5 hjelpe dem med \u00e5 tilrettelegge aktivitet. Dette vil gj\u00f8re det lettere for paraut\u00f8ver \u00e5 vite hvem de skal ta kontakt med, og du er kommunikasjonspunkt mellom paraut\u00f8ver og NTNUI Paraidrett. Dette er ikke forventet at [&hellip;]<\/p>\n","protected":false},"author":440,"featured_media":0,"parent":0,"menu_order":0,"comment_status":"closed","ping_status":"closed","template":"","meta":{"_coblocks_attr":"","_coblocks_dimensions":"","_coblocks_responsive_height":"","_coblocks_accordion_ie_support":"","_price":"","_stock":"","_tribe_ticket_header":"","_tribe_default_ticket_provider":"","_tribe_ticket_capacity":"0","_ticket_start_date":"","_ticket_end_date":"","_tribe_ticket_show_description":"","_tribe_ticket_show_not_going":false,"_tribe_ticket_use_global_stock":"","_tribe_ticket_global_stock_level":"","_global_stock_mode":"","_global_stock_cap":"","_tribe_rsvp_for_event":"","_tribe_ticket_going_count":"","_tribe_ticket_not_going_count":"","_tribe_tickets_list":[],"_tribe_ticket_has_attendee_info_fields":false,"footnotes":""},"class_list":["post-1490","page","type-page","status-publish","hentry"],"featured_image_src":null,"featured_image_src_square":null,"_links":{"self":[{"href":"https:\/\/ntnui.no\/paraidrett\/wp-json\/wp\/v2\/pages\/1490","targetHints":{"allow":["GET"]}}],"collection":[{"href":"https:\/\/ntnui.no\/paraidrett\/wp-json\/wp\/v2\/pages"}],"about":[{"href":"https:\/\/ntnui.no\/paraidrett\/wp-json\/wp\/v2\/types\/page"}],"author":[{"embeddable":true,"href":"https:\/\/ntnui.no\/paraidrett\/wp-json\/wp\/v2\/users\/440"}],"replies":[{"embeddable":true,"href":"https:\/\/ntnui.no\/paraidrett\/wp-json\/wp\/v2\/comments?post=1490"}],"version-history":[{"count":2,"href":"https:\/\/ntnui.no\/paraidrett\/wp-json\/wp\/v2\/pages\/1490\/revisions"}],"predecessor-version":[{"id":1506,"href":"https:\/\/ntnui.no\/paraidrett\/wp-json\/wp\/v2\/pages\/1490\/revisions\/1506"}],"wp:attachment":[{"href":"https:\/\/ntnui.no\/paraidrett\/wp-json\/wp\/v2\/media?parent=1490"}],"curies":[{"name":"wp","href":"https:\/\/api.w.org\/{rel}","templated":true}]}}