{"id":1484,"date":"2023-04-13T15:34:17","date_gmt":"2023-04-13T15:34:17","guid":{"rendered":"https:\/\/ntnui.no\/paraidrett\/?page_id=1484"},"modified":"2025-03-03T15:08:15","modified_gmt":"2025-03-03T15:08:15","slug":"utlan-parautstyr","status":"publish","type":"page","link":"https:\/\/ntnui.no\/paraidrett\/utlan-parautstyr\/","title":{"rendered":"Utl\u00e5n parautstyr"},"content":{"rendered":"\n<p>Det skal v\u00e6re enkelt \u00e5 v\u00e6re aktiv uavhengig av funksjonsevne, og derfor har vi tilgang p\u00e5 mye utstyr som er gratis \u00e5 l\u00e5ne! <\/p>\n\n\n\n<p>Hvis du \u00f8nsker \u00e5 l\u00e5ne kan du ta kontakt med oss p\u00e5 mail: paraidrett-utstyr@ntnui.no<\/p>\n\n\n\n<p><strong><strong>Oversikt over utstyr:<\/strong><\/strong><\/p>\n\n\n\n<ul class=\"wp-block-list\"><li>Goalballutstyr (mangler bilde)<\/li><\/ul>\n\n\n\n<ul class=\"wp-block-list\"><li>Skadeforebyggende utstyr (bl.a. resistance bands, mangler bilde)<\/li><\/ul>\n\n\n\n<ul class=\"wp-block-list\"><li>Knest\u00e5ende piggkjelke<\/li><\/ul>\n\n\n\n<figure class=\"wp-block-image\"><img decoding=\"async\" src=\"https:\/\/lh7-rt.googleusercontent.com\/docsz\/AD_4nXd3JD8BVr6PC7yULUiPPkvHA6JFXmkV0WzP2mxD6E9wI8YYHblbOpU-lvpMWWIpKJsHnrScYHVEHUIuUTN-5NGlXxMDkZzvqOcl_riUT5efy0DfZt0sixE1TGHu3k6kN3qpaLSKOw?key=Jy_xdurqj-6YzBiy2Uv91ozJ\" alt=\"\" \/><\/figure>\n\n\n\n<p><\/p>\n\n\n\n<ul class=\"wp-block-list\"><li>Sittende piggkjelke <\/li><\/ul>\n\n\n\n<figure class=\"wp-block-image\"><img decoding=\"async\" src=\"https:\/\/lh7-rt.googleusercontent.com\/docsz\/AD_4nXcaDihv4r2PYkicchCk58RdxetmClafCIOBDbCa1irJReGfiOY0AMhOpZuhVXW8CanoYjlCuq8AEpiFlN7qz3_oQmQKH7KlJQsrc1mrquvSOs1mWMXEoyHQBGzmok2ksNdV-_9rCw?key=Jy_xdurqj-6YzBiy2Uv91ozJ\" alt=\"\" \/><\/figure>\n\n\n\n<p><\/p>\n\n\n\n<p><\/p>\n","protected":false},"excerpt":{"rendered":"<p>Det skal v\u00e6re enkelt \u00e5 v\u00e6re aktiv uavhengig av funksjonsevne, og derfor har vi tilgang p\u00e5 mye utstyr som er gratis \u00e5 l\u00e5ne! Hvis du \u00f8nsker \u00e5 l\u00e5ne kan du ta kontakt med oss p\u00e5 mail: paraidrett-utstyr@ntnui.no Oversikt over utstyr: Goalballutstyr (mangler bilde) Skadeforebyggende utstyr (bl.a. resistance bands, mangler bilde) Knest\u00e5ende piggkjelke Sittende piggkjelke<\/p>\n","protected":false},"author":440,"featured_media":0,"parent":0,"menu_order":0,"comment_status":"closed","ping_status":"closed","template":"","meta":{"_coblocks_attr":"","_coblocks_dimensions":"","_coblocks_responsive_height":"","_coblocks_accordion_ie_support":"","_price":"","_stock":"","_tribe_ticket_header":"","_tribe_default_ticket_provider":"","_tribe_ticket_capacity":"0","_ticket_start_date":"","_ticket_end_date":"","_tribe_ticket_show_description":"","_tribe_ticket_show_not_going":false,"_tribe_ticket_use_global_stock":"","_tribe_ticket_global_stock_level":"","_global_stock_mode":"","_global_stock_cap":"","_tribe_rsvp_for_event":"","_tribe_ticket_going_count":"","_tribe_ticket_not_going_count":"","_tribe_tickets_list":[],"_tribe_ticket_has_attendee_info_fields":false,"footnotes":""},"class_list":["post-1484","page","type-page","status-publish","hentry"],"featured_image_src":null,"featured_image_src_square":null,"_links":{"self":[{"href":"https:\/\/ntnui.no\/paraidrett\/wp-json\/wp\/v2\/pages\/1484","targetHints":{"allow":["GET"]}}],"collection":[{"href":"https:\/\/ntnui.no\/paraidrett\/wp-json\/wp\/v2\/pages"}],"about":[{"href":"https:\/\/ntnui.no\/paraidrett\/wp-json\/wp\/v2\/types\/page"}],"author":[{"embeddable":true,"href":"https:\/\/ntnui.no\/paraidrett\/wp-json\/wp\/v2\/users\/440"}],"replies":[{"embeddable":true,"href":"https:\/\/ntnui.no\/paraidrett\/wp-json\/wp\/v2\/comments?post=1484"}],"version-history":[{"count":7,"href":"https:\/\/ntnui.no\/paraidrett\/wp-json\/wp\/v2\/pages\/1484\/revisions"}],"predecessor-version":[{"id":1588,"href":"https:\/\/ntnui.no\/paraidrett\/wp-json\/wp\/v2\/pages\/1484\/revisions\/1588"}],"wp:attachment":[{"href":"https:\/\/ntnui.no\/paraidrett\/wp-json\/wp\/v2\/media?parent=1484"}],"curies":[{"name":"wp","href":"https:\/\/api.w.org\/{rel}","templated":true}]}}