{"id":1787,"date":"2021-07-31T17:10:50","date_gmt":"2021-07-31T15:10:50","guid":{"rendered":"https:\/\/ntnui.no\/padling\/?page_id=1787"},"modified":"2024-02-06T19:30:48","modified_gmt":"2024-02-06T18:30:48","slug":"utlan-og-vedlikehold-2","status":"publish","type":"page","link":"https:\/\/ntnui.no\/padling\/utlan-og-vedlikehold-2\/","title":{"rendered":"Utl\u00e5n &#8211; Hav"},"content":{"rendered":"\n<p><strong>Hvem kan l\u00e5ne<\/strong><\/p>\n\n\n\n<p>Har du betalt treningsavgift for i \u00e5r? Har du tatt nybegynnerkurs hav?<\/p>\n\n\n\n<p>Da kan du l\u00e5ne utstyr til turer fra Skansen og alle turer som er offisielt arrangert av NTNUI Padling. N\u00e5r du l\u00e5ner utstyr SKAL det registreres med QR-koden for check-out n\u00e5r du l\u00e5ner utstyret, og QR-koden for check-inn n\u00e5r du leverer utstyret igjen. QR-kodene henger p\u00e5 bodd\u00f8rene p\u00e5 Skansen.<\/p>\n\n\n\n<p><strong>Generelle regler<\/strong><\/p>\n\n\n\n<p>Du m\u00e5 v\u00e6re fysisk og mentalt skikket til \u00e5 padle for \u00e5 f\u00e5 l\u00e5ne klubbutstyr.<\/p>\n\n\n\n<p><strong>Erstatning<\/strong><\/p>\n\n\n\n<p>Det er ingen erstatningskrav ved \u00f8deleggelse\/misting av utstyr p\u00e5 NTNUI arrangerte turer, s\u00e5 lenge dette blir gitt beskjed om ved check-inn. Enten igjennom QR-koden for check-inn eller ved \u00e5 gi direkte beskjed til havsjef.<\/p>\n\n\n\n<p>Det er 80% erstatningskrav ved \u00f8deleggelse\/misting av utstyr p\u00e5 privatturer, med mindre \u00f8deleggelsen anses som slitasje. Dette gjelder bare hvis utstyrsl\u00e5net ble registrert igjennom QR-koden ved dagsturer fra Skansen, eller om utstyrsl\u00e5net til privatturer andre steder er forh\u00e5ndsgodkjent av havsjef.&nbsp;<\/p>\n\n\n\n<p>Det er 100% erstatningskrav ved \u00f8deleggelse\/misting av utstyr p\u00e5 privatturer hvis utstyrsl\u00e5net ikke er registrert eller forh\u00e5ndsgodkjent.<\/p>\n\n\n\n<p><\/p>\n\n\n\n<p><\/p>\n\n\n\n<p>God tur \ud83d\ude0a<\/p>\n\n\n\n<p><\/p>\n\n\n\n<p><strong>Dagsturer<\/strong> <strong>fra Skansen <\/strong><\/p>\n\n\n\n<p>Skann QR-koden og fyll inn info (hengende p\u00e5 innsiden av d\u00f8ren). Alle kajakkene er nummerert.<\/p>\n\n\n\n<p><\/p>\n\n\n\n<p><strong>Utl\u00e5n til ikke-medlemmer<\/strong><\/p>\n\n\n\n<p>Vi \u00e5pner for \u00e5 ta med seg padlere utenfor NTNUI padling p\u00e5 tur. Det koster 100kr\/gang, betales med vipps og registreres ved \u00e5 bruke QR-koden som henger p\u00e5 d\u00f8ra p\u00e5 Skansen. <\/p>\n\n\n\n<p>KRAV:<\/p>\n\n\n\n<ol class=\"wp-block-list\"><li>Du som tar padleren med p\u00e5 tur har gyldig medlemsskap i NTNUI padling<\/li><li>Padleren har grunnkurs innen gjeldende padlegren eller du er aktivitetsleder og ansvarlig for vedkommende p\u00e5 turen<\/li><li>Padleren er innforst\u00e5tt med at padling kan medf\u00f8re risiko og at privatturer skjer p\u00e5 eget ansvar<\/li><\/ol>\n\n\n\n<p>Padleren registrerer seg selv og b\u00e5ten hen l\u00e5ner p\u00e5 QR kode f\u00f8r og etter padling <\/p>\n\n\n\n<p><a href=\"https:\/\/forms.gle\/n7YUS9thneTg5WXP9\">Link til utl\u00e5nsskjema (klikk her)<\/a> <\/p>\n\n\n\n<p><strong>Andre turer<\/strong><\/p>\n\n\n\n<p>Planlegger du \u00e5 l\u00e5ne utstyr for \u00e5 padle fra andre steder (transport) eller over flere dager m\u00e5 du avklare dette med Havsjef, og legge inn info i check-out skjemaet nedenfor<\/p>\n\n\n\n<h2 class=\"wp-block-heading\">Vedlikehold<\/h2>\n\n\n\n<p><\/p>\n\n\n\n<p>Etter bruk:<\/p>\n\n\n\n<ul class=\"wp-block-list\"><li>Skyll b\u00e5ter og utstyr med ferskvann (det er en vannslange tilgjengelig ved bryggen), s\u00e6rlig t\u00f8y og metalldeler. Padle\u00e5rene deler seg og skyll innsiden av l\u00e5semekanismen. Padle\u00e5rene lagres i ett stykke. <\/li><li>T\u00f8m b\u00e5ter for vann.<\/li><li>Heng opp utstyr p\u00e5 angitte plasser (alt er sortert etter st\u00f8rrelse for \u00e5 enklere finne fram).<\/li><li>Henge kasteliner opp til t\u00f8rk. (tau ut av posen).<\/li><\/ul>\n\n\n\n<h2 class=\"wp-block-heading\" id=\"block-c9d794b4-8efd-40bb-b9f6-d736bd07ed1c\">Skader og mangler<\/h2>\n\n\n\n<p><\/p>\n\n\n\n<p id=\"block-c0c421c4-02fa-4e86-8941-b79d26ee34e9\">Oppdager du nye skader eller mangler p\u00e5 havutstyr eller boden, meld fra i skjemaet under.<\/p>\n\n\n\n<div class=\"wp-block-buttons aligncenter is-layout-flex wp-block-buttons-is-layout-flex\">\n<div class=\"wp-block-button is-style-circular\"><a class=\"wp-block-button__link has-dark-black-background-color has-background\" href=\"https:\/\/docs.google.com\/forms\/d\/e\/1FAIpQLSfVSvqoS9-pL614E7V4QynfWHI2l_RYttcQ46euY6FxCRntKw\/viewform?fbclid=IwAR3lb5gf87FfSvIGrLsi0q8NZLg-HsBt6qAkz3ujFhT0Ntb7sHifTaEKmHI\" target=\"_blank\" rel=\"noreferrer noopener\">Skader og mangler meldes i check-in skjema<\/a><\/div>\n<\/div>\n\n\n\n<h2 class=\"wp-block-heading\">Padlerute til Munkholmen      <\/h2>\n\n\n\n<p><\/p>\n\n\n\n<p>For \u00e5 unng\u00e5 farlige situasjoner p\u00e5 vei til og fra Munkholmen (og alt til \u00f8st) skal hurtigb\u00e5tleiene krysses ved utl\u00f8pet av hurtigb\u00e5thavna. Hurtigb\u00e5tene er store, raske og synlige (du er ingen av delene). Bildet under viser ruten.<\/p>\n\n\n\n<div class=\"wp-block-image is-style-default\"><figure class=\"aligncenter size-large\"><img loading=\"lazy\" decoding=\"async\" width=\"572\" height=\"461\" src=\"https:\/\/ntnui.no\/padling\/wp-content\/uploads\/sites\/161\/2021\/08\/Munkholmen-og-hurtigbat.png\" alt=\"\" class=\"wp-image-1911\" \/><figcaption>F\u00f8lg r\u00f8d rute til og fra Munkholmen. Bildet er hentet fra tkk.no <\/figcaption><\/figure><\/div>\n","protected":false},"excerpt":{"rendered":"<p>Hvem kan l\u00e5ne Har du betalt treningsavgift for i \u00e5r? Har du tatt nybegynnerkurs hav? Da kan du l\u00e5ne utstyr til turer fra Skansen og alle turer som er offisielt arrangert av NTNUI Padling. N\u00e5r du l\u00e5ner utstyr SKAL det registreres med QR-koden for check-out n\u00e5r du l\u00e5ner utstyret, og QR-koden for check-inn n\u00e5r du [&hellip;]<\/p>\n","protected":false},"author":31,"featured_media":0,"parent":0,"menu_order":0,"comment_status":"closed","ping_status":"closed","template":"","meta":{"_coblocks_attr":"","_coblocks_dimensions":"","_coblocks_responsive_height":"","_coblocks_accordion_ie_support":"","_price":"","_stock":"","_tribe_ticket_header":"","_tribe_default_ticket_provider":"","_tribe_ticket_capacity":"0","_ticket_start_date":"","_ticket_end_date":"","_tribe_ticket_show_description":"","_tribe_ticket_show_not_going":false,"_tribe_ticket_use_global_stock":"","_tribe_ticket_global_stock_level":"","_global_stock_mode":"","_global_stock_cap":"","_tribe_rsvp_for_event":"","_tribe_ticket_going_count":"","_tribe_ticket_not_going_count":"","_tribe_tickets_list":[],"_tribe_ticket_has_attendee_info_fields":false,"footnotes":""},"class_list":["post-1787","page","type-page","status-publish","hentry"],"featured_image_src":null,"featured_image_src_square":null,"jetpack_sharing_enabled":true,"_links":{"self":[{"href":"https:\/\/ntnui.no\/padling\/wp-json\/wp\/v2\/pages\/1787","targetHints":{"allow":["GET"]}}],"collection":[{"href":"https:\/\/ntnui.no\/padling\/wp-json\/wp\/v2\/pages"}],"about":[{"href":"https:\/\/ntnui.no\/padling\/wp-json\/wp\/v2\/types\/page"}],"author":[{"embeddable":true,"href":"https:\/\/ntnui.no\/padling\/wp-json\/wp\/v2\/users\/31"}],"replies":[{"embeddable":true,"href":"https:\/\/ntnui.no\/padling\/wp-json\/wp\/v2\/comments?post=1787"}],"version-history":[{"count":35,"href":"https:\/\/ntnui.no\/padling\/wp-json\/wp\/v2\/pages\/1787\/revisions"}],"predecessor-version":[{"id":2281,"href":"https:\/\/ntnui.no\/padling\/wp-json\/wp\/v2\/pages\/1787\/revisions\/2281"}],"wp:attachment":[{"href":"https:\/\/ntnui.no\/padling\/wp-json\/wp\/v2\/media?parent=1787"}],"curies":[{"name":"wp","href":"https:\/\/api.w.org\/{rel}","templated":true}]}}