{"id":1783,"date":"2021-07-31T15:21:40","date_gmt":"2021-07-31T13:21:40","guid":{"rendered":"https:\/\/ntnui.no\/padling\/?page_id=1783"},"modified":"2024-02-06T19:24:05","modified_gmt":"2024-02-06T18:24:05","slug":"utlan-og-vedlikehold","status":"publish","type":"page","link":"https:\/\/ntnui.no\/padling\/utlan-og-vedlikehold\/","title":{"rendered":"Utl\u00e5n &#8211; Elv"},"content":{"rendered":"\n<p><strong>Hvem kan l\u00e5ne<\/strong><\/p>\n\n\n\n<p>Har du betalt treningsavgift for i \u00e5r? Har du tatt nybegynnerkurs elv? <\/p>\n\n\n\n<p>Da kan du l\u00e5ne utstyr til privatturer fra Nidelven og alle turer som er offisielt arrangert av NTNUI Padling. N\u00e5r du l\u00e5ner utstyr SKAL det registreres med QR-koden for check-out n\u00e5r du l\u00e5ner utstyret, og QR-koden for check-inn n\u00e5r du leverer utstyret igjen. QR-kodene henger p\u00e5 bodd\u00f8rene p\u00e5 Skansen.<\/p>\n\n\n\n<p><strong>Generelle regler<\/strong><\/p>\n\n\n\n<p>Klubbutstyr skal ikke brukes p\u00e5 elver over grad 4.<\/p>\n\n\n\n<p>Du m\u00e5 v\u00e6re fysisk og mentalt skikket til \u00e5 padle for \u00e5 f\u00e5 l\u00e5ne klubbutstyr.<\/p>\n\n\n\n<p><strong>Erstatning<\/strong><\/p>\n\n\n\n<p>Det er ingen erstatningskrav ved \u00f8deleggelse\/misting av utstyr p\u00e5 NTNUI arrangerte turer, s\u00e5 lenge dette blir gitt beskjed om ved check-inn. Enten igjennom QR-koden for check-inn eller ved \u00e5 gi direkte beskjed til elvesjef.<\/p>\n\n\n\n<p>Det er 80% erstatningskrav ved \u00f8deleggelse\/misting av utstyr p\u00e5 privatturer, med mindre \u00f8deleggelsen anses som slitasje. Dette gjelder bare hvis utstyrsl\u00e5net ble registrert igjennom QR-koden ved dagsturer fra Skansen\/Nidelven, eller om utstyrsl\u00e5net til privatturer andre steder er forh\u00e5ndsgodkjent av elvesjef\/havsjef.&nbsp;<\/p>\n\n\n\n<p>Det er 100% erstatningskrav ved \u00f8deleggelse\/misting av utstyr p\u00e5 privatturer hvis utstyrsl\u00e5net ikke er registrert eller forh\u00e5ndsgodkjent.<\/p>\n\n\n\n<p>God tur \ud83d\ude0a<\/p>\n\n\n\n<p><strong>Nidelva-tur<\/strong><\/p>\n\n\n\n<p>Skann QR-koden for utsjekk og innsjekk (hengende p\u00e5 innsiden av d\u00f8ren). Alle kajakkene er nummerert.<\/p>\n\n\n\n<p><strong>Utl\u00e5n til ikke-medlemmer<\/strong><\/p>\n\n\n\n<p>Vi \u00e5pner for \u00e5 ta med seg padlere utenfor NTNUI padling p\u00e5 tur. Det koster 100kr\/gang, betales med vipps og registreres ved \u00e5 bruke QR-koden som henger p\u00e5 d\u00f8ra p\u00e5 Skansen. <\/p>\n\n\n\n<p>KRAV:<\/p>\n\n\n\n<ol class=\"wp-block-list\"><li>Du som tar padleren med p\u00e5 tur har gyldig medlemsskap i NTNUI padling<\/li><li>Padleren har grunnkurs innen gjeldende padlegren eller du er aktivitetsleder og ansvarlig for vedkommende p\u00e5 turen<\/li><li>Padleren er innforst\u00e5tt med at padling kan medf\u00f8re risiko og at privatturer skjer p\u00e5 eget ansvar<\/li><\/ol>\n\n\n\n<p>Padleren registrerer seg selv og b\u00e5ten hen l\u00e5ner p\u00e5 QR kode f\u00f8r og etter padling <\/p>\n\n\n\n<p><a href=\"https:\/\/forms.gle\/n7YUS9thneTg5WXP9\">Link til utl\u00e5nsskjema (klikk her) <\/a><\/p>\n\n\n\n<p><strong>Annen tur<\/strong><\/p>\n\n\n\n<p>Planlegger du \u00e5 l\u00e5ne utstyr til andre elver eller over flere dager m\u00e5 du s\u00f8ke Elvesjef. Registrer foresp\u00f8rselen din i skjemaet under i forveien. <\/p>\n\n\n\n<p><\/p>\n\n\n\n<div class=\"wp-block-buttons aligncenter is-layout-flex wp-block-buttons-is-layout-flex\">\n<div class=\"wp-block-button is-style-circular\"><a class=\"wp-block-button__link has-dark-black-background-color has-background\" href=\"https:\/\/forms.gle\/DPjRFMFYFJv5ekRn9\" target=\"_blank\" rel=\"noreferrer noopener\">Utl\u00e5n lengre turer, elveutstyr<\/a><\/div>\n<\/div>\n\n\n\n<hr class=\"wp-block-separator is-style-default\" \/>\n\n\n\n<h2 class=\"wp-block-heading\">Vedlikehold<\/h2>\n\n\n\n<p><\/p>\n\n\n\n<p>Etter bruk:<\/p>\n\n\n\n<ul class=\"wp-block-list\"><li>T\u00f8m b\u00e5ter for vann.<\/li><li>Heng opp utstyr p\u00e5 angitte plasser.<\/li><li>Heng opp kasteliner til t\u00f8rk. (linen ut av posen).<\/li><\/ul>\n\n\n\n<h4 class=\"wp-block-heading\">Gyro-desinfisering<\/h4>\n\n\n\n<p><\/p>\n\n\n\n<p>Skal du padle i andre elver enn Nidelva m\u00e5 du sjekke om elven er smittet av lakseparasitten Gyrodactylus salaris (Gyro). Dersom elven er gyro-infisert m\u00e5 utstyret desinfiseres etter bruk. Ta kontakt for mer informasjon rundt hvordan dette gj\u00f8res. <\/p>\n\n\n\n<h2 class=\"wp-block-heading\">Skader og mangler<\/h2>\n\n\n\n<p><\/p>\n\n\n\n<p>Oppdager du nye skader eller mangler p\u00e5 elveutstyr eller boden, meld fra i skjemaet under eller send melding til elvesjef. Elveutstyret forventes \u00e5 g\u00e5 gjennom t\u00f8ffe forhold, skader er  forventet og dekkes av klubben. Uaktsomhet dekkes ikke. <\/p>\n\n\n\n<div class=\"wp-block-buttons aligncenter is-layout-flex wp-block-buttons-is-layout-flex\">\n<div class=\"wp-block-button is-style-circular\"><a class=\"wp-block-button__link has-dark-black-background-color has-background\" href=\"https:\/\/docs.google.com\/forms\/d\/e\/1FAIpQLSfVSvqoS9-pL614E7V4QynfWHI2l_RYttcQ46euY6FxCRntKw\/viewform?fbclid=IwAR3lb5gf87FfSvIGrLsi0q8NZLg-HsBt6qAkz3ujFhT0Ntb7sHifTaEKmHI\" target=\"_blank\" rel=\"noreferrer noopener\">Skader meldes i check-in skjema<\/a><\/div>\n<\/div>\n\n\n\n<p><\/p>\n","protected":false},"excerpt":{"rendered":"<p>Hvem kan l\u00e5ne Har du betalt treningsavgift for i \u00e5r? Har du tatt nybegynnerkurs elv? Da kan du l\u00e5ne utstyr til privatturer fra Nidelven og alle turer som er offisielt arrangert av NTNUI Padling. N\u00e5r du l\u00e5ner utstyr SKAL det registreres med QR-koden for check-out n\u00e5r du l\u00e5ner utstyret, og QR-koden for check-inn n\u00e5r du [&hellip;]<\/p>\n","protected":false},"author":31,"featured_media":0,"parent":0,"menu_order":0,"comment_status":"closed","ping_status":"closed","template":"","meta":{"_coblocks_attr":"","_coblocks_dimensions":"","_coblocks_responsive_height":"","_coblocks_accordion_ie_support":"","_price":"","_stock":"","_tribe_ticket_header":"","_tribe_default_ticket_provider":"","_tribe_ticket_capacity":"0","_ticket_start_date":"","_ticket_end_date":"","_tribe_ticket_show_description":"","_tribe_ticket_show_not_going":false,"_tribe_ticket_use_global_stock":"","_tribe_ticket_global_stock_level":"","_global_stock_mode":"","_global_stock_cap":"","_tribe_rsvp_for_event":"","_tribe_ticket_going_count":"","_tribe_ticket_not_going_count":"","_tribe_tickets_list":[],"_tribe_ticket_has_attendee_info_fields":false,"footnotes":""},"class_list":["post-1783","page","type-page","status-publish","hentry"],"featured_image_src":null,"featured_image_src_square":null,"jetpack_sharing_enabled":true,"_links":{"self":[{"href":"https:\/\/ntnui.no\/padling\/wp-json\/wp\/v2\/pages\/1783","targetHints":{"allow":["GET"]}}],"collection":[{"href":"https:\/\/ntnui.no\/padling\/wp-json\/wp\/v2\/pages"}],"about":[{"href":"https:\/\/ntnui.no\/padling\/wp-json\/wp\/v2\/types\/page"}],"author":[{"embeddable":true,"href":"https:\/\/ntnui.no\/padling\/wp-json\/wp\/v2\/users\/31"}],"replies":[{"embeddable":true,"href":"https:\/\/ntnui.no\/padling\/wp-json\/wp\/v2\/comments?post=1783"}],"version-history":[{"count":31,"href":"https:\/\/ntnui.no\/padling\/wp-json\/wp\/v2\/pages\/1783\/revisions"}],"predecessor-version":[{"id":2279,"href":"https:\/\/ntnui.no\/padling\/wp-json\/wp\/v2\/pages\/1783\/revisions\/2279"}],"wp:attachment":[{"href":"https:\/\/ntnui.no\/padling\/wp-json\/wp\/v2\/media?parent=1783"}],"curies":[{"name":"wp","href":"https:\/\/api.w.org\/{rel}","templated":true}]}}