{"id":1776,"date":"2021-07-31T14:06:38","date_gmt":"2021-07-31T12:06:38","guid":{"rendered":"https:\/\/ntnui.no\/padling\/?page_id=1776"},"modified":"2024-04-04T13:57:04","modified_gmt":"2024-04-04T11:57:04","slug":"parapadling","status":"publish","type":"page","link":"https:\/\/ntnui.no\/padling\/parapadling\/","title":{"rendered":""},"content":{"rendered":"\n<div class=\"wp-block-cover alignfull has-background-dim-20 has-background-dim\" style=\"background-image:url(https:\/\/ntnui.no\/padling\/wp-content\/uploads\/sites\/161\/2021\/08\/40089015_301174230463460_8625913339765063680_n.jpg);background-position:52% 62%\"><div class=\"wp-block-cover__inner-container is-layout-flow wp-block-cover-is-layout-flow\">\n<p class=\"has-text-align-center has-large-font-size\" style=\"font-size:38px\">Parapadling<\/p>\n<\/div><\/div>\n\n\n\n<p>NTNUI Padling \u00f8nsker \u00e5 gi et padletilbud til alle. Vi vil ikke alltid kunne ha egne instrukt\u00f8rer med n\u00f8dvendig ekstrakompetanse for \u00e5 tilrettelegge kurs, men vi kan, sammen med Norges Padleforbund (NPF) og NTNUI Paraidrett, finne l\u00f8sninger slik at alle kan utnytte v\u00e5rt padletilbud og ta formelle padlekurs.<\/p>\n\n\n\n<p>Nestleder Martin Mehus er ansvarlig for \u00e5 tilrettelegge for paraut\u00f8vere. Ikke n\u00f8l med \u00e5 ta kontakt, s\u00e5 finner vi en l\u00f8sning! <br><a href=\"mailto:martin.mehus@ntnui.no\">martin.mehus@ntnui.no<\/a><\/p>\n\n\n\n<div class=\"wp-block-group is-layout-flow wp-block-group-is-layout-flow\"><div class=\"wp-block-group__inner-container\"><\/div><\/div>\n\n\n<p>Les mer om Norges Padleforbund her: <span style=\"color: #0000ff\"><a style=\"color: #0000ff\" href=\"https:\/\/www.padling.no\/parapadling\/\" target=\"_blank\" rel=\"noreferrer noopener\">Parapadling &#8211; Padling<\/a><\/span><\/p>\n\n\n<p><\/p>\n","protected":false},"excerpt":{"rendered":"<p>NTNUI Padling \u00f8nsker \u00e5 gi et padletilbud til alle. Vi vil ikke alltid kunne ha egne instrukt\u00f8rer med n\u00f8dvendig ekstrakompetanse for \u00e5 tilrettelegge kurs, men vi kan, sammen med Norges Padleforbund (NPF) og NTNUI Paraidrett, finne l\u00f8sninger slik at alle kan utnytte v\u00e5rt padletilbud og ta formelle padlekurs. Nestleder Martin Mehus er ansvarlig for \u00e5 [&hellip;]<\/p>\n","protected":false},"author":31,"featured_media":0,"parent":0,"menu_order":0,"comment_status":"closed","ping_status":"closed","template":"","meta":{"_coblocks_attr":"","_coblocks_dimensions":"","_coblocks_responsive_height":"","_coblocks_accordion_ie_support":"","_price":"","_stock":"","_tribe_ticket_header":"","_tribe_default_ticket_provider":"","_tribe_ticket_capacity":"0","_ticket_start_date":"","_ticket_end_date":"","_tribe_ticket_show_description":"","_tribe_ticket_show_not_going":false,"_tribe_ticket_use_global_stock":"","_tribe_ticket_global_stock_level":"","_global_stock_mode":"","_global_stock_cap":"","_tribe_rsvp_for_event":"","_tribe_ticket_going_count":"","_tribe_ticket_not_going_count":"","_tribe_tickets_list":[],"_tribe_ticket_has_attendee_info_fields":false,"footnotes":""},"class_list":["post-1776","page","type-page","status-publish","hentry"],"featured_image_src":null,"featured_image_src_square":null,"jetpack_sharing_enabled":true,"_links":{"self":[{"href":"https:\/\/ntnui.no\/padling\/wp-json\/wp\/v2\/pages\/1776","targetHints":{"allow":["GET"]}}],"collection":[{"href":"https:\/\/ntnui.no\/padling\/wp-json\/wp\/v2\/pages"}],"about":[{"href":"https:\/\/ntnui.no\/padling\/wp-json\/wp\/v2\/types\/page"}],"author":[{"embeddable":true,"href":"https:\/\/ntnui.no\/padling\/wp-json\/wp\/v2\/users\/31"}],"replies":[{"embeddable":true,"href":"https:\/\/ntnui.no\/padling\/wp-json\/wp\/v2\/comments?post=1776"}],"version-history":[{"count":9,"href":"https:\/\/ntnui.no\/padling\/wp-json\/wp\/v2\/pages\/1776\/revisions"}],"predecessor-version":[{"id":2322,"href":"https:\/\/ntnui.no\/padling\/wp-json\/wp\/v2\/pages\/1776\/revisions\/2322"}],"wp:attachment":[{"href":"https:\/\/ntnui.no\/padling\/wp-json\/wp\/v2\/media?parent=1776"}],"curies":[{"name":"wp","href":"https:\/\/api.w.org\/{rel}","templated":true}]}}