{"id":1733,"date":"2021-06-24T14:09:29","date_gmt":"2021-06-24T12:09:29","guid":{"rendered":"https:\/\/ntnui.no\/padling\/?page_id=1733"},"modified":"2024-02-06T21:02:01","modified_gmt":"2024-02-06T20:02:01","slug":"nyttige-lenker","status":"publish","type":"page","link":"https:\/\/ntnui.no\/padling\/nyttige-lenker\/","title":{"rendered":"Nyttige lenker"},"content":{"rendered":"\n<p><strong>Webcamera Trondheim havn<\/strong><br>Hvordan er v\u00e6ret p\u00e5 fjorden n\u00e5? Disse kameraene kan gi deg en pekepinn. <br><a rel=\"noreferrer noopener\" href=\"https:\/\/trondheimhavn.no\/webkamera\/\" target=\"_blank\">https:\/\/trondheimhavn.no\/webkamera\/ <\/a><\/p>\n\n\n\n<p><strong>F\u00f8rstehjelp for kajakkpadlere<\/strong><br><a rel=\"noreferrer noopener\" href=\"http:\/\/www.forstehjelp.info\/forstehjelp-for-kajakkpadlere\/\" data-type=\"URL\" data-id=\"http:\/\/www.forstehjelp.info\/forstehjelp-for-kajakkpadlere\/\" target=\"_blank\">http:\/\/www.forstehjelp.info\/forstehjelp-for-kajakkpadlere\/<\/a> <\/p>\n\n\n\n<p><\/p>\n\n\n\n<p><strong>Mappe med nyttig info <\/strong> (<a href=\"https:\/\/drive.google.com\/drive\/folders\/1nPr6CmllL7w6aUa6TwEg63__0Gv4XFYE?usp=drive_link\" data-type=\"URL\" data-id=\"https:\/\/drive.google.com\/drive\/folders\/1nPr6CmllL7w6aUa6TwEg63__0Gv4XFYE?usp=drive_link\">Trykk her<\/a>)<\/p>\n","protected":false},"excerpt":{"rendered":"<p>Webcamera Trondheim havnHvordan er v\u00e6ret p\u00e5 fjorden n\u00e5? Disse kameraene kan gi deg en pekepinn. https:\/\/trondheimhavn.no\/webkamera\/ F\u00f8rstehjelp for kajakkpadlerehttp:\/\/www.forstehjelp.info\/forstehjelp-for-kajakkpadlere\/ Mappe med nyttig info (Trykk her)<\/p>\n","protected":false},"author":31,"featured_media":0,"parent":0,"menu_order":0,"comment_status":"closed","ping_status":"closed","template":"","meta":{"_coblocks_attr":"","_coblocks_dimensions":"","_coblocks_responsive_height":"","_coblocks_accordion_ie_support":"","_price":"","_stock":"","_tribe_ticket_header":"","_tribe_default_ticket_provider":"","_tribe_ticket_capacity":"0","_ticket_start_date":"","_ticket_end_date":"","_tribe_ticket_show_description":"","_tribe_ticket_show_not_going":false,"_tribe_ticket_use_global_stock":"","_tribe_ticket_global_stock_level":"","_global_stock_mode":"","_global_stock_cap":"","_tribe_rsvp_for_event":"","_tribe_ticket_going_count":"","_tribe_ticket_not_going_count":"","_tribe_tickets_list":[],"_tribe_ticket_has_attendee_info_fields":false,"footnotes":""},"class_list":["post-1733","page","type-page","status-publish","hentry"],"featured_image_src":null,"featured_image_src_square":null,"jetpack_sharing_enabled":true,"_links":{"self":[{"href":"https:\/\/ntnui.no\/padling\/wp-json\/wp\/v2\/pages\/1733","targetHints":{"allow":["GET"]}}],"collection":[{"href":"https:\/\/ntnui.no\/padling\/wp-json\/wp\/v2\/pages"}],"about":[{"href":"https:\/\/ntnui.no\/padling\/wp-json\/wp\/v2\/types\/page"}],"author":[{"embeddable":true,"href":"https:\/\/ntnui.no\/padling\/wp-json\/wp\/v2\/users\/31"}],"replies":[{"embeddable":true,"href":"https:\/\/ntnui.no\/padling\/wp-json\/wp\/v2\/comments?post=1733"}],"version-history":[{"count":6,"href":"https:\/\/ntnui.no\/padling\/wp-json\/wp\/v2\/pages\/1733\/revisions"}],"predecessor-version":[{"id":2303,"href":"https:\/\/ntnui.no\/padling\/wp-json\/wp\/v2\/pages\/1733\/revisions\/2303"}],"wp:attachment":[{"href":"https:\/\/ntnui.no\/padling\/wp-json\/wp\/v2\/media?parent=1733"}],"curies":[{"name":"wp","href":"https:\/\/api.w.org\/{rel}","templated":true}]}}