{"id":1678,"date":"2021-04-30T13:37:42","date_gmt":"2021-04-30T11:37:42","guid":{"rendered":"https:\/\/ntnui.no\/padling\/?page_id=1678"},"modified":"2021-08-10T21:57:38","modified_gmt":"2021-08-10T19:57:38","slug":"kurs-hav","status":"publish","type":"page","link":"https:\/\/ntnui.no\/padling\/kurs-hav\/","title":{"rendered":""},"content":{"rendered":"\n<div class=\"wp-block-cover alignfull has-background-gradient has-custom-content-position is-position-top-center\" style=\"background-image:url(https:\/\/ntnui.no\/padling\/wp-content\/uploads\/sites\/161\/2021\/04\/Havpadling.jpg);background-position:42% 60%\"><div class=\"wp-block-cover__inner-container is-layout-flow wp-block-cover-is-layout-flow\">\n<p class=\"has-text-align-center has-light-gray-color has-text-color has-large-font-size\" style=\"font-size:38px\">Kurs &#8211; Hav<\/p>\n<\/div><\/div>\n\n\n\n<p>NTNUI-Padling arrangerer grunnkurs hav hvert semester. Dette kurset kvalifiserer til v\u00e5ttkort hav og legger grunnlaget for videre kurs i v\u00e5tkortstigen, slik som teknikkurs og aktivitetlederkurs.<\/p>\n\n\n\n<p>Disse kursene annonseres i starten av v\u00e5r og h\u00f8stsemester. Normalt er det 2-3 kurs per semester. Du m\u00e5 stille med v\u00e5tdrakt\/t\u00f8rrdrakt selv. Kajakk, \u00e5re, vest og spruttrekk stiller klubben med. Grunnkurs gir medlemskap og utstyrsleie i et \u00e5r, innev\u00e6rende semester og neste semester. Dette gir deg tilgang p\u00e5 ukentlige treninger, turer, innend\u00f8rs rulletrening i Pirbadet og polotrening.<\/p>\n","protected":false},"excerpt":{"rendered":"<p>NTNUI-Padling arrangerer grunnkurs hav hvert semester. Dette kurset kvalifiserer til v\u00e5ttkort hav og legger grunnlaget for videre kurs i v\u00e5tkortstigen, slik som teknikkurs og aktivitetlederkurs. Disse kursene annonseres i starten av v\u00e5r og h\u00f8stsemester. Normalt er det 2-3 kurs per semester. Du m\u00e5 stille med v\u00e5tdrakt\/t\u00f8rrdrakt selv. Kajakk, \u00e5re, vest og spruttrekk stiller klubben med. [&hellip;]<\/p>\n","protected":false},"author":31,"featured_media":1638,"parent":0,"menu_order":0,"comment_status":"closed","ping_status":"closed","template":"","meta":{"_coblocks_attr":"HelveticaArial,","_coblocks_dimensions":"","_coblocks_responsive_height":"","_coblocks_accordion_ie_support":"","_price":"","_stock":"","_tribe_ticket_header":"","_tribe_default_ticket_provider":"","_tribe_ticket_capacity":"0","_ticket_start_date":"","_ticket_end_date":"","_tribe_ticket_show_description":"","_tribe_ticket_show_not_going":false,"_tribe_ticket_use_global_stock":"","_tribe_ticket_global_stock_level":"","_global_stock_mode":"","_global_stock_cap":"","_tribe_rsvp_for_event":"","_tribe_ticket_going_count":"","_tribe_ticket_not_going_count":"","_tribe_tickets_list":[],"_tribe_ticket_has_attendee_info_fields":false,"footnotes":""},"class_list":["post-1678","page","type-page","status-publish","has-post-thumbnail","hentry"],"featured_image_src":"https:\/\/ntnui.no\/padling\/wp-content\/uploads\/sites\/161\/2021\/04\/Havpadling.jpg","featured_image_src_square":"https:\/\/ntnui.no\/padling\/wp-content\/uploads\/sites\/161\/2021\/04\/Havpadling.jpg","jetpack_sharing_enabled":true,"_links":{"self":[{"href":"https:\/\/ntnui.no\/padling\/wp-json\/wp\/v2\/pages\/1678","targetHints":{"allow":["GET"]}}],"collection":[{"href":"https:\/\/ntnui.no\/padling\/wp-json\/wp\/v2\/pages"}],"about":[{"href":"https:\/\/ntnui.no\/padling\/wp-json\/wp\/v2\/types\/page"}],"author":[{"embeddable":true,"href":"https:\/\/ntnui.no\/padling\/wp-json\/wp\/v2\/users\/31"}],"replies":[{"embeddable":true,"href":"https:\/\/ntnui.no\/padling\/wp-json\/wp\/v2\/comments?post=1678"}],"version-history":[{"count":8,"href":"https:\/\/ntnui.no\/padling\/wp-json\/wp\/v2\/pages\/1678\/revisions"}],"predecessor-version":[{"id":1998,"href":"https:\/\/ntnui.no\/padling\/wp-json\/wp\/v2\/pages\/1678\/revisions\/1998"}],"wp:featuredmedia":[{"embeddable":true,"href":"https:\/\/ntnui.no\/padling\/wp-json\/wp\/v2\/media\/1638"}],"wp:attachment":[{"href":"https:\/\/ntnui.no\/padling\/wp-json\/wp\/v2\/media?parent=1678"}],"curies":[{"name":"wp","href":"https:\/\/api.w.org\/{rel}","templated":true}]}}