{"id":1673,"date":"2021-04-30T13:29:53","date_gmt":"2021-04-30T11:29:53","guid":{"rendered":"https:\/\/ntnui.no\/padling\/?page_id=1673"},"modified":"2023-06-20T13:11:40","modified_gmt":"2023-06-20T11:11:40","slug":"ukentlig-trening-hav","status":"publish","type":"page","link":"https:\/\/ntnui.no\/padling\/ukentlig-trening-hav\/","title":{"rendered":""},"content":{"rendered":"\n<div class=\"wp-block-cover alignfull has-background-dim\" style=\"background-image:url(https:\/\/ntnui.no\/padling\/wp-content\/uploads\/sites\/161\/2021\/04\/Havpadling.jpg);background-position:52% 58%;min-height:311px;aspect-ratio:unset;\"><div class=\"wp-block-cover__inner-container is-layout-flow wp-block-cover-is-layout-flow\">\n<p class=\"has-text-align-center has-large-font-size\" style=\"font-size:38px\">Havpadling<\/p>\n<\/div><\/div>\n\n\n\n<p><strong>N\u00e5r:<\/strong> Sjekk spond-arrangement.<br><strong>Ha med: <\/strong>V\u00e5tdrakt\/t\u00f8rrdrakt.<br><strong>Oppm\u00f8tested<\/strong>: Skansen<\/p>\n\n\n\n<p>Gjennom \u00e5ret har vi som regel ukentlige turer i havkajakk fra Skansen.<\/p>\n\n\n\n<p>For \u00e5 kunne delta p\u00e5 turene m\u00e5 man v\u00e6re medlem av padlegruppa. P\u00e5melding skjer via Spond (app\/nettside). Du m\u00e5 v\u00e6re medlem for \u00e5 v\u00e6re med i Spond-gruppen. Under f\u00f8lger link til Spond-gruppen.<\/p>\n\n\n\n<div class=\"wp-block-buttons aligncenter is-layout-flex wp-block-buttons-is-layout-flex\">\n<div class=\"wp-block-button is-style-circular\"><a class=\"wp-block-button__link has-light-gray-color has-dark-black-background-color has-text-color has-background\" href=\"https:\/\/group.spond.com\/KIXQG\" target=\"_blank\" rel=\"noreferrer noopener\">Spond<br>Elv, hav, rulletrening<\/a><\/div>\n<\/div>\n\n\n\n<div class=\"wp-block-cover alignfull has-background-dim\" style=\"background-image:url(https:\/\/ntnui.no\/padling\/wp-content\/uploads\/sites\/161\/2021\/04\/rulletrening.jpg);background-position:54% 34%;min-height:328px;aspect-ratio:unset;\"><div class=\"wp-block-cover__inner-container is-layout-flow wp-block-cover-is-layout-flow\">\n<p class=\"has-text-align-center has-large-font-size\" style=\"font-size:38px\">Rulletrening i Pirbadet<\/p>\n<\/div><\/div>\n\n\n\n<p><strong>N\u00e5r<\/strong>: Sjekk spond-arrangement.<br><strong>Pris<\/strong>: 0 kr.<br><strong>Ha med<\/strong>: Badet\u00f8y, 10&#8217;er til garderobeskap, mobil med pirbadets app og opprettet bruker.<\/p>\n\n\n\n<p>Hver tirsdag i den m\u00f8rke halvdelen av \u00e5ret er det bassengtrening p\u00e5 Pirbadet. Her har du muligheten til \u00e5 perfeksjonere rulla f\u00f8r kommende padlesesong.<br><\/p>\n","protected":false},"excerpt":{"rendered":"<p>N\u00e5r: Sjekk spond-arrangement.Ha med: V\u00e5tdrakt\/t\u00f8rrdrakt.Oppm\u00f8tested: Skansen Gjennom \u00e5ret har vi som regel ukentlige turer i havkajakk fra Skansen. For \u00e5 kunne delta p\u00e5 turene m\u00e5 man v\u00e6re medlem av padlegruppa. P\u00e5melding skjer via Spond (app\/nettside). Du m\u00e5 v\u00e6re medlem for \u00e5 v\u00e6re med i Spond-gruppen. Under f\u00f8lger link til Spond-gruppen. N\u00e5r: Sjekk spond-arrangement.Pris: 0 kr.Ha [&hellip;]<\/p>\n","protected":false},"author":31,"featured_media":0,"parent":0,"menu_order":0,"comment_status":"closed","ping_status":"closed","template":"","meta":{"_coblocks_attr":"","_coblocks_dimensions":"","_coblocks_responsive_height":"","_coblocks_accordion_ie_support":"","_price":"","_stock":"","_tribe_ticket_header":"","_tribe_default_ticket_provider":"","_tribe_ticket_capacity":"0","_ticket_start_date":"","_ticket_end_date":"","_tribe_ticket_show_description":"","_tribe_ticket_show_not_going":false,"_tribe_ticket_use_global_stock":"","_tribe_ticket_global_stock_level":"","_global_stock_mode":"","_global_stock_cap":"","_tribe_rsvp_for_event":"","_tribe_ticket_going_count":"","_tribe_ticket_not_going_count":"","_tribe_tickets_list":[],"_tribe_ticket_has_attendee_info_fields":false,"footnotes":""},"class_list":["post-1673","page","type-page","status-publish","hentry"],"featured_image_src":null,"featured_image_src_square":null,"jetpack_sharing_enabled":true,"_links":{"self":[{"href":"https:\/\/ntnui.no\/padling\/wp-json\/wp\/v2\/pages\/1673","targetHints":{"allow":["GET"]}}],"collection":[{"href":"https:\/\/ntnui.no\/padling\/wp-json\/wp\/v2\/pages"}],"about":[{"href":"https:\/\/ntnui.no\/padling\/wp-json\/wp\/v2\/types\/page"}],"author":[{"embeddable":true,"href":"https:\/\/ntnui.no\/padling\/wp-json\/wp\/v2\/users\/31"}],"replies":[{"embeddable":true,"href":"https:\/\/ntnui.no\/padling\/wp-json\/wp\/v2\/comments?post=1673"}],"version-history":[{"count":14,"href":"https:\/\/ntnui.no\/padling\/wp-json\/wp\/v2\/pages\/1673\/revisions"}],"predecessor-version":[{"id":2182,"href":"https:\/\/ntnui.no\/padling\/wp-json\/wp\/v2\/pages\/1673\/revisions\/2182"}],"wp:attachment":[{"href":"https:\/\/ntnui.no\/padling\/wp-json\/wp\/v2\/media?parent=1673"}],"curies":[{"name":"wp","href":"https:\/\/api.w.org\/{rel}","templated":true}]}}