{"id":1654,"date":"2021-04-06T15:12:56","date_gmt":"2021-04-06T13:12:56","guid":{"rendered":"https:\/\/ntnui.no\/padling\/?page_id=1654"},"modified":"2024-02-06T20:09:33","modified_gmt":"2024-02-06T19:09:33","slug":"faq","status":"publish","type":"page","link":"https:\/\/ntnui.no\/padling\/faq\/","title":{"rendered":"FAQ"},"content":{"rendered":"\n<p class=\"mb-0 pb-0\"><strong>Medlemskap<\/strong> <\/p>\n\n\n\n<div class=\"wp-block-coblocks-accordion mb-0 pb-0 mt-0 pt-0\">\n<div class=\"wp-block-coblocks-accordion-item has-custom-lineheight\" style=\"line-height:2\"><details><summary class=\"wp-block-coblocks-accordion-item__title\">Hvordan blir jeg medlem?<\/summary><div class=\"wp-block-coblocks-accordion-item__content\">\n<p>Se&nbsp;<a href=\"https:\/\/ntnui.no\/padling\/bli-medlem\/\"><span style=\"color: #3366ff\">Her<\/span><\/a><\/p>\n\n\n\n<p><\/p>\n<\/div><\/details><\/div>\n\n\n\n<div class=\"wp-block-coblocks-accordion-item\"><details><summary class=\"wp-block-coblocks-accordion-item__title\">Hva koster medlemskap?<\/summary><div class=\"wp-block-coblocks-accordion-item__content\">\n<p>I tillegg til NTNUI-medlemskap m\u00e5 man betale treningsavgift til NTNUI padling. <\/p>\n\n\n\n<p>Treningsavgiften er p\u00e5 300kr dersom det betales p\u00e5 h\u00f8sten, og varer ut august neste \u00e5r. Dersom det betales etter 1. januar koster det 200kr, og varer ut august samme \u00e5r.<br>Treningsavgift for ett \u00e5r er inkludert i grunnkurs.<\/p>\n<\/div><\/details><\/div>\n\n\n\n<div class=\"wp-block-coblocks-accordion-item\"><details><summary class=\"wp-block-coblocks-accordion-item__title\">M\u00e5 jeg v\u00e6re student ved NTNU for \u00e5 kunne bli med?<\/summary><div class=\"wp-block-coblocks-accordion-item__content\">\n<p>Du trenger NTNUI-medlemskap. Er du usikker p\u00e5 om du kan f\u00e5 tak i dette, kan du sp\u00f8rre i resepsjonen til et av SITs treningssentre.<\/p>\n<\/div><\/details><\/div>\n\n\n\n<div class=\"wp-block-coblocks-accordion-item\"><details><summary class=\"wp-block-coblocks-accordion-item__title\">Jeg har medlemskap, kan jeg ta med venner uten v\u00e5ttkort og\/eller medlemskap p\u00e5 padletur?<\/summary><div class=\"wp-block-coblocks-accordion-item__content\">\n<p>Nei. Alle som l\u00e5ner utstyr m\u00e5 ha medlemskap og v\u00e5ttkort.<\/p>\n<\/div><\/details><\/div>\n\n\n\n<div class=\"wp-block-coblocks-accordion-item\"><details><summary class=\"wp-block-coblocks-accordion-item__title\">Hvilke kurs har klubben?<\/summary><div class=\"wp-block-coblocks-accordion-item__content\">\n<p>Vi arrangerer grunnkurs i elv og hav hvert semester. Sikkerhetskurs, teknikkurs og aktivitetslederkurs blir arrangert etter interesse og behov.<\/p>\n<\/div><\/details><\/div>\n\n\n\n<div class=\"wp-block-coblocks-accordion-item\"><details><summary class=\"wp-block-coblocks-accordion-item__title\">Hvilke aktiviteter har klubben?<\/summary><div class=\"wp-block-coblocks-accordion-item__content\">\n<ul class=\"wp-block-list\"><li>Ukentlig elvepadling p\u00e5 Nidelva<\/li><li>Havpadling annenhver uke<\/li><li>Rulletrening i Pirbadet i vinterhalv\u00e5ret<\/li><li>Padlepils<\/li><li>Elvetur til Sjoa<\/li><li>Lengre havturer<\/li><li>Buldring en gang i blant<\/li><\/ul>\n\n\n\n<p><\/p>\n<\/div><\/details><\/div>\n\n\n\n<div class=\"wp-block-coblocks-accordion-item\"><details><summary class=\"wp-block-coblocks-accordion-item__title\">Jeg har lyst \u00e5 v\u00e6re med p\u00e5 kurs, men har ikke v\u00e5tdrakt\/t\u00f8rrdrakt. Kan jeg l\u00e5ne\/leie?<\/summary><div class=\"wp-block-coblocks-accordion-item__content\">\n<p><\/p>\n\n\n\n<p>Klubben har ikke drakter til utl\u00e5n\/leie. Du kan fors\u00f8ke \u00e5 sp\u00f8rre i <a href=\"https:\/\/www.facebook.com\/groups\/ntnuipadling\"><span style=\"color: #0000ff\">facebookgruppen<\/span><\/a> om noen kan l\u00e5ne deg en.<\/p>\n<\/div><\/details><\/div>\n<\/div>\n\n\n\n<p class=\"mb-0 pb-0 mt-0 pt-0\"><strong>V\u00e5ttkort<\/strong><\/p>\n\n\n\n<div class=\"wp-block-coblocks-accordion mb-0 pb-0 mt-0 pt-0\">\n<div class=\"wp-block-coblocks-accordion-item\"><details><summary class=\"wp-block-coblocks-accordion-item__title\">Hva er v\u00e5ttkort?<\/summary><div class=\"wp-block-coblocks-accordion-item__content\">\n<p>Norges Padleforbund har utviklet en kursstige som kalles v\u00e5ttkort. Mange klubber og kommersielle akt\u00f8rer som leier ut kajakker stiller som et krav om at en har v\u00e5ttkort for \u00e5 kunne leie kajakk. Dette gir utleier en trygghet p\u00e5 at padleren har f\u00e5tt en innf\u00f8ring i grunnleggende teknikk, sikkerhet og risikovurdering.<\/p>\n\n\n\n<p>Les mer om v\u00e5ttkort p\u00e5 <a href=\"https:\/\/padling.no\/vaattkort\/\"><span style=\"color: #0000ff\">padling.no<\/span><\/a><\/p>\n\n\n\n<p><\/p>\n<\/div><\/details><\/div>\n\n\n\n<div class=\"wp-block-coblocks-accordion-item\"><details><summary class=\"wp-block-coblocks-accordion-item__title\">Jeg har v\u00e5ttkort elv, kan jeg padle hav hos NTNUI?<\/summary><div class=\"wp-block-coblocks-accordion-item__content\">\n<p>Nei. Det er forskjellige ferdigheter og sikkerhetsvurderinger for hvert av kursene.<\/p>\n<\/div><\/details><\/div>\n\n\n\n<div class=\"wp-block-coblocks-accordion-item\"><details><summary class=\"wp-block-coblocks-accordion-item__title\">Jeg har v\u00e5ttkort hav, kan jeg padle elv hos NTNUI?<\/summary><div class=\"wp-block-coblocks-accordion-item__content\">\n<p>Nei. Det er forskjellige ferdigheter og sikkerhetsvurderinger for hvert av kursene.<\/p>\n<\/div><\/details><\/div>\n\n\n\n<div class=\"wp-block-coblocks-accordion-item\"><details><summary class=\"wp-block-coblocks-accordion-item__title\">Kan jeg v\u00e6re med p\u00e5 rulletrening uten v\u00e5ttkort?<\/summary><div class=\"wp-block-coblocks-accordion-item__content\">\n<p>Ja, men du m\u00e5 betale treningsavgift. Tar du kurs samme sesong, f\u00e5r du rabattert pris, da du allerede har betalt for treningsavgift.<\/p>\n<\/div><\/details><\/div>\n<\/div>\n\n\n\n<p class=\"mb-0 pb-0 mt-0 pt-0\"><strong>Utstyr<\/strong><\/p>\n\n\n\n<div class=\"wp-block-coblocks-accordion mb-0 pb-0 mt-0 pt-0\">\n<div class=\"wp-block-coblocks-accordion-item\"><details><summary class=\"wp-block-coblocks-accordion-item__title\">Jeg er medlem, kan jeg l\u00e5ne utstyr n\u00e5r som helst?<\/summary><div class=\"wp-block-coblocks-accordion-item__content\">\n<p>Du kan l\u00e5ne utstyr s\u00e5 lenge det ikke er planlagt kurs eller turer. Sjekk <a href=\"https:\/\/www.facebook.com\/groups\/ntnuipadling\"><span style=\"color: #0000ff\">facebookgruppen<\/span> <\/a>for dette.<\/p>\n<\/div><\/details><\/div>\n\n\n\n<div class=\"wp-block-coblocks-accordion-item\"><details><summary class=\"wp-block-coblocks-accordion-item__title\">Hvor melder jeg fra om skader\/mangler p\u00e5 utsyr eller bod?<\/summary><div class=\"wp-block-coblocks-accordion-item__content\">\n<p>Meld fra til Elvesjef eller Havsjef p\u00e5 mail, eller bruk check-in skjema:<\/p>\n\n\n\n<p><a href=\"https:\/\/docs.google.com\/forms\/d\/e\/1FAIpQLSfVSvqoS9-pL614E7V4QynfWHI2l_RYttcQ46euY6FxCRntKw\/viewform?fbclid=IwAR3lb5gf87FfSvIGrLsi0q8NZLg-HsBt6qAkz3ujFhT0Ntb7sHifTaEKmHI\"><span style=\"color: #0000ff\">Meld skade<\/span><\/a><\/p>\n\n\n\n<p><\/p>\n<\/div><\/details><\/div>\n<\/div>\n\n\n\n<p><strong>Utvekslingsstudent<\/strong><\/p>\n\n\n\n<div class=\"wp-block-coblocks-accordion\">\n<div class=\"wp-block-coblocks-accordion-item\"><details><summary class=\"wp-block-coblocks-accordion-item__title\">Jeg er utvekslingsstudent og har padlet mye elv, men har ikke v\u00e5ttkort. Trenger jeg grunnkurs?<\/summary><div class=\"wp-block-coblocks-accordion-item__content\">\n<p>Dersom du har et annet kurs-sertifikat, send oss det. For \u00e5 finne ut av niv\u00e5et ditt er vi interessert i hvilke elver og grader du har padlet? Du kan bli med en tur p\u00e5 elven med en aktivitetsleder som kan godkjenne deg, og dermed slippe  grunnkurs.<\/p>\n<\/div><\/details><\/div>\n<\/div>\n","protected":false},"excerpt":{"rendered":"<p>Medlemskap V\u00e5ttkort Utstyr Utvekslingsstudent<\/p>\n","protected":false},"author":31,"featured_media":0,"parent":0,"menu_order":0,"comment_status":"closed","ping_status":"closed","template":"","meta":{"_coblocks_attr":"","_coblocks_dimensions":"","_coblocks_responsive_height":"","_coblocks_accordion_ie_support":"'false'","_price":"","_stock":"","_tribe_ticket_header":"","_tribe_default_ticket_provider":"","_tribe_ticket_capacity":"0","_ticket_start_date":"","_ticket_end_date":"","_tribe_ticket_show_description":"","_tribe_ticket_show_not_going":false,"_tribe_ticket_use_global_stock":"","_tribe_ticket_global_stock_level":"","_global_stock_mode":"","_global_stock_cap":"","_tribe_rsvp_for_event":"","_tribe_ticket_going_count":"","_tribe_ticket_not_going_count":"","_tribe_tickets_list":[],"_tribe_ticket_has_attendee_info_fields":false,"footnotes":""},"class_list":["post-1654","page","type-page","status-publish","hentry"],"featured_image_src":null,"featured_image_src_square":null,"jetpack_sharing_enabled":true,"_links":{"self":[{"href":"https:\/\/ntnui.no\/padling\/wp-json\/wp\/v2\/pages\/1654","targetHints":{"allow":["GET"]}}],"collection":[{"href":"https:\/\/ntnui.no\/padling\/wp-json\/wp\/v2\/pages"}],"about":[{"href":"https:\/\/ntnui.no\/padling\/wp-json\/wp\/v2\/types\/page"}],"author":[{"embeddable":true,"href":"https:\/\/ntnui.no\/padling\/wp-json\/wp\/v2\/users\/31"}],"replies":[{"embeddable":true,"href":"https:\/\/ntnui.no\/padling\/wp-json\/wp\/v2\/comments?post=1654"}],"version-history":[{"count":23,"href":"https:\/\/ntnui.no\/padling\/wp-json\/wp\/v2\/pages\/1654\/revisions"}],"predecessor-version":[{"id":2289,"href":"https:\/\/ntnui.no\/padling\/wp-json\/wp\/v2\/pages\/1654\/revisions\/2289"}],"wp:attachment":[{"href":"https:\/\/ntnui.no\/padling\/wp-json\/wp\/v2\/media?parent=1654"}],"curies":[{"name":"wp","href":"https:\/\/api.w.org\/{rel}","templated":true}]}}