{"id":1394,"date":"2021-03-31T16:20:46","date_gmt":"2021-03-31T14:20:46","guid":{"rendered":"https:\/\/ntnui.no\/padling\/?page_id=1394"},"modified":"2026-03-22T19:14:37","modified_gmt":"2026-03-22T18:14:37","slug":"styret","status":"publish","type":"page","link":"https:\/\/ntnui.no\/padling\/styret\/","title":{"rendered":"Styret &#8211; Board"},"content":{"rendered":"\n<div class=\"wp-block-media-text alignwide is-stacked-on-mobile\" style=\"grid-template-columns:48% auto\"><figure class=\"wp-block-media-text__media\"><img loading=\"lazy\" decoding=\"async\" width=\"1024\" height=\"683\" src=\"https:\/\/ntnui.no\/padling\/wp-content\/uploads\/sites\/161\/2025\/08\/2025-05-24_Leonie-Richarz_PSE-11-XL.jpg\" alt=\"\" class=\"wp-image-2422 size-full\" \/><\/figure><div class=\"wp-block-media-text__content\">\n<p class=\"has-large-font-size\"><strong>Synne Rognmo<\/strong><\/p>\n\n\n\n<p style=\"font-size:16px\"><strong>Leder<\/strong><\/p>\n\n\n\n<p><a href=\"synne.rognmo@ntnui.no\" data-type=\"link\" data-id=\"synne.rognmo@ntnui.no\">synne.rognmo@ntnui.no<\/a><\/p>\n<\/div><\/div>\n\n\n\n<div class=\"wp-block-media-text alignwide is-stacked-on-mobile\" style=\"grid-template-columns:48% auto\"><figure class=\"wp-block-media-text__media\"><img loading=\"lazy\" decoding=\"async\" width=\"899\" height=\"599\" src=\"https:\/\/ntnui.no\/padling\/wp-content\/uploads\/sites\/161\/2026\/03\/DSCF2838.jpg\" alt=\"\" class=\"wp-image-2432 size-full\" \/><\/figure><div class=\"wp-block-media-text__content\">\n<h3 class=\"wp-block-heading\">Thorvald Hagland B\u00f8rseth<\/h3>\n\n\n\n<p style=\"font-size:16px\"><br><strong>Nestleder<\/strong><br><br><a href=\"thorvald.borseth@ntnui.no\" data-type=\"link\" data-id=\"thorvald.borseth@ntnui.no\">thorvald.borseth@ntnui.no<\/a><\/p>\n\n\n\n<p><\/p>\n<\/div><\/div>\n\n\n\n<div class=\"wp-block-media-text alignwide is-stacked-on-mobile\" style=\"grid-template-columns:48% auto\"><figure class=\"wp-block-media-text__media\"><img loading=\"lazy\" decoding=\"async\" width=\"1024\" height=\"683\" src=\"https:\/\/ntnui.no\/padling\/wp-content\/uploads\/sites\/161\/2025\/08\/2025-05-24_Leonie-Richarz_PSE-7-XL.jpg\" alt=\"\" class=\"wp-image-2423 size-full\" \/><\/figure><div class=\"wp-block-media-text__content\">\n<h3 class=\"wp-block-heading\">Alexander Brackenbury<\/h3>\n\n\n\n<p style=\"font-size:16px\"><br><strong>\u00d8konomi<\/strong><br><br><a href=\"mailto:alexander.brackenbury@ntnui.no\" target=\"_blank\" rel=\"noreferrer noopener\">alexander.brackenbury@ntnui.no<\/a><\/p>\n\n\n\n<p><\/p>\n<\/div><\/div>\n\n\n\n<div class=\"wp-block-media-text alignwide is-stacked-on-mobile is-style-default\" style=\"grid-template-columns:48% auto\"><figure class=\"wp-block-media-text__media\"><img loading=\"lazy\" decoding=\"async\" width=\"899\" height=\"599\" src=\"https:\/\/ntnui.no\/padling\/wp-content\/uploads\/sites\/161\/2025\/08\/DSC00542.jpg\" alt=\"\" class=\"wp-image-2425 size-full\" \/><\/figure><div class=\"wp-block-media-text__content\">\n<h3 class=\"wp-block-heading\" style=\"font-size:28px\">David Hoang<\/h3>\n\n\n\n<p style=\"font-size:16px\"><br><strong>\u00d8konomi 2<\/strong><br><br><a href=\"mailto:david.hoang@ntnui.no\">david.hoang@ntnui.no<\/a> <br><\/p>\n<\/div><\/div>\n\n\n\n<div class=\"wp-block-media-text alignwide is-stacked-on-mobile\" style=\"grid-template-columns:48% auto\"><figure class=\"wp-block-media-text__media\"><img loading=\"lazy\" decoding=\"async\" width=\"6024\" height=\"4024\" src=\"https:\/\/ntnui.no\/padling\/wp-content\/uploads\/sites\/161\/2026\/03\/DSC02739_Original.jpg\" alt=\"\" class=\"wp-image-2433 size-full\" \/><\/figure><div class=\"wp-block-media-text__content\">\n<p style=\"font-size:28px\"><strong>Oda Leir\u00e5mo<\/strong><\/p>\n\n\n\n<p style=\"font-size:16px\"><strong>Elvesjef<\/strong><\/p>\n\n\n\n<p><a href=\"oda.leiramo@ntnui.no\" data-type=\"link\" data-id=\"oda.leiramo@ntnui.no\">oda.leiramo@ntnui.no<\/a><\/p>\n<\/div><\/div>\n\n\n\n<div class=\"wp-block-media-text alignwide is-stacked-on-mobile\" style=\"grid-template-columns:48% auto\"><figure class=\"wp-block-media-text__media\"><img loading=\"lazy\" decoding=\"async\" width=\"1324\" height=\"2048\" src=\"https:\/\/ntnui.no\/padling\/wp-content\/uploads\/sites\/161\/2025\/08\/481086887_1044454874376475_4707817708342113819_n.jpg\" alt=\"\" class=\"wp-image-2426 size-full\" \/><\/figure><div class=\"wp-block-media-text__content\">\n<h3 class=\"wp-block-heading\">Pauline N\u00fcsse<\/h3>\n\n\n\n<p style=\"font-size:16px\"><br><strong>Havsjef<\/strong><br><br><a href=\"mailto:pauline.nusse@ntnui.no\">pauline.nusse@ntnui.no<\/a><br><\/p>\n\n\n\n<p><\/p>\n<\/div><\/div>\n\n\n\n<div class=\"wp-block-media-text alignwide is-stacked-on-mobile is-style-default\" style=\"grid-template-columns:48% auto\"><figure class=\"wp-block-media-text__media\"><img loading=\"lazy\" decoding=\"async\" width=\"899\" height=\"599\" src=\"https:\/\/ntnui.no\/padling\/wp-content\/uploads\/sites\/161\/2025\/08\/DSCF1430.jpg\" alt=\"\" class=\"wp-image-2424 size-full\" \/><\/figure><div class=\"wp-block-media-text__content\">\n<h3 class=\"wp-block-heading\">Jan Eskil Holst<\/h3>\n\n\n\n<p style=\"font-size:16px\"><br><strong>Arrangementsansvarlig<\/strong><\/p>\n\n\n\n<p style=\"font-size:16px\"><a href=\"mailto:jan.holst@ntnui.no\">jan.holst@ntnui.no<\/a><br><br><br><\/p>\n<\/div><\/div>\n\n\n\n<div class=\"wp-block-media-text alignwide is-stacked-on-mobile is-style-default\" style=\"grid-template-columns:48% auto\"><figure class=\"wp-block-media-text__media\"><img loading=\"lazy\" decoding=\"async\" width=\"1024\" height=\"683\" src=\"https:\/\/ntnui.no\/padling\/wp-content\/uploads\/sites\/161\/2026\/03\/2025-05-24_Pernille-S-Osmundsen-sikkerhetskurs-46-XL.jpg\" alt=\"\" class=\"wp-image-2434 size-full\" \/><\/figure><div class=\"wp-block-media-text__content\">\n<h3 class=\"wp-block-heading\">Lovisa Osk Ingadottir<\/h3>\n\n\n\n<p style=\"font-size:16px\"><br><strong>Sosiale medier<\/strong><\/p>\n\n\n\n<p><a href=\"lovisa.ingadottir@ntnui.no\" data-type=\"link\" data-id=\"lovisa.ingadottir@ntnui.no\">lovisa.ingadottir@ntnui.no<\/a><br><br><\/p>\n<\/div><\/div>\n\n\n\n<p><\/p>\n","protected":false},"excerpt":{"rendered":"<p>Synne Rognmo Leder synne.rognmo@ntnui.no Thorvald Hagland B\u00f8rseth Nestleder thorvald.borseth@ntnui.no Alexander Brackenbury \u00d8konomi alexander.brackenbury@ntnui.no David Hoang \u00d8konomi 2 david.hoang@ntnui.no Oda Leir\u00e5mo Elvesjef oda.leiramo@ntnui.no Pauline N\u00fcsse Havsjef pauline.nusse@ntnui.no Jan Eskil Holst Arrangementsansvarlig jan.holst@ntnui.no Lovisa Osk Ingadottir Sosiale medier lovisa.ingadottir@ntnui.no<\/p>\n","protected":false},"author":31,"featured_media":0,"parent":0,"menu_order":0,"comment_status":"closed","ping_status":"closed","template":"","meta":{"_coblocks_attr":"","_coblocks_dimensions":"","_coblocks_responsive_height":"","_coblocks_accordion_ie_support":"","_price":"","_stock":"","_tribe_ticket_header":"","_tribe_default_ticket_provider":"","_tribe_ticket_capacity":"0","_ticket_start_date":"","_ticket_end_date":"","_tribe_ticket_show_description":"","_tribe_ticket_show_not_going":false,"_tribe_ticket_use_global_stock":"","_tribe_ticket_global_stock_level":"","_global_stock_mode":"","_global_stock_cap":"","_tribe_rsvp_for_event":"","_tribe_ticket_going_count":"","_tribe_ticket_not_going_count":"","_tribe_tickets_list":[],"_tribe_ticket_has_attendee_info_fields":false,"footnotes":""},"class_list":["post-1394","page","type-page","status-publish","hentry"],"featured_image_src":null,"featured_image_src_square":null,"jetpack_sharing_enabled":true,"_links":{"self":[{"href":"https:\/\/ntnui.no\/padling\/wp-json\/wp\/v2\/pages\/1394","targetHints":{"allow":["GET"]}}],"collection":[{"href":"https:\/\/ntnui.no\/padling\/wp-json\/wp\/v2\/pages"}],"about":[{"href":"https:\/\/ntnui.no\/padling\/wp-json\/wp\/v2\/types\/page"}],"author":[{"embeddable":true,"href":"https:\/\/ntnui.no\/padling\/wp-json\/wp\/v2\/users\/31"}],"replies":[{"embeddable":true,"href":"https:\/\/ntnui.no\/padling\/wp-json\/wp\/v2\/comments?post=1394"}],"version-history":[{"count":52,"href":"https:\/\/ntnui.no\/padling\/wp-json\/wp\/v2\/pages\/1394\/revisions"}],"predecessor-version":[{"id":2435,"href":"https:\/\/ntnui.no\/padling\/wp-json\/wp\/v2\/pages\/1394\/revisions\/2435"}],"wp:attachment":[{"href":"https:\/\/ntnui.no\/padling\/wp-json\/wp\/v2\/media?parent=1394"}],"curies":[{"name":"wp","href":"https:\/\/api.w.org\/{rel}","templated":true}]}}