{"id":1385,"date":"2021-03-31T16:11:49","date_gmt":"2021-03-31T14:11:49","guid":{"rendered":"https:\/\/ntnui.no\/padling\/?page_id=1385"},"modified":"2024-08-26T16:42:52","modified_gmt":"2024-08-26T14:42:52","slug":"bli-medlem","status":"publish","type":"page","link":"https:\/\/ntnui.no\/padling\/bli-medlem\/","title":{"rendered":""},"content":{"rendered":"\n<div class=\"wp-block-cover alignfull has-background-dim\" style=\"background-image:url(https:\/\/ntnui.no\/padling\/wp-content\/uploads\/sites\/161\/2018\/08\/22096219_10212543138231028_2303013586872575607_o.jpg);background-position:55% 48%;min-height:561px;aspect-ratio:unset;\"><div class=\"wp-block-cover__inner-container is-layout-flow wp-block-cover-is-layout-flow\">\n<p class=\"has-text-align-center has-large-font-size\" style=\"font-size:41px\">Bli Medlem!<\/p>\n<\/div><\/div>\n\n\n\n<p>Som medlem i NTNUI Padling f\u00e5r du tilgang til klubbens utstyrslager p\u00e5 Skansen. Her kan du l\u00e5ne utstyr n\u00e5r du m\u00e5tte \u00f8nske, s\u00e5 lenge det ikke krasjer med organiserte kurs og turer. Du kan ogs\u00e5 delta p\u00e5 turer og ukentlige treninger i regi av klubben.<\/p>\n\n\n\n<h3 class=\"wp-block-heading\">For \u00e5 bli medlem trenger du:  <\/h3>\n\n\n\n<ul class=\"wp-block-list\"><li>NTNUI-medlemskap<\/li><li>V\u00e5ttkort med oblat for grunnkurs elv\/hav <\/li><li>Betalt treningsavgift<\/li><\/ul>\n\n\n\n<p>NTNUI-medlemskap anskaffes gjennom <a href=\"https:\/\/www.sit.no\/trening\/bli-medlem\">sit.no<\/a>.<br>Vi arrangerer kurs hvert semester som kvalifiserer til v\u00e5ttkort.<br>Treningsavgiften er p\u00e5 kr 300,-. Treningsavgiften betales hvert studie\u00e5r, og gjelder fra studiestart til ut august \u00e5ret etter. Ved betaling etter 1. januar koster treningsavgift 200 kroner og gjelder ut august samme \u00e5r. Dersom du har tatt grunnkurs hos NTNUI Padling f\u00e5r du inkludert treningsavgift for ett \u00e5r (innev\u00e6rende semester og neste semester).<\/p>\n\n\n\n<p>Registrer ditt medlemskap i skjemaet under.<\/p>\n\n\n\n<div class=\"wp-block-buttons aligncenter is-layout-flex wp-block-buttons-is-layout-flex\">\n<div class=\"wp-block-button is-style-circular\"><a class=\"wp-block-button__link has-dark-black-background-color has-background\" href=\"https:\/\/forms.gle\/FHNFNqVRaYSfXYFBA\" target=\"_blank\" rel=\"noreferrer noopener\">Registrer her!<\/a><\/div>\n<\/div>\n","protected":false},"excerpt":{"rendered":"<p>Som medlem i NTNUI Padling f\u00e5r du tilgang til klubbens utstyrslager p\u00e5 Skansen. Her kan du l\u00e5ne utstyr n\u00e5r du m\u00e5tte \u00f8nske, s\u00e5 lenge det ikke krasjer med organiserte kurs og turer. Du kan ogs\u00e5 delta p\u00e5 turer og ukentlige treninger i regi av klubben. For \u00e5 bli medlem trenger du: NTNUI-medlemskap V\u00e5ttkort med oblat [&hellip;]<\/p>\n","protected":false},"author":31,"featured_media":0,"parent":0,"menu_order":0,"comment_status":"closed","ping_status":"closed","template":"","meta":{"_coblocks_attr":"","_coblocks_dimensions":"","_coblocks_responsive_height":"","_coblocks_accordion_ie_support":"","_price":"","_stock":"","_tribe_ticket_header":"","_tribe_default_ticket_provider":"","_tribe_ticket_capacity":"0","_ticket_start_date":"","_ticket_end_date":"","_tribe_ticket_show_description":"","_tribe_ticket_show_not_going":false,"_tribe_ticket_use_global_stock":"","_tribe_ticket_global_stock_level":"","_global_stock_mode":"","_global_stock_cap":"","_tribe_rsvp_for_event":"","_tribe_ticket_going_count":"","_tribe_ticket_not_going_count":"","_tribe_tickets_list":[],"_tribe_ticket_has_attendee_info_fields":false,"footnotes":""},"class_list":["post-1385","page","type-page","status-publish","hentry"],"featured_image_src":null,"featured_image_src_square":null,"jetpack_sharing_enabled":true,"_links":{"self":[{"href":"https:\/\/ntnui.no\/padling\/wp-json\/wp\/v2\/pages\/1385","targetHints":{"allow":["GET"]}}],"collection":[{"href":"https:\/\/ntnui.no\/padling\/wp-json\/wp\/v2\/pages"}],"about":[{"href":"https:\/\/ntnui.no\/padling\/wp-json\/wp\/v2\/types\/page"}],"author":[{"embeddable":true,"href":"https:\/\/ntnui.no\/padling\/wp-json\/wp\/v2\/users\/31"}],"replies":[{"embeddable":true,"href":"https:\/\/ntnui.no\/padling\/wp-json\/wp\/v2\/comments?post=1385"}],"version-history":[{"count":15,"href":"https:\/\/ntnui.no\/padling\/wp-json\/wp\/v2\/pages\/1385\/revisions"}],"predecessor-version":[{"id":2371,"href":"https:\/\/ntnui.no\/padling\/wp-json\/wp\/v2\/pages\/1385\/revisions\/2371"}],"wp:attachment":[{"href":"https:\/\/ntnui.no\/padling\/wp-json\/wp\/v2\/media?parent=1385"}],"curies":[{"name":"wp","href":"https:\/\/api.w.org\/{rel}","templated":true}]}}