{"id":1349,"date":"2021-03-31T15:39:21","date_gmt":"2021-03-31T13:39:21","guid":{"rendered":"https:\/\/ntnui.no\/padling\/?page_id=1349"},"modified":"2023-11-20T13:36:38","modified_gmt":"2023-11-20T12:36:38","slug":"sponsorer","status":"publish","type":"page","link":"https:\/\/ntnui.no\/padling\/sponsorer\/","title":{"rendered":"Rabatter"},"content":{"rendered":"\n<p>Som medlem av NTNUI Padling f\u00e5r du rabattkoder hos VPG og Padlespesialisten<\/p>\n\n\n\n<p><strong>VPG:<\/strong><\/p>\n\n\n\n<ul class=\"wp-block-list\"><li>20% p\u00e5 Padleutstyr<\/li><li>5% p\u00e5 Kajakker<\/li><\/ul>\n\n\n\n<p><strong>Padlespesialisten:<\/strong><\/p>\n\n\n\n<ul class=\"wp-block-list\"><li>15% p\u00e5 hele sortimentet<\/li><\/ul>\n\n\n\n<p><\/p>\n\n\n\n<p>Oppdaterte rabattkoder sendes til medlemmer p\u00e5 mail.  <\/p>\n\n\n\n<p><\/p>\n\n\n\n<p>NTNUI-medlemskapet gir ogs\u00e5 rabatter i enkelte padlebutikker. Vi anbefaler \u00e5 h\u00f8re med disse direkte <\/p>\n\n\n\n<p><\/p>\n\n\n\n<figure class=\"wp-block-image size-large is-resized\"><img loading=\"lazy\" decoding=\"async\" src=\"https:\/\/ntnui.no\/padling\/wp-content\/uploads\/sites\/161\/2023\/11\/Skjermbilde-2023-11-20-133500.png\" alt=\"\" class=\"wp-image-2227\" width=\"415\" height=\"425\" \/><\/figure>\n\n\n\n<p><\/p>\n","protected":false},"excerpt":{"rendered":"<p>Som medlem av NTNUI Padling f\u00e5r du rabattkoder hos VPG og Padlespesialisten VPG: 20% p\u00e5 Padleutstyr 5% p\u00e5 Kajakker Padlespesialisten: 15% p\u00e5 hele sortimentet Oppdaterte rabattkoder sendes til medlemmer p\u00e5 mail. NTNUI-medlemskapet gir ogs\u00e5 rabatter i enkelte padlebutikker. Vi anbefaler \u00e5 h\u00f8re med disse direkte<\/p>\n","protected":false},"author":31,"featured_media":0,"parent":0,"menu_order":0,"comment_status":"closed","ping_status":"closed","template":"","meta":{"_coblocks_attr":"","_coblocks_dimensions":"","_coblocks_responsive_height":"","_coblocks_accordion_ie_support":"","_price":"","_stock":"","_tribe_ticket_header":"","_tribe_default_ticket_provider":"","_tribe_ticket_capacity":"0","_ticket_start_date":"","_ticket_end_date":"","_tribe_ticket_show_description":"","_tribe_ticket_show_not_going":false,"_tribe_ticket_use_global_stock":"","_tribe_ticket_global_stock_level":"","_global_stock_mode":"","_global_stock_cap":"","_tribe_rsvp_for_event":"","_tribe_ticket_going_count":"","_tribe_ticket_not_going_count":"","_tribe_tickets_list":[],"_tribe_ticket_has_attendee_info_fields":false,"footnotes":""},"class_list":["post-1349","page","type-page","status-publish","hentry"],"featured_image_src":null,"featured_image_src_square":null,"jetpack_sharing_enabled":true,"_links":{"self":[{"href":"https:\/\/ntnui.no\/padling\/wp-json\/wp\/v2\/pages\/1349","targetHints":{"allow":["GET"]}}],"collection":[{"href":"https:\/\/ntnui.no\/padling\/wp-json\/wp\/v2\/pages"}],"about":[{"href":"https:\/\/ntnui.no\/padling\/wp-json\/wp\/v2\/types\/page"}],"author":[{"embeddable":true,"href":"https:\/\/ntnui.no\/padling\/wp-json\/wp\/v2\/users\/31"}],"replies":[{"embeddable":true,"href":"https:\/\/ntnui.no\/padling\/wp-json\/wp\/v2\/comments?post=1349"}],"version-history":[{"count":16,"href":"https:\/\/ntnui.no\/padling\/wp-json\/wp\/v2\/pages\/1349\/revisions"}],"predecessor-version":[{"id":2228,"href":"https:\/\/ntnui.no\/padling\/wp-json\/wp\/v2\/pages\/1349\/revisions\/2228"}],"wp:attachment":[{"href":"https:\/\/ntnui.no\/padling\/wp-json\/wp\/v2\/media?parent=1349"}],"curies":[{"name":"wp","href":"https:\/\/api.w.org\/{rel}","templated":true}]}}