{"id":1330,"date":"2021-03-31T15:05:08","date_gmt":"2021-03-31T13:05:08","guid":{"rendered":"https:\/\/ntnui.no\/padling\/?page_id=1330"},"modified":"2026-03-16T19:35:04","modified_gmt":"2026-03-16T18:35:04","slug":"hjem","status":"publish","type":"page","link":"https:\/\/ntnui.no\/padling\/","title":{"rendered":""},"content":{"rendered":"\n<div class=\"wp-block-cover alignfull has-parallax is-light is-position-center-center is-style-bottom-wave mb-0 mt-0\" style=\"min-height:646px;aspect-ratio:unset;\"><span aria-hidden=\"true\" class=\"wp-block-cover__background has-background-dim-60 has-background-dim wp-block-cover__gradient-background has-background-gradient\" style=\"background-color:#748077;background:linear-gradient(135deg,rgb(238,238,238) 0%,rgb(169,184,195) undefined%)\"><\/span><div class=\"wp-block-cover__image-background wp-image-2406 has-parallax\" style=\"background-position:50% 50%;background-image:url(https:\/\/ntnui.no\/padling\/wp-content\/uploads\/sites\/161\/2025\/08\/DSC03388.jpeg)\"><\/div><div class=\"wp-block-cover__inner-container is-layout-flow wp-block-cover-is-layout-flow\">\n<p class=\"has-text-align-center has-light-gray-color has-text-color has-custom-weight\" style=\"font-size:32px;font-weight:normal\">Velkommen til NTNUI Padling!<\/p>\n<\/div><\/div>\n\n\n\n<p><a href=\"https:\/\/ntnui.no\/padling\/wp-admin\/edit.php?post_type=page\"><\/a><\/p>\n\n\n\n<div style=\"color:#ddd\" class=\"wp-block-atomic-blocks-ab-spacer ab-block-spacer ab-divider-solid ab-divider-size-1\"><hr style=\"height:23px\" \/><\/div>\n\n\n\n<p>Bli med oss p\u00e5 elva, havet, vannet eller bassenget! Vi har utstyr til b\u00e5de elv og hav. Aldri padlet? Frykt ikke, vi arrangerer grunnkurs i elv og hav hvert semester. Bli med p\u00e5 solskinnsturer til Munkholmen eller surfing ned Nidelva. Ses p\u00e5 vannet!<\/p>\n\n\n\n<p><\/p>\n\n\n\n<p class=\"has-text-align-center has-huge-font-size\"><strong>Sjekk ogs\u00e5 ut v\u00e5re sosiale medier<\/strong>!<\/p>\n\n\n\n<div class=\"wp-block-group is-content-justification-center is-nowrap is-layout-flex wp-container-core-group-is-layout-1 wp-block-group-is-layout-flex\">\n<div class=\"wp-block-atomic-blocks-ab-button ab-block-button\"><a href=\"https:\/\/www.instagram.com\/ntnuipadling\/\" class=\"ab-button ab-button-shape-rounded ab-button-size-medium\" style=\"color:#ffffff;background-color:#3373dc\">Instagram<\/a><\/div>\n\n\n\n<div class=\"wp-block-atomic-blocks-ab-button ab-block-button\"><a href=\"https:\/\/www.facebook.com\/ntnuipadling\" class=\"ab-button ab-button-shape-rounded ab-button-size-medium\" style=\"color:#ffffff;background-color:#3373dc\">Facebook<\/a><\/div>\n\n\n\n<div class=\"wp-block-atomic-blocks-ab-button ab-block-button\"><a href=\"https:\/\/www.facebook.com\/groups\/2251817363\" class=\"ab-button ab-button-shape-rounded ab-button-size-medium\" style=\"color:#ffffff;background-color:#3373dc\">Facebookgruppe<\/a><\/div>\n<\/div>\n","protected":false},"excerpt":{"rendered":"<p>Bli med oss p\u00e5 elva, havet, vannet eller bassenget! Vi har utstyr til b\u00e5de elv og hav. Aldri padlet? Frykt ikke, vi arrangerer grunnkurs i elv og hav hvert semester. Bli med p\u00e5 solskinnsturer til Munkholmen eller surfing ned Nidelva. Ses p\u00e5 vannet! Sjekk ogs\u00e5 ut v\u00e5re sosiale medier!<\/p>\n","protected":false},"author":31,"featured_media":0,"parent":0,"menu_order":0,"comment_status":"closed","ping_status":"closed","template":"","meta":{"_coblocks_attr":"","_coblocks_dimensions":"{\"coblocks-hero-311227869\":{\"padding\":{\"paddingTop\":\"60px\",\"paddingRight\":\"60px\",\"paddingBottom\":\"60px\",\"paddingLeft\":\"60px\",\"paddingTopTablet\":null,\"paddingRightTablet\":null,\"paddingBottomTablet\":null,\"paddingLeftTablet\":null,\"paddingTopMobile\":null,\"paddingRightMobile\":null,\"paddingBottomMobile\":null,\"paddingLeftMobile\":null}}}","_coblocks_responsive_height":"{\"coblocks-hero-311227869\":{\"height\":{\"height\":500}}}","_coblocks_accordion_ie_support":"","_price":"","_stock":"","_tribe_ticket_header":"","_tribe_default_ticket_provider":"","_tribe_ticket_capacity":"0","_ticket_start_date":"","_ticket_end_date":"","_tribe_ticket_show_description":"","_tribe_ticket_show_not_going":false,"_tribe_ticket_use_global_stock":"","_tribe_ticket_global_stock_level":"","_global_stock_mode":"","_global_stock_cap":"","_tribe_rsvp_for_event":"","_tribe_ticket_going_count":"","_tribe_ticket_not_going_count":"","_tribe_tickets_list":[],"_tribe_ticket_has_attendee_info_fields":false,"footnotes":""},"class_list":["post-1330","page","type-page","status-publish","hentry"],"featured_image_src":null,"featured_image_src_square":null,"jetpack_sharing_enabled":true,"_links":{"self":[{"href":"https:\/\/ntnui.no\/padling\/wp-json\/wp\/v2\/pages\/1330","targetHints":{"allow":["GET"]}}],"collection":[{"href":"https:\/\/ntnui.no\/padling\/wp-json\/wp\/v2\/pages"}],"about":[{"href":"https:\/\/ntnui.no\/padling\/wp-json\/wp\/v2\/types\/page"}],"author":[{"embeddable":true,"href":"https:\/\/ntnui.no\/padling\/wp-json\/wp\/v2\/users\/31"}],"replies":[{"embeddable":true,"href":"https:\/\/ntnui.no\/padling\/wp-json\/wp\/v2\/comments?post=1330"}],"version-history":[{"count":73,"href":"https:\/\/ntnui.no\/padling\/wp-json\/wp\/v2\/pages\/1330\/revisions"}],"predecessor-version":[{"id":2430,"href":"https:\/\/ntnui.no\/padling\/wp-json\/wp\/v2\/pages\/1330\/revisions\/2430"}],"wp:attachment":[{"href":"https:\/\/ntnui.no\/padling\/wp-json\/wp\/v2\/media?parent=1330"}],"curies":[{"name":"wp","href":"https:\/\/api.w.org\/{rel}","templated":true}]}}