{"id":19,"date":"2019-01-10T17:38:32","date_gmt":"2019-01-10T17:38:32","guid":{"rendered":"https:\/\/ntnui.no\/mal2\/?page_id=19"},"modified":"2026-03-05T07:43:09","modified_gmt":"2026-03-05T07:43:09","slug":"treninger","status":"publish","type":"page","link":"https:\/\/ntnui.no\/nmkite2026\/treninger\/","title":{"rendered":"P\u00e5melding"},"content":{"rendered":"\n<p>P\u00e5melding har \u00e5pnet:)<\/p>\n\n\n\n<p><\/p>\n\n\n\n<p>Man finner billetter her: <a href=\"https:\/\/ntnui.no\/kite\/produkt\/nm2026\">https:\/\/ntnui.no\/kite\/produkt\/nm2026<\/a><\/p>\n\n\n\n<p><\/p>\n\n\n\n<h2 class=\"wp-block-heading\">NM-Billetter<\/h2>\n\n\n\n<p>P\u00e5meldingsfrist 1. mars! L\u00f8p og kj\u00f8p!<\/p>\n\n\n\n<p>Dette er billettypene:<\/p>\n\n\n\n<p><strong>F\u00e6st, F\u00e6ight &amp; f\u00e6stnattj <\/strong>&#8211; 1910 NOK<\/p>\n\n\n\n<p>Inkluderer:<\/p>\n\n\n\n<ul class=\"wp-block-list\">\n<li>Overnatting Storwartz Leirskole eller Solskinnskhytta Torsdag til S\u00f8ndag<\/li>\n\n\n\n<li>Tilgang p\u00e5 bankett L\u00f8rdag<\/li>\n\n\n\n<li>Tilgang p\u00e5 \u00d8L-telt og mulighet for kj\u00f8p av mat<\/li>\n\n\n\n<li>Startkontigent<\/li>\n<\/ul>\n\n\n\n<p><strong>F\u00e6st &amp; F\u00e6ight<\/strong> &#8211; 830 NOK<\/p>\n\n\n\n<p>Inkluderer: <\/p>\n\n\n\n<ul class=\"wp-block-list\">\n<li>Bankett p\u00e5 l\u00f8rdag<\/li>\n\n\n\n<li>Tilgang p\u00e5 \u00d8L-telt og mulighet for kj\u00f8p av mat<\/li>\n\n\n\n<li>Startkontigent<\/li>\n<\/ul>\n\n\n\n<p><strong>F\u00e6ight  <\/strong>&#8211; 240 NOK<\/p>\n\n\n\n<p>inkluderer:<\/p>\n\n\n\n<ul class=\"wp-block-list\">\n<li>Tilgang p\u00e5 \u00d8L-telt torsdag og fredag og mulighet for kj\u00f8p av mat<\/li>\n\n\n\n<li>startkontigent<\/li>\n<\/ul>\n\n\n\n<p>**OBS** Ved utlevering av startnummer og tidtakerbrikke vil vi kreve et depositum p\u00e5 500 NOK! Dette betales i CASH og vil bli refundert ved innlevering av startnummer og Brikke. Det vil ogs\u00e5 v\u00e6re mulig \u00e5 kj\u00f8pe Startnummeret:) <\/p>\n\n\n\n<h2 class=\"wp-block-heading\">Andre billettyper:<\/h2>\n\n\n\n<p><\/p>\n\n\n\n<p><strong>Bobilparkering  <\/strong>&#8211; 360 NOK<\/p>\n\n\n\n<p>Inkluderer:<\/p>\n\n\n\n<ul class=\"wp-block-list\">\n<li>Parkering ved leirskolen torsdag-s\u00f8ndag<\/li>\n\n\n\n<li>Tilgang p\u00e5 vann og toalett hele d\u00f8gnet<\/li>\n\n\n\n<li>Muligheter for \u00e5 lade telefon ol.<\/li>\n<\/ul>\n\n\n\n<figure style=\"max-width:1200px;margin:60px auto\"><img decoding=\"async\" src=\"https:\/\/ntnui.no\/nmkite2026\/wp-content\/uploads\/sites\/309\/2026\/03\/Sponsorvegg-2.png\" style=\"width:100%;height:auto;display:block\" \/><\/figure>\n","protected":false},"excerpt":{"rendered":"<p>P\u00e5melding har \u00e5pnet:) Man finner billetter her: https:\/\/ntnui.no\/kite\/produkt\/nm2026 NM-Billetter P\u00e5meldingsfrist 1. mars! L\u00f8p og kj\u00f8p! Dette er billettypene: F\u00e6st, F\u00e6ight &amp; f\u00e6stnattj &#8211; 1910 NOK Inkluderer: F\u00e6st &amp; F\u00e6ight &#8211; [&hellip;]<\/p>\n","protected":false},"author":7,"featured_media":0,"parent":0,"menu_order":0,"comment_status":"closed","ping_status":"closed","template":"","meta":{"_coblocks_attr":"","_coblocks_dimensions":"","_coblocks_responsive_height":"","_coblocks_accordion_ie_support":"","_price":"","_stock":"","_tribe_ticket_header":"","_tribe_default_ticket_provider":"","_tribe_ticket_capacity":"0","_ticket_start_date":"","_ticket_end_date":"","_tribe_ticket_show_description":"","_tribe_ticket_show_not_going":false,"_tribe_ticket_use_global_stock":"","_tribe_ticket_global_stock_level":"","_global_stock_mode":"","_global_stock_cap":"","_tribe_rsvp_for_event":"","_tribe_ticket_going_count":"","_tribe_ticket_not_going_count":"","_tribe_tickets_list":[],"_tribe_ticket_has_attendee_info_fields":false,"_EventAllDay":false,"_EventTimezone":"","_EventStartDate":"","_EventEndDate":"","_EventStartDateUTC":"","_EventEndDateUTC":"","_EventShowMap":false,"_EventShowMapLink":false,"_EventURL":"","_EventCost":"","_EventCostDescription":"","_EventCurrencySymbol":"","_EventCurrencyPosition":"","_EventDateTimeSeparator":"","_EventTimeRangeSeparator":"","_EventOrganizerID":[],"_EventVenueID":0,"_OrganizerEmail":"","_OrganizerPhone":"","_OrganizerWebsite":"","_VenueAddress":"","_VenueCity":"","_VenueCountry":"","_VenueProvince":"","_VenueZip":"","_VenuePhone":"","_VenueURL":"","_VenueStateProvince":"","_VenueLat":"","_VenueLng":"","footnotes":""},"class_list":["post-19","page","type-page","status-publish","hentry"],"featured_image_src":null,"featured_image_src_square":null,"_links":{"self":[{"href":"https:\/\/ntnui.no\/nmkite2026\/wp-json\/wp\/v2\/pages\/19","targetHints":{"allow":["GET"]}}],"collection":[{"href":"https:\/\/ntnui.no\/nmkite2026\/wp-json\/wp\/v2\/pages"}],"about":[{"href":"https:\/\/ntnui.no\/nmkite2026\/wp-json\/wp\/v2\/types\/page"}],"author":[{"embeddable":true,"href":"https:\/\/ntnui.no\/nmkite2026\/wp-json\/wp\/v2\/users\/7"}],"replies":[{"embeddable":true,"href":"https:\/\/ntnui.no\/nmkite2026\/wp-json\/wp\/v2\/comments?post=19"}],"version-history":[{"count":8,"href":"https:\/\/ntnui.no\/nmkite2026\/wp-json\/wp\/v2\/pages\/19\/revisions"}],"predecessor-version":[{"id":180,"href":"https:\/\/ntnui.no\/nmkite2026\/wp-json\/wp\/v2\/pages\/19\/revisions\/180"}],"wp:attachment":[{"href":"https:\/\/ntnui.no\/nmkite2026\/wp-json\/wp\/v2\/media?parent=19"}],"curies":[{"name":"wp","href":"https:\/\/api.w.org\/{rel}","templated":true}]}}