{"id":15,"date":"2019-01-10T17:37:49","date_gmt":"2019-01-10T17:37:49","guid":{"rendered":"https:\/\/ntnui.no\/mal2\/?page_id=15"},"modified":"2026-03-05T07:42:11","modified_gmt":"2026-03-05T07:42:11","slug":"nyheter","status":"publish","type":"page","link":"https:\/\/ntnui.no\/nmkite2026\/nyheter\/","title":{"rendered":"Info"},"content":{"rendered":"\n<p>Her kommer en del praktisk informasjon p\u00e5 l\u00f8pende b\u00e5nd!<\/p>\n\n\n\n<h2 class=\"wp-block-heading\">Program:<\/h2>\n\n\n\n<h4 class=\"wp-block-heading\">Torsdag 5. mars<\/h4>\n\n\n\n<p>Ankomst og registrering vil skje i teltet fra klokken 16:00 til klokken 23:00. Skriv ut, fyll ut og ta med <a href=\"https:\/\/ntnui.no\/nmkite2026\/wp-content\/uploads\/sites\/309\/2025\/11\/Ansvarsfraskrivelse-v1.0.docx.pdf\">ansvarsfraskrivelse.<\/a><\/p>\n\n\n\n<p>Det vil ogs\u00e5 v\u00e6re mulig \u00e5 kj\u00f8pe middag til en hyggelig pris, s\u00e5 vi h\u00e5per folk vil mingle og spise middag i teltet allerede torsdag!<\/p>\n\n\n\n<h4 class=\"wp-block-heading\">Fredag 6. mars<\/h4>\n\n\n\n<p>F\u00f8rste racemeeting foreg\u00e5r fredag klokken 08:00 i teltet, og dette er absolutt seneste oppm\u00f8tetidspunkt for konkurrerende!<\/p>\n\n\n\n<p>Videre kommer konkurranse ann p\u00e5 v\u00e6r og vind, og vi ser for oss et konkurransevindu fra klokka 10:00-18:00<\/p>\n\n\n\n<p>N\u00e5r det ikke er konkurranse vil det v\u00e6re mulig \u00e5 kj\u00f8pe mat og drikke i teltet<\/p>\n\n\n\n<p>P\u00e5 kveldstid vil det serveres god middag til en hyggelig pris, og det blir solgt eksklusiv \u00f8l fra R\u00f8ros Bryggeri, og det blir musikk og god stemning.<\/p>\n\n\n\n<h4 class=\"wp-block-heading\">L\u00f8rdag 7. mars<\/h4>\n\n\n\n<p>Det blir racemeeting l\u00f8rdag klokken 08:00 i teltet, med samme konkurransevindu denne dagen.<\/p>\n\n\n\n<p>Klokka 19:00 blir det bankettmiddag, etterfulgt av premieutdeling. Deretter blir det underholdning resten av kvelden. <\/p>\n\n\n\n<h4 class=\"wp-block-heading\">S\u00f8ndag 8. mars<\/h4>\n\n\n\n<p>Denne dagen er avreisedag, men fungerer som reserve konkurransedag dersom vi har v\u00e6rt sv\u00e6rt uheldig de to foreg\u00e5ende dagene. <\/p>\n\n\n\n<h2 class=\"wp-block-heading\">Konkurranse<\/h2>\n\n\n\n<p><\/p>\n\n\n\n<p>Riders meeting vil holdes fredag, L\u00f8rdag og evt S\u00f8ndag klokken 08:00-09:00 i teltet. <\/p>\n\n\n\n<p>M\u00f8tene er obligatorisk for alle konkurrerende deltakere. Her vil det gis informasjon om konkurransene, regler og l\u00f8ype.<\/p>\n\n\n\n<p>For \u00e5 f\u00e5 lov til \u00e5 stille til start, kreves det hjelm og synlig startnummer. Deltakelse uten hjelm f\u00f8rer til umiddelbar diskvalifikasjon.<\/p>\n\n\n\n<p><strong>Det er ikke lov \u00e5 skj\u00e6re hull i startnummeret, med mindre du \u00f8nsker \u00e5 kj\u00f8pe startnummeret:)<\/strong><\/p>\n\n\n\n<h2 class=\"wp-block-heading\">Bankett<\/h2>\n\n\n\n<ul class=\"wp-block-list\">\n<li>M\u00e5ltid inkludert<\/li>\n\n\n\n<li>\u00d8lsalg ++<\/li>\n\n\n\n<li>Vill fest etterp\u00e5<\/li>\n<\/ul>\n\n\n\n<h2 class=\"wp-block-heading\">Merchandise<\/h2>\n\n\n\n<p><\/p>\n\n\n\n<p>Det vil v\u00e6re mulig \u00e5 kj\u00f8pe NM kopp ved ankomst, og med den koppen kan du drikke kaffe gratis hele helga!<\/p>\n\n\n\n<h2 class=\"wp-block-heading\">Utsjekk<\/h2>\n\n\n\n<p><br>Utsjekk er S\u00f8ndag. Ved nedrigg av telt vil det ikke v\u00e6re mulig \u00e5 forlate parkeringsplassen grunnet en stor Trailer som sperrer. Tidspunkt p\u00e5 dette kommer senere<\/p>\n\n\n\n<figure style=\"max-width:1200px;margin:60px auto\"><img decoding=\"async\" src=\"https:\/\/ntnui.no\/nmkite2026\/wp-content\/uploads\/sites\/309\/2026\/03\/Sponsorvegg-2.png\" style=\"width:100%;height:auto;display:block\" \/><\/figure>\n","protected":false},"excerpt":{"rendered":"<p>Her kommer en del praktisk informasjon p\u00e5 l\u00f8pende b\u00e5nd! Program: Torsdag 5. mars Ankomst og registrering vil skje i teltet fra klokken 16:00 til klokken 23:00. Skriv ut, fyll ut [&hellip;]<\/p>\n","protected":false},"author":7,"featured_media":0,"parent":0,"menu_order":0,"comment_status":"closed","ping_status":"closed","template":"","meta":{"_coblocks_attr":"","_coblocks_dimensions":"","_coblocks_responsive_height":"","_coblocks_accordion_ie_support":"","_price":"","_stock":"","_tribe_ticket_header":"","_tribe_default_ticket_provider":"","_tribe_ticket_capacity":"0","_ticket_start_date":"","_ticket_end_date":"","_tribe_ticket_show_description":"","_tribe_ticket_show_not_going":false,"_tribe_ticket_use_global_stock":"","_tribe_ticket_global_stock_level":"","_global_stock_mode":"","_global_stock_cap":"","_tribe_rsvp_for_event":"","_tribe_ticket_going_count":"","_tribe_ticket_not_going_count":"","_tribe_tickets_list":[],"_tribe_ticket_has_attendee_info_fields":false,"_EventAllDay":false,"_EventTimezone":"","_EventStartDate":"","_EventEndDate":"","_EventStartDateUTC":"","_EventEndDateUTC":"","_EventShowMap":false,"_EventShowMapLink":false,"_EventURL":"","_EventCost":"","_EventCostDescription":"","_EventCurrencySymbol":"","_EventCurrencyPosition":"","_EventDateTimeSeparator":"","_EventTimeRangeSeparator":"","_EventOrganizerID":[],"_EventVenueID":0,"_OrganizerEmail":"","_OrganizerPhone":"","_OrganizerWebsite":"","_VenueAddress":"","_VenueCity":"","_VenueCountry":"","_VenueProvince":"","_VenueZip":"","_VenuePhone":"","_VenueURL":"","_VenueStateProvince":"","_VenueLat":"","_VenueLng":"","footnotes":""},"class_list":["post-15","page","type-page","status-publish","hentry"],"featured_image_src":null,"featured_image_src_square":null,"_links":{"self":[{"href":"https:\/\/ntnui.no\/nmkite2026\/wp-json\/wp\/v2\/pages\/15","targetHints":{"allow":["GET"]}}],"collection":[{"href":"https:\/\/ntnui.no\/nmkite2026\/wp-json\/wp\/v2\/pages"}],"about":[{"href":"https:\/\/ntnui.no\/nmkite2026\/wp-json\/wp\/v2\/types\/page"}],"author":[{"embeddable":true,"href":"https:\/\/ntnui.no\/nmkite2026\/wp-json\/wp\/v2\/users\/7"}],"replies":[{"embeddable":true,"href":"https:\/\/ntnui.no\/nmkite2026\/wp-json\/wp\/v2\/comments?post=15"}],"version-history":[{"count":16,"href":"https:\/\/ntnui.no\/nmkite2026\/wp-json\/wp\/v2\/pages\/15\/revisions"}],"predecessor-version":[{"id":178,"href":"https:\/\/ntnui.no\/nmkite2026\/wp-json\/wp\/v2\/pages\/15\/revisions\/178"}],"wp:attachment":[{"href":"https:\/\/ntnui.no\/nmkite2026\/wp-json\/wp\/v2\/media?parent=15"}],"curies":[{"name":"wp","href":"https:\/\/api.w.org\/{rel}","templated":true}]}}