{"id":147,"date":"2026-03-04T20:47:57","date_gmt":"2026-03-04T20:47:57","guid":{"rendered":"https:\/\/ntnui.no\/nmkite2026\/?page_id=147"},"modified":"2026-03-05T16:31:09","modified_gmt":"2026-03-05T16:31:09","slug":"servering","status":"publish","type":"page","link":"https:\/\/ntnui.no\/nmkite2026\/servering\/","title":{"rendered":"Servering"},"content":{"rendered":"\n<p>Her finner du tentativ serveringsplan for mat og drikke, den vil oppdateres fortl\u00f8pende<\/p>\n\n\n\n<h4 class=\"wp-block-heading\">Om maten<\/h4>\n\n\n\n<p>All mat er laget med kj\u00e6rlighet av medlemmer av NTNUI Kite, og vi h\u00e5per dere vil spise med oss, slik at dette blir et sosialt arrangement ogs\u00e5 utenom banketten:)<\/p>\n\n\n\n<h4 class=\"wp-block-heading\">\u00c5pningstider Lavvo<br><br>Bar:<br><\/h4>\n\n\n\n<p>Her finner du nydelig alkoholholdig og alkoholfri drikke fra R\u00f8ros bryggeri<br>Torsdag: 15:00-01:00<br>Fredag: 14:00-02:00<br>L\u00f8rdag: 14:00-02:00<\/p>\n\n\n\n<h4 class=\"wp-block-heading\">Frokost 07:00-08:00 hver dag<br><\/h4>\n\n\n\n<p>Det er lov med medbrakt mat i lavvoen i dette tidsrommet, og vi vil selge Kaffe og kioskvarer. <\/p>\n\n\n\n<h4 class=\"wp-block-heading\">Varmmat Torsdag<br><\/h4>\n\n\n\n<p>Avhengig av ettersp\u00f8rsel vil det v\u00e6re mulig \u00e5 kj\u00f8pe Sloppy Joes, Lasagne, Linsesuppe eller p\u00f8lser ved ankomst torsdag<\/p>\n\n\n\n<h4 class=\"wp-block-heading\">Varmmat Fredag<br><\/h4>\n\n\n\n<p>Fredag 15:00 &#8211; 20:00 vil det v\u00e6re mulig \u00e5 kj\u00f8pe varmmat. P\u00f8lser og linsesuppe er tilgjengelig hele tidsrommet.<br>Klokka 18:00 servere deilige Sloppy Joes, og vi har laget en artig fredagsquiz med premie klokka 20:00.<\/p>\n\n\n\n<h4 class=\"wp-block-heading\">Varmmat L\u00f8rdag<br><\/h4>\n\n\n\n<p>L\u00f8rdag 14:00 &#8211; 17:00 vil det v\u00e6re mulig \u00e5 kj\u00f8pe p\u00f8lser, linsesuppe eller en nydelig lasagne<br>Klokka 18:00 er det duket for en nydelig bankett<\/p>\n\n\n\n<h4 class=\"wp-block-heading\">\u00c5pningstider kiosk<br><\/h4>\n\n\n\n<p>Det vil v\u00e6re mulig \u00e5 kj\u00f8pe et raskt l\u00f8ft i blodsukkeret til alle d\u00f8gnets tider:)<br>Torsdag: 15:00-01:00<br>Fredag: 07:00-02:00<br>L\u00f8rdag: 07:00-02:00<\/p>\n\n\n\n<figure><img decoding=\"async\" src=\"https:\/\/ntnui.no\/nmkite2026\/wp-content\/uploads\/sites\/309\/2026\/03\/e8bbde30-1.png\" style=\"width:60%;height:auto\"><\/figure>\n\n\n\n<figure style=\"max-width:1200px;margin:60px auto\"><img decoding=\"async\" src=\"https:\/\/ntnui.no\/nmkite2026\/wp-content\/uploads\/sites\/309\/2026\/03\/Sponsorvegg-2.png\" style=\"width:100%;height:auto;display:block\" \/><\/figure>\n","protected":false},"excerpt":{"rendered":"<p>Her finner du tentativ serveringsplan for mat og drikke, den vil oppdateres fortl\u00f8pende Om maten All mat er laget med kj\u00e6rlighet av medlemmer av NTNUI Kite, og vi h\u00e5per dere [&hellip;]<\/p>\n","protected":false},"author":629,"featured_media":0,"parent":0,"menu_order":0,"comment_status":"closed","ping_status":"closed","template":"","meta":{"_coblocks_attr":"","_coblocks_dimensions":"","_coblocks_responsive_height":"","_coblocks_accordion_ie_support":"","_price":"","_stock":"","_tribe_ticket_header":"","_tribe_default_ticket_provider":"","_tribe_ticket_capacity":"0","_ticket_start_date":"","_ticket_end_date":"","_tribe_ticket_show_description":"","_tribe_ticket_show_not_going":false,"_tribe_ticket_use_global_stock":"","_tribe_ticket_global_stock_level":"","_global_stock_mode":"","_global_stock_cap":"","_tribe_rsvp_for_event":"","_tribe_ticket_going_count":"","_tribe_ticket_not_going_count":"","_tribe_tickets_list":[],"_tribe_ticket_has_attendee_info_fields":false,"_EventAllDay":false,"_EventTimezone":"","_EventStartDate":"","_EventEndDate":"","_EventStartDateUTC":"","_EventEndDateUTC":"","_EventShowMap":false,"_EventShowMapLink":false,"_EventURL":"","_EventCost":"","_EventCostDescription":"","_EventCurrencySymbol":"","_EventCurrencyPosition":"","_EventDateTimeSeparator":"","_EventTimeRangeSeparator":"","_EventOrganizerID":[],"_EventVenueID":0,"_OrganizerEmail":"","_OrganizerPhone":"","_OrganizerWebsite":"","_VenueAddress":"","_VenueCity":"","_VenueCountry":"","_VenueProvince":"","_VenueZip":"","_VenuePhone":"","_VenueURL":"","_VenueStateProvince":"","_VenueLat":"","_VenueLng":"","footnotes":""},"class_list":["post-147","page","type-page","status-publish","hentry"],"featured_image_src":null,"featured_image_src_square":null,"_links":{"self":[{"href":"https:\/\/ntnui.no\/nmkite2026\/wp-json\/wp\/v2\/pages\/147","targetHints":{"allow":["GET"]}}],"collection":[{"href":"https:\/\/ntnui.no\/nmkite2026\/wp-json\/wp\/v2\/pages"}],"about":[{"href":"https:\/\/ntnui.no\/nmkite2026\/wp-json\/wp\/v2\/types\/page"}],"author":[{"embeddable":true,"href":"https:\/\/ntnui.no\/nmkite2026\/wp-json\/wp\/v2\/users\/629"}],"replies":[{"embeddable":true,"href":"https:\/\/ntnui.no\/nmkite2026\/wp-json\/wp\/v2\/comments?post=147"}],"version-history":[{"count":7,"href":"https:\/\/ntnui.no\/nmkite2026\/wp-json\/wp\/v2\/pages\/147\/revisions"}],"predecessor-version":[{"id":189,"href":"https:\/\/ntnui.no\/nmkite2026\/wp-json\/wp\/v2\/pages\/147\/revisions\/189"}],"wp:attachment":[{"href":"https:\/\/ntnui.no\/nmkite2026\/wp-json\/wp\/v2\/media?parent=147"}],"curies":[{"name":"wp","href":"https:\/\/api.w.org\/{rel}","templated":true}]}}