{"id":90,"date":"2025-05-01T14:32:08","date_gmt":"2025-05-01T14:32:08","guid":{"rendered":"https:\/\/ntnui.no\/material\/?page_id=90"},"modified":"2025-10-14T11:17:58","modified_gmt":"2025-10-14T11:17:58","slug":"kontakt-oss","status":"publish","type":"page","link":"https:\/\/ntnui.no\/material\/kontakt-oss\/","title":{"rendered":"Kontakt oss"},"content":{"rendered":"\n<p>Har du noen sp\u00f8rsm\u00e5l? Ta kontakt p\u00e5: materialutvalget@ntnui.no<\/p>\n\n\n\n<p style=\"font-size:1px\">hei<\/p>\n\n\n\n<p>Har dere sp\u00f8rsm\u00e5l knyttet til design eller bestilling av merch, kan dere ogs\u00e5 ta direkte kontakt med v\u00e5r leverand\u00f8r, SmartProfil.<\/p>\n\n\n\n<p>Mail: post@smartprofil.no<\/p>\n\n\n\n<p><\/p>\n","protected":false},"excerpt":{"rendered":"<p>Har du noen sp\u00f8rsm\u00e5l? Ta kontakt p\u00e5: materialutvalget@ntnui.no hei Har dere sp\u00f8rsm\u00e5l knyttet til design eller bestilling av merch, kan dere ogs\u00e5 ta direkte kontakt med v\u00e5r leverand\u00f8r, SmartProfil. Mail: post@smartprofil.no<\/p>\n","protected":false},"author":669,"featured_media":0,"parent":0,"menu_order":0,"comment_status":"closed","ping_status":"closed","template":"","meta":{"_coblocks_attr":"","_coblocks_dimensions":"","_coblocks_responsive_height":"","_coblocks_accordion_ie_support":"","_price":"","_stock":"","_tribe_ticket_header":"","_tribe_default_ticket_provider":"","_tribe_ticket_capacity":"0","_ticket_start_date":"","_ticket_end_date":"","_tribe_ticket_show_description":"","_tribe_ticket_show_not_going":false,"_tribe_ticket_use_global_stock":"","_tribe_ticket_global_stock_level":"","_global_stock_mode":"","_global_stock_cap":"","_tribe_rsvp_for_event":"","_tribe_ticket_going_count":"","_tribe_ticket_not_going_count":"","_tribe_tickets_list":[],"_tribe_ticket_has_attendee_info_fields":false,"footnotes":""},"class_list":["post-90","page","type-page","status-publish","hentry"],"featured_image_src":null,"featured_image_src_square":null,"_links":{"self":[{"href":"https:\/\/ntnui.no\/material\/wp-json\/wp\/v2\/pages\/90","targetHints":{"allow":["GET"]}}],"collection":[{"href":"https:\/\/ntnui.no\/material\/wp-json\/wp\/v2\/pages"}],"about":[{"href":"https:\/\/ntnui.no\/material\/wp-json\/wp\/v2\/types\/page"}],"author":[{"embeddable":true,"href":"https:\/\/ntnui.no\/material\/wp-json\/wp\/v2\/users\/669"}],"replies":[{"embeddable":true,"href":"https:\/\/ntnui.no\/material\/wp-json\/wp\/v2\/comments?post=90"}],"version-history":[{"count":4,"href":"https:\/\/ntnui.no\/material\/wp-json\/wp\/v2\/pages\/90\/revisions"}],"predecessor-version":[{"id":141,"href":"https:\/\/ntnui.no\/material\/wp-json\/wp\/v2\/pages\/90\/revisions\/141"}],"wp:attachment":[{"href":"https:\/\/ntnui.no\/material\/wp-json\/wp\/v2\/media?parent=90"}],"curies":[{"name":"wp","href":"https:\/\/api.w.org\/{rel}","templated":true}]}}