{"id":4124,"date":"2026-01-05T18:00:45","date_gmt":"2026-01-05T17:00:45","guid":{"rendered":"https:\/\/ntnui.no\/kite\/?post_type=product&#038;p=4124"},"modified":"2026-03-05T16:52:53","modified_gmt":"2026-03-05T15:52:53","slug":"nm2026","status":"publish","type":"product","link":"https:\/\/ntnui.no\/kite\/produkt\/nm2026\/","title":{"rendered":"Norgesmesterskap i Sn\u00f8kiting 2026"},"content":{"rendered":"<section class=\"pdf_page\" aria-label=\"Page 1\">\n<div class=\"textlayer\">\n<p>Hei,<\/p>\n<p>og velkommen til p\u00e5melding til vinterens h\u00f8ydepunkt, nemlig norgesmesterskap i sn\u00f8kiting p\u00e5 storwartz helgen 5.-8. mars 2026.<\/p>\n<p>Vi vil selge 3 ulike billetter, og det er \u00e5pent for deltakelse for alle som \u00f8nsker:<\/p>\n<p><strong>F\u00e6st, F\u00e6ight &amp; f\u00e6stnattj\u00a0<\/strong>\u2013 1590 NOK*<\/p>\n<p>Inkluderer:<\/p>\n<ul class=\"wp-block-list\">\n<li>Overnatting Storwartz Leirskole eller Solskinnskhytta Torsdag til S\u00f8ndag (5-8 mannsrom)<\/li>\n<li>Tilgang p\u00e5 bankett L\u00f8rdag<\/li>\n<li>Tilgang p\u00e5 \u00d8L-telt og mulighet for kj\u00f8p av mat<\/li>\n<li>Startkontigent<\/li>\n<\/ul>\n<p><strong>F\u00e6st &amp; F\u00e6ight<\/strong>\u00a0\u2013 690 NOK*<\/p>\n<p>Inkluderer:<\/p>\n<ul class=\"wp-block-list\">\n<li>Bankett p\u00e5 l\u00f8rdag<\/li>\n<li>Tilgang p\u00e5 \u00d8L-telt og mulighet for kj\u00f8p av mat<\/li>\n<li>Startkontigent<\/li>\n<\/ul>\n<p><strong>F\u00e6ight\u00a0<\/strong>\u2013 200 NOK*<\/p>\n<p>inkluderer:<\/p>\n<ul class=\"wp-block-list\">\n<li>startkontigent<\/li>\n<\/ul>\n<p>*1. februar \u00f8ker prisene med 20%, Siste frist for p\u00e5melding 1. Mars 23:59<\/p>\n<p><strong>NTNUI Kite\u2122 essentials &#8211; bring this!<\/strong><\/p>\n<ul>\n<li><strong>Warm clothes + Windproof jacket<\/strong><\/li>\n<li>Toiletries<\/li>\n<li>Sleeping bag\/ bedding<\/li>\n<li>Towel<\/li>\n<li>Money for necessities, such as breakfast\/lunch<\/li>\n<li>Ski\/snowboard equipment (helmet, googles, gloves, boots, ski or snowboard)<\/li>\n<\/ul>\n<\/div>\n<p>&nbsp;<\/p>\n<div class=\"textlayer\">\n<div>Kontaktinformasjon:<\/div>\n<div>Eirik Sandnes eirik.sandnes@ntnui.no<br \/>\n\/\/ NTNUI kite on Facebook<\/div>\n<\/div>\n<\/section>\n<div><\/div>\n<div><strong>Make sure to read this: <\/strong><a href=\"https:\/\/ntnui.no\/kite\/terms-and-conditions\/\">Terms and Conditions<\/a><\/div>\n","protected":false},"excerpt":{"rendered":"<p><strong>NM Sn\u00f8kiting 2026<\/strong><\/p>\n<p><strong> !YOU ARE SELF RESPONSIBLE TO CHOOSE THE RIGHT TYPE OF TICKET!<\/strong><\/p>\n<p><strong>Dato: <\/strong>05.03.26-08.03.26<\/p>\n<p><strong>Destination:\u00a0<\/strong>Storwartz, R\u00f8ros<\/p>\n<p><strong>Price: <\/strong>200-1590 NOK<\/p>\n<p><strong>Waiting list?:\u00a0<\/strong>Click <a href=\"https:\/\/ntnui.no\/kite\/event\/venteliste-nm\/\"><span style=\"text-decoration: underline\">here<\/span><\/a><\/p>\n<p><strong>Food allergies\/room-preferences? <\/strong>Add a note on the payment page\/Send a message to NTNUI kite!<\/p>\n<p>&nbsp;<\/p>\n","protected":false},"featured_media":4128,"template":"","meta":{"_coblocks_attr":"","_coblocks_dimensions":"","_coblocks_responsive_height":"","_coblocks_accordion_ie_support":"","_price":"400","_stock":"0","_tribe_ticket_header":"","_tribe_default_ticket_provider":"","_tribe_ticket_capacity":"24","_ticket_start_date":"","_ticket_end_date":"","_tribe_ticket_show_description":"","_tribe_ticket_show_not_going":false,"_tribe_ticket_use_global_stock":"","_tribe_ticket_global_stock_level":"","_global_stock_mode":"","_global_stock_cap":"","_tribe_rsvp_for_event":"","_tribe_ticket_going_count":"","_tribe_ticket_not_going_count":"","_tribe_tickets_list":[],"_tribe_ticket_has_attendee_info_fields":false},"product_brand":[],"product_cat":[54],"product_tag":[],"class_list":{"0":"post-4124","1":"product","2":"type-product","3":"status-publish","4":"has-post-thumbnail","6":"product_cat-events","8":"first","9":"outofstock","10":"featured","11":"sold-individually","12":"shipping-taxable","13":"purchasable","14":"product-type-variable"},"jetpack_sharing_enabled":true,"_links":{"self":[{"href":"https:\/\/ntnui.no\/kite\/wp-json\/wp\/v2\/product\/4124","targetHints":{"allow":["GET"]}}],"collection":[{"href":"https:\/\/ntnui.no\/kite\/wp-json\/wp\/v2\/product"}],"about":[{"href":"https:\/\/ntnui.no\/kite\/wp-json\/wp\/v2\/types\/product"}],"wp:featuredmedia":[{"embeddable":true,"href":"https:\/\/ntnui.no\/kite\/wp-json\/wp\/v2\/media\/4128"}],"wp:attachment":[{"href":"https:\/\/ntnui.no\/kite\/wp-json\/wp\/v2\/media?parent=4124"}],"wp:term":[{"taxonomy":"product_brand","embeddable":true,"href":"https:\/\/ntnui.no\/kite\/wp-json\/wp\/v2\/product_brand?post=4124"},{"taxonomy":"product_cat","embeddable":true,"href":"https:\/\/ntnui.no\/kite\/wp-json\/wp\/v2\/product_cat?post=4124"},{"taxonomy":"product_tag","embeddable":true,"href":"https:\/\/ntnui.no\/kite\/wp-json\/wp\/v2\/product_tag?post=4124"}],"curies":[{"name":"wp","href":"https:\/\/api.w.org\/{rel}","templated":true}]}}