{"id":3997,"date":"2025-09-25T12:54:46","date_gmt":"2025-09-25T10:54:46","guid":{"rendered":"https:\/\/ntnui.no\/kite\/?page_id=3997"},"modified":"2025-09-25T13:50:28","modified_gmt":"2025-09-25T11:50:28","slug":"info-turer","status":"publish","type":"page","link":"https:\/\/ntnui.no\/kite\/info-turer\/","title":{"rendered":"Info Turer"},"content":{"rendered":"\n<h2 class=\"wp-block-heading\">F\u00f8r tur<\/h2>\n\n\n\n<ul class=\"wp-block-list\">\n<li>S\u00f8rg for at du er meldt p\u00e5, bekreftelsesmail skal ha kommet. Mye info blir ogs\u00e5 publisert p\u00e5 arrangementet p\u00e5 Facebook s\u00e5 gjerne meld deg p\u00e5 der slik at du f\u00e5r varslinger<\/li>\n\n\n\n<li><strong>Pakkeliste:<\/strong>\n<ul class=\"wp-block-list\">\n<li>Kl\u00e6r, sjekk v\u00e6rmelding! Vindjakke, ullsokker og noe varmt er et must!<\/li>\n\n\n\n<li>Senget\u00f8y\/ sovepose<\/li>\n\n\n\n<li>Penger til mat (Frokost, Lunsj) <\/li>\n\n\n\n<li>H\u00e5ndduk <\/li>\n\n\n\n<li>Toalettsaker<\/li>\n\n\n\n<li>\u00d8L og godt hum\u00f8r<\/li>\n\n\n\n<li>Kiteutstyr:\n<ul class=\"wp-block-list\">\n<li>Trapes<\/li>\n\n\n\n<li>Bar<\/li>\n\n\n\n<li>Kite(s)<\/li>\n\n\n\n<li>pumpe<\/li>\n<\/ul>\n<\/li>\n\n\n\n<li>Vinterturer:\n<ul class=\"wp-block-list\">\n<li>Ski\/Snowboard<\/li>\n\n\n\n<li>Hjelm*<\/li>\n\n\n\n<li>skist\u00f8vler\/snowboardsko<\/li>\n<\/ul>\n<\/li>\n\n\n\n<li>sommer\/H\u00f8stturer: \n<ul class=\"wp-block-list\">\n<li>V\u00e5tdrakt* <\/li>\n\n\n\n<li>V\u00e5tdrakt Hansker\/Sko\/Hette*<\/li>\n\n\n\n<li>Hjelm og redningsvest\/impactvest om du har*<\/li>\n<\/ul>\n<\/li>\n<\/ul>\n<\/li>\n<\/ul>\n\n\n\n<p>*Vi kan l\u00e5ne ut, men HUSK: DU M\u00c5 TA KONTAKT SLIK AT VI F\u00c5R PAKKET DET MED&lt;3<\/p>\n\n\n\n<ul class=\"wp-block-list\">\n<li>M\u00f8t opp til avtalt tid. Som regel utenfor hovedbygget klokken 16 fredagen vi reiser! Viktig at folk er presise slik at vi rekker \u00e5 pakke bilene om det er en ferje vi skal rekke:) <\/li>\n<\/ul>\n\n\n\n<h2 class=\"wp-block-heading\">Under tur<\/h2>\n\n\n\n<p><\/p>\n\n\n\n<h2 class=\"wp-block-heading\">Etter tur<\/h2>\n\n\n\n<p><\/p>\n\n\n\n<h2 class=\"wp-block-heading\">\u00d8rlandet, Brekstad<\/h2>\n\n\n\n<div class=\"wp-block-columns is-layout-flex wp-container-core-columns-is-layout-1 wp-block-columns-is-layout-flex\">\n<div class=\"wp-block-column is-layout-flow wp-block-column-is-layout-flow\" style=\"flex-basis:33.33%\"><\/div>\n\n\n\n<div class=\"wp-block-column is-layout-flow wp-block-column-is-layout-flow\" style=\"flex-basis:66.66%\">\n<p><\/p>\n<\/div>\n<\/div>\n\n\n\n<h2 class=\"wp-block-heading\">Storwartz, R\u00f8ros<\/h2>\n\n\n\n<div class=\"wp-block-columns is-layout-flex wp-container-core-columns-is-layout-2 wp-block-columns-is-layout-flex\">\n<div class=\"wp-block-column is-layout-flow wp-block-column-is-layout-flow\" style=\"flex-basis:66.66%\">\n<p><\/p>\n<\/div>\n\n\n\n<div class=\"wp-block-column is-layout-flow wp-block-column-is-layout-flow\" style=\"flex-basis:33.33%\"><\/div>\n<\/div>\n\n\n\n<h2 class=\"wp-block-heading\">Bl\u00e5tur \/ Danmark<\/h2>\n\n\n\n<p><\/p>\n","protected":false},"excerpt":{"rendered":"<p>F\u00f8r tur *Vi kan l\u00e5ne ut, men HUSK: DU M\u00c5 TA KONTAKT SLIK AT VI F\u00c5R PAKKET DET MED&lt;3 Under tur Etter tur \u00d8rlandet, Brekstad Storwartz, R\u00f8ros Bl\u00e5tur \/ Danmark<\/p>\n","protected":false},"author":391,"featured_media":0,"parent":0,"menu_order":0,"comment_status":"closed","ping_status":"closed","template":"","meta":{"_coblocks_attr":"","_coblocks_dimensions":"","_coblocks_responsive_height":"","_coblocks_accordion_ie_support":"","_price":"","_stock":"","_tribe_ticket_header":"","_tribe_default_ticket_provider":"","_tribe_ticket_capacity":"0","_ticket_start_date":"","_ticket_end_date":"","_tribe_ticket_show_description":"","_tribe_ticket_show_not_going":false,"_tribe_ticket_use_global_stock":"","_tribe_ticket_global_stock_level":"","_global_stock_mode":"","_global_stock_cap":"","_tribe_rsvp_for_event":"","_tribe_ticket_going_count":"","_tribe_ticket_not_going_count":"","_tribe_tickets_list":[],"_tribe_ticket_has_attendee_info_fields":false,"footnotes":""},"class_list":["post-3997","page","type-page","status-publish","hentry"],"featured_image_src":null,"featured_image_src_square":null,"jetpack_sharing_enabled":true,"_links":{"self":[{"href":"https:\/\/ntnui.no\/kite\/wp-json\/wp\/v2\/pages\/3997","targetHints":{"allow":["GET"]}}],"collection":[{"href":"https:\/\/ntnui.no\/kite\/wp-json\/wp\/v2\/pages"}],"about":[{"href":"https:\/\/ntnui.no\/kite\/wp-json\/wp\/v2\/types\/page"}],"author":[{"embeddable":true,"href":"https:\/\/ntnui.no\/kite\/wp-json\/wp\/v2\/users\/391"}],"replies":[{"embeddable":true,"href":"https:\/\/ntnui.no\/kite\/wp-json\/wp\/v2\/comments?post=3997"}],"version-history":[{"count":4,"href":"https:\/\/ntnui.no\/kite\/wp-json\/wp\/v2\/pages\/3997\/revisions"}],"predecessor-version":[{"id":4010,"href":"https:\/\/ntnui.no\/kite\/wp-json\/wp\/v2\/pages\/3997\/revisions\/4010"}],"wp:attachment":[{"href":"https:\/\/ntnui.no\/kite\/wp-json\/wp\/v2\/media?parent=3997"}],"curies":[{"name":"wp","href":"https:\/\/api.w.org\/{rel}","templated":true}]}}