{"id":3961,"date":"2025-09-23T23:35:18","date_gmt":"2025-09-23T21:35:18","guid":{"rendered":"https:\/\/ntnui.no\/kite\/?page_id=3961"},"modified":"2025-09-25T13:51:22","modified_gmt":"2025-09-25T11:51:22","slug":"refusjoner","status":"publish","type":"page","link":"https:\/\/ntnui.no\/kite\/refusjoner\/","title":{"rendered":"Refusjoner"},"content":{"rendered":"\n<p>Her er en sm\u00f8rbr\u00f8dliste om hvordan man korrekt fyller ut skjemaene for \u00e5 f\u00e5 tilbakebetalt for kj\u00f8ring med egen bil eller andre utlegg. OBS! Det vil v\u00e6re ditt ansvar at det gj\u00f8res slik som beskrevet, og kasserer vil underkjenne om det er noen feil! <\/p>\n\n\n\n<ol class=\"wp-block-list\">\n<li>G\u00e5 til <strong>NTNUI HUB<\/strong> og logg inn med din bruker: <a href=\"https:\/\/hub.ntnui.no\/refund\" target=\"_blank\" rel=\"noreferrer noopener\"><strong><mark style=\"background-color:#21e8af\" class=\"has-inline-color has-coblocks-orange-color\">NTNUI HUB<\/mark><\/strong><\/a><\/li>\n\n\n\n<li>Velg &#8220;Kite&#8221; under <strong>gruppe<\/strong><\/li>\n\n\n\n<li>Velg <strong>refusjonstype<\/strong>:\n<ul class=\"wp-block-list\">\n<li>&#8220;Reise&#8221; for utgifter for din reise med NTNUI Kite. <\/li>\n\n\n\n<li>&#8220;Utlegg&#8221; for andre utgifter hvor du har lagt ut penger for oss. For eksempel til innkj\u00f8p av mat. <\/li>\n<\/ul>\n<\/li>\n\n\n\n<li>Fyll inn <strong>anledning\/arrangement<\/strong>. For turer skriv Trip #x DESTINASJON. Eksempel Trip #2 Storwartz.<\/li>\n\n\n\n<li>Fyll inn n\u00f8dvendig info: \n<ul class=\"wp-block-list\">\n<li>Reise: \n<ul class=\"wp-block-list\">\n<li>Fyll in <strong>Start og Sluttdato<\/strong> for reisen<\/li>\n\n\n\n<li><strong>Reisem\u00e5l<\/strong>: Eks. Storwartz<\/li>\n\n\n\n<li><strong>Reisem\u00e5te<\/strong>: Velg det som passer best av egen bil, egen bil med henger, leiebil, fly, tog eller annet<\/li>\n\n\n\n<li><strong>Reiserute<\/strong>: Eks: Gl\u00f8shaugen-Storwartz-Gl\u00f8shaugen. <\/li>\n\n\n\n<li><strong>Antall km<\/strong>: Se under!<\/li>\n\n\n\n<li><strong>Reisef\u00f8lge<\/strong>: skriv navn p\u00e5 de du har i bilen din<\/li>\n\n\n\n<li><strong>Antall reisende<\/strong>: skriv inn antall personer du har i bilen<\/li>\n<\/ul>\n<\/li>\n\n\n\n<li>Utlegg: Fyll inn <strong>kj\u00f8psdato<\/strong> som samsvarer med kvitteringen du M\u00c5 legge ved!<\/li>\n<\/ul>\n<\/li>\n\n\n\n<li>Fyll inn <strong>kontonummer<\/strong>! Om du har utenlandsk bank er det viktig at du skriver det i kommentaren og tilf\u00f8yer BIC\/SWIFT, IBAN nummeret og hvilket land kontoen er fra!<\/li>\n\n\n\n<li>Fyll inn <strong>bel\u00f8pet<\/strong> du \u00f8nsker refundert i NOK<\/li>\n\n\n\n<li>Skriv en <strong>kommentar<\/strong> der du forklarer n\u00e6rmere\/ legger til ytterligere informasjon. Eks fyll inn: 3.5kr\/km * 100 km= 350 kr. Utenlandskonto: BIC\/SWIFT: XXXXXXxxx, IBAN: XXxxxx, Land: Sveits<\/li>\n\n\n\n<li>Legg ved <strong>vedlegg<\/strong>:\n<ul class=\"wp-block-list\">\n<li>Reise: Kartutsnitt og antall Km beregnet med google maps og bilde av triptelleren F\u00d8R og ETTER turen! <\/li>\n\n\n\n<li>Utlegg: Kvittering<\/li>\n<\/ul>\n<\/li>\n\n\n\n<li><strong>Bekreft<\/strong> at alt er good og <strong>send inn<\/strong>!<\/li>\n<\/ol>\n\n\n\n<div class=\"wp-block-columns is-layout-flex wp-container-core-columns-is-layout-1 wp-block-columns-is-layout-flex\">\n<div class=\"wp-block-column is-layout-flow wp-block-column-is-layout-flow\">\n<h2 class=\"wp-block-heading\">Brekstad, \u00d8rlandet<\/h2>\n\n\n\n<p><\/p>\n\n\n\n<p>Antall km: 209 km<\/p>\n\n\n\n<figure class=\"wp-block-image size-full\"><img loading=\"lazy\" decoding=\"async\" width=\"2780\" height=\"1556\" src=\"https:\/\/ntnui.no\/kite\/wp-content\/uploads\/sites\/269\/2025\/09\/Skjermbilde-2025-09-24-kl.-21.17.22.png\" alt=\"\" class=\"wp-image-3982\" \/><\/figure>\n<\/div>\n\n\n\n<div class=\"wp-block-column is-layout-flow wp-block-column-is-layout-flow\">\n<h2 class=\"wp-block-heading\">Storwartz, R\u00f8ros<\/h2>\n\n\n\n<p><\/p>\n\n\n\n<p>Antall km: 329 km<\/p>\n\n\n\n<figure class=\"wp-block-image size-full\"><img loading=\"lazy\" decoding=\"async\" width=\"2682\" height=\"1584\" src=\"https:\/\/ntnui.no\/kite\/wp-content\/uploads\/sites\/269\/2025\/09\/Skjermbilde-2025-09-24-kl.-21.18.32.png\" alt=\"\" class=\"wp-image-3983\" \/><\/figure>\n<\/div>\n<\/div>\n\n\n\n<p><\/p>\n","protected":false},"excerpt":{"rendered":"<p>Her er en sm\u00f8rbr\u00f8dliste om hvordan man korrekt fyller ut skjemaene for \u00e5 f\u00e5 tilbakebetalt for kj\u00f8ring med egen bil eller andre utlegg. OBS! Det vil v\u00e6re ditt ansvar at [&hellip;]<\/p>\n","protected":false},"author":391,"featured_media":0,"parent":0,"menu_order":0,"comment_status":"closed","ping_status":"closed","template":"","meta":{"_coblocks_attr":"","_coblocks_dimensions":"","_coblocks_responsive_height":"","_coblocks_accordion_ie_support":"","_price":"","_stock":"","_tribe_ticket_header":"","_tribe_default_ticket_provider":"","_tribe_ticket_capacity":"0","_ticket_start_date":"","_ticket_end_date":"","_tribe_ticket_show_description":"","_tribe_ticket_show_not_going":false,"_tribe_ticket_use_global_stock":"","_tribe_ticket_global_stock_level":"","_global_stock_mode":"","_global_stock_cap":"","_tribe_rsvp_for_event":"","_tribe_ticket_going_count":"","_tribe_ticket_not_going_count":"","_tribe_tickets_list":[],"_tribe_ticket_has_attendee_info_fields":false,"footnotes":""},"class_list":["post-3961","page","type-page","status-publish","hentry"],"featured_image_src":null,"featured_image_src_square":null,"jetpack_sharing_enabled":true,"_links":{"self":[{"href":"https:\/\/ntnui.no\/kite\/wp-json\/wp\/v2\/pages\/3961","targetHints":{"allow":["GET"]}}],"collection":[{"href":"https:\/\/ntnui.no\/kite\/wp-json\/wp\/v2\/pages"}],"about":[{"href":"https:\/\/ntnui.no\/kite\/wp-json\/wp\/v2\/types\/page"}],"author":[{"embeddable":true,"href":"https:\/\/ntnui.no\/kite\/wp-json\/wp\/v2\/users\/391"}],"replies":[{"embeddable":true,"href":"https:\/\/ntnui.no\/kite\/wp-json\/wp\/v2\/comments?post=3961"}],"version-history":[{"count":11,"href":"https:\/\/ntnui.no\/kite\/wp-json\/wp\/v2\/pages\/3961\/revisions"}],"predecessor-version":[{"id":4011,"href":"https:\/\/ntnui.no\/kite\/wp-json\/wp\/v2\/pages\/3961\/revisions\/4011"}],"wp:attachment":[{"href":"https:\/\/ntnui.no\/kite\/wp-json\/wp\/v2\/media?parent=3961"}],"curies":[{"name":"wp","href":"https:\/\/api.w.org\/{rel}","templated":true}]}}