{"id":1615,"date":"2024-09-24T02:57:31","date_gmt":"2024-09-24T00:57:31","guid":{"rendered":"https:\/\/ntnui.no\/kite\/?page_id=1615"},"modified":"2025-10-18T20:29:52","modified_gmt":"2025-10-18T18:29:52","slug":"styret","status":"publish","type":"page","link":"https:\/\/ntnui.no\/kite\/styret\/","title":{"rendered":"Styret"},"content":{"rendered":"\n<div class=\"wp-block-atomic-blocks-ab-columns ab-layout-team-1 ab-layout-columns-1 one-column ab-has-custom-background-color ab-columns-center alignfull\" style=\"padding-top:15%;padding-right:5%;padding-bottom:15%;padding-left:5%;background-color:#f1f1f1\"><div class=\"ab-layout-column-wrap ab-block-layout-column-gap-2 ab-is-responsive-column\" style=\"max-width:1200px\">\n<div class=\"wp-block-atomic-blocks-ab-column ab-block-layout-column\"><div class=\"ab-block-layout-column-inner\">\n<div style=\"margin-bottom:5%\" class=\"wp-block-atomic-blocks-ab-container ab-block-container\"><div class=\"ab-container-inside\"><div class=\"ab-container-content\" style=\"max-width:700px\">\n<h2 class=\"wp-block-heading has-text-align-center\">Styret<\/h2>\n\n\n\n<p><\/p>\n\n\n\n<p>Styret best\u00e5r av erfarne og lidenskapelige kitere. Ikke n\u00f8l med \u00e5 ta kontakt med oss om du lurer p\u00e5 noe.<\/p>\n<\/div><\/div><\/div>\n\n\n\n<div class=\"wp-block-atomic-blocks-ab-columns ab-layout-columns-3 ab-3-col-equal\"><div class=\"ab-layout-column-wrap ab-block-layout-column-gap-2 ab-is-responsive-column\">\n<div class=\"wp-block-atomic-blocks-ab-column ab-block-layout-column\"><div class=\"ab-block-layout-column-inner\">\n<div style=\"background-color:#f2f2f2;color:#32373c\" class=\"wp-block-atomic-blocks-ab-profile-box square ab-has-avatar ab-font-size-18 ab-block-profile ab-profile-columns\"><div class=\"ab-profile-column ab-profile-avatar-wrap\"><div class=\"ab-profile-image-wrap\"><figure class=\"ab-profile-image-square\"><img loading=\"lazy\" decoding=\"async\" width=\"768\" height=\"1024\" class=\"ab-profile-avatar wp-image-3759\" src=\"https:\/\/ntnui.no\/kite\/wp-content\/uploads\/sites\/269\/2025\/08\/Navnlos.jpg\" alt=\"\" \/><\/figure><\/div><\/div><div class=\"ab-profile-column ab-profile-content-wrap\"><h2 class=\"ab-profile-name\" style=\"color:#32373c\">Ida Paulina Butfors Karlsrud <\/h2><p class=\"ab-profile-title\" style=\"color:#32373c\">Leder<br \/><br \/><a href=\"mailto:kite-leder@ntnui.no\">kite-leder@ntnui.no<\/a><\/p><div class=\"ab-profile-text\"><p>Ida er en som setter kitegruppa meget h\u00f8yt p\u00e5 priotieringslista. S\u00e5 har du v\u00e6rt p\u00e5 noe gruppa har arragert har du h\u00f8yst sannsylig sett henne eller ikke minst h\u00f8rt henne. Hun er en ordentlig skravler, som meget ofte er i godt hum\u00f8r<\/p><\/div><ul class=\"ab-social-links\"><\/ul><\/div><\/div>\n<\/div><\/div>\n\n\n\n<div class=\"wp-block-atomic-blocks-ab-column ab-block-layout-column\"><div class=\"ab-block-layout-column-inner\">\n<div style=\"background-color:#f2f2f2;color:#32373c\" class=\"wp-block-atomic-blocks-ab-profile-box square ab-has-avatar ab-font-size-17 ab-block-profile ab-profile-columns\"><div class=\"ab-profile-column ab-profile-avatar-wrap\"><div class=\"ab-profile-image-wrap\"><figure class=\"ab-profile-image-square\"><img loading=\"lazy\" decoding=\"async\" width=\"1536\" height=\"2048\" class=\"ab-profile-avatar wp-image-4056\" src=\"https:\/\/ntnui.no\/kite\/wp-content\/uploads\/sites\/269\/2025\/10\/Tora-1.jpg\" alt=\"\" \/><\/figure><\/div><\/div><div class=\"ab-profile-column ab-profile-content-wrap\"><h2 class=\"ab-profile-name\" style=\"color:#32373c\">Tora B\u00f8ckman<\/h2><p class=\"ab-profile-title\" style=\"color:#32373c\">Nestleder<\/p><div class=\"ab-profile-text\"><p><a href=\"kite-nestleder@ntnui.no\">kite-nestleder@ntnui.no<\/a><\/p><p>Tora er rett og slett en nydelig person \u00e5 ha i gruppa. Det er skikkelig tak henne og hun stiller alltid opp og bidrar. I tillegg har hun et fantatisk hum\u00f8r og alltid et glis p\u00e5 lur <\/p><\/div><ul class=\"ab-social-links\"><\/ul><\/div><\/div>\n<\/div><\/div>\n\n\n\n<div class=\"wp-block-atomic-blocks-ab-column ab-block-layout-column\"><div class=\"ab-block-layout-column-inner\">\n<div style=\"background-color:#f2f2f2;color:#32373c\" class=\"wp-block-atomic-blocks-ab-profile-box square ab-font-size-15 ab-block-profile ab-profile-columns\"><div class=\"ab-profile-column ab-profile-content-wrap\"><h2 class=\"ab-profile-name\" style=\"color:#32373c\">Eirk St\u00f8len<\/h2><p class=\"ab-profile-title\" style=\"color:#32373c\">Kasserer<\/p><div class=\"ab-profile-text\"><p><a href=\"kite-kasserer@ntnui.no\">kite-kasserer@ntnui.no<\/a><\/p><p>St\u00f8len er en real fyr med meget god kontroll p\u00e5 det meste, s\u00e5 at han har kontrollen p\u00e5 \u00f8konminen er en perfekt match det. S\u00e5 hvis du har sp\u00f8rsm\u00e5let, &#8220;hvor blir det av penga mine, som jeg ikke hadde tenkt \u00e5 donere permanet&#8221;, s\u00e5 er han rette person \u00e5 kontakte<\/p><\/div><ul class=\"ab-social-links\"><\/ul><\/div><\/div>\n<\/div><\/div>\n<\/div><\/div>\n\n\n\n<div class=\"wp-block-atomic-blocks-ab-columns ab-layout-columns-3 ab-3-col-equal\"><div class=\"ab-layout-column-wrap ab-block-layout-column-gap-2 ab-is-responsive-column\">\n<div class=\"wp-block-atomic-blocks-ab-column ab-block-layout-column\"><div class=\"ab-block-layout-column-inner\">\n<div style=\"background-color:#f2f2f2;color:#2a2a2a\" class=\"wp-block-atomic-blocks-ab-profile-box square ab-has-avatar ab-font-size-16 ab-block-profile ab-profile-columns\"><div class=\"ab-profile-column ab-profile-avatar-wrap\"><div class=\"ab-profile-image-wrap\"><figure class=\"ab-profile-image-square\"><img loading=\"lazy\" decoding=\"async\" width=\"729\" height=\"1024\" class=\"ab-profile-avatar wp-image-3770\" src=\"https:\/\/ntnui.no\/kite\/wp-content\/uploads\/sites\/269\/2025\/08\/UleTzn8o.jpg\" alt=\"\" \/><\/figure><\/div><\/div><div class=\"ab-profile-column ab-profile-content-wrap\"><h2 class=\"ab-profile-name\" style=\"color:#2a2a2a\">Thea L\u00f8nseth<\/h2><p class=\"ab-profile-title\" style=\"color:#2a2a2a\">Sosialansvarlig<\/p><div class=\"ab-profile-text\"><p><a href=\"mailto:kite-styremedlem@ntnui.no\">thea.l\u00f8nseth@ntnui.no<\/a><\/p><p>Thea finner alltid p\u00e5 no sprell og det er bare \u00e5 glede seg til hva hun kan finne p\u00e5 for no festligheter. Det blir alltid litt ekstra artig n\u00e5r hun er med. Har du noen id\u00e9er p\u00e5 noe vi kunne funnet p\u00e5, enten p\u00e5 turer eller utenom s\u00e5 er det bare \u00e5 ta kontakt med henne  <\/p><\/div><ul class=\"ab-social-links\"><\/ul><\/div><\/div>\n<\/div><\/div>\n\n\n\n<div class=\"wp-block-atomic-blocks-ab-column ab-block-layout-column\"><div class=\"ab-block-layout-column-inner\">\n<div style=\"background-color:#f2f2f2;color:#32373c\" class=\"wp-block-atomic-blocks-ab-profile-box square ab-has-avatar ab-font-size-16 ab-block-profile ab-profile-columns\"><div class=\"ab-profile-column ab-profile-avatar-wrap\"><div class=\"ab-profile-image-wrap\"><figure class=\"ab-profile-image-square\"><img loading=\"lazy\" decoding=\"async\" width=\"768\" height=\"1024\" class=\"ab-profile-avatar wp-image-3762\" src=\"https:\/\/ntnui.no\/kite\/wp-content\/uploads\/sites\/269\/2025\/08\/Navnlos-3.jpg\" alt=\"\" \/><\/figure><\/div><\/div><div class=\"ab-profile-column ab-profile-content-wrap\"><h2 class=\"ab-profile-name\" style=\"color:#32373c\">Eirik Sandnes<\/h2><p class=\"ab-profile-title\" style=\"color:#32373c\">Utstyrsansvarlig<br \/><br \/><a href=\"mailto:kite-styremedlem@ntnui.no\">eirik.sandnes@ntnui.no<\/a><\/p><div class=\"ab-profile-text\"><p>Sandnes har alltid kontroll han og hvis ikke er det bare \u00e5 late som det ikke har skjedd. Neida han har faktisk irritende god kontroll han og gj\u00f8r alltid det lille ekstra for kitegruppa. S\u00e5 utstyret er i de beste hender det <\/p><p><\/p><\/div><ul class=\"ab-social-links\"><\/ul><\/div><\/div>\n<\/div><\/div>\n\n\n\n<div class=\"wp-block-atomic-blocks-ab-column ab-block-layout-column\"><div class=\"ab-block-layout-column-inner\">\n<div style=\"background-color:#f2f2f2;color:#32373c\" class=\"wp-block-atomic-blocks-ab-profile-box square ab-has-avatar ab-font-size-17 ab-block-profile ab-profile-columns\"><div class=\"ab-profile-column ab-profile-avatar-wrap\"><div class=\"ab-profile-image-wrap\"><figure class=\"ab-profile-image-square\"><img loading=\"lazy\" decoding=\"async\" width=\"768\" height=\"1024\" class=\"ab-profile-avatar wp-image-3760\" src=\"https:\/\/ntnui.no\/kite\/wp-content\/uploads\/sites\/269\/2025\/08\/Navnlos-1.jpg\" alt=\"\" \/><\/figure><\/div><\/div><div class=\"ab-profile-column ab-profile-content-wrap\"><h2 class=\"ab-profile-name\" style=\"color:#32373c\">H\u00e5kon S\u00e6ther <\/h2><p class=\"ab-profile-title\" style=\"color:#32373c\">Turasvarlig<\/p><div class=\"ab-profile-text\"><p><a href=\"mailto:kite-styremedlem@ntnui.no\">haakon.saether@ntnui.no<\/a><\/p><p>En kvalitet som settes h\u00f8yt i kitegruppa er \u00e5 kunne lage meget god pizza, og der stiller H\u00e5kon sterkt. Han kan aboslutt mer enn pizza han og er fantisk \u00e5 ha med p\u00e5 tur<\/p><\/div><ul class=\"ab-social-links\"><\/ul><\/div><\/div>\n<\/div><\/div>\n<\/div><\/div>\n\n\n\n<div class=\"wp-block-atomic-blocks-ab-columns ab-layout-columns-3 ab-3-col-equal\"><div class=\"ab-layout-column-wrap ab-block-layout-column-gap-2 ab-is-responsive-column\">\n<div class=\"wp-block-atomic-blocks-ab-column ab-block-layout-column ab-is-vertically-aligned-top\"><div class=\"ab-block-layout-column-inner\">\n<div style=\"background-color:#f2f2f2;color:#32373c\" class=\"wp-block-atomic-blocks-ab-profile-box square ab-has-avatar ab-font-size-18 ab-block-profile ab-profile-columns\"><div class=\"ab-profile-column ab-profile-avatar-wrap\"><div class=\"ab-profile-image-wrap\"><figure class=\"ab-profile-image-square\"><img loading=\"lazy\" decoding=\"async\" width=\"768\" height=\"1024\" class=\"ab-profile-avatar wp-image-3761\" src=\"https:\/\/ntnui.no\/kite\/wp-content\/uploads\/sites\/269\/2025\/08\/Navnlos-2.jpg\" alt=\"\" \/><\/figure><\/div><\/div><div class=\"ab-profile-column ab-profile-content-wrap\"><h2 class=\"ab-profile-name\" style=\"color:#32373c\">Henrik Log Jacobsen<\/h2><p class=\"ab-profile-title\" style=\"color:#32373c\">Styremedlem<\/p><div class=\"ab-profile-text\"><p><a href=\"mailto:kite-styremedlem@ntnui.no\">kite-styremedlem@ntnui.no<\/a><\/p><p>Skulle \u00f8nske jeg var like god som Henrik til \u00e5 kite, er nok en tanke de fleste i kitegruppa har hatt. S\u00e5 det er bare \u00e5 se og l\u00e6re rett og slett. I tillegg er han en som det er s\u00e5\u00e5 kos \u00e5 ha i gruppa<\/p><\/div><ul class=\"ab-social-links\"><\/ul><\/div><\/div>\n<\/div><\/div>\n\n\n\n<div class=\"wp-block-atomic-blocks-ab-column ab-block-layout-column\"><div class=\"ab-block-layout-column-inner\">\n<div style=\"background-color:#f2f2f2;color:#32373c\" class=\"wp-block-atomic-blocks-ab-profile-box square ab-has-avatar ab-font-size-18 ab-block-profile ab-profile-columns\"><div class=\"ab-profile-column ab-profile-avatar-wrap\"><div class=\"ab-profile-image-wrap\"><figure class=\"ab-profile-image-square\"><img loading=\"lazy\" decoding=\"async\" width=\"639\" height=\"888\" class=\"ab-profile-avatar wp-image-3769\" src=\"https:\/\/ntnui.no\/kite\/wp-content\/uploads\/sites\/269\/2025\/08\/bQaYHlkO.jpg\" alt=\"\" \/><\/figure><\/div><\/div><div class=\"ab-profile-column ab-profile-content-wrap\"><h2 class=\"ab-profile-name\" style=\"color:#32373c\">Brage Skistad Engeland<\/h2><p class=\"ab-profile-title\" style=\"color:#32373c\">Styremedlem<\/p><div class=\"ab-profile-text\"><p><a href=\"mailto:kite-styremedlem@ntnui.no\">kite-styremedlem@ntnui.no<\/a><\/p><p>Brage er enda en av de som alltid stiller opp og setter kitegruppa h\u00f8yt p\u00e5 prioriteringslista. Han er  omgjengelig fyr og br\u00e5tt viser han nye sider<\/p><\/div><ul class=\"ab-social-links\"><\/ul><\/div><\/div>\n<\/div><\/div>\n\n\n\n<div class=\"wp-block-atomic-blocks-ab-column ab-block-layout-column\"><div class=\"ab-block-layout-column-inner\">\n<div style=\"background-color:#f2f2f2;color:#32373c\" class=\"wp-block-atomic-blocks-ab-profile-box square ab-has-avatar ab-font-size-18 ab-block-profile ab-profile-columns\"><div class=\"ab-profile-column ab-profile-avatar-wrap\"><div class=\"ab-profile-image-wrap\"><figure class=\"ab-profile-image-square\"><img loading=\"lazy\" decoding=\"async\" width=\"770\" height=\"887\" class=\"ab-profile-avatar wp-image-3766\" src=\"https:\/\/ntnui.no\/kite\/wp-content\/uploads\/sites\/269\/2025\/08\/Navnlos-6.jpg\" alt=\"\" \/><\/figure><\/div><\/div><div class=\"ab-profile-column ab-profile-content-wrap\"><h2 class=\"ab-profile-name\" style=\"color:#32373c\">Jo Aukrust<\/h2><p class=\"ab-profile-title\" style=\"color:#32373c\">Styremedlem<\/p><div class=\"ab-profile-text\"><p><a href=\"mailto:kite-styremedlem@ntnui.no\">kite-styremedlem@ntnui.no<\/a><\/p><p>Jo har b\u00e5de kontroll p\u00e5 kitinga og p\u00e5 kitegruppa han og en det meget hyggelig \u00e5 ha med p\u00e5 tur. S\u00e5 hvis du ser en med rosa hjelm turedne rundt med kite eller i Vassfjellet, s\u00e5 vet du hvem du har \u00e5 gj\u00f8re med da<\/p><\/div><ul class=\"ab-social-links\"><\/ul><\/div><\/div>\n<\/div><\/div>\n<\/div><\/div>\n\n\n\n<div class=\"wp-block-atomic-blocks-ab-columns ab-layout-columns-3 ab-3-col-equal\"><div class=\"ab-layout-column-wrap ab-block-layout-column-gap-2 ab-is-responsive-column\">\n<div class=\"wp-block-atomic-blocks-ab-column ab-block-layout-column\"><div class=\"ab-block-layout-column-inner\">\n<div style=\"background-color:#f2f2f2;color:#32373c\" class=\"wp-block-atomic-blocks-ab-profile-box square ab-has-avatar ab-font-size-18 ab-block-profile ab-profile-columns\"><div class=\"ab-profile-column ab-profile-avatar-wrap\"><div class=\"ab-profile-image-wrap\"><figure class=\"ab-profile-image-square\"><img loading=\"lazy\" decoding=\"async\" width=\"768\" height=\"1024\" class=\"ab-profile-avatar wp-image-3764\" src=\"https:\/\/ntnui.no\/kite\/wp-content\/uploads\/sites\/269\/2025\/08\/Navnlos-5.jpg\" alt=\"\" \/><\/figure><\/div><\/div><div class=\"ab-profile-column ab-profile-content-wrap\"><h2 class=\"ab-profile-name\" style=\"color:#32373c\">Sigrid \u00d8yre<\/h2><p class=\"ab-profile-title\" style=\"color:#32373c\">Styremedlem<\/p><div class=\"ab-profile-text\"><p><a href=\"mailto:kite-styremedlem@ntnui.no\">kite-styremedlem@ntnui.no<\/a><\/p><p>Sigrid er en av de artigere menneskene man kan ha med seg p\u00e5 tur. Hun er med p\u00e5 det aller meste hun. S\u00e5 hvis man har en id\u00e9 s\u00e5 er det stor sannsynlighet for at man f\u00e5r med seg Sigrid ja <\/p><\/div><ul class=\"ab-social-links\"><\/ul><\/div><\/div>\n<\/div><\/div>\n\n\n\n<div class=\"wp-block-atomic-blocks-ab-column ab-block-layout-column\"><div class=\"ab-block-layout-column-inner\">\n<div style=\"background-color:#f2f2f2;color:#32373c\" class=\"wp-block-atomic-blocks-ab-profile-box square ab-has-avatar ab-font-size-18 ab-block-profile ab-profile-columns\"><div class=\"ab-profile-column ab-profile-avatar-wrap\"><div class=\"ab-profile-image-wrap\"><figure class=\"ab-profile-image-square\"><img loading=\"lazy\" decoding=\"async\" width=\"768\" height=\"1024\" class=\"ab-profile-avatar wp-image-3767\" src=\"https:\/\/ntnui.no\/kite\/wp-content\/uploads\/sites\/269\/2025\/08\/Navnlos-7.jpg\" alt=\"\" \/><\/figure><\/div><\/div><div class=\"ab-profile-column ab-profile-content-wrap\"><h2 class=\"ab-profile-name\" style=\"color:#32373c\">Sophia Gjerstad<\/h2><p class=\"ab-profile-title\" style=\"color:#32373c\">Styremedlem<\/p><div class=\"ab-profile-text\"><p><a href=\"mailto:kite-styremedlem@ntnui.no\">kite-styremedlem@ntnui.no<\/a><\/p><p>Sophia stiller absoloutt opp for gjengen hun og en det nydelig \u00e5 ha med p\u00e5 tur. S\u00e5 er det bare \u00e5 h\u00e5pe p\u00e5 at hun prioriterer oss over Dans:))<\/p><\/div><ul class=\"ab-social-links\"><\/ul><\/div><\/div>\n<\/div><\/div>\n\n\n\n<div class=\"wp-block-atomic-blocks-ab-column ab-block-layout-column\"><div class=\"ab-block-layout-column-inner\">\n<div style=\"background-color:#f2f2f2;color:#32373c\" class=\"wp-block-atomic-blocks-ab-profile-box square ab-font-size-18 ab-block-profile ab-profile-columns\"><div class=\"ab-profile-column ab-profile-content-wrap\"><h2 class=\"ab-profile-name\" style=\"color:#32373c\">Maja Eldevik<\/h2><p class=\"ab-profile-title\" style=\"color:#32373c\">Styremedlem<\/p><div class=\"ab-profile-text\"><p><a href=\"mailto:kite-styremedlem@ntnui.no\">kite-styremedlem@ntnui.no<\/a><\/p><p>Er det noen som vet hva som er instagramvennlig \u00e5 knipse bilder av s\u00e5 er det Maja, og det kommer godt med n\u00e5r vi skal vise fram v\u00e5re fantastiske turer<\/p><\/div><ul class=\"ab-social-links\"><\/ul><\/div><\/div>\n<\/div><\/div>\n<\/div><\/div>\n<\/div><\/div>\n<\/div><\/div>\n","protected":false},"excerpt":{"rendered":"","protected":false},"author":391,"featured_media":0,"parent":0,"menu_order":0,"comment_status":"closed","ping_status":"closed","template":"","meta":{"_coblocks_attr":"","_coblocks_dimensions":"","_coblocks_responsive_height":"","_coblocks_accordion_ie_support":"","_price":"","_stock":"","_tribe_ticket_header":"","_tribe_default_ticket_provider":"","_tribe_ticket_capacity":"0","_ticket_start_date":"","_ticket_end_date":"","_tribe_ticket_show_description":"","_tribe_ticket_show_not_going":false,"_tribe_ticket_use_global_stock":"","_tribe_ticket_global_stock_level":"","_global_stock_mode":"","_global_stock_cap":"","_tribe_rsvp_for_event":"","_tribe_ticket_going_count":"","_tribe_ticket_not_going_count":"","_tribe_tickets_list":[],"_tribe_ticket_has_attendee_info_fields":false,"footnotes":""},"class_list":["post-1615","page","type-page","status-publish","hentry"],"featured_image_src":null,"featured_image_src_square":null,"jetpack_sharing_enabled":true,"_links":{"self":[{"href":"https:\/\/ntnui.no\/kite\/wp-json\/wp\/v2\/pages\/1615","targetHints":{"allow":["GET"]}}],"collection":[{"href":"https:\/\/ntnui.no\/kite\/wp-json\/wp\/v2\/pages"}],"about":[{"href":"https:\/\/ntnui.no\/kite\/wp-json\/wp\/v2\/types\/page"}],"author":[{"embeddable":true,"href":"https:\/\/ntnui.no\/kite\/wp-json\/wp\/v2\/users\/391"}],"replies":[{"embeddable":true,"href":"https:\/\/ntnui.no\/kite\/wp-json\/wp\/v2\/comments?post=1615"}],"version-history":[{"count":10,"href":"https:\/\/ntnui.no\/kite\/wp-json\/wp\/v2\/pages\/1615\/revisions"}],"predecessor-version":[{"id":4057,"href":"https:\/\/ntnui.no\/kite\/wp-json\/wp\/v2\/pages\/1615\/revisions\/4057"}],"wp:attachment":[{"href":"https:\/\/ntnui.no\/kite\/wp-json\/wp\/v2\/media?parent=1615"}],"curies":[{"name":"wp","href":"https:\/\/api.w.org\/{rel}","templated":true}]}}