{"id":1431,"date":"2022-08-07T15:20:53","date_gmt":"2022-08-07T13:20:53","guid":{"rendered":"https:\/\/ntnui.no\/kite\/?page_id=1431"},"modified":"2025-08-10T02:27:12","modified_gmt":"2025-08-10T00:27:12","slug":"om-oss","status":"publish","type":"page","link":"https:\/\/ntnui.no\/kite\/om-oss\/","title":{"rendered":"Om NTNUI Kite"},"content":{"rendered":"\n<div class=\"wp-block-group alignfull\"><div class=\"wp-block-group__inner-container is-layout-flow wp-block-group-is-layout-flow\">\n<div class=\"wp-block-media-text alignfull is-vertically-aligned-center is-stacked-on-mobile\"><figure class=\"wp-block-media-text__media\"><img loading=\"lazy\" decoding=\"async\" width=\"1024\" height=\"768\" src=\"https:\/\/ntnui.no\/kite\/wp-content\/uploads\/sites\/269\/2022\/08\/happy-2.jpg\" alt=\"\" class=\"wp-image-1644 size-full\" \/><\/figure><div class=\"wp-block-media-text__content\">\n<p class=\"has-large-font-size\"><strong>Styret<\/strong><\/p>\n\n\n\n<p>Styret best\u00e5r av gjeng lidenskapelige kitere som \u00f8nsker \u00e5 gi deg den beste kiteopplevelsen p\u00e5 b\u00e5de vann og sn\u00f8<\/p>\n\n\n\n<div class=\"wp-block-buttons is-layout-flex wp-block-buttons-is-layout-flex\">\n<div class=\"wp-block-button\"><a class=\"wp-block-button__link wp-element-button\" href=\"https:\/\/ntnui.no\/kite\/styret\/\">Les mer<\/a><\/div>\n<\/div>\n<\/div><\/div>\n<\/div><\/div>\n\n\n\n<div class=\"wp-block-group alignfull\"><div class=\"wp-block-group__inner-container is-layout-flow wp-block-group-is-layout-flow\">\n<div class=\"wp-block-media-text alignfull has-media-on-the-right is-stacked-on-mobile\"><div class=\"wp-block-media-text__content\">\n<p class=\"has-large-font-size\"><strong>Kitegruppa<\/strong><\/p>\n\n\n\n<p>Kitegruppa ble etablert i 2009 og har siden den gang skapt mange uforglemmelige \u00f8yeblikk. <\/p>\n\n\n\n<div class=\"wp-block-buttons is-layout-flex wp-block-buttons-is-layout-flex\">\n<div class=\"wp-block-button\"><a class=\"wp-block-button__link wp-element-button\">Les mer (kommer snart)<\/a><\/div>\n<\/div>\n<\/div><figure class=\"wp-block-media-text__media\"><img loading=\"lazy\" decoding=\"async\" width=\"2508\" height=\"1672\" src=\"https:\/\/ntnui.no\/kite\/wp-content\/uploads\/sites\/269\/2022\/08\/bilde-4-4-4.jpg\" alt=\"\" class=\"wp-image-1645 size-full\" \/><\/figure><\/div>\n<\/div><\/div>\n\n\n\n<div class=\"wp-block-group alignfull\"><div class=\"wp-block-group__inner-container is-layout-flow wp-block-group-is-layout-flow\">\n<div class=\"wp-block-media-text alignfull is-vertically-aligned-center is-stacked-on-mobile\"><figure class=\"wp-block-media-text__media\"><img loading=\"lazy\" decoding=\"async\" width=\"1773\" height=\"2364\" src=\"https:\/\/ntnui.no\/kite\/wp-content\/uploads\/sites\/269\/2022\/08\/IMG_9472-2.jpeg\" alt=\"\" class=\"wp-image-1646 size-full\" \/><\/figure><div class=\"wp-block-media-text__content\">\n<p class=\"has-large-font-size\"><strong>Spots<\/strong><\/p>\n\n\n\n<p>Her har vi satt sammen en kort oversikt over de lokale kiteplassene i Tr\u00f8ndelag. <\/p>\n\n\n\n<div class=\"wp-block-buttons is-layout-flex wp-block-buttons-is-layout-flex\">\n<div class=\"wp-block-button\"><a class=\"wp-block-button__link wp-element-button\">Les mer (kommer snart)<\/a><\/div>\n<\/div>\n<\/div><\/div>\n<\/div><\/div>\n","protected":false},"excerpt":{"rendered":"<p>Styret Styret best\u00e5r av gjeng lidenskapelige kitere som \u00f8nsker \u00e5 gi deg den beste kiteopplevelsen p\u00e5 b\u00e5de vann og sn\u00f8 Kitegruppa Kitegruppa ble etablert i 2009 og har siden den [&hellip;]<\/p>\n","protected":false},"author":391,"featured_media":0,"parent":0,"menu_order":0,"comment_status":"closed","ping_status":"closed","template":"","meta":{"_coblocks_attr":"","_coblocks_dimensions":"","_coblocks_responsive_height":"","_coblocks_accordion_ie_support":"","_price":"","_stock":"","_tribe_ticket_header":"","_tribe_default_ticket_provider":"","_tribe_ticket_capacity":"0","_ticket_start_date":"","_ticket_end_date":"","_tribe_ticket_show_description":"","_tribe_ticket_show_not_going":false,"_tribe_ticket_use_global_stock":"","_tribe_ticket_global_stock_level":"","_global_stock_mode":"","_global_stock_cap":"","_tribe_rsvp_for_event":"","_tribe_ticket_going_count":"","_tribe_ticket_not_going_count":"","_tribe_tickets_list":[],"_tribe_ticket_has_attendee_info_fields":false,"footnotes":""},"class_list":["post-1431","page","type-page","status-publish","hentry"],"featured_image_src":null,"featured_image_src_square":null,"jetpack_sharing_enabled":true,"_links":{"self":[{"href":"https:\/\/ntnui.no\/kite\/wp-json\/wp\/v2\/pages\/1431","targetHints":{"allow":["GET"]}}],"collection":[{"href":"https:\/\/ntnui.no\/kite\/wp-json\/wp\/v2\/pages"}],"about":[{"href":"https:\/\/ntnui.no\/kite\/wp-json\/wp\/v2\/types\/page"}],"author":[{"embeddable":true,"href":"https:\/\/ntnui.no\/kite\/wp-json\/wp\/v2\/users\/391"}],"replies":[{"embeddable":true,"href":"https:\/\/ntnui.no\/kite\/wp-json\/wp\/v2\/comments?post=1431"}],"version-history":[{"count":36,"href":"https:\/\/ntnui.no\/kite\/wp-json\/wp\/v2\/pages\/1431\/revisions"}],"predecessor-version":[{"id":3777,"href":"https:\/\/ntnui.no\/kite\/wp-json\/wp\/v2\/pages\/1431\/revisions\/3777"}],"wp:attachment":[{"href":"https:\/\/ntnui.no\/kite\/wp-json\/wp\/v2\/media?parent=1431"}],"curies":[{"name":"wp","href":"https:\/\/api.w.org\/{rel}","templated":true}]}}