{"id":1424,"date":"2022-08-07T15:13:02","date_gmt":"2022-08-07T13:13:02","guid":{"rendered":"https:\/\/ntnui.no\/kite\/?page_id=1424"},"modified":"2025-01-08T18:57:00","modified_gmt":"2025-01-08T17:57:00","slug":"faq","status":"publish","type":"page","link":"https:\/\/ntnui.no\/kite\/faq\/","title":{"rendered":"FAQ"},"content":{"rendered":"\n<div class=\"wp-block-coblocks-accordion\">\n<div class=\"wp-block-coblocks-accordion-item\"><details><summary class=\"wp-block-coblocks-accordion-item__title\"><strong>Hvem er turene, kursene og arrangementene for? <\/strong><\/summary><div class=\"wp-block-coblocks-accordion-item__content\">\n<p>Vi arrangerer turer, kurs og arrangementer for alle som <strong>er medlem<\/strong> av NTNUI og har registrert medlem <strong> <\/strong>hos NTNUI Kite. Sleng deg med da vell!<\/p>\n\n\n\n<ol class=\"wp-block-list\"><li><strong>Tur m\/kurs: <\/strong>For helt ferske kitere har vi satt sammen en helt spesiell kurspakke der du f\u00e5r oppl\u00e6ring og n\u00f8dvendig kunnskap for \u00e5 kunne kite p\u00e5 egenh\u00e5nd. Vi anbefaler at alle som er usikre p\u00e5 eget ferdighetsniv\u00e5 velger denne pakken, ogs\u00e5 de som kanskje har tatt et kurs for flere \u00e5r siden.<\/li><li><strong>Tur u\/kurs: <\/strong>Har du kitet f\u00f8r og f\u00f8ler deg trygg p\u00e5 egenh\u00e5nd vil du f\u00e5 oppleve en uforglemmelig kite-tur med likesinnede kitere!<\/li><li><strong>Arrangementer\/Konkurranser: <\/strong>Vi arranger til tider lystbetonte konkurranser for alle ferdighetsniv\u00e5. Ofte \u00e5pner vi disse opp for <strong>alle<\/strong>. Her er fokuset mer p\u00e5 det sosiale og at alle skal f\u00f8le seg inkludert. <\/li><\/ol>\n\n\n\n<p>Ikke student ved NTNU eller medlem av NTNUI? <\/p>\n\n\n\n<p>Det er dessverre ikke mulig \u00e5 v\u00e6re med p\u00e5 v\u00e5re turer eller kurs. Vi kan leie ut b\u00e5de instrukt\u00f8rer og utstyr, men det vil selvf\u00f8lgelig v\u00e6re andre priser siden vi ikke f\u00e5r subsidier for \u00e5 gj\u00f8re dette for ikke-medlemmer. Ta kontakt:)<\/p>\n\n\n\n<p><\/p>\n<\/div><\/details><\/div>\n\n\n\n<div class=\"wp-block-coblocks-accordion-item\"><details><summary class=\"wp-block-coblocks-accordion-item__title\"><strong>N\u00e5r er det p\u00e5melding?<\/strong><\/summary><div class=\"wp-block-coblocks-accordion-item__content\">\n<p>P\u00e5meldingen \u00e5pner her <a href=\"https:\/\/ntnui.no\/kite\/shop\/\">https:\/\/ntnui.no\/kite\/shop\/ <\/a> som regel 1,5 uke f\u00f8r turen. Det betyr som regel onsdag klokken 12 uka f\u00f8r tur. Det gjelder \u00e5 v\u00e6re rask da det er begrenset med plasser p\u00e5 alle turer. V\u00e6r oppmerksom p\u00e5 at vi vil kreve betaling. <\/p>\n<\/div><\/details><\/div>\n\n\n\n<div class=\"wp-block-coblocks-accordion-item\"><details><summary class=\"wp-block-coblocks-accordion-item__title\"><strong>Hvordan blir jeg medlem av Kitegruppa?<\/strong><\/summary><div class=\"wp-block-coblocks-accordion-item__content\">\n<ol class=\"wp-block-list\"><li>Du melder deg inn som gyldig medlem i NTNUI. Dette kan gj\u00f8res p\u00e5 et av SIT sine treningssentre. Du f\u00e5r et klistremerke p\u00e5 studentkortet og tilgang til medlem.ntnui.no.<\/li><li>S\u00f8k opp ntnui kite og registrer deg selv som medlem p\u00e5 <a rel=\"noreferrer noopener\" href=\"https:\/\/medlem.ntnui.no\/groups\/kite\/\" target=\"_blank\">https:\/\/medlem.ntnui.no\/groups\/kite\/<\/a><\/li><li>N\u00e5r dette er gjort kan du sende foresp\u00f8rsel p\u00e5 <a href=\"https:\/\/medlem.ntnui.no\/groups\/kite\/\">https:\/\/medlem.ntnui.no\/groups\/kite\/<\/a> og <a href=\"https:\/\/www.facebook.com\/groups\/amntnuikite\" data-type=\"URL\" data-id=\"https:\/\/www.facebook.com\/groups\/amntnuikite\">https:\/\/www.facebook.com\/groups\/amntnuikite<\/a>. Vi vil sjekke betaling f\u00f8r vi godkjenner.<\/li><\/ol>\n<\/div><\/details><\/div>\n\n\n\n<div class=\"wp-block-coblocks-accordion-item\"><details><summary class=\"wp-block-coblocks-accordion-item__title\"><strong>Hvilke betalingsl\u00f8sninger er tilgjengelig?<\/strong><\/summary><div class=\"wp-block-coblocks-accordion-item__content\">\n<p>Vi benytter prim\u00e6rt en sikker betalingsl\u00f8sning p\u00e5 nett. Det er ogs\u00e5 mulig \u00e5 betale ved Bankoverf\u00f8ring:<\/p>\n\n\n\n<ol class=\"wp-block-list\"><li>For Norske banker: Overf\u00f8r \u00f8nsket bel\u00f8p til <strong>8601.43.53056 <\/strong>med melding til mottakker &lt; Ditt Fulle Navn+ Det du betaler for&gt;. Eks &lt;Ola Nordmann+ Tur 1 M\/kurs&gt;<\/li><li>For utenlandske banker: Overf\u00f8r \u00f8nsket bel\u00f8p til f\u00f8lgende betalings opplysning med melding til mottaker &lt;Ditt fulle navn+ Det du betaler for&gt;: <ul><li>IBAN: NO68 8601 4353 056 <\/li><li>BIC\/SWIFT: DABANO22<\/li><\/ul><\/li><\/ol>\n<\/div><\/details><\/div>\n\n\n\n<div class=\"wp-block-coblocks-accordion-item\"><details><summary class=\"wp-block-coblocks-accordion-item__title\"><strong>Kj\u00f8regodtgj\u00f8relse<\/strong><\/summary><div class=\"wp-block-coblocks-accordion-item__content\">\n<ol class=\"wp-block-list\"><li>For personbiler: 3.5 kr\/km &#8211; Dette dekker bompasseringer, drivstoff, forsikring og slitasje. <\/li><li>For personbiler m\/henger: 4.5 kr\/km<\/li><\/ol>\n\n\n\n<p>For \u00e5 f\u00e5 utbetalt kj\u00f8regodtgj\u00f8re m\u00e5 du som sj\u00e5f\u00f8r fylle ut NTNUI sitt reiseregningsskjema med dokumentasjon av reisen. Dokumentasjonen SKAL inneholde et kartutsnitt som viser reiseruten med antall kilometer, og bilde av turtelleren din f\u00f8r og etter reisen. OBS! Fyll inn riktig kontonummer!&nbsp;Bel\u00f8pet utbetales ikke dersom dokumentasjonen er uleselig eller ufullstendig.<\/p>\n\n\n\n<p>Link til NTNUI sitt refusjonsskjema: <a href=\"http:\/\/reise.ntnui.no.\" data-type=\"URL\" data-id=\"reise.ntnui.no.\"><a rel=\"noreferrer noopener\" href=\"http:\/\/reise.ntnui.no\/\" target=\"_blank\">reise.ntnui.no<\/a>.<\/a><\/p>\n\n\n\n<p><\/p>\n<\/div><\/details><\/div>\n\n\n\n<div class=\"wp-block-coblocks-accordion-item\"><details><summary class=\"wp-block-coblocks-accordion-item__title\"><strong>Har vi utleie av utstyr? <\/strong><\/summary><div class=\"wp-block-coblocks-accordion-item__content\">\n<p>Ja, vi har alt av n\u00f8dvendig utstyr til utleie! Se vedlagt fil for priser. <\/p>\n\n\n\n<div class=\"wp-block-file\"><a href=\"https:\/\/ntnui.no\/kite\/wp-content\/uploads\/sites\/269\/2022\/08\/Retningslinjer-utlan-utstyr.pdf\">Retningslinjer-utlan-utstyr<\/a><a href=\"https:\/\/ntnui.no\/kite\/wp-content\/uploads\/sites\/269\/2022\/08\/Retningslinjer-utlan-utstyr.pdf\" class=\"wp-block-file__button\" download>Last ned<\/a><\/div>\n<\/div><\/details><\/div>\n\n\n\n<div class=\"wp-block-coblocks-accordion-item\"><details><summary class=\"wp-block-coblocks-accordion-item__title\"><strong>N\u00e5r arrangerer vi turer?<\/strong><\/summary><div class=\"wp-block-coblocks-accordion-item__content\">\n<p>Vi arrangerer regelmessige turer p\u00e5 b\u00e5de h\u00f8sten og vinteren. Se terminlisten. Utover dette anbefaler vi at du melder deg inn i facebooksidene NTNUI Kite (Diskusjon\/ kj\u00f8p og salg!) og Active Members NTNUi Kte for eventuelle spontane turer.<\/p>\n<\/div><\/details><\/div>\n\n\n\n<div class=\"wp-block-coblocks-accordion-item\"><details><summary class=\"wp-block-coblocks-accordion-item__title\"><strong>Hvordan kan jeg bidra hos NTNUi Kite?<\/strong><\/summary><div class=\"wp-block-coblocks-accordion-item__content\">\n<p>Vi har behov for flinke folk! Ta kontakt med oss og meld din interesse. <\/p>\n<\/div><\/details><\/div>\n\n\n\n<div class=\"wp-block-coblocks-accordion-item\"><details><summary class=\"wp-block-coblocks-accordion-item__title\"><strong>Jeg kan ikke v\u00e6re med allikavell p\u00e5 tur, er det mulig med refusjon?<\/strong><\/summary><div class=\"wp-block-coblocks-accordion-item__content\">\n<p>Nei, vi har dessverre ikke kapasitet til \u00e5 refundere billetter. Vi vil pr\u00f8ve \u00e5 selge billetten din videre gjennom v\u00e5r venteliste, men det anbefales at man har reiseforsikring som kan dekke eventuelle tap.  <\/p>\n<\/div><\/details><\/div>\n<\/div>\n\n\n\n<p><\/p>\n","protected":false},"excerpt":{"rendered":"","protected":false},"author":391,"featured_media":0,"parent":0,"menu_order":0,"comment_status":"closed","ping_status":"closed","template":"","meta":{"_coblocks_attr":"","_coblocks_dimensions":"","_coblocks_responsive_height":"","_coblocks_accordion_ie_support":"","_price":"","_stock":"","_tribe_ticket_header":"","_tribe_default_ticket_provider":"","_tribe_ticket_capacity":"0","_ticket_start_date":"","_ticket_end_date":"","_tribe_ticket_show_description":"","_tribe_ticket_show_not_going":false,"_tribe_ticket_use_global_stock":"","_tribe_ticket_global_stock_level":"","_global_stock_mode":"","_global_stock_cap":"","_tribe_rsvp_for_event":"","_tribe_ticket_going_count":"","_tribe_ticket_not_going_count":"","_tribe_tickets_list":[],"_tribe_ticket_has_attendee_info_fields":false,"footnotes":""},"class_list":["post-1424","page","type-page","status-publish","hentry"],"featured_image_src":null,"featured_image_src_square":null,"jetpack_sharing_enabled":true,"_links":{"self":[{"href":"https:\/\/ntnui.no\/kite\/wp-json\/wp\/v2\/pages\/1424","targetHints":{"allow":["GET"]}}],"collection":[{"href":"https:\/\/ntnui.no\/kite\/wp-json\/wp\/v2\/pages"}],"about":[{"href":"https:\/\/ntnui.no\/kite\/wp-json\/wp\/v2\/types\/page"}],"author":[{"embeddable":true,"href":"https:\/\/ntnui.no\/kite\/wp-json\/wp\/v2\/users\/391"}],"replies":[{"embeddable":true,"href":"https:\/\/ntnui.no\/kite\/wp-json\/wp\/v2\/comments?post=1424"}],"version-history":[{"count":20,"href":"https:\/\/ntnui.no\/kite\/wp-json\/wp\/v2\/pages\/1424\/revisions"}],"predecessor-version":[{"id":3457,"href":"https:\/\/ntnui.no\/kite\/wp-json\/wp\/v2\/pages\/1424\/revisions\/3457"}],"wp:attachment":[{"href":"https:\/\/ntnui.no\/kite\/wp-json\/wp\/v2\/media?parent=1424"}],"curies":[{"name":"wp","href":"https:\/\/api.w.org\/{rel}","templated":true}]}}