{"id":19,"date":"2019-01-10T17:38:32","date_gmt":"2019-01-10T17:38:32","guid":{"rendered":"https:\/\/ntnui.no\/jujitsu\/?page_id=19"},"modified":"2025-02-17T16:57:08","modified_gmt":"2025-02-17T16:57:08","slug":"treninger","status":"publish","type":"page","link":"https:\/\/ntnui.no\/jujitsu\/treninger\/","title":{"rendered":"Treningstider"},"content":{"rendered":"\n<p>Vi trener no-gi brasiliansk jiu-jitsu i dojoen p\u00e5 <a rel=\"noreferrer noopener\" aria-label=\" (opens in a new tab)\" href=\"https:\/\/goo.gl\/maps\/K7JjDtcn31L2\" target=\"_blank\">Gl\u00f8shaugen treningssenter<\/a>. Vi har \u00e5pent opptak hele \u00e5ret.<\/p>\n\n\n\n<p><strong><u>Treningstider v\u00e5ren 2023:  <\/u><\/strong><\/p>\n\n\n\n<p>Trening for deltakere av alle niv\u00e5er:    <\/p>\n\n\n\n<ul class=\"wp-block-list\"><li>Tirsdag: 16:15 &#8211; 18:30<\/li><li>Fredag: 16:15 &#8211; 19:00                                                                  <\/li><\/ul>\n\n\n\n<p><strong><u>Vi har ogs\u00e5 \u00e5pen matte:<\/u><\/strong><\/p>\n\n\n\n<ul class=\"wp-block-list\"><li>S\u00f8ndag: 14:30- 16:00<\/li><\/ul>\n\n\n\n<p>For videre oppdateringer bes\u00f8k v\u00e5r <a href=\"https:\/\/www.facebook.com\/groups\/ntnui.jujitsu\/\">facebook-gruppe<\/a>.<\/p>\n\n\n\n<p>Det eneste du beh\u00f8ver er medlemskap i <a href=\"https:\/\/www.sit.no\/trening\/bli-medlem\" target=\"_blank\" rel=\"noreferrer noopener\">SIT<\/a>&nbsp;og <a href=\"https:\/\/ntnui.no\/blimedlem\/\" target=\"_blank\" rel=\"noreferrer noopener\">NTNUI <\/a>.<\/p>\n\n\n\n<figure class=\"wp-block-gallery columns-3 is-cropped wp-block-gallery-1 is-layout-flex wp-block-gallery-is-layout-flex\"><ul class=\"blocks-gallery-grid\"><li class=\"blocks-gallery-item\"><figure><img loading=\"lazy\" decoding=\"async\" width=\"1366\" height=\"2048\" src=\"https:\/\/ntnui.no\/jujitsu\/wp-content\/uploads\/sites\/227\/2023\/08\/i-FCP7htT-X4.jpg\" alt=\"\" data-id=\"667\" data-link=\"https:\/\/ntnui.no\/jujitsu\/treninger\/03-05-2022_sven_jiu22\/\" class=\"wp-image-667\" \/><\/figure><\/li><li class=\"blocks-gallery-item\"><figure><img loading=\"lazy\" decoding=\"async\" width=\"1280\" height=\"853\" src=\"https:\/\/ntnui.no\/jujitsu\/wp-content\/uploads\/sites\/227\/2023\/08\/i-v6nfHp3-X2.jpg\" alt=\"\" data-id=\"668\" data-link=\"https:\/\/ntnui.no\/jujitsu\/treninger\/i-v6nfhp3-x2\/\" class=\"wp-image-668\" \/><\/figure><\/li><li class=\"blocks-gallery-item\"><figure><img loading=\"lazy\" decoding=\"async\" width=\"1280\" height=\"854\" src=\"https:\/\/ntnui.no\/jujitsu\/wp-content\/uploads\/sites\/227\/2023\/08\/i-V4tPzX7-X2.jpg\" alt=\"\" data-id=\"671\" data-link=\"https:\/\/ntnui.no\/jujitsu\/treninger\/i-v4tpzx7-x2\/\" class=\"wp-image-671\" \/><\/figure><\/li><\/ul><figcaption class=\"blocks-gallery-caption\">Foto: Sven Nygaard || Redigering: \u00c5se Berit Falang\/NTNUI (CC BY 4.0)<\/figcaption><\/figure>\n\n\n\n<p><\/p>\n\n\n\n<p><\/p>\n","protected":false},"excerpt":{"rendered":"<p>Vi trener no-gi brasiliansk jiu-jitsu i dojoen p\u00e5 Gl\u00f8shaugen treningssenter. Vi har \u00e5pent opptak hele \u00e5ret. Treningstider v\u00e5ren 2023: Trening for deltakere av alle niv\u00e5er: Tirsdag: 16:15 &#8211; 18:30 Fredag: [&hellip;]<\/p>\n","protected":false},"author":91,"featured_media":0,"parent":0,"menu_order":0,"comment_status":"closed","ping_status":"closed","template":"","meta":{"_coblocks_attr":"","_coblocks_dimensions":"","_coblocks_responsive_height":"","_coblocks_accordion_ie_support":"","_price":"","_stock":"","_tribe_ticket_header":"","_tribe_default_ticket_provider":"","_tribe_ticket_capacity":"0","_ticket_start_date":"","_ticket_end_date":"","_tribe_ticket_show_description":"","_tribe_ticket_show_not_going":false,"_tribe_ticket_use_global_stock":"","_tribe_ticket_global_stock_level":"","_global_stock_mode":"","_global_stock_cap":"","_tribe_rsvp_for_event":"","_tribe_ticket_going_count":"","_tribe_ticket_not_going_count":"","_tribe_tickets_list":[],"_tribe_ticket_has_attendee_info_fields":false,"_EventAllDay":false,"_EventTimezone":"","_EventStartDate":"","_EventEndDate":"","_EventStartDateUTC":"","_EventEndDateUTC":"","_EventShowMap":false,"_EventShowMapLink":false,"_EventURL":"","_EventCost":"","_EventCostDescription":"","_EventCurrencySymbol":"","_EventCurrencyPosition":"","_EventDateTimeSeparator":"","_EventTimeRangeSeparator":"","_EventOrganizerID":[],"_EventVenueID":0,"_OrganizerEmail":"","_OrganizerPhone":"","_OrganizerWebsite":"","_VenueAddress":"","_VenueCity":"","_VenueCountry":"","_VenueProvince":"","_VenueZip":"","_VenuePhone":"","_VenueURL":"","_VenueStateProvince":"","_VenueLat":"","_VenueLng":"","jetpack_post_was_ever_published":false,"footnotes":""},"class_list":["post-19","page","type-page","status-publish","hentry"],"featured_image_src":null,"featured_image_src_square":null,"jetpack_sharing_enabled":true,"jetpack_shortlink":"https:\/\/wp.me\/PaCyyQ-j","_links":{"self":[{"href":"https:\/\/ntnui.no\/jujitsu\/wp-json\/wp\/v2\/pages\/19","targetHints":{"allow":["GET"]}}],"collection":[{"href":"https:\/\/ntnui.no\/jujitsu\/wp-json\/wp\/v2\/pages"}],"about":[{"href":"https:\/\/ntnui.no\/jujitsu\/wp-json\/wp\/v2\/types\/page"}],"author":[{"embeddable":true,"href":"https:\/\/ntnui.no\/jujitsu\/wp-json\/wp\/v2\/users\/91"}],"replies":[{"embeddable":true,"href":"https:\/\/ntnui.no\/jujitsu\/wp-json\/wp\/v2\/comments?post=19"}],"version-history":[{"count":85,"href":"https:\/\/ntnui.no\/jujitsu\/wp-json\/wp\/v2\/pages\/19\/revisions"}],"predecessor-version":[{"id":708,"href":"https:\/\/ntnui.no\/jujitsu\/wp-json\/wp\/v2\/pages\/19\/revisions\/708"}],"wp:attachment":[{"href":"https:\/\/ntnui.no\/jujitsu\/wp-json\/wp\/v2\/media?parent=19"}],"curies":[{"name":"wp","href":"https:\/\/api.w.org\/{rel}","templated":true}]}}